{"id":10005,"date":"2020-08-03T14:42:56","date_gmt":"2020-08-03T12:42:56","guid":{"rendered":"https:\/\/www.moucheur.fr\/palm\/?page_id=10005"},"modified":"2020-08-03T14:42:57","modified_gmt":"2020-08-03T12:42:57","slug":"a-s-moucheur-fr","status":"publish","type":"page","link":"http:\/\/www.moucheur.fr\/palm\/a-s-moucheur-fr\/","title":{"rendered":"A.S.Moucheur.fr"},"content":{"rendered":"<div id=\"pl-10005\"  class=\"panel-layout\" ><div id=\"pg-10005-0\"  class=\"panel-grid panel-no-style\" ><div id=\"pgc-10005-0-0\"  class=\"panel-grid-cell\" ><div id=\"panel-10005-0-0-0\" class=\"so-panel widget widget_sow-editor panel-first-child panel-last-child\" data-index=\"0\" ><div\n\t\t\t\n\t\t\tclass=\"so-widget-sow-editor so-widget-sow-editor-base\"\n\t\t\t\n\t\t>\n<div class=\"siteorigin-widget-tinymce textwidget\">\n\t      <div id=\"post-grid-lazy-10000\" class=\"post-grid-lazy\"><img decoding=\"async\" alt=\"\" src=\"https:\/\/www.moucheur.fr\/palm\/wp-content\/uploads\/2021\/11\/ajax-loader-1.gif\" \/><\/div>\n    <script>\n      jQuery('#post-grid-lazy-10000').ready(function($) {\n        $('#post-grid-lazy-10000').fadeOut();\n        $('#post-grid-10000   ').fadeIn();\n      })\n    <\/script>\n    <style type=\"text\/css\">\n      #post-grid-10000 {\n        display: none;\n      }\n\n      .post-grid-lazy {\n        text-align: center;\n      }\n    <\/style>\n    <div data-options='{&quot;id&quot;:&quot;10000&quot;,&quot;lazy_load&quot;:&quot;yes&quot;,&quot;masonry_enable&quot;:&quot;no&quot;,&quot;view_type&quot;:&quot;grid&quot;}' id=\"post-grid-10000\" class=\"post-grid grid\">\n    \n\n\n    <div class=\"grid-items\">\n      <div class=\"item item-50779 skin flat even 0 \">\n        <div class=\"layer-wrapper layout-50265\">\n          <div class=\"layer-media element_1587187627902\"\r\n        id=\"\">\r\n        <div\r\n        class=\"element element_1587190790308  element-media \">\r\n        <a target=\"_self\" href=\"http:\/\/www.moucheur.fr\/palm\/sejour-alfarras-segre-ter\/\"><img decoding=\"async\" width=\"150\" height=\"150\" src=\"http:\/\/www.moucheur.fr\/palm\/wp-content\/uploads\/2023\/08\/20191001_193736-150x150.jpg\" class=\"attachment-thumbnail size-thumbnail wp-post-image\" alt=\"\" \/><\/a>    <\/div>\r\n    <\/div>\r\n    <div class=\"layer-content element_1587187714568\"\r\n        id=\"\">\r\n        <div class=\"element element_1587187895341  title \">\r\n                    <a target=\"_blank\"\r\n                href=\"http:\/\/www.moucheur.fr\/palm\/sejour-alfarras-segre-ter\/\">S\u00e9jour Alfarras S\u00e8gre Ter<\/a>\r\n            <\/div>\r\n    <div class=\"element element_1587187729822  excerpt \">\r\n        Petit retour sur les s\u00e9jours avec l'association de fin et d\u00e9but d'ann\u00e9e en Espagne....2022 \/ 2023 Nous avons p\u00each\u00e9 \u00e0                    <a target=\"_blank\"\r\n                href=\"http:\/\/www.moucheur.fr\/palm\/sejour-alfarras-segre-ter\/\">Lire la suite<\/a>\r\n            <\/div>\r\n    <\/div>\r\n    <\/div>\n  <\/div><div class=\"item item-50444 skin flat odd 1 \">\n        <div class=\"layer-wrapper layout-50265\">\n          <div class=\"layer-media element_1587187627902\"\r\n        id=\"\">\r\n        <div\r\n        class=\"element element_1587190790308  element-media \">\r\n        <a target=\"_self\" href=\"http:\/\/www.moucheur.fr\/palm\/journee-telethon-2021\/\"><img decoding=\"async\" width=\"150\" height=\"150\" src=\"http:\/\/www.moucheur.fr\/palm\/wp-content\/uploads\/2021\/12\/IMG_20211204_145035-scaled-e1638800160137-150x150.jpg\" class=\"attachment-thumbnail size-thumbnail wp-post-image\" alt=\"\" \/><\/a>    <\/div>\r\n    <\/div>\r\n    <div class=\"layer-content element_1587187714568\"\r\n        id=\"\">\r\n        <div class=\"element element_1587187895341  title \">\r\n                    <a target=\"_blank\"\r\n                href=\"http:\/\/www.moucheur.fr\/palm\/journee-telethon-2021\/\">Journ\u00e9e T\u00e9l\u00e9thon 2021<\/a>\r\n            <\/div>\r\n    <div class=\"element element_1587187729822  excerpt \">\r\n        &nbsp; Samedi 5 d\u00e9cembre, nous \u00e9tions 10 membres de l'association \u00e0 participer \u00e0 cette journ\u00e9e au profit du T\u00e9l\u00e9thon. Malgr\u00e9                    <a target=\"_blank\"\r\n                href=\"http:\/\/www.moucheur.fr\/palm\/journee-telethon-2021\/\">Lire la suite<\/a>\r\n            <\/div>\r\n    <\/div>\r\n    <\/div>\n  <\/div><div class=\"item item-50412 skin flat even 2 \">\n        <div class=\"layer-wrapper layout-50265\">\n          <div class=\"layer-media element_1587187627902\"\r\n        id=\"\">\r\n        <div\r\n        class=\"element element_1587190790308  element-media \">\r\n        <a target=\"_self\" href=\"http:\/\/www.moucheur.fr\/palm\/journee-cloture-de-saison-2021\/\"><img decoding=\"async\" width=\"150\" height=\"150\" src=\"http:\/\/www.moucheur.fr\/palm\/wp-content\/uploads\/2021\/11\/Sans-titre03-150x150.jpg\" class=\"attachment-thumbnail size-thumbnail wp-post-image\" alt=\"\" \/><\/a>    <\/div>\r\n    <\/div>\r\n    <div class=\"layer-content element_1587187714568\"\r\n        id=\"\">\r\n        <div class=\"element element_1587187895341  title \">\r\n                    <a target=\"_blank\"\r\n                href=\"http:\/\/www.moucheur.fr\/palm\/journee-cloture-de-saison-2021\/\">Journ\u00e9e cl\u00f4ture de saison 2021<\/a>\r\n            <\/div>\r\n    <div class=\"element element_1587187729822  excerpt \">\r\n        Le 20 novembre 2021, malgr\u00e9 une m\u00e9t\u00e9o tr\u00e8s incertaine, nous nous sommes retrouv\u00e9s au parcours                    <a target=\"_blank\"\r\n                href=\"http:\/\/www.moucheur.fr\/palm\/journee-cloture-de-saison-2021\/\">Lire la suite<\/a>\r\n            <\/div>\r\n    <\/div>\r\n    <\/div>\n  <\/div><div class=\"item item-50298 skin flat odd 3 \">\n        <div class=\"layer-wrapper layout-50265\">\n          <div class=\"layer-media element_1587187627902\"\r\n        id=\"\">\r\n        <div\r\n        class=\"element element_1587190790308  element-media \">\r\n        <a target=\"_self\" href=\"http:\/\/www.moucheur.fr\/palm\/le-sanama-2021\/\"><img decoding=\"async\" width=\"150\" height=\"150\" src=\"http:\/\/www.moucheur.fr\/palm\/wp-content\/uploads\/2021\/11\/received_1782327651977964-150x150.jpeg\" class=\"attachment-thumbnail size-thumbnail wp-post-image\" alt=\"\" \/><\/a>    <\/div>\r\n    <\/div>\r\n    <div class=\"layer-content element_1587187714568\"\r\n        id=\"\">\r\n        <div class=\"element element_1587187895341  title \">\r\n                    <a target=\"_blank\"\r\n                href=\"http:\/\/www.moucheur.fr\/palm\/le-sanama-2021\/\">Le SaNaMa 2021<\/a>\r\n            <\/div>\r\n    <div class=\"element element_1587187729822  excerpt \">\r\n        Enfin le SaNaMa, le salon parfait\u2026 !!! Faire le salon de la p\u00eache \u00e0 la mouche de Saint Etienne 2021                    <a target=\"_blank\"\r\n                href=\"http:\/\/www.moucheur.fr\/palm\/le-sanama-2021\/\">Lire la suite<\/a>\r\n            <\/div>\r\n    <\/div>\r\n    <\/div>\n  <\/div><div class=\"item item-50303 skin flat even 4 \">\n        <div class=\"layer-wrapper layout-50265\">\n          <div class=\"layer-media element_1587187627902\"\r\n        id=\"\">\r\n        <div\r\n        class=\"element element_1587190790308  element-media \">\r\n        <a target=\"_self\" href=\"http:\/\/www.moucheur.fr\/palm\/telethon-2021\/\"><img decoding=\"async\" width=\"150\" height=\"150\" src=\"http:\/\/www.moucheur.fr\/palm\/wp-content\/uploads\/2021\/11\/TELETHON-2021-2-150x150.jpg\" class=\"attachment-thumbnail size-thumbnail wp-post-image\" alt=\"\" \/><\/a>    <\/div>\r\n    <\/div>\r\n    <div class=\"layer-content element_1587187714568\"\r\n        id=\"\">\r\n        <div class=\"element element_1587187895341  title \">\r\n                    <a target=\"_blank\"\r\n                href=\"http:\/\/www.moucheur.fr\/palm\/telethon-2021\/\">T\u00e9l\u00e9thon 2021<\/a>\r\n            <\/div>\r\n    <div class=\"element element_1587187729822  excerpt \">\r\n        Samedi 4 d\u00e9cembre \u00e0 14h00 nous serons au gymnase de Pont de l'Is\u00e8re pour le T\u00e9l\u00e9thon 2021 en partenariat avec                    <a target=\"_blank\"\r\n                href=\"http:\/\/www.moucheur.fr\/palm\/telethon-2021\/\">Lire la suite<\/a>\r\n            <\/div>\r\n    <\/div>\r\n    <\/div>\n  <\/div><div class=\"item item-50029 skin flat odd 5 \">\n        <div class=\"layer-wrapper layout-50265\">\n          <div class=\"layer-media element_1587187627902\"\r\n        id=\"\">\r\n        <div\r\n        class=\"element element_1587190790308  element-media \">\r\n        <a target=\"_self\" href=\"http:\/\/www.moucheur.fr\/palm\/fete-de-la-montagne-2021\/\"><img decoding=\"async\" width=\"150\" height=\"150\" src=\"http:\/\/www.moucheur.fr\/palm\/wp-content\/uploads\/2021\/08\/lac-villard01-2-e1629730672156-150x150.jpg\" class=\"attachment-thumbnail size-thumbnail wp-post-image\" alt=\"\" \/><\/a>    <\/div>\r\n    <\/div>\r\n    <div class=\"layer-content element_1587187714568\"\r\n        id=\"\">\r\n        <div class=\"element element_1587187895341  title \">\r\n                    <a target=\"_blank\"\r\n                href=\"http:\/\/www.moucheur.fr\/palm\/fete-de-la-montagne-2021\/\">F\u00eate de la montagne 2021<\/a>\r\n            <\/div>\r\n    <div class=\"element element_1587187729822  excerpt \">\r\n        &nbsp; Il y avait une quinzaine de stands d'animation autour du lac o\u00f9 promeneurs et visiteurs pouvaient s'essayer \u00e0 diverses                    <a target=\"_blank\"\r\n                href=\"http:\/\/www.moucheur.fr\/palm\/fete-de-la-montagne-2021\/\">Lire la suite<\/a>\r\n            <\/div>\r\n    <\/div>\r\n    <\/div>\n  <\/div><div class=\"item item-49995 skin flat even 6 \">\n        <div class=\"layer-wrapper layout-50265\">\n          <div class=\"layer-media element_1587187627902\"\r\n        id=\"\">\r\n        <div\r\n        class=\"element element_1587190790308  element-media \">\r\n        <a target=\"_self\" href=\"http:\/\/www.moucheur.fr\/palm\/fete-de-la-montagne-2\/\"><img decoding=\"async\" width=\"150\" height=\"150\" src=\"http:\/\/www.moucheur.fr\/palm\/wp-content\/uploads\/2019\/08\/Fete-montagne-08-150x150.jpg\" class=\"attachment-thumbnail size-thumbnail wp-post-image\" alt=\"\" \/><\/a>    <\/div>\r\n    <\/div>\r\n    <div class=\"layer-content element_1587187714568\"\r\n        id=\"\">\r\n        <div class=\"element element_1587187895341  title \">\r\n                    <a target=\"_blank\"\r\n                href=\"http:\/\/www.moucheur.fr\/palm\/fete-de-la-montagne-2\/\">F\u00eate de la montagne<\/a>\r\n            <\/div>\r\n    <div class=\"element element_1587187729822  excerpt \">\r\n        Cette ann\u00e9e encore l\u2019office de tourisme de Corren\u00e7on a invit\u00e9 notre association a cette magnifique f\u00eate de la montagne de                    <a target=\"_blank\"\r\n                href=\"http:\/\/www.moucheur.fr\/palm\/fete-de-la-montagne-2\/\">Lire la suite<\/a>\r\n            <\/div>\r\n    <\/div>\r\n    <\/div>\n  <\/div><div class=\"item item-10384 skin flat odd 7 \">\n        <div class=\"layer-wrapper layout-50265\">\n          <div class=\"layer-media element_1587187627902\"\r\n        id=\"\">\r\n        <div\r\n        class=\"element element_1587190790308  element-media \">\r\n        <a target=\"_self\" href=\"http:\/\/www.moucheur.fr\/palm\/journee-cloture-de-la-saison-2020-2\/\"><img decoding=\"async\" width=\"150\" height=\"150\" src=\"http:\/\/www.moucheur.fr\/palm\/wp-content\/uploads\/2020\/10\/20201024_131523-scaled-e1603889899735-150x150.jpg\" class=\"attachment-thumbnail size-thumbnail wp-post-image\" alt=\"\" \/><\/a>    <\/div>\r\n    <\/div>\r\n    <div class=\"layer-content element_1587187714568\"\r\n        id=\"\">\r\n        <div class=\"element element_1587187895341  title \">\r\n                    <a target=\"_blank\"\r\n                href=\"http:\/\/www.moucheur.fr\/palm\/journee-cloture-de-la-saison-2020-2\/\">Journ\u00e9e cl\u00f4ture de la saison 2020<\/a>\r\n            <\/div>\r\n    <div class=\"element element_1587187729822  excerpt \">\r\n        Nous \u00e9tions que 12 membres sur les 20 membres que compte l'association a cette cl\u00f4ture de la saison 2020 au                    <a target=\"_blank\"\r\n                href=\"http:\/\/www.moucheur.fr\/palm\/journee-cloture-de-la-saison-2020-2\/\">Lire la suite<\/a>\r\n            <\/div>\r\n    <\/div>\r\n    <\/div>\n  <\/div><div class=\"item item-10330 skin flat even 8 \">\n        <div class=\"layer-wrapper layout-50265\">\n          <div class=\"layer-media element_1587187627902\"\r\n        id=\"\">\r\n        <div\r\n        class=\"element element_1587190790308  element-media \">\r\n        <a target=\"_self\" href=\"http:\/\/www.moucheur.fr\/palm\/reprise-des-sessions-montage-mouche\/\"><img decoding=\"async\" width=\"150\" height=\"150\" src=\"http:\/\/www.moucheur.fr\/palm\/wp-content\/uploads\/2021\/02\/Araignee02-150x150.jpg\" class=\"attachment-thumbnail size-thumbnail wp-post-image\" alt=\"\" \/><\/a>    <\/div>\r\n    <\/div>\r\n    <div class=\"layer-content element_1587187714568\"\r\n        id=\"\">\r\n        <div class=\"element element_1587187895341  title \">\r\n                    <a target=\"_blank\"\r\n                href=\"http:\/\/www.moucheur.fr\/palm\/reprise-des-sessions-montage-mouche\/\">Reprise des sessions montage mouche<\/a>\r\n            <\/div>\r\n    <div class=\"element element_1587187729822  excerpt \">\r\n        Bonjour \u00e0 tous, Nous pouvons reprendre les sessions montage mouche, nous allons prendre toutes les pr\u00e9cautions pour respecter les consignes                    <a target=\"_blank\"\r\n                href=\"http:\/\/www.moucheur.fr\/palm\/reprise-des-sessions-montage-mouche\/\">Lire la suite<\/a>\r\n            <\/div>\r\n    <\/div>\r\n    <\/div>\n  <\/div><div class=\"item item-9267 skin flat odd 9 \">\n        <div class=\"layer-wrapper layout-50265\">\n          <div class=\"layer-media element_1587187627902\"\r\n        id=\"\">\r\n        <div\r\n        class=\"element element_1587190790308  element-media \">\r\n        <a target=\"_self\" href=\"http:\/\/www.moucheur.fr\/palm\/session-montage-mouche-2\/\"><img decoding=\"async\" width=\"150\" height=\"150\" src=\"http:\/\/www.moucheur.fr\/palm\/wp-content\/uploads\/2020\/03\/Annul\u00e9e-session-montage-mouche-150x150.jpg\" class=\"attachment-thumbnail size-thumbnail wp-post-image\" alt=\"\" \/><\/a>    <\/div>\r\n    <\/div>\r\n    <div class=\"layer-content element_1587187714568\"\r\n        id=\"\">\r\n        <div class=\"element element_1587187895341  title \">\r\n                    <a target=\"_blank\"\r\n                href=\"http:\/\/www.moucheur.fr\/palm\/session-montage-mouche-2\/\">SESSION MONTAGE MOUCHE<\/a>\r\n            <\/div>\r\n    <div class=\"element element_1587187729822  excerpt \">\r\n        Message aux membres de l'A.S.Moucheur.fr Bonjour \u00e0 tous, Suite \u00e0 l\u2019\u00e9pid\u00e9mie de Coronavirus COVID-19 et d\u2019apr\u00e8s le message de la                    <a target=\"_blank\"\r\n                href=\"http:\/\/www.moucheur.fr\/palm\/session-montage-mouche-2\/\">Lire la suite<\/a>\r\n            <\/div>\r\n    <\/div>\r\n    <\/div>\n  <\/div>    <\/div>\n          <style type=\"text\/css\">\r\n            .layout-50265 .element_1587187627902 {\r\n                            }\r\n\r\n                    <\/style>\r\n        <style type=\"text\/css\">\r\n        .layout-50265 .element_1587190790308 {\r\n            overflow: hidden;\r\n                    }\r\n\r\n        .layout-50265 .element_1587190790308 img {\r\n            max-width: 100%;\r\n            height: auto;\r\n        }\r\n\r\n        @media only screen and (min-width: 1024px) {\r\n            .layout-50265 .element_1587190790308 {\r\n                height: auto;\r\n                            }\r\n        }\r\n\r\n        @media only screen and (min-width: 768px) and (max-width: 1023px) {\r\n            .layout-50265 .element_1587190790308 {\r\n                height: auto;\r\n                            }\r\n        }\r\n\r\n        @media only screen and (min-width: 0px) and (max-width: 767px) {\r\n            .layout-50265 .element_1587190790308 {\r\n                height: auto;\r\n                            }\r\n        }\r\n    <\/style>\r\n        <style type=\"text\/css\">\r\n            .layout-50265 .element_1587187714568 {\r\n                margin: 10px;\r\n                            }\r\n\r\n                    <\/style>\r\n        <style type=\"text\/css\">\r\n        .layout-50265 .element_1587187895341 {\r\n            font-size: 18px;\r\n            margin: 5px 0;\r\n            text-align: left;\r\n                    }\r\n\r\n        .layout-50265 .element_1587187895341 a {\r\n            font-size: 18px;\r\n            margin: 5px 0;\r\n            text-align: left;\r\n                    }\r\n    <\/style>\r\n    <style type=\"text\/css\">\r\n        .layout-50265 .element_1587187729822 {\r\n            font-size: 14px;\r\n            margin: 10px 0;\r\n            text-align: left;\r\n                    }\r\n\r\n        .layout-50265 .element_1587187729822 a {\r\n            font-size: 14px;\r\n                    }\r\n    <\/style>\r\n        <style type=\"text\/css\">\n      .layout-50265 a{text-decoration:none}.layout-50265 .layer-media{background:#fff none repeat scroll 0 0;border-radius:50%;overflow:hidden}    <\/style>\n    <script>\n          <\/script>\n    <style type=\"text\/css\">\n    #post-grid-10000 {\n      padding: 10px;\n      background-color: #474747;\n          }\n\n    #post-grid-10000 .item {\n      padding: 0px;\n      background: #2d2d2d;\n          }\n\n    #post-grid-10000 .item .layer-media {\n      height:auto;    }\n\n    @media only screen and (min-width: 0px) and (max-width: 767px) {\n      #post-grid-10000 .grid-items {\n        text-align: center;\n              }\n\n      #post-grid-10000 .item {\n        width: 90%;\n        margin: 10px;\n        display: inline-block;\n        vertical-align: top;\n        height:auto;      }\n    }\n\n    @media only screen and (min-width: 768px) and (max-width: 1023px) {\n      #post-grid-10000 .grid-items {\n        text-align: center;\n              }\n\n      #post-grid-10000 .item {\n        width: 180px;\n        margin: 10px;\n        display: inline-block;\n        vertical-align: top;\n        max-height:auto;      }\n    }\n\n    @media only screen and (min-width: 1024px) {\n      #post-grid-10000 .grid-items {\n        text-align: center;\n              }\n\n      #post-grid-10000 .item {\n        width: 230px;\n        display: inline-block;\n        margin: 10px;\n        vertical-align: top;\n        height:auto;      }\n    }\n\n      <\/style>\n  <\/div>\n\n<\/div>\n<\/div><\/div><\/div><\/div><div id=\"pg-10005-1\"  class=\"panel-grid panel-no-style\" ><div id=\"pgc-10005-1-0\"  class=\"panel-grid-cell\" ><div id=\"panel-10005-1-0-0\" class=\"so-panel widget widget_sow-editor panel-first-child panel-last-child\" data-index=\"1\" ><div\n\t\t\t\n\t\t\tclass=\"so-widget-sow-editor so-widget-sow-editor-base\"\n\t\t\t\n\t\t>\n<div class=\"siteorigin-widget-tinymce textwidget\">\n\t<script async src=\"\/\/pagead2.googlesyndication.com\/pagead\/js\/adsbygoogle.js\"><\/script>\r\n<!-- moucheurgoogle2015 -->\r\n<ins class=\"adsbygoogle\"\r\n     style=\"display:inline-block;width:728px;height:90px\"\r\n     data-ad-client=\"ca-pub-3761698486073990\"\r\n     data-ad-slot=\"8176639945\"><\/ins>\r\n<script>\r\n(adsbygoogle = window.adsbygoogle || []).push({});\r\n<\/script>\n<\/div>\n<\/div><\/div><\/div><\/div><\/div>","protected":false},"excerpt":{"rendered":"<p>S\u00e9jour Alfarras S\u00e8gre Ter Petit retour sur les s\u00e9jours avec l&#8217;association de fin et d\u00e9but d&#8217;ann\u00e9e en Espagne&#8230;.2022 \/ 2023&hellip;<\/p>\n","protected":false},"author":1,"featured_media":0,"parent":0,"menu_order":0,"comment_status":"closed","ping_status":"closed","template":"","meta":{"footnotes":""},"categories":[],"tags":[],"class_list":["post-10005","page","type-page","status-publish","hentry"],"_links":{"self":[{"href":"http:\/\/www.moucheur.fr\/palm\/wp-json\/wp\/v2\/pages\/10005","targetHints":{"allow":["GET"]}}],"collection":[{"href":"http:\/\/www.moucheur.fr\/palm\/wp-json\/wp\/v2\/pages"}],"about":[{"href":"http:\/\/www.moucheur.fr\/palm\/wp-json\/wp\/v2\/types\/page"}],"author":[{"embeddable":true,"href":"http:\/\/www.moucheur.fr\/palm\/wp-json\/wp\/v2\/users\/1"}],"replies":[{"embeddable":true,"href":"http:\/\/www.moucheur.fr\/palm\/wp-json\/wp\/v2\/comments?post=10005"}],"version-history":[{"count":0,"href":"http:\/\/www.moucheur.fr\/palm\/wp-json\/wp\/v2\/pages\/10005\/revisions"}],"wp:attachment":[{"href":"http:\/\/www.moucheur.fr\/palm\/wp-json\/wp\/v2\/media?parent=10005"}],"wp:term":[{"taxonomy":"category","embeddable":true,"href":"http:\/\/www.moucheur.fr\/palm\/wp-json\/wp\/v2\/categories?post=10005"},{"taxonomy":"post_tag","embeddable":true,"href":"http:\/\/www.moucheur.fr\/palm\/wp-json\/wp\/v2\/tags?post=10005"}],"curies":[{"name":"wp","href":"https:\/\/api.w.org\/{rel}","templated":true}]}}