{"id":10012,"date":"2020-08-04T07:48:09","date_gmt":"2020-08-04T05:48:09","guid":{"rendered":"https:\/\/www.moucheur.fr\/palm\/?page_id=10012"},"modified":"2020-08-04T07:52:33","modified_gmt":"2020-08-04T05:52:33","slug":"salon-et-expo-peche","status":"publish","type":"page","link":"http:\/\/www.moucheur.fr\/palm\/salon-et-expo-peche\/","title":{"rendered":"Salon Expo P\u00eache"},"content":{"rendered":"<div id=\"pl-10012\"  class=\"panel-layout\" ><div id=\"pg-10012-0\"  class=\"panel-grid panel-no-style\" ><div id=\"pgc-10012-0-0\"  class=\"panel-grid-cell\" ><div id=\"panel-10012-0-0-0\" class=\"so-panel widget widget_sow-editor panel-first-child panel-last-child\" data-index=\"0\" ><div\n\t\t\t\n\t\t\tclass=\"so-widget-sow-editor so-widget-sow-editor-base\"\n\t\t\t\n\t\t>\n<div class=\"siteorigin-widget-tinymce textwidget\">\n\t      <div id=\"post-grid-lazy-10010\" class=\"post-grid-lazy\"><img decoding=\"async\" alt=\"\" src=\"https:\/\/www.moucheur.fr\/palm\/wp-content\/uploads\/2021\/11\/ajax-loader-1.gif\" \/><\/div>\n    <script>\n      jQuery('#post-grid-lazy-10010').ready(function($) {\n        $('#post-grid-lazy-10010').fadeOut();\n        $('#post-grid-10010   ').fadeIn();\n      })\n    <\/script>\n    <style type=\"text\/css\">\n      #post-grid-10010 {\n        display: none;\n      }\n\n      .post-grid-lazy {\n        text-align: center;\n      }\n    <\/style>\n    <div data-options='{&quot;id&quot;:&quot;10010&quot;,&quot;lazy_load&quot;:&quot;yes&quot;,&quot;masonry_enable&quot;:&quot;no&quot;,&quot;view_type&quot;:&quot;grid&quot;}' id=\"post-grid-10010\" class=\"post-grid grid\">\n    \n\n\n    <div class=\"grid-items\">\n      <div class=\"item item-10130 skin flat even 0 \">\n        <div class=\"layer-wrapper layout-50265\">\n          <div class=\"layer-media element_1587187627902\"\r\n        id=\"\">\r\n        <div\r\n        class=\"element element_1587190790308  element-media \">\r\n        <a target=\"_self\" href=\"http:\/\/www.moucheur.fr\/palm\/pecher-a-termignon\/\"><img decoding=\"async\" width=\"150\" height=\"150\" src=\"http:\/\/www.moucheur.fr\/palm\/wp-content\/uploads\/2020\/08\/arc_termignon-1-e1634759116858-150x150.jpg\" class=\"attachment-thumbnail size-thumbnail wp-post-image\" alt=\"\" \/><\/a>    <\/div>\r\n    <\/div>\r\n    <div class=\"layer-content element_1587187714568\"\r\n        id=\"\">\r\n        <div class=\"element element_1587187895341  title \">\r\n                    <a target=\"_blank\"\r\n                href=\"http:\/\/www.moucheur.fr\/palm\/pecher-a-termignon\/\">P\u00eacher l'Arc \u00e0 Termignon<\/a>\r\n            <\/div>\r\n    <div class=\"element element_1587187729822  excerpt \">\r\n        Carte de p\u00eache Termignon Vous avez tous un jour ou l\u2019autre dout\u00e9 d\u2019\u00eatre bien en r\u00e8gle en allant d\u00e9couvrir une                    <a target=\"_blank\"\r\n                href=\"http:\/\/www.moucheur.fr\/palm\/pecher-a-termignon\/\">Lire la suite<\/a>\r\n            <\/div>\r\n    <\/div>\r\n    <\/div>\n  <\/div><div class=\"item item-6081 skin flat odd 1 \">\n        <div class=\"layer-wrapper layout-50265\">\n          <div class=\"layer-media element_1587187627902\"\r\n        id=\"\">\r\n        <div\r\n        class=\"element element_1587190790308  element-media \">\r\n        <a target=\"_self\" href=\"http:\/\/www.moucheur.fr\/palm\/salon-peche-chasse\/\"><img decoding=\"async\" width=\"150\" height=\"150\" src=\"http:\/\/www.moucheur.fr\/palm\/wp-content\/uploads\/2016\/05\/20160527_105213-150x150.jpg\" class=\"attachment-thumbnail size-thumbnail wp-post-image\" alt=\"\" \/><\/a>    <\/div>\r\n    <\/div>\r\n    <div class=\"layer-content element_1587187714568\"\r\n        id=\"\">\r\n        <div class=\"element element_1587187895341  title \">\r\n                    <a target=\"_blank\"\r\n                href=\"http:\/\/www.moucheur.fr\/palm\/salon-peche-chasse\/\">Salon de la p\u00eache et la chasse<\/a>\r\n            <\/div>\r\n    <div class=\"element element_1587187729822  excerpt \">\r\n        Voil\u00e0 le salon est maintenant termin\u00e9, beaucoup de travail mais quel bonheur au r\u00e9sultat \u2026 des superbes rencontres et de                    <a target=\"_blank\"\r\n                href=\"http:\/\/www.moucheur.fr\/palm\/salon-peche-chasse\/\">Lire la suite<\/a>\r\n            <\/div>\r\n    <\/div>\r\n    <\/div>\n  <\/div><div class=\"item item-4860 skin flat even 2 \">\n        <div class=\"layer-wrapper layout-50265\">\n          <div class=\"layer-media element_1587187627902\"\r\n        id=\"\">\r\n        <div\r\n        class=\"element element_1587190790308  element-media \">\r\n        <a target=\"_self\" href=\"http:\/\/www.moucheur.fr\/palm\/1er-salon-de-la-chasse-et-la-peche-2\/\"><img decoding=\"async\" width=\"150\" height=\"150\" src=\"http:\/\/www.moucheur.fr\/palm\/wp-content\/uploads\/2015\/07\/salon_2015_00-150x150.jpg\" class=\"attachment-thumbnail size-thumbnail wp-post-image\" alt=\"\" \/><\/a>    <\/div>\r\n    <\/div>\r\n    <div class=\"layer-content element_1587187714568\"\r\n        id=\"\">\r\n        <div class=\"element element_1587187895341  title \">\r\n                    <a target=\"_blank\"\r\n                href=\"http:\/\/www.moucheur.fr\/palm\/1er-salon-de-la-chasse-et-la-peche-2\/\">1er Salon de la chasse et la p\u00eache<\/a>\r\n            <\/div>\r\n    <div class=\"element element_1587187729822  excerpt \">\r\n        Le dimanche 31 nous \u00e9tions au\u00a01er Salon de la chasse et de la p\u00eache, pas pour visiter mais comme participant.                    <a target=\"_blank\"\r\n                href=\"http:\/\/www.moucheur.fr\/palm\/1er-salon-de-la-chasse-et-la-peche-2\/\">Lire la suite<\/a>\r\n            <\/div>\r\n    <\/div>\r\n    <\/div>\n  <\/div><div class=\"item item-4545 skin flat odd 3 \">\n        <div class=\"layer-wrapper layout-50265\">\n          <div class=\"layer-media element_1587187627902\"\r\n        id=\"\">\r\n        <div\r\n        class=\"element element_1587190790308  element-media \">\r\n        <a target=\"_self\" href=\"http:\/\/www.moucheur.fr\/palm\/1er-salon-de-la-chasse-et-la-peche\/\"><img decoding=\"async\" width=\"150\" height=\"150\" src=\"http:\/\/www.moucheur.fr\/palm\/wp-content\/uploads\/2015\/03\/salon_chasse_peche_sud_rhone_alpes_modifi\u00e9-1-150x150.gif\" class=\"attachment-thumbnail size-thumbnail wp-post-image\" alt=\"\" \/><\/a>    <\/div>\r\n    <\/div>\r\n    <div class=\"layer-content element_1587187714568\"\r\n        id=\"\">\r\n        <div class=\"element element_1587187895341  title \">\r\n                    <a target=\"_blank\"\r\n                href=\"http:\/\/www.moucheur.fr\/palm\/1er-salon-de-la-chasse-et-la-peche\/\">1er Salon de la chasse et la p\u00eache<\/a>\r\n            <\/div>\r\n    <div class=\"element element_1587187729822  excerpt \">\r\n        La f\u00e9d\u00e9ration de la Dr\u00f4me pour la p\u00eache a cordialement invit\u00e9 Moucheur.fr au 1er salon de la chasse et de                    <a target=\"_blank\"\r\n                href=\"http:\/\/www.moucheur.fr\/palm\/1er-salon-de-la-chasse-et-la-peche\/\">Lire la suite<\/a>\r\n            <\/div>\r\n    <\/div>\r\n    <\/div>\n  <\/div><div class=\"item item-4425 skin flat even 4 \">\n        <div class=\"layer-wrapper layout-50265\">\n          <div class=\"layer-media element_1587187627902\"\r\n        id=\"\">\r\n        <div\r\n        class=\"element element_1587190790308  element-media \">\r\n        <a target=\"_self\" href=\"http:\/\/www.moucheur.fr\/palm\/salon-peche-sud-rhone-alpes\/\"><img decoding=\"async\" width=\"150\" height=\"150\" src=\"http:\/\/www.moucheur.fr\/palm\/wp-content\/uploads\/2015\/06\/salon_2015_02-150x150.gif\" class=\"attachment-thumbnail size-thumbnail wp-post-image\" alt=\"\" \/><\/a>    <\/div>\r\n    <\/div>\r\n    <div class=\"layer-content element_1587187714568\"\r\n        id=\"\">\r\n        <div class=\"element element_1587187895341  title \">\r\n                    <a target=\"_blank\"\r\n                href=\"http:\/\/www.moucheur.fr\/palm\/salon-peche-sud-rhone-alpes\/\">Salon de la Chasse &amp; de la P\u00eache Rh\u00f4ne-Alpes<\/a>\r\n            <\/div>\r\n    <div class=\"element element_1587187729822  excerpt \">\r\n        Le Palais des Congr\u00e8s Sud Rh\u00f4ne-Alpes accueille pour la premi\u00e8re fois, les 29,30, et 31 MAi 2015, un salon enti\u00e8rement                    <a target=\"_blank\"\r\n                href=\"http:\/\/www.moucheur.fr\/palm\/salon-peche-sud-rhone-alpes\/\">Lire la suite<\/a>\r\n            <\/div>\r\n    <\/div>\r\n    <\/div>\n  <\/div><div class=\"item item-2973 skin flat odd 5 \">\n        <div class=\"layer-wrapper layout-50265\">\n          <div class=\"layer-media element_1587187627902\"\r\n        id=\"\">\r\n        <div\r\n        class=\"element element_1587190790308  element-media \">\r\n        <a target=\"_self\" href=\"http:\/\/www.moucheur.fr\/palm\/animation-de-pierre-et-richard-sempe-2014\/\"><img decoding=\"async\" src=\"http:\/\/www.moucheur.fr\/palm\/wp-content\/uploads\/2014\/03\/logo_pierre.gif\" \/><\/a>    <\/div>\r\n    <\/div>\r\n    <div class=\"layer-content element_1587187714568\"\r\n        id=\"\">\r\n        <div class=\"element element_1587187895341  title \">\r\n                    <a target=\"_blank\"\r\n                href=\"http:\/\/www.moucheur.fr\/palm\/animation-de-pierre-et-richard-sempe-2014\/\">Animation de Pierre et Richard Sempe 2014<\/a>\r\n            <\/div>\r\n    <div class=\"element element_1587187729822  excerpt \">\r\n        Au salon de la Sorguett, nous avons fais la connaissance de monsieur Semp\u00e9. Nous avons pass\u00e9 un tr\u00e8s agr\u00e9able moment                    <a target=\"_blank\"\r\n                href=\"http:\/\/www.moucheur.fr\/palm\/animation-de-pierre-et-richard-sempe-2014\/\">Lire la suite<\/a>\r\n            <\/div>\r\n    <\/div>\r\n    <\/div>\n  <\/div><div class=\"item item-2776 skin flat even 6 \">\n        <div class=\"layer-wrapper layout-50265\">\n          <div class=\"layer-media element_1587187627902\"\r\n        id=\"\">\r\n        <div\r\n        class=\"element element_1587190790308  element-media \">\r\n        <a target=\"_self\" href=\"http:\/\/www.moucheur.fr\/palm\/1ere-animation-peche-a-la-truite-du-pere-eugene\/\"><img decoding=\"async\" src=\"http:\/\/www.moucheur.fr\/palm\/wp-content\/uploads\/2014\/02\/pere_eugene1-212x300.gif\" \/><\/a>    <\/div>\r\n    <\/div>\r\n    <div class=\"layer-content element_1587187714568\"\r\n        id=\"\">\r\n        <div class=\"element element_1587187895341  title \">\r\n                    <a target=\"_blank\"\r\n                href=\"http:\/\/www.moucheur.fr\/palm\/1ere-animation-peche-a-la-truite-du-pere-eugene\/\">1ere Animation Peche a la Truite du Pere Eugene<\/a>\r\n            <\/div>\r\n    <div class=\"element element_1587187729822  excerpt \">\r\n        JOURNEES PORTES OUVERTES POUR TOUS LES AMATEURS DE P\u00caCHE Je vous propose de faire un tour au P\u00e8re Eug\u00e8ne le                    <a target=\"_blank\"\r\n                href=\"http:\/\/www.moucheur.fr\/palm\/1ere-animation-peche-a-la-truite-du-pere-eugene\/\">Lire la suite<\/a>\r\n            <\/div>\r\n    <\/div>\r\n    <\/div>\n  <\/div><div class=\"item item-822 skin flat odd 7 \">\n        <div class=\"layer-wrapper layout-50265\">\n          <div class=\"layer-media element_1587187627902\"\r\n        id=\"\">\r\n        <div\r\n        class=\"element element_1587190790308  element-media \">\r\n        <a target=\"_self\" class=\"custom\" href=\"http:\/\/www.moucheur.fr\/palm\/le-18eme-salon-international-de-la-mouche-artificielle\/\"><img decoding=\"async\" src=\"\" \/><\/a>    <\/div>\r\n    <\/div>\r\n    <div class=\"layer-content element_1587187714568\"\r\n        id=\"\">\r\n        <div class=\"element element_1587187895341  title \">\r\n                    <a target=\"_blank\"\r\n                href=\"http:\/\/www.moucheur.fr\/palm\/le-18eme-salon-international-de-la-mouche-artificielle\/\">Le 18\u00e8me SAlon interNAtional de la Mouche Artificielle.<\/a>\r\n            <\/div>\r\n    <div class=\"element element_1587187729822  excerpt \">\r\n        Le 18\u00e8me SAlon interNAtional de la Mouche Artificielle (SA.NA.M.A) Compte rendu de la sortie du site du dimanche 24 f\u00e9vrier,                    <a target=\"_blank\"\r\n                href=\"http:\/\/www.moucheur.fr\/palm\/le-18eme-salon-international-de-la-mouche-artificielle\/\">Lire la suite<\/a>\r\n            <\/div>\r\n    <\/div>\r\n    <\/div>\n  <\/div><div class=\"item item-824 skin flat even 8 \">\n        <div class=\"layer-wrapper layout-50265\">\n          <div class=\"layer-media element_1587187627902\"\r\n        id=\"\">\r\n        <div\r\n        class=\"element element_1587190790308  element-media \">\r\n        <a target=\"_self\" href=\"http:\/\/www.moucheur.fr\/palm\/salon-international-de-la-mouche-artificielle-de-st-etienne\/\"><img decoding=\"async\" width=\"100\" height=\"100\" src=\"http:\/\/www.moucheur.fr\/palm\/wp-content\/uploads\/2013\/02\/Affiche-SANAMA-2013-r-600x884-100x100.jpg\" class=\"attachment-thumbnail size-thumbnail wp-post-image\" alt=\"\" \/><\/a>    <\/div>\r\n    <\/div>\r\n    <div class=\"layer-content element_1587187714568\"\r\n        id=\"\">\r\n        <div class=\"element element_1587187895341  title \">\r\n                    <a target=\"_blank\"\r\n                href=\"http:\/\/www.moucheur.fr\/palm\/salon-international-de-la-mouche-artificielle-de-st-etienne\/\">Salon International de la Mouche Artificielle de St Etienne<\/a>\r\n            <\/div>\r\n    <div class=\"element element_1587187729822  excerpt \">\r\n        Les exposants Exposant&nbsp;&nbsp;\/ Cat\u00e9gorie ou marque repr\u00e9sent\u00e9e ASEMKA&nbsp;&nbsp; \/ &nbsp; La Pologne mise \u00e0 l'honneur Pays mis \u00e0 l'honneur -                    <a target=\"_blank\"\r\n                href=\"http:\/\/www.moucheur.fr\/palm\/salon-international-de-la-mouche-artificielle-de-st-etienne\/\">Lire la suite<\/a>\r\n            <\/div>\r\n    <\/div>\r\n    <\/div>\n  <\/div>    <\/div>\n          <style type=\"text\/css\">\r\n            .layout-50265 .element_1587187627902 {\r\n                            }\r\n\r\n                    <\/style>\r\n        <style type=\"text\/css\">\r\n        .layout-50265 .element_1587190790308 {\r\n            overflow: hidden;\r\n                    }\r\n\r\n        .layout-50265 .element_1587190790308 img {\r\n            max-width: 100%;\r\n            height: auto;\r\n        }\r\n\r\n        @media only screen and (min-width: 1024px) {\r\n            .layout-50265 .element_1587190790308 {\r\n                height: auto;\r\n                            }\r\n        }\r\n\r\n        @media only screen and (min-width: 768px) and (max-width: 1023px) {\r\n            .layout-50265 .element_1587190790308 {\r\n                height: auto;\r\n                            }\r\n        }\r\n\r\n        @media only screen and (min-width: 0px) and (max-width: 767px) {\r\n            .layout-50265 .element_1587190790308 {\r\n                height: auto;\r\n                            }\r\n        }\r\n    <\/style>\r\n        <style type=\"text\/css\">\r\n            .layout-50265 .element_1587187714568 {\r\n                margin: 10px;\r\n                            }\r\n\r\n                    <\/style>\r\n        <style type=\"text\/css\">\r\n        .layout-50265 .element_1587187895341 {\r\n            font-size: 18px;\r\n            margin: 5px 0;\r\n            text-align: left;\r\n                    }\r\n\r\n        .layout-50265 .element_1587187895341 a {\r\n            font-size: 18px;\r\n            margin: 5px 0;\r\n            text-align: left;\r\n                    }\r\n    <\/style>\r\n    <style type=\"text\/css\">\r\n        .layout-50265 .element_1587187729822 {\r\n            font-size: 14px;\r\n            margin: 10px 0;\r\n            text-align: left;\r\n                    }\r\n\r\n        .layout-50265 .element_1587187729822 a {\r\n            font-size: 14px;\r\n                    }\r\n    <\/style>\r\n        <style type=\"text\/css\">\n      .layout-50265 a{text-decoration:none}.layout-50265 .layer-media{background:#fff none repeat scroll 0 0;border-radius:50%;overflow:hidden}    <\/style>\n    <script>\n          <\/script>\n    <style type=\"text\/css\">\n    #post-grid-10010 {\n      padding: 10px;\n      background-color: #474747;\n          }\n\n    #post-grid-10010 .item {\n      padding: 0px;\n      background: #2d2d2d;\n          }\n\n    #post-grid-10010 .item .layer-media {\n      height:auto;    }\n\n    @media only screen and (min-width: 0px) and (max-width: 767px) {\n      #post-grid-10010 .grid-items {\n        text-align: center;\n              }\n\n      #post-grid-10010 .item {\n        width: 90%;\n        margin: 10px;\n        display: inline-block;\n        vertical-align: top;\n        height:auto;      }\n    }\n\n    @media only screen and (min-width: 768px) and (max-width: 1023px) {\n      #post-grid-10010 .grid-items {\n        text-align: center;\n              }\n\n      #post-grid-10010 .item {\n        width: 180px;\n        margin: 10px;\n        display: inline-block;\n        vertical-align: top;\n        max-height:auto;      }\n    }\n\n    @media only screen and (min-width: 1024px) {\n      #post-grid-10010 .grid-items {\n        text-align: center;\n              }\n\n      #post-grid-10010 .item {\n        width: 230px;\n        display: inline-block;\n        margin: 10px;\n        vertical-align: top;\n        height:auto;      }\n    }\n\n      <\/style>\n  <\/div>\n\n<\/div>\n<\/div><\/div><\/div><\/div><div id=\"pg-10012-1\"  class=\"panel-grid panel-no-style\" ><div id=\"pgc-10012-1-0\"  class=\"panel-grid-cell\" ><div id=\"panel-10012-1-0-0\" class=\"so-panel widget widget_sow-editor panel-first-child panel-last-child\" data-index=\"1\" ><div\n\t\t\t\n\t\t\tclass=\"so-widget-sow-editor so-widget-sow-editor-base\"\n\t\t\t\n\t\t>\n<div class=\"siteorigin-widget-tinymce textwidget\">\n\t<script async src=\"\/\/pagead2.googlesyndication.com\/pagead\/js\/adsbygoogle.js\"><\/script>\r\n<!-- moucheurgoogle2015 -->\r\n<ins class=\"adsbygoogle\"\r\n     style=\"display:inline-block;width:728px;height:90px\"\r\n     data-ad-client=\"ca-pub-3761698486073990\"\r\n     data-ad-slot=\"8176639945\"><\/ins>\r\n<script>\r\n(adsbygoogle = window.adsbygoogle || []).push({});\r\n<\/script>\n<\/div>\n<\/div><\/div><\/div><\/div><\/div>","protected":false},"excerpt":{"rendered":"<p>P\u00eacher l&#8217;Arc \u00e0 Termignon Carte de p\u00eache Termignon Vous avez tous un jour ou l\u2019autre dout\u00e9 d\u2019\u00eatre bien en r\u00e8gle&hellip;<\/p>\n","protected":false},"author":1,"featured_media":0,"parent":0,"menu_order":0,"comment_status":"closed","ping_status":"closed","template":"","meta":{"footnotes":""},"categories":[],"tags":[],"class_list":["post-10012","page","type-page","status-publish","hentry"],"_links":{"self":[{"href":"http:\/\/www.moucheur.fr\/palm\/wp-json\/wp\/v2\/pages\/10012","targetHints":{"allow":["GET"]}}],"collection":[{"href":"http:\/\/www.moucheur.fr\/palm\/wp-json\/wp\/v2\/pages"}],"about":[{"href":"http:\/\/www.moucheur.fr\/palm\/wp-json\/wp\/v2\/types\/page"}],"author":[{"embeddable":true,"href":"http:\/\/www.moucheur.fr\/palm\/wp-json\/wp\/v2\/users\/1"}],"replies":[{"embeddable":true,"href":"http:\/\/www.moucheur.fr\/palm\/wp-json\/wp\/v2\/comments?post=10012"}],"version-history":[{"count":0,"href":"http:\/\/www.moucheur.fr\/palm\/wp-json\/wp\/v2\/pages\/10012\/revisions"}],"wp:attachment":[{"href":"http:\/\/www.moucheur.fr\/palm\/wp-json\/wp\/v2\/media?parent=10012"}],"wp:term":[{"taxonomy":"category","embeddable":true,"href":"http:\/\/www.moucheur.fr\/palm\/wp-json\/wp\/v2\/categories?post=10012"},{"taxonomy":"post_tag","embeddable":true,"href":"http:\/\/www.moucheur.fr\/palm\/wp-json\/wp\/v2\/tags?post=10012"}],"curies":[{"name":"wp","href":"https:\/\/api.w.org\/{rel}","templated":true}]}}