{"id":1074,"date":"2013-10-31T22:58:14","date_gmt":"2013-10-31T21:58:14","guid":{"rendered":"http:\/\/www.moucheur.fr\/palm\/?page_id=1074"},"modified":"2021-12-08T16:28:52","modified_gmt":"2021-12-08T15:28:52","slug":"montage","status":"publish","type":"page","link":"http:\/\/www.moucheur.fr\/palm\/mouche\/materiel\/montage\/","title":{"rendered":"Mat\u00e9riels de montage mouche"},"content":{"rendered":"      <div id=\"post-grid-lazy-50522\" class=\"post-grid-lazy\"><img decoding=\"async\" alt=\"\" src=\"https:\/\/www.moucheur.fr\/palm\/wp-content\/uploads\/2021\/11\/ajax-loader-1.gif\" \/><\/div>\n    <script>\n      jQuery('#post-grid-lazy-50522').ready(function($) {\n        $('#post-grid-lazy-50522').fadeOut();\n        $('#post-grid-50522   ').fadeIn();\n      })\n    <\/script>\n    <style type=\"text\/css\">\n      #post-grid-50522 {\n        display: none;\n      }\n\n      .post-grid-lazy {\n        text-align: center;\n      }\n    <\/style>\n    <div data-options='{&quot;id&quot;:&quot;50522&quot;,&quot;lazy_load&quot;:&quot;yes&quot;,&quot;masonry_enable&quot;:&quot;no&quot;,&quot;view_type&quot;:&quot;grid&quot;}' id=\"post-grid-50522\" class=\"post-grid grid\">\n    \n\n\n    <div class=\"grid-items\">\n      <div class=\"item item-1074 skin flat even 0 \">\n        <div class=\"layer-wrapper layout-50265\">\n          <div class=\"layer-media element_1587187627902\"\r\n        id=\"\">\r\n        <div\r\n        class=\"element element_1587190790308  element-media \">\r\n        <a target=\"_self\" class=\"custom\" href=\"http:\/\/www.moucheur.fr\/palm\/mouche\/materiel\/montage\/\"><img decoding=\"async\" src=\"\" \/><\/a>    <\/div>\r\n    <\/div>\r\n    <div class=\"layer-content element_1587187714568\"\r\n        id=\"\">\r\n        <div class=\"element element_1587187895341  title \">\r\n                    <a target=\"_blank\"\r\n                href=\"http:\/\/www.moucheur.fr\/palm\/mouche\/materiel\/montage\/\">Mat\u00e9riels de montage mouche<\/a>\r\n            <\/div>\r\n    <div class=\"element element_1587187729822  excerpt \">\r\n        &nbsp; Station de montage mouche Les \u00e9taux montage de mouche\u00a0 Les porte-bobines Les ciseaux et scalpels Les finisseurs de noeud                    <a target=\"_blank\"\r\n                href=\"http:\/\/www.moucheur.fr\/palm\/mouche\/materiel\/montage\/\">Lire la suite<\/a>\r\n            <\/div>\r\n    <\/div>\r\n    <\/div>\n  <\/div><div class=\"item item-50525 skin flat odd 1 \">\n        <div class=\"layer-wrapper layout-50265\">\n          <div class=\"layer-media element_1587187627902\"\r\n        id=\"\">\r\n        <div\r\n        class=\"element element_1587190790308  element-media \">\r\n        <a target=\"_self\" href=\"http:\/\/www.moucheur.fr\/palm\/station-de-montage-mouche\/\"><img decoding=\"async\" width=\"150\" height=\"150\" src=\"http:\/\/www.moucheur.fr\/palm\/wp-content\/uploads\/2021\/03\/received_2731364930446633-1024x682-1-150x150.jpeg\" class=\"attachment-thumbnail size-thumbnail wp-post-image\" alt=\"\" \/><\/a>    <\/div>\r\n    <\/div>\r\n    <div class=\"layer-content element_1587187714568\"\r\n        id=\"\">\r\n        <div class=\"element element_1587187895341  title \">\r\n                    <a target=\"_blank\"\r\n                href=\"http:\/\/www.moucheur.fr\/palm\/station-de-montage-mouche\/\">Station de montage mouche<\/a>\r\n            <\/div>\r\n    <div class=\"element element_1587187729822  excerpt \">\r\n        Station de Montage Mouche Nous sommes tr\u00e8s heureux de vous annoncer le lancement de la pr\u00e9-vente de la Station de                    <a target=\"_blank\"\r\n                href=\"http:\/\/www.moucheur.fr\/palm\/station-de-montage-mouche\/\">Lire la suite<\/a>\r\n            <\/div>\r\n    <\/div>\r\n    <\/div>\n  <\/div><div class=\"item item-50536 skin flat even 2 \">\n        <div class=\"layer-wrapper layout-50265\">\n          <div class=\"layer-media element_1587187627902\"\r\n        id=\"\">\r\n        <div\r\n        class=\"element element_1587190790308  element-media \">\r\n        <a target=\"_self\" href=\"http:\/\/www.moucheur.fr\/palm\/letau-premium-damfly-fishing\/\"><img decoding=\"async\" width=\"150\" height=\"150\" src=\"http:\/\/www.moucheur.fr\/palm\/wp-content\/uploads\/2021\/12\/etau-150x150.jpg\" class=\"attachment-thumbnail size-thumbnail wp-post-image\" alt=\"\" \/><\/a>    <\/div>\r\n    <\/div>\r\n    <div class=\"layer-content element_1587187714568\"\r\n        id=\"\">\r\n        <div class=\"element element_1587187895341  title \">\r\n                    <a target=\"_blank\"\r\n                href=\"http:\/\/www.moucheur.fr\/palm\/letau-premium-damfly-fishing\/\">L\u2019\u00e9tau Premium DamFly-Fishing<\/a>\r\n            <\/div>\r\n    <div class=\"element element_1587187729822  excerpt \">\r\n        Le Premium est con\u00e7u dans des mat\u00e9riaux de qualit\u00e9s. Le socle de 1,176kg et les patins en caoutchouc rendent l\u2019\u00e9tau                    <a target=\"_blank\"\r\n                href=\"http:\/\/www.moucheur.fr\/palm\/letau-premium-damfly-fishing\/\">Lire la suite<\/a>\r\n            <\/div>\r\n    <\/div>\r\n    <\/div>\n  <\/div>    <\/div>\n    <div class=\"pagination\">\n      <div class=\"paginate\">\n      <\/div>\n  <style type=\"text\/css\">\n    #post-grid-50522 .pagination .page-numbers {\n      font-size: 14px;\n      color: #ffffff;\n      background: #646464;\n    }\n\n    #post-grid-50522 .pagination .page-numbers:hover,\n    #post-grid-50522 .pagination .page-numbers.current {\n      background: #4b4b4b;\n    }\n  <\/style>\n  <\/div>\n        <style type=\"text\/css\">\r\n            .layout-50265 .element_1587187627902 {\r\n                            }\r\n\r\n                    <\/style>\r\n        <style type=\"text\/css\">\r\n        .layout-50265 .element_1587190790308 {\r\n            overflow: hidden;\r\n                    }\r\n\r\n        .layout-50265 .element_1587190790308 img {\r\n            max-width: 100%;\r\n            height: auto;\r\n        }\r\n\r\n        @media only screen and (min-width: 1024px) {\r\n            .layout-50265 .element_1587190790308 {\r\n                height: auto;\r\n                            }\r\n        }\r\n\r\n        @media only screen and (min-width: 768px) and (max-width: 1023px) {\r\n            .layout-50265 .element_1587190790308 {\r\n                height: auto;\r\n                            }\r\n        }\r\n\r\n        @media only screen and (min-width: 0px) and (max-width: 767px) {\r\n            .layout-50265 .element_1587190790308 {\r\n                height: auto;\r\n                            }\r\n        }\r\n    <\/style>\r\n        <style type=\"text\/css\">\r\n            .layout-50265 .element_1587187714568 {\r\n                margin: 10px;\r\n                            }\r\n\r\n                    <\/style>\r\n        <style type=\"text\/css\">\r\n        .layout-50265 .element_1587187895341 {\r\n            font-size: 18px;\r\n            margin: 5px 0;\r\n            text-align: left;\r\n                    }\r\n\r\n        .layout-50265 .element_1587187895341 a {\r\n            font-size: 18px;\r\n            margin: 5px 0;\r\n            text-align: left;\r\n                    }\r\n    <\/style>\r\n    <style type=\"text\/css\">\r\n        .layout-50265 .element_1587187729822 {\r\n            font-size: 14px;\r\n            margin: 10px 0;\r\n            text-align: left;\r\n                    }\r\n\r\n        .layout-50265 .element_1587187729822 a {\r\n            font-size: 14px;\r\n                    }\r\n    <\/style>\r\n        <style type=\"text\/css\">\n      .layout-50265 a{text-decoration:none}.layout-50265 .layer-media{background:#fff none repeat scroll 0 0;border-radius:50%;overflow:hidden}    <\/style>\n    <script>\n          <\/script>\n    <style type=\"text\/css\">\n    #post-grid-50522 {\n      padding: 30px;\n      background-color: #474747;\n          }\n\n    #post-grid-50522 .item {\n      padding: 0px;\n      background: #2d2d2d;\n          }\n\n    #post-grid-50522 .item .layer-media {\n      height:auto;    }\n\n    @media only screen and (min-width: 0px) and (max-width: 767px) {\n      #post-grid-50522 .grid-items {\n        text-align: center;\n              }\n\n      #post-grid-50522 .item {\n        width: 90%;\n        margin: 10px;\n        display: inline-block;\n        vertical-align: top;\n        height:auto;      }\n    }\n\n    @media only screen and (min-width: 768px) and (max-width: 1023px) {\n      #post-grid-50522 .grid-items {\n        text-align: center;\n              }\n\n      #post-grid-50522 .item {\n        width: 180px;\n        margin: 10px;\n        display: inline-block;\n        vertical-align: top;\n        max-height:auto;      }\n    }\n\n    @media only screen and (min-width: 1024px) {\n      #post-grid-50522 .grid-items {\n        text-align: center;\n              }\n\n      #post-grid-50522 .item {\n        width: 230px;\n        display: inline-block;\n        margin: 10px;\n        vertical-align: top;\n        height:auto;      }\n    }\n\n      <\/style>\n  <\/div>\n\n<p>&nbsp;<\/p>\n<div><\/div>\n<div><\/div>\n<div><strong>Station de montage mouche<\/strong><\/div>\n<div><\/div>\n<div><strong>Les \u00e9taux montage de mouche\u00a0<\/strong><\/div>\n<div><\/div>\n<div><strong>Les porte-bobines<\/strong><\/div>\n<div><\/div>\n<div><strong>Les ciseaux et scalpels<\/strong><\/div>\n<div><\/div>\n<div><strong>Les finisseurs de noeud<\/strong><\/div>\n<div><\/div>\n<div><strong>Les outils \u00e0 dubbing<\/strong><\/div>\n<div><\/div>\n<div><strong>Les pinces \u00e0 hackles<\/strong><\/div>\n<div><\/div>\n<div><strong>Les autres pinces<\/strong><\/div>\n<div><\/div>\n<div><strong>Les livres de montage de mouches<\/strong><\/div>\n<div><\/div>\n<div><strong>Les autres outils divers<\/strong><\/div>\n","protected":false},"excerpt":{"rendered":"<p>&nbsp; Station de montage mouche Les \u00e9taux montage de mouche\u00a0 Les porte-bobines Les ciseaux et scalpels Les finisseurs de noeud&hellip;<\/p>\n","protected":false},"author":1,"featured_media":0,"parent":118,"menu_order":3,"comment_status":"open","ping_status":"open","template":"","meta":{"footnotes":""},"categories":[856],"tags":[],"class_list":["post-1074","page","type-page","status-publish","hentry","category-materiels-de-montage-mouche"],"_links":{"self":[{"href":"http:\/\/www.moucheur.fr\/palm\/wp-json\/wp\/v2\/pages\/1074","targetHints":{"allow":["GET"]}}],"collection":[{"href":"http:\/\/www.moucheur.fr\/palm\/wp-json\/wp\/v2\/pages"}],"about":[{"href":"http:\/\/www.moucheur.fr\/palm\/wp-json\/wp\/v2\/types\/page"}],"author":[{"embeddable":true,"href":"http:\/\/www.moucheur.fr\/palm\/wp-json\/wp\/v2\/users\/1"}],"replies":[{"embeddable":true,"href":"http:\/\/www.moucheur.fr\/palm\/wp-json\/wp\/v2\/comments?post=1074"}],"version-history":[{"count":0,"href":"http:\/\/www.moucheur.fr\/palm\/wp-json\/wp\/v2\/pages\/1074\/revisions"}],"up":[{"embeddable":true,"href":"http:\/\/www.moucheur.fr\/palm\/wp-json\/wp\/v2\/pages\/118"}],"wp:attachment":[{"href":"http:\/\/www.moucheur.fr\/palm\/wp-json\/wp\/v2\/media?parent=1074"}],"wp:term":[{"taxonomy":"category","embeddable":true,"href":"http:\/\/www.moucheur.fr\/palm\/wp-json\/wp\/v2\/categories?post=1074"},{"taxonomy":"post_tag","embeddable":true,"href":"http:\/\/www.moucheur.fr\/palm\/wp-json\/wp\/v2\/tags?post=1074"}],"curies":[{"name":"wp","href":"https:\/\/api.w.org\/{rel}","templated":true}]}}