{"id":190,"date":"2013-08-22T00:08:23","date_gmt":"2013-08-21T22:08:23","guid":{"rendered":"http:\/\/www.moucheur.fr\/palm\/?page_id=190"},"modified":"2021-07-07T16:20:30","modified_gmt":"2021-07-07T14:20:30","slug":"videos","status":"publish","type":"page","link":"http:\/\/www.moucheur.fr\/palm\/espace-culturel\/videos\/","title":{"rendered":"DVD sur la PALM"},"content":{"rendered":"        <script>\n            function openUrlInNewTab(url) {\n                var win = window.open(url, '_blank');\n                win.focus();\n            }\n            function openUrlInSameTab(url) {\n                var win = window.open(url, '_self');\n                win.focus();\n            }\n        <\/script>\n\t\t\t\t        <div class=\"shop-page-wp-grid\">\n\t\t\t            <div class=\"shop-page-wp-item spwp-has-link spwp-one-third\">\n            <div class=\"shop-page-wp-image\">\n                <img decoding=\"async\" src=\"http:\/\/www.moucheur.fr\/palm\/wp-content\/uploads\/2021\/01\/71gcSELHNQL._AC_SY445_-200x300.jpg\" alt=\"\"\/>\n            <\/div>\n            <div class=\"shop-page-wp-title\">\n                <h3>Les carnets d&#8217;un moucheur<\/h3>\n            <\/div>\n\t\t\t\t\t\t                <div class=\"shop-page-wp-description\">\n\t\t\t\t\t\t\t\tDominique Nicolas, membre fondateur et ex-compositeur du groupe Indochine vit toujours pour la musique. Son passe-temps favori, la p\u00eache \u00e0 la mouche, lui permet de s'\u00e9vader de son m\u00e9tier tr\u00e8s prenant. \u00c0 travers deux \u00e9pisodes de ses carnets d'un                <\/div>\n\t\t\t\t\t\t\t\t\t\t\t\t               <div class=\"shop-page-wp-link\">\n                <a class=\"buy-link\" href=\"https:\/\/www.amazon.fr\/gp\/product\/B000XAB80S\/ref=as_li_tl?ie=UTF8&amp;tag=moucheurfr-21&amp;camp=1642&amp;creative=6746&amp;linkCode=as2&amp;creativeASIN=B000XAB80S&amp;linkId=bde95d447e93706c6ebcf21113299e7e\" rel=\"nofollow\">Achetez<\/a>               <\/div>\n\t\t\t\t\t\t            <\/div>\t\t\t            <div class=\"shop-page-wp-item spwp-has-link spwp-one-third\">\n            <div class=\"shop-page-wp-image\">\n                <img decoding=\"async\" src=\"http:\/\/www.moucheur.fr\/palm\/wp-content\/uploads\/2021\/01\/81y-ruNvykL._AC_SY445_-200x300.jpg\" alt=\"\"\/>\n            <\/div>\n            <div class=\"shop-page-wp-title\">\n                <h3>Techniques Mouche Vid\u00e9o P\u00eache en mer<\/h3>\n            <\/div>\n\t\t\t\t\t\t                <div class=\"shop-page-wp-description\">\n\t\t\t\t\t\t\t\tEn Bretagne, dans le Morbihan, R\u00e9gis Fournigault nous montre comment p\u00eacher le bar et les poissons chasseurs marins \u00e0 la mouche. Une technique hautement passionnante pour retrouver des sensations hors du                 <\/div>\n\t\t\t\t\t\t\t\t\t\t\t\t               <div class=\"shop-page-wp-link\">\n                <a class=\"buy-link\" href=\"https:\/\/www.amazon.fr\/gp\/product\/B0007UDN1Q\/ref=as_li_tl?ie=UTF8&amp;tag=moucheurfr-21&amp;camp=1642&amp;creative=6746&amp;linkCode=as2&amp;creativeASIN=B0007UDN1Q&amp;linkId=dfe0dffdeac988dda05aec46aed0ebea\" rel=\"nofollow\">Achetez<\/a>               <\/div>\n\t\t\t\t\t\t            <\/div>\t\t\t            <div class=\"shop-page-wp-item spwp-has-link spwp-one-third\">\n            <div class=\"shop-page-wp-image\">\n                <img decoding=\"async\" src=\"http:\/\/www.moucheur.fr\/palm\/wp-content\/uploads\/2021\/01\/91x9LOXyOCL._AC_SY445_-200x300.jpg\" alt=\"\"\/>\n            <\/div>\n            <div class=\"shop-page-wp-title\">\n                <h3>Lac de Montagne Mouche<\/h3>\n            <\/div>\n\t\t\t\t\t\t                <div class=\"shop-page-wp-description\">\n\t\t\t\t\t\t\t\tSur trois lacs naturels encore enneig\u00e9s \u00e0 environ 2500 m d'altitude, J-Claude Andr\u00e9, sp\u00e9cialiste de la p\u00eache \u00e0 la mouche, part en exp\u00e9dition avec son ami Paul Sublet. Ce premier jour d'ouverture permet une p\u00eache exceptionnelle pour vous faire                <\/div>\n\t\t\t\t\t\t\t\t\t\t\t\t               <div class=\"shop-page-wp-link\">\n                <a class=\"buy-link\" href=\"https:\/\/www.amazon.fr\/gp\/product\/B0007UDNQQ\/ref=as_li_tl?ie=UTF8&amp;tag=moucheurfr-21&amp;camp=1642&amp;creative=6746&amp;linkCode=as2&amp;creativeASIN=B0007UDNQQ&amp;linkId=808256edfb96a374e32c3a99839b6e08\" rel=\"nofollow\">Achetez<\/a>               <\/div>\n\t\t\t\t\t\t            <\/div>\t\t\t            <div class=\"shop-page-wp-item spwp-has-link spwp-one-third\">\n            <div class=\"shop-page-wp-image\">\n                <img decoding=\"async\" src=\"http:\/\/www.moucheur.fr\/palm\/wp-content\/uploads\/2021\/01\/81OxBnGSL._AC_SY445_-200x300.jpg\" alt=\"\"\/>\n            <\/div>\n            <div class=\"shop-page-wp-title\">\n                <h3>Z avec Jean-Marc Chignard<\/h3>\n            <\/div>\n\t\t\t\t\t\t                <div class=\"shop-page-wp-description\">\n\t\t\t\t\t\t\t\tJean-Marc Chignard, p\u00eacheur \u00e0 la mouche d'exception, vous fait d\u00e9couvrir tous les secrets de cette p\u00eache : choix des mouches, montages de la soie et du bas de ligne, lancer, lecture du plan d'eau, tactique de combat,                <\/div>\n\t\t\t\t\t\t\t\t\t\t\t\t               <div class=\"shop-page-wp-link\">\n                <a class=\"buy-link\" href=\"https:\/\/www.amazon.fr\/gp\/product\/B00018YP0W\/ref=as_li_tl?ie=UTF8&amp;tag=moucheurfr-21&amp;camp=1642&amp;creative=6746&amp;linkCode=as2&amp;creativeASIN=B00018YP0W&amp;linkId=3d0d91363e522b622a408f90bb8a96d1\" rel=\"nofollow\">Achetez<\/a>               <\/div>\n\t\t\t\t\t\t            <\/div>\t\t\t            <div class=\"shop-page-wp-item spwp-has-link spwp-one-third\">\n            <div class=\"shop-page-wp-image\">\n                <img decoding=\"async\" src=\"http:\/\/www.moucheur.fr\/palm\/wp-content\/uploads\/2021\/01\/81VjxJBGEvL._AC_SY445_-200x300.jpg\" alt=\"\"\/>\n            <\/div>\n            <div class=\"shop-page-wp-title\">\n                <h3>Sp\u00e9cial Jacques Boyko-Top P\u00eache a la Mouche<\/h3>\n            <\/div>\n\t\t\t\t\t\t                <div class=\"shop-page-wp-description\">\n\t\t\t\t\t\t\t\tJacques Boyko, Raymond Hanizet et Francis Poullain ont lanc\u00e9 leurs mouches et nymphes dans l Una, la Sana et la Gachka, en Yougoslavie, dans la G\u00e8re, la Loue et le r\u00e9servoir de Trept, en France.                 <\/div>\n\t\t\t\t\t\t\t\t\t\t\t\t               <div class=\"shop-page-wp-link\">\n                <a class=\"buy-link\" href=\"https:\/\/www.amazon.fr\/gp\/product\/B00018YP16\/ref=as_li_tl?ie=UTF8&amp;tag=moucheurfr-21&amp;camp=1642&amp;creative=6746&amp;linkCode=as2&amp;creativeASIN=B00018YP16&amp;linkId=4c771fec8691ea9dc7696fb874661a38\" rel=\"nofollow\">Achetez<\/a>               <\/div>\n\t\t\t\t\t\t            <\/div>\t\t\t            <div class=\"shop-page-wp-item spwp-has-link spwp-one-third\">\n            <div class=\"shop-page-wp-image\">\n                <img decoding=\"async\" src=\"http:\/\/www.moucheur.fr\/palm\/wp-content\/uploads\/2021\/01\/518RQJFWWRL._AC_SY445_-200x300.jpg\" alt=\"\"\/>\n            <\/div>\n            <div class=\"shop-page-wp-title\">\n                <h3>Saison Chignard et Jean-Marc Somar\u00e9<\/h3>\n            <\/div>\n\t\t\t\t\t\t                <div class=\"shop-page-wp-description\">\n\t\t\t\t\t\t\t\tJ-Marc Chignard passionn\u00e9 inv\u00e9t\u00e9r\u00e9 et J-Marc Somar\u00e9 monteur tr\u00e8s averti se sont r\u00e9unis pour confectionner 10 mouches qui conviendront pour toutes les p\u00e9riodes de p\u00eache. 3 mouches d ouverture, 2 mouches de mai,                 <\/div>\n\t\t\t\t\t\t\t\t\t\t\t\t               <div class=\"shop-page-wp-link\">\n                <a class=\"buy-link\" href=\"https:\/\/www.amazon.fr\/gp\/product\/B000BX8OM2\/ref=as_li_tl?ie=UTF8&amp;tag=moucheurfr-21&amp;camp=1642&amp;creative=6746&amp;linkCode=as2&amp;creativeASIN=B000BX8OM2&amp;linkId=cde0ec0cfa3318ba1dbbde06a25aab75\" rel=\"nofollow\">Achetez<\/a>               <\/div>\n\t\t\t\t\t\t            <\/div>\t\t\t            <div class=\"shop-page-wp-item spwp-has-link spwp-one-third\">\n            <div class=\"shop-page-wp-image\">\n                <img decoding=\"async\" src=\"http:\/\/www.moucheur.fr\/palm\/wp-content\/uploads\/2021\/01\/61H7F710bCL._AC_SY445_-200x300.jpg\" alt=\"\"\/>\n            <\/div>\n            <div class=\"shop-page-wp-title\">\n                <h3>Montage 1 avec Jacques Boyko<\/h3>\n            <\/div>\n\t\t\t\t\t\t                <div class=\"shop-page-wp-description\">\n\t\t\t\t\t\t\t\tJacques Boyko, ancien champion de France et membre de l \u00e9quipe de France jusqu \u00e0 ce jour, a obtenu les meilleurs classements dans les championnats internationaux de p\u00eache \u00e0 la mouche.                 <\/div>\n\t\t\t\t\t\t\t\t\t\t\t\t               <div class=\"shop-page-wp-link\">\n                <a class=\"buy-link\" href=\"https:\/\/www.amazon.fr\/gp\/product\/B0007UDMV2\/ref=as_li_tl?ie=UTF8&amp;tag=moucheurfr-21&amp;camp=1642&amp;creative=6746&amp;linkCode=as2&amp;creativeASIN=B0007UDMV2&amp;linkId=61d5e8156a6f85e0e3a6520c2b0cb29f\" rel=\"nofollow\">Achetez<\/a>               <\/div>\n\t\t\t\t\t\t            <\/div>\t\t\t            <div class=\"shop-page-wp-item spwp-has-link spwp-one-third\">\n            <div class=\"shop-page-wp-image\">\n                <img decoding=\"async\" src=\"http:\/\/www.moucheur.fr\/palm\/wp-content\/uploads\/2021\/01\/71FjYBSizmL._AC_SY445_-200x300.jpg\" alt=\"\"\/>\n            <\/div>\n            <div class=\"shop-page-wp-title\">\n                <h3>Saumon en Alaska-Vid\u00e9o P\u00eache a la Mouche<\/h3>\n            <\/div>\n\t\t\t\t\t\t                <div class=\"shop-page-wp-description\">\n\t\t\t\t\t\t\t\tL Alaska est une terre aux paysages de d\u00e9but du monde : toundra, for\u00eats primitives, rivi\u00e8res aux multiples bras, \u00e0 la faune si opulente et sauvage : grizzli, \u00e9lan, grouse, aigle royal... et saumon !                 <\/div>\n\t\t\t\t\t\t\t\t\t\t\t\t               <div class=\"shop-page-wp-link\">\n                <a class=\"buy-link\" href=\"https:\/\/www.amazon.fr\/gp\/product\/B0007UDMVW\/ref=as_li_tl?ie=UTF8&amp;tag=moucheurfr-21&amp;camp=1642&amp;creative=6746&amp;linkCode=as2&amp;creativeASIN=B0007UDMVW&amp;linkId=067646b03509e428e023d456bd89a30d\" rel=\"nofollow\">Achetez<\/a>               <\/div>\n\t\t\t\t\t\t            <\/div>\t\t\t            <div class=\"shop-page-wp-item spwp-has-link spwp-one-third\">\n            <div class=\"shop-page-wp-image\">\n                <img decoding=\"async\" src=\"http:\/\/www.moucheur.fr\/palm\/wp-content\/uploads\/2021\/01\/71HknmasHvL._AC_SY445_-200x300.jpg\" alt=\"\"\/>\n            <\/div>\n            <div class=\"shop-page-wp-title\">\n                <h3>Lot 2 DVD Vid\u00e9o P\u00eache \u00e0 la Mouche<\/h3>\n            <\/div>\n\t\t\t\t\t\t                <div class=\"shop-page-wp-description\">\n\t\t\t\t\t\t\t\tLANCER ET PRATIQUE DE LA P\u00caCHE \u00c0 LA MOUCHE : La cam\u00e9ra de Guy Prouin a suivi Jacques Boyko, champion du monde puis capitaine de l'\u00e9quipe de France, au cours de multiples sorties de p\u00eache sur des                <\/div>\n\t\t\t\t\t\t\t\t\t\t\t\t               <div class=\"shop-page-wp-link\">\n                <a class=\"buy-link\" href=\"https:\/\/www.amazon.fr\/gp\/product\/B00OFX20WE\/ref=as_li_tl?ie=UTF8&amp;tag=moucheurfr-21&amp;camp=1642&amp;creative=6746&amp;linkCode=as2&amp;creativeASIN=B00OFX20WE&amp;linkId=2815bc16d65813a37b0e03888529a58a\" rel=\"nofollow\">Achetez<\/a>               <\/div>\n\t\t\t\t\t\t            <\/div>\t\t\t        <\/div>\n\t\t\n","protected":false},"excerpt":{"rendered":"","protected":false},"author":1,"featured_media":0,"parent":141,"menu_order":2,"comment_status":"open","ping_status":"open","template":"","meta":{"footnotes":""},"categories":[],"tags":[],"class_list":["post-190","page","type-page","status-publish","hentry"],"_links":{"self":[{"href":"http:\/\/www.moucheur.fr\/palm\/wp-json\/wp\/v2\/pages\/190","targetHints":{"allow":["GET"]}}],"collection":[{"href":"http:\/\/www.moucheur.fr\/palm\/wp-json\/wp\/v2\/pages"}],"about":[{"href":"http:\/\/www.moucheur.fr\/palm\/wp-json\/wp\/v2\/types\/page"}],"author":[{"embeddable":true,"href":"http:\/\/www.moucheur.fr\/palm\/wp-json\/wp\/v2\/users\/1"}],"replies":[{"embeddable":true,"href":"http:\/\/www.moucheur.fr\/palm\/wp-json\/wp\/v2\/comments?post=190"}],"version-history":[{"count":0,"href":"http:\/\/www.moucheur.fr\/palm\/wp-json\/wp\/v2\/pages\/190\/revisions"}],"up":[{"embeddable":true,"href":"http:\/\/www.moucheur.fr\/palm\/wp-json\/wp\/v2\/pages\/141"}],"wp:attachment":[{"href":"http:\/\/www.moucheur.fr\/palm\/wp-json\/wp\/v2\/media?parent=190"}],"wp:term":[{"taxonomy":"category","embeddable":true,"href":"http:\/\/www.moucheur.fr\/palm\/wp-json\/wp\/v2\/categories?post=190"},{"taxonomy":"post_tag","embeddable":true,"href":"http:\/\/www.moucheur.fr\/palm\/wp-json\/wp\/v2\/tags?post=190"}],"curies":[{"name":"wp","href":"https:\/\/api.w.org\/{rel}","templated":true}]}}