{"id":2323,"date":"2014-01-03T13:19:49","date_gmt":"2014-01-03T12:19:49","guid":{"rendered":"http:\/\/www.moucheur.fr\/palm\/?page_id=2323"},"modified":"2016-01-05T22:01:10","modified_gmt":"2016-01-05T21:01:10","slug":"code-de-conduite","status":"publish","type":"page","link":"http:\/\/www.moucheur.fr\/palm\/info-du-site\/infos-moucheurs\/code-de-conduite\/","title":{"rendered":"Code de conduite"},"content":{"rendered":"<p style=\"text-align: justify;\"><span style=\"font-family: verdana, geneva, sans-serif; font-size: 10pt;\">\u00a0<\/span><\/p>\n<p style=\"text-align: justify;\"><span style=\"font-family: verdana, geneva, sans-serif; font-size: 10pt;\">Les p\u00eacheurs r\u00e9cr\u00e9atifs responsables se doivent de prot\u00e9ger l\u2019environnement et la ressource mais aussi d\u2019utiliser des m\u00e9thodes de p\u00eache s\u00e9curitaires et de respecter les autres.<\/span><\/p>\n<p style=\"text-align: justify; padding-left: 90px;\">\n<p style=\"padding-left: 90px;\"><span style=\"font-family: verdana, geneva, sans-serif; font-size: 10pt;\">Manipulez chaque prise avec le plus grand soin.<\/span><\/p>\n<p style=\"padding-left: 90px;\"><span style=\"font-family: verdana, geneva, sans-serif; font-size: 10pt;\">Limitez le nombre de vos prises pour prot\u00e9ger les stocks.<\/span><\/p>\n<p style=\"padding-left: 90px;\"><span style=\"font-family: verdana, geneva, sans-serif; font-size: 10pt;\">Gardez propres les coins de p\u00eache que vous utilisez.<\/span><\/p>\n<p style=\"padding-left: 90px;\"><span style=\"font-family: verdana, geneva, sans-serif; font-size: 10pt;\">Respectez les droits des propri\u00e9taires fonciers et des autres p\u00eacheurs.<\/span><\/p>\n<p style=\"padding-left: 90px;\"><span style=\"font-family: verdana, geneva, sans-serif; font-size: 10pt;\">Utilisez les m\u00e9thodes et le mat\u00e9riel appropri\u00e9s pour l\u2019esp\u00e8ce vis\u00e9e.<\/span><\/p>\n<p style=\"padding-left: 90px;\"><span style=\"font-family: verdana, geneva, sans-serif; font-size: 10pt;\">Faites la promotion de la p\u00eache r\u00e9cr\u00e9ative en montrant aux enfants et aux novices comment s\u2019y prendre.<\/span><\/p>\n<p style=\"padding-left: 90px;\"><span style=\"font-family: verdana, geneva, sans-serif; font-size: 10pt;\">Tenez-vous au courant de ce qui se passe dans votre domaine de p\u00eache et participez \u00e0 sa gestion.<\/span><\/p>\n<p style=\"padding-left: 90px;\"><span style=\"font-family: verdana, geneva, sans-serif; font-size: 10pt;\">Avertissez les autorit\u00e9s si vous \u00eates t\u00e9moin d\u2019une activit\u00e9 de p\u00eache ill\u00e9gale.<\/span><\/p>\n<p style=\"padding-left: 90px;\"><span style=\"font-family: verdana, geneva, sans-serif; font-size: 10pt;\">Respectez l\u2019espace des autres; laissez-leur suffisamment de place pour qu\u2019ils puissent p\u00eacher normalement.<\/span><\/p>\n<p style=\"padding-left: 90px;\"><span style=\"font-family: verdana, geneva, sans-serif; font-size: 10pt;\">Prenez connaissance des r\u00e8glements de p\u00eache et de nautisme et respectez-les.<\/span><\/p>\n<p style=\"padding-left: 90px;\"><span style=\"font-family: verdana, geneva, sans-serif; font-size: 10pt;\">Pour nos amis fumeurs, SVP ne jetaient pas vos m\u00e9gots au bord de l&#8217;eau mais r\u00e9cup\u00e9raient-les dans votre poche, sac, boite ou autres contenants &#8230; MERCI POUR EUX<\/span><\/p>\n<p style=\"text-align: justify;\">\n<p style=\"text-align: justify;\"><span style=\"font-family: verdana, geneva, sans-serif; font-size: 10pt;\"><strong><em>La team moucheur.fr<\/em><\/strong><\/span><\/p>\n","protected":false},"excerpt":{"rendered":"<p>\u00a0 Les p\u00eacheurs r\u00e9cr\u00e9atifs responsables se doivent de prot\u00e9ger l\u2019environnement et la ressource mais aussi d\u2019utiliser des m\u00e9thodes de p\u00eache&hellip;<\/p>\n","protected":false},"author":1,"featured_media":0,"parent":2319,"menu_order":1,"comment_status":"closed","ping_status":"open","template":"","meta":{"footnotes":""},"categories":[],"tags":[],"class_list":["post-2323","page","type-page","status-publish","hentry"],"_links":{"self":[{"href":"http:\/\/www.moucheur.fr\/palm\/wp-json\/wp\/v2\/pages\/2323","targetHints":{"allow":["GET"]}}],"collection":[{"href":"http:\/\/www.moucheur.fr\/palm\/wp-json\/wp\/v2\/pages"}],"about":[{"href":"http:\/\/www.moucheur.fr\/palm\/wp-json\/wp\/v2\/types\/page"}],"author":[{"embeddable":true,"href":"http:\/\/www.moucheur.fr\/palm\/wp-json\/wp\/v2\/users\/1"}],"replies":[{"embeddable":true,"href":"http:\/\/www.moucheur.fr\/palm\/wp-json\/wp\/v2\/comments?post=2323"}],"version-history":[{"count":0,"href":"http:\/\/www.moucheur.fr\/palm\/wp-json\/wp\/v2\/pages\/2323\/revisions"}],"up":[{"embeddable":true,"href":"http:\/\/www.moucheur.fr\/palm\/wp-json\/wp\/v2\/pages\/2319"}],"wp:attachment":[{"href":"http:\/\/www.moucheur.fr\/palm\/wp-json\/wp\/v2\/media?parent=2323"}],"wp:term":[{"taxonomy":"category","embeddable":true,"href":"http:\/\/www.moucheur.fr\/palm\/wp-json\/wp\/v2\/categories?post=2323"},{"taxonomy":"post_tag","embeddable":true,"href":"http:\/\/www.moucheur.fr\/palm\/wp-json\/wp\/v2\/tags?post=2323"}],"curies":[{"name":"wp","href":"https:\/\/api.w.org\/{rel}","templated":true}]}}