{"id":2436,"date":"2014-01-14T23:51:48","date_gmt":"2014-01-14T22:51:48","guid":{"rendered":"http:\/\/www.moucheur.fr\/palm\/?page_id=2436"},"modified":"2015-02-24T23:42:00","modified_gmt":"2015-02-24T22:42:00","slug":"flypad-box-la-boite-magique","status":"publish","type":"page","link":"http:\/\/www.moucheur.fr\/palm\/mouche\/materiel\/montage\/flypad-box-la-boite-magique\/","title":{"rendered":"Flypad Box"},"content":{"rendered":"<p style=\"text-align: justify;\" align=\"right\"><span style=\"font-family: verdana, geneva; font-size: medium;\">\u00a0<img decoding=\"async\" class=\" wp-image-2202 alignright\" src=\"http:\/\/www.moucheur.fr\/palm\/wp-content\/uploads\/2013\/12\/LOGO_TEST_OK-150x150.png\" alt=\"LOGO_TEST_OK\" width=\"100\" height=\"100\" srcset=\"http:\/\/www.moucheur.fr\/palm\/wp-content\/uploads\/2013\/12\/LOGO_TEST_OK-150x150.png 150w, http:\/\/www.moucheur.fr\/palm\/wp-content\/uploads\/2013\/12\/LOGO_TEST_OK.png 200w\" sizes=\"(max-width: 100px) 100vw, 100px\" \/><\/span><\/p>\n<p style=\"text-align: justify;\"><img decoding=\"async\" class=\"wp-image-2437 alignnone\" style=\"line-height: 26.666667938232422px; font-size: 15.555556297302246px; text-align: center;\" src=\"http:\/\/www.moucheur.fr\/palm\/wp-content\/uploads\/2014\/01\/flypad_banner.gif\" alt=\"flypad_banner\" width=\"504\" height=\"90\" \/><\/p>\n<p style=\"text-align: justify;\"><span style=\"font-family: verdana, geneva; font-size: medium;\">Voici le dernier n\u00e9e de la soci\u00e9t\u00e9 Thinkfish qui a mis au point un syst\u00e8me tr\u00e8s pratique, voir r\u00e9volutionnaire pour le\u00a0rangement et le stockage des mouches. Enfin une vraie solution, il fallait simplement y penser, Thinkfish la fait\u00a0! Elle nous a cordialement donn\u00e9e un syst\u00e8me Flypad Box complet, afin de faire une \u00e9valuation technico-fonctionnelle de celui ci. Sur notre site,\u00a0nous avons une \u00e9quipe qui test et critique le mat\u00e9riel sur le march\u00e9 de la p\u00eache \u00e0 la mouche. Le test a dur\u00e9 15 jours ou nous avons \u00e9valu\u00e9 le syst\u00e8me de l\u2019\u00e9tau de montage jusqu&#8217;\u00e0 son utilisation au bord de l\u2019eau.<\/span><\/p>\n<p style=\"text-align: justify;\"><span style=\"font-family: verdana, geneva; font-size: medium;\"><img decoding=\"async\" class=\"aligncenter size-full wp-image-2441\" style=\"float: left; margin-left: 10px; margin-right: 10px;\" src=\"http:\/\/www.moucheur.fr\/palm\/wp-content\/uploads\/2014\/01\/ensemble011.jpg\" alt=\"ensemble01\" width=\"350\" height=\"263\" srcset=\"http:\/\/www.moucheur.fr\/palm\/wp-content\/uploads\/2014\/01\/ensemble011.jpg 1280w, http:\/\/www.moucheur.fr\/palm\/wp-content\/uploads\/2014\/01\/ensemble011-300x225.jpg 300w, http:\/\/www.moucheur.fr\/palm\/wp-content\/uploads\/2014\/01\/ensemble011-1024x768.jpg 1024w, http:\/\/www.moucheur.fr\/palm\/wp-content\/uploads\/2014\/01\/ensemble011-600x450.jpg 600w, http:\/\/www.moucheur.fr\/palm\/wp-content\/uploads\/2014\/01\/ensemble011-150x112.jpg 150w\" sizes=\"(max-width: 350px) 100vw, 350px\" \/>Tout monteur de mouche ou qui pratique cette p\u00eache, ne sait il pas retrouver au moins une fois avec 6 ou 7 boites \u00e0 mouches dans son gilet ou sur son \u00e9tabli de montage. Fini le temps ou entre des plumes, poils, hame\u00e7ons, bobines etc \u2026 nous avions aussi \u00ab\u00a0les boites \u00e0 mouches\u00a0\u00bb sur l\u2019\u00e9tabli pr\u00e9s \u00e0 recevoir nos derni\u00e8res cr\u00e9ations. Notre espace de travail \u00e9tait relativement encombr\u00e9 et de plus en plus r\u00e9duit. Heureusement est arriv\u00e9 l\u2019Eco syst\u00e8me Flypad Box, il a une place indiscutable \u00e0 c\u00f4t\u00e9 de votre \u00e9tau de montage et vous accompagnera jusqu&#8217;au bord de l\u2019eau.<\/span><\/p>\n<p style=\"text-align: justify;\"><span style=\"font-family: verdana, geneva; font-size: medium;\"><img decoding=\"async\" class=\"aligncenter size-full wp-image-2442\" style=\"float: right; margin-left: 10px; margin-right: 10px;\" src=\"http:\/\/www.moucheur.fr\/palm\/wp-content\/uploads\/2014\/01\/20130823_180336.jpg\" alt=\"20130823_180336\" width=\"350\" height=\"233\" \/><\/span><\/p>\n<p style=\"text-align: justify;\"><span style=\"font-family: verdana, geneva; font-size: medium;\">Le syst\u00e8me est tr\u00e8s simple, il s\u2019agi d\u2019une boite de stockage (Flybox) a la petite dimension de\u00a020cm x 20cm x 11cm, pouvant contenir jusqu&#8217;\u00e0 1200 mouches. Tr\u00e8s design avec cette forme de cube noir avec deux portes orange de chaque c\u00f4t\u00e9 et deux emplacements de part et d\u2019autre pour les Flypad (boite \u00e0 mouche) mesurant 17cm x 8,5cm x 2cm et fix\u00e9s par des velcros. Deux portes d\u2019acc\u00e8s ventil\u00e9es \u00e0 fermeture magn\u00e9tique garderont vos mouches s\u00e8ches apr\u00e8s votre partie de p\u00eache. Les inserts (4 de chaque c\u00f4t\u00e9 mais la Box a la capacit\u00e9 de stocker jusqu&#8217;\u00e0 10 inserts: 2 dans les FlyPad plus 8 \u00e0 l&#8217;int\u00e9rieur) que l\u2019on glisse \u00e0 l\u2019int\u00e9rieur comme des tiroirs. Une fois en place, ils sont maintenus et ne risque pas de sortir quand vous inclinez la Flypad Box. Il existe 4 mod\u00e8les d\u2019inserts disponibles et suivant les types de mouches, nymphes, streamers que vous utilisez. Les Flypad (boite \u00e0 mouche) ont un syst\u00e8me d\u2019ouverture et fermeture magn\u00e9tique et \u00e9tanche, ainsi qu\u2019un couvercle transparent pour avoir un visuel sur les mouches. Choisissez\u00a0un insert contenant votre s\u00e9lection de mouches pour la journ\u00e9e et l\u2019ins\u00e9rer le dans le Flypad (boite \u00e0 mouche), vous voil\u00e0 pr\u00e8s pour p\u00eacher. Le syst\u00e8me est vendu avec une Flypad Box et 4 inserts, mais peut contenir 8 inserts + 2 Flypad sur les c\u00f4t\u00e9s (vendus s\u00e9par\u00e9ment) avec 3 ans de garantie contre les d\u00e9fauts techniques de fabrication.<\/span><\/p>\n<p style=\"text-align: justify;\"><span style=\"font-family: verdana, geneva; font-size: medium;\"><a href=\"http:\/\/www.moucheur.fr\/palm\/wp-content\/uploads\/2014\/01\/20130621_1807581.jpg\"><img decoding=\"async\" class=\"aligncenter size-full wp-image-2439\" style=\"margin-left: 10px; margin-right: 10px; float: left;\" src=\"http:\/\/www.moucheur.fr\/palm\/wp-content\/uploads\/2014\/01\/20130621_1807581.jpg\" alt=\"20130621_180758\" width=\"350\" height=\"233\" srcset=\"http:\/\/www.moucheur.fr\/palm\/wp-content\/uploads\/2014\/01\/20130621_1807581.jpg 1280w, http:\/\/www.moucheur.fr\/palm\/wp-content\/uploads\/2014\/01\/20130621_1807581-300x199.jpg 300w, http:\/\/www.moucheur.fr\/palm\/wp-content\/uploads\/2014\/01\/20130621_1807581-1024x682.jpg 1024w, http:\/\/www.moucheur.fr\/palm\/wp-content\/uploads\/2014\/01\/20130621_1807581-600x399.jpg 600w, http:\/\/www.moucheur.fr\/palm\/wp-content\/uploads\/2014\/01\/20130621_1807581-150x99.jpg 150w\" sizes=\"(max-width: 350px) 100vw, 350px\" \/><\/a>Nous avons fait l\u2019essai de son efficacit\u00e9 et de son utilit\u00e9 pour une utilisation au quotidien d\u2019un p\u00eacheur \u00e0 la mouche. L\u2019essai est transform\u00e9\u00a0!!! il n\u2019y a pas plus pratique que cette \u00ab\u00a0boite magique\u00a0\u00bb. Imaginez \u2026 vous n\u2019aurez plus que cette boite dans votre espace de montage. Que toutes vos mouches seront centralis\u00e9es plus qu\u2019\u00e0 un seul endroit. Que vous n\u2019aurez maintenant, que seulement deux boites \u00e0 mouches dans votre gilet. Vous pourrez changer votre s\u00e9lection ou directement votre insert en plein milieu de votre partie de p\u00eache. Pour cela il suffit de retourner a votre voiture ou se trouve votre Flypad Box que vous aurez emmen\u00e9 avec vous. Nous vous conseillons d\u2019avoir deux Flypad un pour les nymphes et un autres pour les s\u00e8ches, ainsi vous n\u2019\u00eates m\u00eame pas oblig\u00e9 de revenir vers votre voiture. Sauf pour prendre votre repas de midi \u00e9videment \u2026<\/span><\/p>\n<p style=\"text-align: justify;\"><span style=\"font-family: verdana, geneva; font-size: medium;\">Notre conclusion est plus que positive, je dirais m\u00eame que nous sommes tous devenus \u00ab\u00a0Fan\u00a0\u00bb de ce syst\u00e8me de rangement. Nous vous le conseillons vivement, nos testeurs lui on donnait la note 5\/5 avec comme crit\u00e8res, le poids, volume, fiabilit\u00e9, utilisation et le prix. Justement vous allez me dire, le prix de cette boite magique\u00a0? Et bien vous risquez \u00eatre surpris par son accessibilit\u00e9, rapport qualit\u00e9 prix imbattable. Pour acqu\u00e9rir ce syst\u00e8me complet ou au d\u00e9tail et devenir un Thinkfisher, vous trouverez directement les points de vente sur le site de <a href=\"http:\/\/www.thinkfishworld.com\/web\/fr\/distribuidores-oficiales\/\">Thinkfish.com<\/a>.<\/span><\/p>\n<p style=\"text-align: justify;\"><span style=\"font-family: verdana, geneva; font-size: medium;\">Bon rangement\u00a0\u00e0 tous !!!<\/span><\/p>\n<p style=\"text-align: justify;\"><span style=\"font-family: verdana, geneva; font-size: medium;\"><i>L\u2019\u00e9quipe test de Moucheur.fr<\/i><\/span><\/p>\n<p style=\"text-align: justify;\"><span style=\"font-family: verdana, geneva;\">Note du site \/5 :\u00a0<img decoding=\"async\" title=\"4\/5\" src=\"http:\/\/www.moucheur.fr\/_images\/doc\/note_5_etoiles.png\" alt=\"\" width=\"57\" height=\"16\" \/>\u00a0<\/span><\/p>\n<p style=\"text-align: justify;\"><span style=\"font-family: verdana, geneva;\">Notre critique n&#8217;engage que nous \u00e9videment !!! Donnez votre avis &#8230;<\/span><\/p>\n","protected":false},"excerpt":{"rendered":"<p>\u00a0 Voici le dernier n\u00e9e de la soci\u00e9t\u00e9 Thinkfish qui a mis au point un syst\u00e8me tr\u00e8s pratique, voir r\u00e9volutionnaire&hellip;<\/p>\n","protected":false},"author":1,"featured_media":0,"parent":1074,"menu_order":0,"comment_status":"open","ping_status":"open","template":"","meta":{"footnotes":""},"categories":[],"tags":[],"class_list":["post-2436","page","type-page","status-publish","hentry"],"_links":{"self":[{"href":"http:\/\/www.moucheur.fr\/palm\/wp-json\/wp\/v2\/pages\/2436","targetHints":{"allow":["GET"]}}],"collection":[{"href":"http:\/\/www.moucheur.fr\/palm\/wp-json\/wp\/v2\/pages"}],"about":[{"href":"http:\/\/www.moucheur.fr\/palm\/wp-json\/wp\/v2\/types\/page"}],"author":[{"embeddable":true,"href":"http:\/\/www.moucheur.fr\/palm\/wp-json\/wp\/v2\/users\/1"}],"replies":[{"embeddable":true,"href":"http:\/\/www.moucheur.fr\/palm\/wp-json\/wp\/v2\/comments?post=2436"}],"version-history":[{"count":0,"href":"http:\/\/www.moucheur.fr\/palm\/wp-json\/wp\/v2\/pages\/2436\/revisions"}],"up":[{"embeddable":true,"href":"http:\/\/www.moucheur.fr\/palm\/wp-json\/wp\/v2\/pages\/1074"}],"wp:attachment":[{"href":"http:\/\/www.moucheur.fr\/palm\/wp-json\/wp\/v2\/media?parent=2436"}],"wp:term":[{"taxonomy":"category","embeddable":true,"href":"http:\/\/www.moucheur.fr\/palm\/wp-json\/wp\/v2\/categories?post=2436"},{"taxonomy":"post_tag","embeddable":true,"href":"http:\/\/www.moucheur.fr\/palm\/wp-json\/wp\/v2\/tags?post=2436"}],"curies":[{"name":"wp","href":"https:\/\/api.w.org\/{rel}","templated":true}]}}