{"id":2689,"date":"2012-08-31T21:24:00","date_gmt":"2012-08-31T19:24:00","guid":{"rendered":"http:\/\/www.moucheur.fr\/palm\/?page_id=2689"},"modified":"2015-03-25T21:37:34","modified_gmt":"2015-03-25T20:37:34","slug":"gilet-fly-600-light-caperlan","status":"publish","type":"page","link":"http:\/\/www.moucheur.fr\/palm\/mouche\/materiel\/vetements\/caperlan\/gilet-fly-600-light-caperlan\/","title":{"rendered":"Gilet Fly 600 Light"},"content":{"rendered":"<p><span style=\"font-size: 12pt; font-family: verdana, geneva;\"><strong>Gilet Fly 600 Light CAPERLAN chez d\u00e9cathlon.fr.<\/strong><\/span><\/p>\n<p><span style=\"font-size: 12pt; font-family: verdana, geneva;\"><strong><img decoding=\"async\" style=\"float: right;\" src=\"http:\/\/www.moucheur.fr\/palm\/wp-content\/uploads\/2013\/12\/LOGO_TEST_OK.png\" alt=\"\" width=\"100\" height=\"100\" \/><\/strong><\/span><\/p>\n<p><span style=\"font-size: 12pt; font-family: verdana, geneva;\"> <strong>Description du produit<\/strong><\/span><br \/>\n<span style=\"font-size: 12pt; font-family: verdana, geneva;\"> R\u00e9f : 6300841 <\/span><br \/>\n<span style=\"font-size: 12pt; font-family: verdana, geneva;\"> Taille : M L XL XXL<\/span><br \/>\n<span style=\"font-size: 12pt; font-family: verdana, geneva;\"> Qte : 1<\/span><br \/>\n<span style=\"font-size: 12pt; font-family: verdana, geneva;\"> Prix : 32\u20ac95.<\/span><\/p>\n<ol>\n<li style=\"text-align: justify;\"><span style=\"font-size: 12pt; font-family: verdana, geneva;\">Multi-compartimentage : 12 poches (dont une dorsale). Syst\u00e8me accroche mouche poitrine, support canne.<\/span><\/li>\n<li style=\"text-align: justify;\"><span style=\"font-size: 12pt; font-family: verdana, geneva;\">Facilit\u00e9 d&#8217;utilisation : Tissu tr\u00e8s l\u00e9ger \u00e0 s\u00e9chage rapide. Coupe courte sp\u00e9ciale p\u00eache en wading.<\/span><\/li>\n<li style=\"text-align: justify;\"><span style=\"font-size: 12pt; font-family: verdana, geneva;\">Adaptabilit\u00e9 morphologique : L&#8217;ouverture de la poche dorsale est facilit\u00e9e gr\u00e2ce \u00e0 une rallonge sur le zip.<\/span><\/li>\n<\/ol>\n<p><span style=\"font-size: 12pt; font-family: verdana, geneva;\"> Garantie : 2 ans<\/span><\/p>\n<p><span style=\"font-size: 12pt; font-family: verdana, geneva;\"> <a title=\"http:\/\/www.moucheur.fr\/photos\/view.php?filename=375Gilet_Fly_600_Light_CA.jpg\" href=\"http:\/\/www.moucheur.fr\/photos\/view.php?filename=375Gilet_Fly_600_Light_CA.jpg\" target=\"_blank\"><img decoding=\"async\" class=\"aligncenter\" src=\"http:\/\/www.moucheur.fr\/photos\/images\/375Gilet_Fly_600_Light_CA.jpg\" alt=\"www.moucheur.fr\/photos\/images\/375Gilet_Fly_600_Light_CA.jpg\" \/><\/a><\/span><\/p>\n<p style=\"text-align: justify;\"><span style=\"font-size: 12pt; font-family: verdana, geneva;\"><em><strong>L\u2019avis de l\u2019\u00e9quipe testeur du site<\/strong><\/em><\/span><br \/>\n<span style=\"font-size: 12pt; font-family: verdana, geneva;\"> Il y a maintenant deux ans que nous testons ce gilet, il a pas boug\u00e9 d&#8217;un poil en raison de deux sorties par semaine en moyenne. Pratique et fiable avec des grandes poches, vous pourrez y mettre comme moi absolument tous ce que vous avez besoin pour une journ\u00e9e en p\u00eache a par le casse croute et oui il fait pas glaci\u00e8re !!! <\/span><\/p>\n<p style=\"text-align: justify;\"><span style=\"font-size: 12pt; font-family: verdana, geneva;\"><em> <strong>Conclusion<\/strong><\/em><\/span><br \/>\n<span style=\"font-size: 12pt; font-family: verdana, geneva;\"> Je le conseil vivement pour les moucheurs qui pratique le wading et qui pr\u00e9f\u00e8re investir plus dans le mat\u00e9riel que dans les fringues. Rapport qualit\u00e9 prix imbattable.<\/span><\/p>\n<p style=\"text-align: justify;\"><span style=\"font-size: 12pt; font-family: verdana, geneva;\"> Note : <img decoding=\"async\" src=\"http:\/\/www.moucheur.fr\/_images\/doc\/note_5_etoiles.png\" alt=\"www.moucheur.fr\/_images\/doc\/note_5_etoiles.png\" \/><\/span><\/p>\n<p style=\"text-align: justify;\"><span style=\"font-size: 12pt; font-family: verdana, geneva;\"> Notre critique n\u2019engage que nous \u00e9videment !!! Donnez votre avis \u2026<\/span><\/p>\n","protected":false},"excerpt":{"rendered":"<p>Gilet Fly 600 Light CAPERLAN chez d\u00e9cathlon.fr. Description du produit R\u00e9f : 6300841 Taille : M L XL XXL Qte&hellip;<\/p>\n","protected":false},"author":1,"featured_media":0,"parent":2687,"menu_order":0,"comment_status":"open","ping_status":"open","template":"","meta":{"footnotes":""},"categories":[],"tags":[],"class_list":["post-2689","page","type-page","status-publish","hentry"],"_links":{"self":[{"href":"http:\/\/www.moucheur.fr\/palm\/wp-json\/wp\/v2\/pages\/2689","targetHints":{"allow":["GET"]}}],"collection":[{"href":"http:\/\/www.moucheur.fr\/palm\/wp-json\/wp\/v2\/pages"}],"about":[{"href":"http:\/\/www.moucheur.fr\/palm\/wp-json\/wp\/v2\/types\/page"}],"author":[{"embeddable":true,"href":"http:\/\/www.moucheur.fr\/palm\/wp-json\/wp\/v2\/users\/1"}],"replies":[{"embeddable":true,"href":"http:\/\/www.moucheur.fr\/palm\/wp-json\/wp\/v2\/comments?post=2689"}],"version-history":[{"count":0,"href":"http:\/\/www.moucheur.fr\/palm\/wp-json\/wp\/v2\/pages\/2689\/revisions"}],"up":[{"embeddable":true,"href":"http:\/\/www.moucheur.fr\/palm\/wp-json\/wp\/v2\/pages\/2687"}],"wp:attachment":[{"href":"http:\/\/www.moucheur.fr\/palm\/wp-json\/wp\/v2\/media?parent=2689"}],"wp:term":[{"taxonomy":"category","embeddable":true,"href":"http:\/\/www.moucheur.fr\/palm\/wp-json\/wp\/v2\/categories?post=2689"},{"taxonomy":"post_tag","embeddable":true,"href":"http:\/\/www.moucheur.fr\/palm\/wp-json\/wp\/v2\/tags?post=2689"}],"curies":[{"name":"wp","href":"https:\/\/api.w.org\/{rel}","templated":true}]}}