{"id":3813,"date":"2014-12-11T15:08:56","date_gmt":"2014-12-11T14:08:56","guid":{"rendered":"http:\/\/www.moucheur.fr\/palm\/?page_id=3813"},"modified":"2021-07-07T16:56:40","modified_gmt":"2021-07-07T14:56:40","slug":"les-aappma","status":"publish","type":"page","link":"http:\/\/www.moucheur.fr\/palm\/info-du-site\/infos-moucheurs\/les-aappma\/","title":{"rendered":"Les AAPPMA"},"content":{"rendered":"<p style=\"text-align: center;\"><span style=\"font-family: verdana, geneva, sans-serif; font-size: 16px;\"><strong>NOUS SOUTENONS LES AAPPMA<\/strong><\/span><\/p>\n<p style=\"text-align: center;\"><span style=\"font-size: 16px;\"><script async src=\"\/\/pagead2.googlesyndication.com\/pagead\/js\/adsbygoogle.js\"><\/script>\r\n<!-- pub texte moucheur -->\r\n<ins class=\"adsbygoogle\"\r\n     style=\"display:block\"\r\n     data-ad-client=\"ca-pub-3761698486073990\"\r\n     data-ad-slot=\"2129191949\"\r\n     data-ad-format=\"link\"><\/ins>\r\n<script>\r\n(adsbygoogle = window.adsbygoogle || []).push({});\r\n<\/script><\/span><\/p>\n<p style=\"text-align: justify;\"><span style=\"font-family: verdana, geneva, sans-serif; font-size: 16px;\"><strong><em>Nous soutenons les AAPPMA qui font s\u2019investissent et font avancer dans le bon sens comme la gestion, la pr\u00e9servation et l\u2019am\u00e9lioration des rivi\u00e8res, la protection des esp\u00e8ces ainsi que la cr\u00e9ation des Nokill.<\/em><\/strong><\/span><\/p>\n<p style=\"text-align: justify;\"><span style=\"font-size: 16px;\"><em><span style=\"font-family: verdana, geneva, sans-serif;\"><b>Dans la Dr\u00f4me : <\/b><\/span><\/em><\/span><\/p>\n<blockquote><p><span style=\"font-size: 16px;\"><strong><span style=\"font-family: verdana, geneva, sans-serif;\">APPV\u00a0\u00a0\u00a0 Association des P\u00eacheurs de la Plaine de Valence <a href=\"http:\/\/www.moucheur.fr\/palm\/wp-content\/uploads\/2015\/12\/Sans-titre-1.jpg\" rel=\"attachment wp-att-5499\"><img decoding=\"async\" class=\"alignleft wp-image-5499\" src=\"http:\/\/www.moucheur.fr\/palm\/wp-content\/uploads\/2015\/12\/Sans-titre-1-300x291.jpg\" alt=\"Sans titre-1\" width=\"50\" height=\"49\" srcset=\"http:\/\/www.moucheur.fr\/palm\/wp-content\/uploads\/2015\/12\/Sans-titre-1-300x291.jpg 300w, http:\/\/www.moucheur.fr\/palm\/wp-content\/uploads\/2015\/12\/Sans-titre-1-150x150.jpg 150w, http:\/\/www.moucheur.fr\/palm\/wp-content\/uploads\/2015\/12\/Sans-titre-1-83x83.jpg 83w, http:\/\/www.moucheur.fr\/palm\/wp-content\/uploads\/2015\/12\/Sans-titre-1.jpg 334w\" sizes=\"(max-width: 50px) 100vw, 50px\" \/><\/a><\/span><\/strong><\/span><\/p>\n<p><span style=\"font-size: 16px;\"><em><span style=\"font-family: verdana, geneva, sans-serif;\">12 rue de l\u2019Arm\u00e9e Belge 26 000 Valence\u00a0\u00a0\u00a0 mail: asso.appv@gmail.com\u00a0\u00a0\u00a0 Tel: 06 79 22 43 13\u00a0 <\/span><\/em><\/span><\/p>\n<p><span style=\"font-family: verdana, geneva, sans-serif; font-size: 16px;\"><em>Leur site internet :<\/em> <strong><a href=\"http:\/\/www.appv.fr\/\" target=\"_blank\" rel=\"noopener\">APPV Valence<\/a><\/strong>\u00a0\u00a0\u00a0\u00a0 <em>Prendre la carte de p\u00eache :<\/em> <strong><a href=\"http:\/\/www.cartedepeche.fr\/TPL_CODE\/TPL_ADHCOMMANDE\/PAR_TPL_IDENTIFIANT\/4\/247-processus-de-commande.htm\" target=\"_blank\" rel=\"noopener\">Association des P\u00eacheurs de la Plaine de Valence<\/a><\/strong><\/span><\/p>\n<p><span style=\"font-size: 16px; font-family: verdana, geneva, sans-serif;\"><strong>Vercors : Association f\u00e9d\u00e9rant l&#8217;action des 6 AAPPMA des bassins versants de la Bourne et du Furon<\/strong><\/span><\/p>\n<p style=\"text-align: justify;\"><span style=\"font-family: verdana, geneva, sans-serif; font-size: 16px;\">Leur site internet :<b> <a title=\"Bourne vive\" href=\"http:\/\/bourne-vive.fr\">Bourne vive<\/a>\u00a0\u00a0\u00a0\u00a0 <a href=\"https:\/\/www.facebook.com\/Bourne-Vive-association-des-6-aappma-du-VercorsRoyans-1256490507712952\/\">FACEBOOK<\/a><br \/>\n<\/b><\/span><\/p>\n<div style=\"text-align: justify;\"><span style=\"font-size: 16px; font-family: verdana, geneva, sans-serif;\"><b>AAPPMA La Truite du Vercors<\/b> : La Chapelle en Vercors, St Agnan en Vercors, St Martin en Vercors ( Vernaison, Buy\u00e8che, Adouin)<\/span><\/div>\n<div style=\"text-align: justify;\"><span style=\"font-size: 16px; font-family: verdana, geneva, sans-serif;\"><b><span style=\"color: #ff0000;\">Carte de p\u00eache : <\/span><\/b><em>L&#8217;Ancolie \/ bar \/ St Martin en Vercors &#8211; Le petit bistrot \/ bar \/ St Agnan en Vercors &#8211; H\u00f4tel du nord \/ bar \/ La Chapelle en Vercors &#8211; Au plaisir d&#8217;offrir \/ souvenirs \/ La Chapelle en Vercors\u00a0 <\/em><\/span><br \/>\n<span style=\"font-size: 16px; font-family: verdana, geneva, sans-serif;\"> <b>AAPPMA La Gaule du Royans<\/b> : St Jean en Royans, Oriol en Royans, St Laurent en Royans, Ste Eulalie en Royans, Echevis.<\/span><\/div>\n<div style=\"text-align: justify;\"><span style=\"font-size: 16px;\"><span style=\"font-family: verdana, geneva, sans-serif;\"><b><span style=\"color: #ff0000;\">Carte de p\u00eache :<\/span> <\/b><\/span>\u00a0 <em><span style=\"font-family: verdana, geneva, sans-serif;\">&#8220;C\u00eeme du Bourg&#8221; \/ Tabac\u00a0 \/ ST JEAN EN ROYANS \/ T\u00e9l : 04 75 47 52 66\u00a0&#8211; le TONNEAU du ROYANS \/ ST JEAN EN ROYANS \/\u00a0T\u00e9l : 04 75 47 73 33 &#8211; Office du Tourisme de St Jean en Royans<\/span><\/em><\/span><br \/>\n<span style=\"font-size: 16px; font-family: verdana, geneva, sans-serif;\"> <b>AAPPMA La Gaule Romanaise et P\u00e9ageoise<\/b> : Basse Bourne de Pont en Royans \u00e0 St Nazaire en Royans (confluence avec l&#8217;Is\u00e8re)<\/span><\/div>\n<div style=\"text-align: justify;\"><span style=\"font-size: 16px;\"><b><span style=\"color: #ff0000;\">Carte de p\u00eache :<\/span><\/b><em><span style=\"font-family: verdana, geneva, sans-serif;\"> MACAIRE p\u00eache chasse \/ 7, Avenue des Allobroges Romans.<\/span><\/em><\/span><br \/>\n<span style=\"font-size: 16px; font-family: verdana, geneva, sans-serif;\"> <b>AAPPMA de Pont en Royans<\/b> (Bourne M\u00e9diane)<\/span><\/div>\n<div style=\"text-align: justify;\"><span style=\"font-size: 16px;\"><span style=\"font-family: verdana, geneva, sans-serif;\"><b><span style=\"color: #ff0000;\">Carte de p\u00eache :<\/span> <\/b><\/span><em><span style=\"font-family: verdana, geneva, sans-serif;\">La Gazette \/ Tabac Journaux \/ Grande Rue PONT en ROYANS.<\/span><\/em><\/span><br \/>\n<span style=\"font-size: 16px; font-family: verdana, geneva, sans-serif;\"> <b>AAPPMA La Boulouvenne<\/b> : Rencurel (Bourne M\u00e9diane)<\/span><\/div>\n<div style=\"text-align: justify;\"><span style=\"font-size: 16px; font-family: verdana, geneva, sans-serif;\"><b><span style=\"color: #ff0000;\">Carte de p\u00eache :<\/span> <\/b><em>Chez les d\u00e9positaires locaux \u00e0 La Balme de Rencurel<\/em><\/span><br \/>\n<span style=\"font-size: 16px; font-family: verdana, geneva, sans-serif;\"> <b>AAPPMA La Truite du Plateau<\/b> : Villard de Lans, Lans, Corren\u00e7on, Autrans, M\u00e9audre ( Haute Bourne : M\u00e9audret, Furon)<\/span><\/div>\n<div><span style=\"font-size: 16px; font-family: verdana, geneva, sans-serif;\"><b><span style=\"color: #ff0000;\">Carte de p\u00eache :<\/span> <\/b><em>Villard de Lans au Bar restaurant La R\u00e9sistance, Les Geymonds 38250 Villard de Lans. tel : 04.76.95.19.97<\/em><\/span><\/div>\n<p style=\"text-align: justify;\"><span style=\"font-family: verdana, geneva, sans-serif; font-size: 16px;\"><strong><em>La Galaure :<\/em><\/strong><\/span><\/p>\n<p><span style=\"font-family: verdana, geneva, sans-serif; font-size: 16px;\"><strong>Avec deux\u00a0no kill sur la Galaure en 1\u00e8re et 2 \u00e8me cat\u00e9gorie<\/strong><\/span><\/p>\n<p><span style=\"font-family: verdana, geneva, sans-serif; font-size: 16px;\"><a title=\"La truite de la Galaure\" href=\"http:\/\/www.federationpeche.fr\/26\/associations.php?association=351\" target=\"_blank\" rel=\"noopener\">AAPPMA La truite de la Galaure<\/a>\u00a0 \u00a0 \u00a0 \u00a0 \u00a0 \u00a0 <a title=\"Truite de la Galaure\" href=\"http:\/\/www.cartedepeche.fr\/ChoixCarte\/1041\/showAssoMessage\/0\/12-liste-des-cartes.htm\" target=\"_blank\" rel=\"noopener\">Prendre la carte de p\u00eache<\/a><\/span><\/p><\/blockquote>\n<div>\n<p><span style=\"font-size: 16px;\"><strong>Dans l&#8217;Ard\u00e8che :<\/strong><em><b><\/b><strong><br \/>\n<\/strong><\/em><\/span><\/p>\n<blockquote><p><span style=\"font-size: 16px;\"><strong>AAPPMA Les p\u00eacheurs du haut Doux<\/strong><\/span><\/p>\n<p><span style=\"font-size: 16px;\"><strong>Site internet Les p\u00eacheurs du haut doux<br \/>\n<\/strong><\/span><\/p>\n<p><span style=\"font-size: 16px;\"><a href=\"http:\/\/www.aappma-lespecheursduhautdoux.com\/\">AAPPMA<\/a>\u00a0\u00a0\u00a0\u00a0\u00a0\u00a0\u00a0\u00a0\u00a0\u00a0\u00a0\u00a0\u00a0\u00a0\u00a0\u00a0\u00a0\u00a0\u00a0\u00a0\u00a0\u00a0\u00a0\u00a0 <a href=\"https:\/\/www.facebook.com\/groups\/170991329934106\/\"><strong>FACEBOOK<\/strong><\/a><\/span><\/p>\n<p><span style=\"font-size: 16px;\">Lamastre<\/span><\/p>\n<p><span style=\"font-size: 16px;\">Sur le site : <a href=\"http:\/\/www.aappma-lespecheursduhautdoux.com\/\"><strong>Les p\u00eacheurs du haut doux<\/strong><\/a><\/span><\/p>\n<p><span style=\"font-size: 16px;\"><strong>AAPPMA EYGA\u00a0<\/strong><\/span><\/p>\n<p><span style=\"font-size: 16px;\"><strong>Site internet EYGA<br \/>\n<\/strong><\/span><\/p>\n<p><span style=\"font-size: 16px;\"><a href=\"http:\/\/www.eyga.info\/\">AAPPMA EYGA<\/a>\u00a0\u00a0\u00a0\u00a0\u00a0\u00a0\u00a0\u00a0\u00a0\u00a0\u00a0\u00a0\u00a0\u00a0\u00a0\u00a0\u00a0\u00a0\u00a0\u00a0\u00a0\u00a0\u00a0\u00a0\u00a0 <a href=\"https:\/\/www.facebook.com\/Eyga07\/\"><strong>FACEBOOK<\/strong><\/a><\/span><\/p>\n<p><span style=\"font-size: 16px;\">Saint Sauveur de Montagut<\/span><\/p>\n<p><span style=\"font-size: 16px;\">Sur le site <strong><a href=\"http:\/\/www.eyga.info\/\">www.eyga.info\/<\/a><\/strong><\/span><\/p><\/blockquote>\n<\/div>\n<div><\/div>\n<p style=\"text-align: justify;\"><span style=\"font-size: 16px;\"><em><span style=\"font-family: verdana, geneva, sans-serif;\"><b>Dans la <\/b><strong>Savoie :<\/strong><\/span><\/em><\/span><\/p>\n<blockquote>\n<p style=\"text-align: justify;\"><span style=\"font-family: verdana, geneva, sans-serif; font-size: 16px;\"><strong>AAPPMA du\u00a0Guiers\u00a0et du\u00a0Thiers<\/strong><\/span><\/p>\n<p><span style=\"font-family: verdana, geneva, sans-serif; font-size: 16px;\"><strong>Site incontournable sur le Guiers<\/strong><\/span><\/p>\n<p><span style=\"font-family: verdana, geneva, sans-serif; font-size: 16px;\"><a href=\"http:\/\/aappmaguiersthiers.blogspot.fr\/\">AAPPMA du Guiers et du Thiers (73)<\/a>\u00a0\u00a0\u00a0\u00a0\u00a0\u00a0\u00a0\u00a0\u00a0\u00a0\u00a0\u00a0\u00a0\u00a0\u00a0\u00a0\u00a0\u00a0\u00a0\u00a0\u00a0\u00a0\u00a0\u00a0\u00a0 <a href=\"https:\/\/www.facebook.com\/Aappma-Guiers-Thiers-1608197409435447\/?ref=ts&amp;fref=ts\"><strong>FACEBOOK<\/strong><\/a><\/span><\/p>\n<p><span style=\"font-family: verdana, geneva, sans-serif; font-size: 16px;\"><a href=\"https:\/\/docs.google.com\/file\/d\/0By-UUJ3X1NWybjRGNHAxYXR0LWM\/edit\" target=\"_blank\" rel=\"noopener\"><strong>Voir le PDF<\/strong>\u00a0<strong>Aappma des P\u00eacheurs des Vall\u00e9es du\u00a0Guiers et du Thiers (Pont de\u00a0Beauvoisin-La Bridoire 73)<\/strong><\/a><\/span><\/p>\n<p><span style=\"font-size: 16px; font-family: verdana, geneva, sans-serif;\"><strong>ACHAT EN LIGNE DISPONIBLE<\/strong><\/span><\/p>\n<p><span style=\"font-family: verdana, geneva, sans-serif; font-size: 16px;\">Tarif unique 8 \u20ac Le produit de la vente de ce timbre sera affect\u00e9 par l\u2019association R\u00e9ciprocit\u00e9 Guiers \u00e0 la restauration du milieu aquatique sur le bassin versant du Guiers, \u00e0 la promotion du loisir p\u00eache et au maintien des baux de p\u00eache sur le Guiers Vif, le Guiers Mort et le Guiers.<\/span><\/p>\n<p><span style=\"font-family: verdana, geneva, sans-serif; font-size: 16px;\">O\u00f9 acheter le timbre R\u00e9ciprocit\u00e9 Guiers ?<\/span><\/p>\n<p><span style=\"font-family: verdana, geneva, sans-serif; font-size: 16px;\">Sur le site <a href=\"http:\/\/www.guiers.fr\/timbre-reciprocite-guiers-c2x14600665\">www.guiers.fr<\/a><\/span><\/p>\n<p><span style=\"font-family: verdana, geneva, sans-serif; font-size: 16px;\"><a href=\"https:\/\/mapsengine.google.com\/map\/edit?mid=z2T4BIWMexM8.k6-kcE8wu7b4\">Chez les d\u00e9positaires des cartes de p\u00eache des AAPPMA<br \/>\n<\/a><\/span><\/p>\n<p style=\"text-align: center;\"><span style=\"font-size: 16px;\"><script async src=\"\/\/pagead2.googlesyndication.com\/pagead\/js\/adsbygoogle.js\"><\/script>\r\n<!-- moucheurgoogle2015 -->\r\n<ins class=\"adsbygoogle\"\r\n     style=\"display:inline-block;width:728px;height:90px\"\r\n     data-ad-client=\"ca-pub-3761698486073990\"\r\n     data-ad-slot=\"8176639945\"><\/ins>\r\n<script>\r\n(adsbygoogle = window.adsbygoogle || []).push({});\r\n<\/script><\/span><\/p>\n<\/blockquote>\n","protected":false},"excerpt":{"rendered":"<p>NOUS SOUTENONS LES AAPPMA Nous soutenons les AAPPMA qui font s\u2019investissent et font avancer dans le bon sens comme la&hellip;<\/p>\n","protected":false},"author":1,"featured_media":0,"parent":2319,"menu_order":0,"comment_status":"open","ping_status":"open","template":"","meta":{"footnotes":""},"categories":[],"tags":[],"class_list":["post-3813","page","type-page","status-publish","hentry"],"_links":{"self":[{"href":"http:\/\/www.moucheur.fr\/palm\/wp-json\/wp\/v2\/pages\/3813","targetHints":{"allow":["GET"]}}],"collection":[{"href":"http:\/\/www.moucheur.fr\/palm\/wp-json\/wp\/v2\/pages"}],"about":[{"href":"http:\/\/www.moucheur.fr\/palm\/wp-json\/wp\/v2\/types\/page"}],"author":[{"embeddable":true,"href":"http:\/\/www.moucheur.fr\/palm\/wp-json\/wp\/v2\/users\/1"}],"replies":[{"embeddable":true,"href":"http:\/\/www.moucheur.fr\/palm\/wp-json\/wp\/v2\/comments?post=3813"}],"version-history":[{"count":0,"href":"http:\/\/www.moucheur.fr\/palm\/wp-json\/wp\/v2\/pages\/3813\/revisions"}],"up":[{"embeddable":true,"href":"http:\/\/www.moucheur.fr\/palm\/wp-json\/wp\/v2\/pages\/2319"}],"wp:attachment":[{"href":"http:\/\/www.moucheur.fr\/palm\/wp-json\/wp\/v2\/media?parent=3813"}],"wp:term":[{"taxonomy":"category","embeddable":true,"href":"http:\/\/www.moucheur.fr\/palm\/wp-json\/wp\/v2\/categories?post=3813"},{"taxonomy":"post_tag","embeddable":true,"href":"http:\/\/www.moucheur.fr\/palm\/wp-json\/wp\/v2\/tags?post=3813"}],"curies":[{"name":"wp","href":"https:\/\/api.w.org\/{rel}","templated":true}]}}