{"id":3841,"date":"2014-12-14T22:02:59","date_gmt":"2014-12-14T21:02:59","guid":{"rendered":"http:\/\/www.moucheur.fr\/palm\/?page_id=3841"},"modified":"2015-02-26T22:28:31","modified_gmt":"2015-02-26T21:28:31","slug":"propriete-privee-peche-reservee","status":"publish","type":"page","link":"http:\/\/www.moucheur.fr\/palm\/info-du-site\/infos-moucheurs\/propriete-privee-peche-reservee\/","title":{"rendered":"PROPRI\u00c9T\u00c9 PRIV\u00c9E"},"content":{"rendered":"<div class=\"divPageTitle\">\n<h2 style=\"text-align: center;\"><strong>PROPRI\u00c9T\u00c9 PRIV\u00c9E \u2013 P\u00caCHE R\u00c9SERV\u00c9E<br \/>\n<\/strong><\/h2>\n<p style=\"text-align: justify;\">Suite a un probl\u00e8me rencontr\u00e9 sur une rivi\u00e8re\u00a0avec un propri\u00e9taire d&#8217;un terrain en bordure de cette derni\u00e8re, j&#8217;ai cherch\u00e9 sur internet les textes de lois et autres informations qui pourrait m&#8217;\u00e9clairer. Apr\u00e8s avoir trouv\u00e9 une masse\u00a0de donn\u00e9e inquantifiable,\u00a0plus ou moins exacte et contradictoire.\u00a0Je pense que nous sommes heureusement tr\u00e8s peut de p\u00eacheur a rencontrer ce genre de probl\u00e8me, mais pour ceux qui seraient concern\u00e9s j&#8217;ai trouv\u00e9 un excellent article qui se rapproche le plus possible de ma recherche. N&#8217;h\u00e9sitez pas a apporter des informations compl\u00e9mentaires \u00e0\u00a0cette page pour le bien de la communaut\u00e9 des p\u00eacheurs et des propri\u00e9taires terriens.<\/p>\n<p style=\"text-align: justify;\">Son blog : <strong><a title=\"lou.pescadou.nissart\" href=\"http:\/\/lou.pescadou.nissart.over-blog.com\/pages\/Propriete_privee_Peche_reservee-5445308.html\"><em>Le p\u00eacheur Ni\u00e7ois<\/em><\/a><\/strong><\/p>\n<\/div>\n<div class=\"pageContent\">\n<p style=\"text-align: justify;\"><strong>L&#8217;ARTICLES<\/strong><\/p>\n<p style=\"text-align: justify;\"><em>Qui ne s&#8217;est jamais retrouv\u00e9, au cours d&#8217;une partie de p\u00eache, face \u00e0 un panneau &#8220;propri\u00e9t\u00e9 priv\u00e9e&#8221; ou\u00a0&#8220;p\u00eache r\u00e9serv\u00e9e&#8221;? Ne vous-\u00eates vous jamais demand\u00e9 si vous\u00a0\u00e9tiez\u00a0ou non dans votre droit?<\/em><\/p>\n<p style=\"text-align: justify;\"><em>Pourtant il est courant de penser que la rivi\u00e8re appartient \u00e0 tout le monde et que les propri\u00e9taires affichant de telles pancartes abusent de leur droit&#8230;<\/em><\/p>\n<p style=\"text-align: justify;\"><em>Je vais ici tenter de r\u00e9pondre le plus clairement possible \u00e0 cette question que tout p\u00eacheur est en droit de se poser.<\/em><strong>\u00a0<\/strong><\/p>\n<p style=\"text-align: justify;\"><strong>Que faut-il\u00a0 penser de ces panneaux\u00a0?<\/strong><\/p>\n<p style=\"text-align: justify;\">Tout d\u2019abord il faut consid\u00e9rer qu\u2019un panneau \u00ab\u00a0propri\u00e9t\u00e9 priv\u00e9e\u00a0\u00bb indique souvent que le propri\u00e9taire ne souhaite pas \u00eatre d\u00e9rang\u00e9 par des randonneurs ou des p\u00eacheurs sur sa propri\u00e9t\u00e9. Et il est parfaitement dans son droit en vous interdisant l\u2019acc\u00e8s \u00e0 sa propri\u00e9t\u00e9.<\/p>\n<p style=\"text-align: justify;\">Pour la petite histoire, sachez que ces panneaux n\u2019ont aucune valeur en tant que tel. Ce qui a une valeur par contre, c\u2019est de faire reconnaitre qu\u2019il s\u2019agit d\u2019une propri\u00e9t\u00e9 priv\u00e9e et qu\u2019empi\u00e9ter sur celle-ci est passible de sanctions devant les tribunaux. Il faut donc rajouter l\u2019article de loi correspondant, \u00e0 savoir l\u2019<a href=\"http:\/\/www.legifrance.gouv.fr\/affichCodeArticle.do;jsessionid=DE1B20A872E9251F5459D172401505A3.tpdjo10v_2?idArticle=LEGIARTI000006417933&amp;cidTexte=LEGITEXT000006070719&amp;dateTexte=VIG\">article 226-4 du code p\u00e9nal<\/a>.<\/p>\n<p style=\"text-align: justify;\">On risque alors 15\u00a0000 \u20ac d\u2019amende et un an d\u2019emprisonnement.<\/p>\n<p style=\"text-align: justify;\">Souvent d\u2019ailleurs, ces propri\u00e9t\u00e9s ne poss\u00e9dent aucune cl\u00f4ture ni m\u00eame un portail. Il sera donc facile de plaider devant un tribunal que rien ne pouvait vous indiquer que vous rentriez dans une propri\u00e9t\u00e9 priv\u00e9e.<\/p>\n<p style=\"text-align: justify;\"><strong>Mais qu\u2019en est-il pour les portions de propri\u00e9t\u00e9\u00a0\u00e9tant en bordure de rivi\u00e8re ou de cours d\u2019eau\u00a0?<\/strong><\/p>\n<p style=\"text-align: justify;\">En recherchant sur internet une r\u00e9ponse \u00e0 cette question, on trouve souvent qu\u2019il existe un droit de passage en bord de rivi\u00e8re pour les p\u00eacheurs et que celui-ci est permis gr\u00e2ce au code rural, et notamment les articles 427 et 431.<\/p>\n<p style=\"text-align: justify;\">Quequefois aussi, on nous parle d&#8217;une vieille loi Napol\u00e9onienne appel\u00e9 sentier douanier.<\/p>\n<p style=\"text-align: justify;\"><strong>Que disent ces articles de loi\u00a0?<\/strong><\/p>\n<div style=\"text-align: justify;\">\n<p>I\u00a0: Le Code Civil fran\u00e7ais\u00a0: \u00a0Le sentier douanier\u00a0: Loi Napol\u00e9onienne<\/p>\n<\/div>\n<div style=\"text-align: justify;\">\n<p>&#8220;Tout sentier c\u00f4tier maritime, fluvial et rivi\u00e8re ne peut \u00eatre interdit \u00e0 aucun citoyen de l&#8217;\u00c9tat Fran\u00e7ais.&#8221;<\/p>\n<p>Cette loi est tomb\u00e9e en d\u00e9su\u00e9tude pendant pr\u00e8s d\u2019un si\u00e8cle avant d\u2019\u00eatre remise au gout du jour par\u00a0la loi du 31 d\u00e9cembre 1976 qui, en instituant une servitude de passage le long du littoral, d\u2019une largeur de 3 m\u00e8tres, sur les propri\u00e9t\u00e9s priv\u00e9es riveraines du domaine public maritime, redonne v\u00e9ritablement vie au sentier douanier. La loi \u00ab\u00a0littoral\u00a0\u00bb de janvier 1986 en permettant la cr\u00e9ation d\u2019une servitude transversale au rivage, renforce cette volont\u00e9 d\u2019ouverture et d\u2019acc\u00e8s aux sites riverains de la mer.<\/p>\n<p>Malheureusement, cette loi n\u2019int\u00e8gre plus aucune notion de sentier douanier en bord de rivi\u00e8re ou de cours d\u2019eau.<\/p>\n<p>Il est donc impossible d\u2019utiliser cette ancienne loi afin de vous autoriser une quelconque passage.<\/p>\n<\/div>\n<p style=\"text-align: justify;\">II\u00a0: Le Code Rural<\/p>\n<p style=\"text-align: justify;\"><a href=\"http:\/\/droit-finances.commentcamarche.net\/legifrance\/291193-code-rural-ancien\/489857\/article-427-abroge\">Article 427<\/a>\u00a0L&#8217;exercice du droit de p\u00eache emporte b\u00e9n\u00e9fice du droit de passage qui doit s&#8217;exercer, autant que possible, en suivant la rive du cours d&#8217;eau et \u00e0 moindre dommage. Les modalit\u00e9s d&#8217;exercice de ce droit de passage peuvent faire l&#8217;objet d&#8217;une convention avec le propri\u00e9taire riverain.<\/p>\n<p style=\"text-align: justify;\"><a href=\"http:\/\/droit-finances.commentcamarche.net\/legifrance\/291193-code-rural-ancien\/489861\/article-431-abroge\">Article 431<\/a>\u00a0Tout propri\u00e9taire, locataire, fermier ou titulaire d&#8217;un droit r\u00e9el, riverain d&#8217;un cours d&#8217;eau domanial ou d&#8217;un plan d&#8217;eau domanial, est tenu de laisser \u00e0 l&#8217;usage des p\u00eacheurs, le long de ceux-ci, un espace libre sur 3,25 m\u00e8tres de largeur.\u00a0[\u2026]<br \/>\nLe long des cours d&#8217;eau ray\u00e9s de la nomenclature des voies navigables ou flottables mais maintenus dans le domaine public, la largeur de l&#8217;espace libre laiss\u00e9 \u00e0 l&#8217;usage des p\u00eacheurs est fix\u00e9e \u00e0 1,50 m\u00e8tre.\u00a0[\u2026]<\/p>\n<p style=\"text-align: justify;\">Ces deux articles ont malheureusement \u00e9t\u00e9 abrog\u00e9s le 4 novembre 1989!!!<\/p>\n<p style=\"text-align: justify;\"><strong>Mais alors, quelles lois entrent toujours en vigueur aujourd\u2019hui\u00a0?<\/strong><\/p>\n<p style=\"text-align: justify;\">I\u00a0: La loi sur l&#8217;eau<\/p>\n<p style=\"text-align: justify;\">Les premiers textes modernes concernant le droit de l&#8217;eau remontent aux codes napol\u00e9oniens. Leur objectif principal \u00e9tait de d\u00e9terminer le r\u00e9gime de propri\u00e9t\u00e9 de l&#8217;eau. La qualit\u00e9 de l&#8217;eau distribu\u00e9e est rapidement devenue un enjeu majeur de sant\u00e9 publique face aux risques d&#8217;\u00e9pid\u00e9mie.<\/p>\n<p style=\"text-align: justify;\">Cependant, les fondements de la politique de l&#8217;eau actuelle sont essentiellement issus de trois lois :<\/p>\n<p style=\"text-align: justify;\">La loi sur l&#8217;eau du 16 d\u00e9cembre 1964 qui a organis\u00e9 la gestion de l&#8217;eau par bassin versant. C&#8217;est cette loi qui a cr\u00e9\u00e9 les agences de l&#8217;eau et les comit\u00e9s de bassin.<\/p>\n<p style=\"text-align: justify;\">La loi sur l&#8217;eau du 3 janvier 1992 consacre l&#8217;eau en tant que &#8220;patrimoine commun de la Nation&#8221;. Elle a renforc\u00e9 l&#8217;imp\u00e9ratif de protection de la qualit\u00e9 et de la quantit\u00e9 des ressources en eau. Elle a mis en place de nouveaux outils de la gestion des eaux par bassin : les SDAGE et les SAGE.<\/p>\n<p style=\"text-align: justify;\">La loi sur les milieux aquatiques (LEMA) du 30 d\u00e9cembre 2006<\/p>\n<p style=\"text-align: justify;\">Par ailleurs, une grande partie de la r\u00e9glementation fran\u00e7aise\u00a0d\u00e9coule des directives europ\u00e9ennes et notamment de la directive cadre sur l&#8217;eau qui a \u00e9t\u00e9 transpos\u00e9 en droit fran\u00e7ais par la loi du 21 avril 2004. La directive organise la gestion de l&#8217;eau en s&#8217;inspirant largement de ce qui a \u00e9t\u00e9 fait depuis plusieurs d\u00e9cennies\u00a0en France.<\/p>\n<p style=\"text-align: justify;\">La loi sur l&#8217;eau est aussi \u00e9troitement li\u00e9e au Code de l&#8217;environnement.<\/p>\n<p style=\"text-align: justify;\">II\u00a0: Le Code de l\u2019Environnement<\/p>\n<p style=\"text-align: justify;\"><a href=\"http:\/\/droit-finances.commentcamarche.net\/legifrance\/22-code-de-l-environnement\/60083\/article-l435-1\">Article L435-1<\/a><\/p>\n<p style=\"text-align: justify;\">I. &#8211; Le droit de p\u00eache appartient \u00e0 l&#8217;Etat et est exerc\u00e9 \u00e0 son profit :<\/p>\n<p>1\u00b0 Dans le domaine public de l&#8217;Etat d\u00e9fini \u00e0 l&#8217;article 1er du code du domaine public fluvial et de la navigation int\u00e9rieure, sous r\u00e9serve des cas dans lesquels le droit de p\u00eache appartient \u00e0 un particulier en vertu d&#8217;un droit fond\u00e9 sur titre ;<\/p>\n<p>2\u00b0 Dans les parties non sal\u00e9es des cours d&#8217;eau et canaux non domaniaux affluant \u00e0 la mer, qui se trouvaient comprises dans les limites de l&#8217;inscription maritime ant\u00e9rieurement aux 8 novembre et 28 d\u00e9cembre 1926. Ces parties sont d\u00e9termin\u00e9es par d\u00e9cret.<\/p>\n<p>II. &#8211; Un d\u00e9cret en Conseil d&#8217;Etat fixe les conditions d&#8217;exploitation par adjudication, amodiation amiable ou licence, du droit de p\u00eache de l&#8217;Etat, et les modalit\u00e9s de gestion des ressources piscicoles du domaine et des cours d&#8217;eau et canaux mentionn\u00e9s aux 1\u00b0 et 2\u00b0 du I. Il fixe, en particulier, la liste des fonctionnaires, des agents et des membres de leur famille qui ne peuvent prendre part directement ou indirectement \u00e0 la location de ce droit de p\u00eache.<\/p>\n<p style=\"text-align: justify;\"><a href=\"http:\/\/droit-finances.commentcamarche.net\/legifrance\/22-code-de-l-environnement\/60088\/article-l435-4\">Article L435-4<\/a><\/p>\n<p style=\"text-align: justify;\">Dans les cours d&#8217;eau et canaux autres que ceux pr\u00e9vus \u00e0 l\u2019article L. 435-1, les propri\u00e9taires riverains ont, chacun de leur c\u00f4t\u00e9, le droit de p\u00eache jusqu&#8217;au milieu du cours d&#8217;eau ou du canal, sous r\u00e9serve de droits contraires \u00e9tablis par possession ou titres.<\/p>\n<p>Dans les plans d&#8217;eau autres que ceux pr\u00e9vus \u00e0 l&#8217;article L. 435-1, le droit de p\u00eache appartient au propri\u00e9taire du fonds.<\/p>\n<p style=\"text-align: justify;\"><strong>Que sont le &#8220;domaine public fluvial&#8221; et &#8220;les cours d\u2019eau navigables ou flottables&#8221;?<\/strong><\/p>\n<p style=\"text-align: justify;\">La encore, c\u2019est l\u2019<a href=\"http:\/\/droit-finances.commentcamarche.net\/legifrance\/30-code-du-domaine-public-fluvial-et-de-la-navigation-interieure\/74002\/article-1\">Article 1<\/a>\u00a0du code de l\u2019environnement qui nous donne quelques pr\u00e9cisions :<\/p>\n<p style=\"text-align: justify;\">Pour r\u00e9sumer, historiquement, le domaine public fluvial comprend les cours d\u2019eau ou lacs navigables ou flottables figurant \u00e0 la nomenclature des voies navigables ou flottables \u00e9tablis par d\u00e9cret en Conseil d\u2019Etat, \u00e9tant pr\u00e9cis\u00e9 que font partie du domaine public, tant l&#8217;eau elle-m\u00eame, que le lit et les berges jusqu&#8217;au niveau atteint par les eaux &#8220;coulant \u00e0 pleins bords avant de d\u00e9border&#8221;.<\/p>\n<p style=\"text-align: justify;\">Depuis la loi de 1964, la nomenclature n\u2019est plus li\u00e9e \u00e0 la navigabilit\u00e9 et \u00e0 la flottabilit\u00e9 du cours d\u2019eau. Les cours d\u2019eaux domaniaux sont limit\u00e9s par la hauteur des eaux coulant \u00e0 plein bord avant de d\u00e9border (article 8 du Code du domaine public fluvial) , c&#8217;est-\u00e0-dire jusqu&#8217;au point o\u00f9 les plus hautes eaux peuvent s&#8217;\u00e9tendre en l&#8217;absence de perturbations m\u00e9t\u00e9orologiques exceptionnelles.<\/p>\n<p style=\"text-align: justify;\">La d\u00e9limitation du DPF (cours d\u2019eau, lac,&#8230;) peut \u00eatre faite par arr\u00eat\u00e9 pr\u00e9fectoral.<\/p>\n<p style=\"text-align: justify;\">Comme celle du domaine public maritime, la consistance du domaine public fluvial naturel a \u00e9t\u00e9 au cours du temps modifi\u00e9 dans un sens extensif.<\/p>\n<p style=\"text-align: justify;\">D\u00e9sormais, le domaine public fluvial naturel comprend :<\/p>\n<ul style=\"text-align: justify;\" type=\"disc\">\n<li>Les cours d&#8217;eau et lacs navigables ou flottables, c&#8217;est-\u00e0-dire (depuis la loi de 1910) ceux qui ont \u00e9t\u00e9 inscrits sur la nomenclature des cours d&#8217;eau et lacs navigables ou flottables, et s&#8217;agissant des premiers, depuis le point o\u00f9 ils deviennent navigables ou flottables jusqu&#8217;\u00e0 leur embouchure. Avec certaines exceptions, la gestion des voies navigables du domaine de l&#8217;Etat est assur\u00e9e par l&#8217;\u00e9tablissement public industriel et commercial &#8220;Voies Navigables de France&#8221;.<\/li>\n<\/ul>\n<ul style=\"text-align: justify;\" type=\"disc\">\n<li>Les cours d&#8217;eau et lacs qui, ray\u00e9s de la nomenclature pr\u00e9cit\u00e9e (pour que l&#8217;Etat n&#8217;ait plus l&#8217;obligation de les entretenir en bon \u00e9tat de navigabilit\u00e9 ou flottabilit\u00e9), ont \u00e9t\u00e9 maintenus dans le domaine public.<\/li>\n<\/ul>\n<ul style=\"text-align: justify;\" type=\"disc\">\n<li>Les cours d&#8217;eau et lacs qui sont class\u00e9s dans le domaine public par d\u00e9cret en Conseil d&#8217;Etat en vue, notamment, d&#8217;assurer l&#8217;alimentation en eau des voies navigables, les besoins en eau de l&#8217;agriculture et de l&#8217;industrie, ou l&#8217;alimentation des populations.<\/li>\n<\/ul>\n<ul style=\"text-align: justify;\" type=\"disc\">\n<li>Dernier d\u00e9tail, notons qu\u2019en France il existe environ 17 500 kms de cours d&#8217;eau domaniaux, alors que la longueur des cours d&#8217;eau non domaniaux est de l&#8217;ordre de 258 000 kms.<\/li>\n<\/ul>\n<p style=\"text-align: justify;\"><strong>Mais alors, comment d\u00e9terminer si un cours d\u2019eau fait partie du domaine public fluvial ?<\/strong><\/p>\n<p style=\"text-align: justify;\">C\u2019est l\u00e0 que se pose tout le probl\u00e8me\u2026 Malgr\u00e8s plusieurs heures de recherche sur internet, je n\u2019ai trouv\u00e9 aucune carte, ou aucun site traitant convenablement du sujet.<\/p>\n<p style=\"text-align: justify;\">Il semblerait qu\u2019il faille se renseigner aupr\u00e8s de la DDEA de son d\u00e9partement qui r\u00e9git en g\u00e9n\u00e9ral le domaine public fluvial et maritime.<\/p>\n<p style=\"text-align: justify;\">En g\u00e9n\u00e9ral, les AAPPMA et la f\u00e9d\u00e9ration\u00a0sont tr\u00e8s peu au courant malgr\u00e9 leur implication dans le domaine de la p\u00eache.<\/p>\n<p style=\"text-align: justify;\">De plus on peu comprendre que celles-ci\u00a0ne souhaitent pas trop s&#8217;\u00e9tendre sur le sujet car cela n&#8217;est d\u00e9finitivement pas un bon point pour les p\u00eacheurs.<\/p>\n<p style=\"text-align: justify;\"><strong>Comment un propri\u00e9taire peut-il alors interdire concr\u00e8tement la p\u00eache sur la moiti\u00e9 de son cours d\u2019eau\u00a0?<\/strong><\/p>\n<p style=\"text-align: justify;\">Comme nous l\u2019avons vu pr\u00e9c\u00e9demment, en dehors des cours d\u2019eau faisant partie du domaine public fluvial, les propri\u00e9taires le sont jusqu&#8217;\u00e0 moiti\u00e9 du cours d\u2019eau et peuvent donc vous interdire \u00e0 la fois l\u2019acc\u00e8s mais aussi la p\u00eache.<\/p>\n<p style=\"text-align: justify;\">Ils devront alors clairement afficher les panneaux sur le cours d\u2019eau indiquant \u00ab\u00a0p\u00eache priv\u00e9e\u00a0\u00bb ou \u00ab\u00a0p\u00eache r\u00e9serv\u00e9e\u00a0\u00bb.<\/p>\n<p style=\"text-align: justify;\">De plus, il devront informer le pr\u00e9sident de l\u2019AAPPMA locale en lettre recommand\u00e9e avec \u00a0un extrait cadastral de la berge concern\u00e9e. Celui-ci aura alors l&#8217;obligation de signaler \u00e0 ses adh\u00e9rents qu&#8217;ils ne peuvent plus y p\u00eacher&#8230;<\/p>\n<p style=\"text-align: justify;\">Il faut toutefois savoir que cette m\u00eame loi sur l&#8217;eau les oblige \u00e0 entretenir la berge et le cours d&#8217;eau.<\/p>\n<p style=\"text-align: justify;\">D&#8217;autre part, lorsqu&#8217;un propri\u00e9taire riverain n&#8217;entretient pas ses berges, et que ceci est fait par une collectivit\u00e9 publique ou un organisme en \u00e9manant, la r\u00e9cente Loi sur l&#8217;Eau (et les Milieux Aquatiques&#8230;) fait c\u00e8der ipso facto un droit de p\u00eache \u00e0 la soci\u00e9t\u00e9 de p\u00eache locale pour une dur\u00e9e de 5 ans&#8230;<\/p>\n<p style=\"text-align: justify;\"><strong>Que doit-on en conclure\u00a0?<\/strong><\/p>\n<p style=\"text-align: justify;\">En ce qui concerne la r\u00e9gion PACA, il semblerait que tr\u00e8s peu de nos fleuves ou rivi\u00e8res ait \u00e9t\u00e9 inscrits historiquement en tant que fleuve navigable ou flottable vu leurs d\u00e9bits. Il faut donc consid\u00e9rer que nos cours d\u2019eau ne font pas partie du domaine fluvial public et sont donc sous le coup de la propri\u00e9t\u00e9 priv\u00e9e.<\/p>\n<p style=\"text-align: justify;\">A ce titre, vous devez garder en m\u00e9moire quelques points\u00a0:<\/p>\n<p style=\"text-align: justify;\">Si un propri\u00e9taire a clairement affich\u00e9 les limites de sa propri\u00e9t\u00e9, par l\u2019utilisation de pancartes en de nombreux points ou de cl\u00f4tures, vous seriez en tort d\u2019essayer de vous introduire sur sa propri\u00e9t\u00e9. De plus, sachez qu\u2019un propri\u00e9taire qui fait preuve de tant de z\u00e8le \u00e0 prot\u00e9ger sa propri\u00e9t\u00e9 sera rapidement enclin \u00e0 vous attaquer devant les tribunaux si vous passez ses limites.<\/p>\n<p style=\"text-align: justify;\">Si vous voyez des panneaux \u00ab\u00a0p\u00eache priv\u00e9e\u00a0\u00bb, passez votre chemin, vous \u00eates sur une propri\u00e9t\u00e9 priv\u00e9e, et vous seriez en tort de continuer \u00e0 p\u00eacher.<\/p>\n<p style=\"text-align: justify;\">Bien s\u00fbr, si ces panneaux semblent avoir \u00e9t\u00e9 mis il y a tr\u00e8s longtemps, et que les berges sont tr\u00e8s sales, vous pouvez en conclure que le propri\u00e9taire ne se soucie gu\u00e8re de son droit de p\u00eache. Il n&#8217;est donc plus dans son droit vu que le site est \u00e0 l&#8217;abandon.<\/p>\n<p style=\"text-align: justify;\">Faites preuve de bon sens dans toutes les situations, sachez observer pour prendre les bonnes d\u00e9cisions car il n\u2019est pas rare en effet de se retrouver devant ses panneaux alors que l\u2019on est rentr\u00e9 plus bas dans le cours d\u2019eau.<\/p>\n<p style=\"text-align: justify;\"><strong>Lou pescadou nissart &#8211; Juillet 2011<\/strong><\/p>\n<\/div>\n","protected":false},"excerpt":{"rendered":"<p>PROPRI\u00c9T\u00c9 PRIV\u00c9E \u2013 P\u00caCHE R\u00c9SERV\u00c9E Suite a un probl\u00e8me rencontr\u00e9 sur une rivi\u00e8re\u00a0avec un propri\u00e9taire d&#8217;un terrain en bordure de&hellip;<\/p>\n","protected":false},"author":1,"featured_media":3842,"parent":2319,"menu_order":4,"comment_status":"open","ping_status":"open","template":"","meta":{"footnotes":""},"categories":[],"tags":[],"class_list":["post-3841","page","type-page","status-publish","has-post-thumbnail","hentry"],"_links":{"self":[{"href":"http:\/\/www.moucheur.fr\/palm\/wp-json\/wp\/v2\/pages\/3841","targetHints":{"allow":["GET"]}}],"collection":[{"href":"http:\/\/www.moucheur.fr\/palm\/wp-json\/wp\/v2\/pages"}],"about":[{"href":"http:\/\/www.moucheur.fr\/palm\/wp-json\/wp\/v2\/types\/page"}],"author":[{"embeddable":true,"href":"http:\/\/www.moucheur.fr\/palm\/wp-json\/wp\/v2\/users\/1"}],"replies":[{"embeddable":true,"href":"http:\/\/www.moucheur.fr\/palm\/wp-json\/wp\/v2\/comments?post=3841"}],"version-history":[{"count":0,"href":"http:\/\/www.moucheur.fr\/palm\/wp-json\/wp\/v2\/pages\/3841\/revisions"}],"up":[{"embeddable":true,"href":"http:\/\/www.moucheur.fr\/palm\/wp-json\/wp\/v2\/pages\/2319"}],"wp:featuredmedia":[{"embeddable":true,"href":"http:\/\/www.moucheur.fr\/palm\/wp-json\/wp\/v2\/media\/3842"}],"wp:attachment":[{"href":"http:\/\/www.moucheur.fr\/palm\/wp-json\/wp\/v2\/media?parent=3841"}],"wp:term":[{"taxonomy":"category","embeddable":true,"href":"http:\/\/www.moucheur.fr\/palm\/wp-json\/wp\/v2\/categories?post=3841"},{"taxonomy":"post_tag","embeddable":true,"href":"http:\/\/www.moucheur.fr\/palm\/wp-json\/wp\/v2\/tags?post=3841"}],"curies":[{"name":"wp","href":"https:\/\/api.w.org\/{rel}","templated":true}]}}