{"id":4323,"date":"2015-03-01T18:48:28","date_gmt":"2015-03-01T17:48:28","guid":{"rendered":"http:\/\/www.moucheur.fr\/palm\/?page_id=4323"},"modified":"2015-03-01T20:47:46","modified_gmt":"2015-03-01T19:47:46","slug":"raccord-bdl-soie","status":"publish","type":"page","link":"http:\/\/www.moucheur.fr\/palm\/mouche\/trucs-et-astuces\/raccord-bdl-soie\/","title":{"rendered":"JONCTION BDL \/ SOIE"},"content":{"rendered":"<p style=\"text-align: justify;\"><span style=\"font-family: verdana, geneva;\">Il existe beaucoup d&#8217;autre fa\u00e7ons de raccorder un\u00a0soie \u00e0\u00a0un\u00a0BDL, cet article s&#8217;adresse plut\u00f4t aux d\u00e9butants ou aux non initi\u00e9s pour son c\u00f4t\u00e9 pratique et facile de sa\u00a0mise en oeuvre.<\/span><\/p>\n<p style=\"text-align: justify;\"><span style=\"font-family: verdana, geneva;\">Nous allons voir comment raccorder simplement votre soie avec votre bas de ligne (BDL). Le collage se fera par 3 points de colle super Glue espac\u00e9s de\u00a01 cm pour garder la souplesse au\u00a0passage de votre dernier anneau. J&#8217;ai pris une jonction JMC pour soie #2\/4\u00a0pour ma soie taille\u00a0#4, il existe d&#8217;autres marques et elles fonctionnent aussi tr\u00e8s bien. Vous auriez une soie de taille #6 il faudrait prendre le mod\u00e8le au dessus #4\/9 bien \u00e9videment. Mais toujours prendre la taille la plus proche pour que votre soie ne flotte pas dans le tress\u00e9, exemple avec ma soie de 4 je pr\u00e9f\u00e8re prendre la taille #2\/4 plut\u00f4t que #4\/9.\u00a0<\/span><\/p>\n<p style=\"text-align: justify;\"><span style=\"font-family: verdana, geneva;\">Veuillez lire attentivement jusqu&#8217;\u00e0 la fin de la page avant de commencer votre travail.<\/span><\/p>\n<p><img decoding=\"async\" class=\"  wp-image-4326 aligncenter\" src=\"http:\/\/www.moucheur.fr\/palm\/wp-content\/uploads\/2015\/03\/fini-300x93.png\" alt=\"fini\" width=\"600\" height=\"186\" srcset=\"http:\/\/www.moucheur.fr\/palm\/wp-content\/uploads\/2015\/03\/fini-300x93.png 300w, http:\/\/www.moucheur.fr\/palm\/wp-content\/uploads\/2015\/03\/fini.png 600w\" sizes=\"(max-width: 600px) 100vw, 600px\" \/><\/p>\n<p>&nbsp;<\/p>\n<p><a href=\"http:\/\/www.moucheur.fr\/palm\/wp-content\/uploads\/2015\/03\/outil01.png\"><img decoding=\"async\" class=\" wp-image-4328  alignright\" src=\"http:\/\/www.moucheur.fr\/palm\/wp-content\/uploads\/2015\/03\/outil01.png\" alt=\"outil01\" width=\"365\" height=\"228\" srcset=\"http:\/\/www.moucheur.fr\/palm\/wp-content\/uploads\/2015\/03\/outil01.png 486w, http:\/\/www.moucheur.fr\/palm\/wp-content\/uploads\/2015\/03\/outil01-300x188.png 300w\" sizes=\"(max-width: 365px) 100vw, 365px\" \/><\/a><\/p>\n<blockquote><p>&nbsp;<\/p>\n<p><span style=\"font-family: verdana, geneva;\">Vous aurez besoin de :\u00a0<\/span><\/p><\/blockquote>\n<ul>\n<li><span style=\"font-family: verdana, geneva;\">Colle super glue\u00a0<\/span><\/li>\n<li><span style=\"font-family: verdana, geneva;\">Ciseau ou cuter\u00a0<\/span><\/li>\n<li><span style=\"font-family: verdana, geneva;\">Raccord jonction tress\u00e9 <\/span><\/li>\n<li><span style=\"font-family: verdana, geneva;\">Une soie<\/span><\/li>\n<li><span style=\"font-family: verdana, geneva;\">Une feuille de sopalin<\/span><\/li>\n<\/ul>\n<p>&nbsp;<\/p>\n<p>&nbsp;<\/p>\n<p><span style=\"font-family: verdana, geneva;\">Nous allons commencer par couper 5mm le bout de votre soie (sur la photo je coupe la boucle d\u00e9j\u00e0 pr\u00eate sur ma soie)\u00a0<\/span><\/p>\n<p><a href=\"http:\/\/www.moucheur.fr\/palm\/wp-content\/uploads\/2015\/03\/coupe-soie.png\"><img decoding=\"async\" class=\"aligncenter wp-image-4324 size-full\" src=\"http:\/\/www.moucheur.fr\/palm\/wp-content\/uploads\/2015\/03\/coupe-soie.png\" alt=\"coupe soie\" width=\"600\" height=\"185\" srcset=\"http:\/\/www.moucheur.fr\/palm\/wp-content\/uploads\/2015\/03\/coupe-soie.png 600w, http:\/\/www.moucheur.fr\/palm\/wp-content\/uploads\/2015\/03\/coupe-soie-300x93.png 300w\" sizes=\"(max-width: 600px) 100vw, 600px\" \/><\/a><\/p>\n<p>&nbsp;<\/p>\n<p><span style=\"font-family: verdana, geneva;\">Maintenant il faut couper le connecteur \u00e0\u00a05\u00a0cm en partant\u00a0du d\u00e9but de la partie creuse du tress\u00e9 (cot\u00e9 boucle). Positionnez le tube plastique 1 cm sur la partie \u00e0\u00a0conserver afin de pouvoir s&#8217;en servir pour faire la finition de la jonction.<\/span><\/p>\n<p><a href=\"http:\/\/www.moucheur.fr\/palm\/wp-content\/uploads\/2015\/03\/coupe_raccord.png\"><img decoding=\"async\" class=\"aligncenter wp-image-4325 size-full\" src=\"http:\/\/www.moucheur.fr\/palm\/wp-content\/uploads\/2015\/03\/coupe_raccord.png\" alt=\"coupe_raccord\" width=\"600\" height=\"185\" srcset=\"http:\/\/www.moucheur.fr\/palm\/wp-content\/uploads\/2015\/03\/coupe_raccord.png 600w, http:\/\/www.moucheur.fr\/palm\/wp-content\/uploads\/2015\/03\/coupe_raccord-300x93.png 300w\" sizes=\"(max-width: 600px) 100vw, 600px\" \/><\/a><\/p>\n<p><span style=\"font-family: verdana, geneva;\">\u00a0<\/span><\/p>\n<p><span style=\"font-family: verdana, geneva;\">Vous devez avoir\u00a0le m\u00eame r\u00e9sultat.<\/span><\/p>\n<p><a href=\"http:\/\/www.moucheur.fr\/palm\/wp-content\/uploads\/2015\/03\/resultat-coupe.png\"><img decoding=\"async\" class=\" wp-image-4332 size-full aligncenter\" src=\"http:\/\/www.moucheur.fr\/palm\/wp-content\/uploads\/2015\/03\/resultat-coupe.png\" alt=\"resultat coupe\" width=\"600\" height=\"185\" srcset=\"http:\/\/www.moucheur.fr\/palm\/wp-content\/uploads\/2015\/03\/resultat-coupe.png 600w, http:\/\/www.moucheur.fr\/palm\/wp-content\/uploads\/2015\/03\/resultat-coupe-300x93.png 300w\" sizes=\"(max-width: 600px) 100vw, 600px\" \/><\/a><\/p>\n<p>&nbsp;<\/p>\n<p><span style=\"font-family: verdana, geneva;\">Maintenant\u00a0il faut rentrer la soie dans le raccord jusqu&#8217;au fond<\/span><\/p>\n<p><a href=\"http:\/\/www.moucheur.fr\/palm\/wp-content\/uploads\/2015\/03\/soie-dans-raccord01.png\"><img decoding=\"async\" class=\"aligncenter wp-image-4334 size-full\" src=\"http:\/\/www.moucheur.fr\/palm\/wp-content\/uploads\/2015\/03\/soie-dans-raccord01.png\" alt=\"soie dans raccord01\" width=\"600\" height=\"185\" srcset=\"http:\/\/www.moucheur.fr\/palm\/wp-content\/uploads\/2015\/03\/soie-dans-raccord01.png 600w, http:\/\/www.moucheur.fr\/palm\/wp-content\/uploads\/2015\/03\/soie-dans-raccord01-300x93.png 300w\" sizes=\"(max-width: 600px) 100vw, 600px\" \/><\/a><\/p>\n<p>&nbsp;<\/p>\n<p><span style=\"font-family: verdana, geneva;\">Ensuite faire descendre la gaine plastique de 1 cm jusqu&#8217;\u00e0 la fin du tress\u00e9<\/span><\/p>\n<p><a href=\"http:\/\/www.moucheur.fr\/palm\/wp-content\/uploads\/2015\/03\/soie-dans-raccord02.png\"><img decoding=\"async\" class=\"aligncenter wp-image-4335 size-full\" src=\"http:\/\/www.moucheur.fr\/palm\/wp-content\/uploads\/2015\/03\/soie-dans-raccord02.png\" alt=\"soie dans raccord02\" width=\"600\" height=\"185\" srcset=\"http:\/\/www.moucheur.fr\/palm\/wp-content\/uploads\/2015\/03\/soie-dans-raccord02.png 600w, http:\/\/www.moucheur.fr\/palm\/wp-content\/uploads\/2015\/03\/soie-dans-raccord02-300x93.png 300w\" sizes=\"(max-width: 600px) 100vw, 600px\" \/><\/a><\/p>\n<p>&nbsp;<\/p>\n<p><span style=\"font-family: verdana, geneva;\">Ensuite il faut positionner votre raccord sur deux supports afin de ne pas le coller\u00a0sur le fond.<\/span><\/p>\n<p><a href=\"http:\/\/www.moucheur.fr\/palm\/wp-content\/uploads\/2015\/03\/possition-pour-le-collage.png\"><img decoding=\"async\" class=\"aligncenter wp-image-4330 size-full\" src=\"http:\/\/www.moucheur.fr\/palm\/wp-content\/uploads\/2015\/03\/possition-pour-le-collage.png\" alt=\"possition pour le collage\" width=\"600\" height=\"185\" srcset=\"http:\/\/www.moucheur.fr\/palm\/wp-content\/uploads\/2015\/03\/possition-pour-le-collage.png 600w, http:\/\/www.moucheur.fr\/palm\/wp-content\/uploads\/2015\/03\/possition-pour-le-collage-300x93.png 300w\" sizes=\"(max-width: 600px) 100vw, 600px\" \/><\/a><\/p>\n<p>&nbsp;<\/p>\n<p style=\"text-align: justify;\"><span style=\"font-family: verdana, geneva;\">Il faut commencer le collage par le point n\u00b01, mettre la colle \u00e0\u00a0partir du d\u00e9but de la soie et sur une largeur de 1 cm, prendre une aiguille pour bien repartir la colle autour. Ensuite le point n\u00b02, laissez 1 cm par rapport \u00e0\u00a0la fin du collage du point n\u00b01 et appliquez la super glue sur 1 cm tout autour. Attendre 5 minutes, le temps que le point n\u00b01 et n\u00b02 soient secs pour faciliter le collage du point n\u00b03.\u00a0<\/span><\/p>\n<p><img decoding=\"async\" class=\"aligncenter wp-image-4329 size-full\" src=\"http:\/\/www.moucheur.fr\/palm\/wp-content\/uploads\/2015\/03\/point-de-colle.png\" alt=\"point de colle\" width=\"600\" height=\"185\" srcset=\"http:\/\/www.moucheur.fr\/palm\/wp-content\/uploads\/2015\/03\/point-de-colle.png 600w, http:\/\/www.moucheur.fr\/palm\/wp-content\/uploads\/2015\/03\/point-de-colle-300x93.png 300w\" sizes=\"(max-width: 600px) 100vw, 600px\" \/><\/p>\n<p>&nbsp;<\/p>\n<p><span style=\"font-family: verdana, geneva;\">Pour le point\u00a0n\u00b03 il faut coller \u00e0\u00a0la jonction du\u00a0tress\u00e9 et de la soie, puis remonter sur le tress\u00e9 de 3 mm. Ensuite la partie d\u00e9licate, faire glisser la gaine plastique pour la positionner \u00e0\u00a0cheval sur le tress\u00e9 et la soie.<\/span><\/p>\n<p><a href=\"http:\/\/www.moucheur.fr\/palm\/wp-content\/uploads\/2015\/03\/fini01.png\"><img decoding=\"async\" class=\"aligncenter wp-image-4327 size-full\" src=\"http:\/\/www.moucheur.fr\/palm\/wp-content\/uploads\/2015\/03\/fini01.png\" alt=\"fini01\" width=\"600\" height=\"185\" srcset=\"http:\/\/www.moucheur.fr\/palm\/wp-content\/uploads\/2015\/03\/fini01.png 600w, http:\/\/www.moucheur.fr\/palm\/wp-content\/uploads\/2015\/03\/fini01-300x93.png 300w\" sizes=\"(max-width: 600px) 100vw, 600px\" \/><\/a><\/p>\n<p>&nbsp;<\/p>\n<p><span style=\"font-family: verdana, geneva;\">\u00a0Votre jonction est maintenant termin\u00e9e, je vous souhaite bonne p\u00eache et peut \u00eatre \u00e0\u00a0bient\u00f4t au bord de l&#8217;eau &#8230;.<\/span><\/p>\n<p><img decoding=\"async\" class=\"aligncenter wp-image-4326 size-full\" src=\"http:\/\/www.moucheur.fr\/palm\/wp-content\/uploads\/2015\/03\/fini.png\" alt=\"fini\" width=\"600\" height=\"185\" srcset=\"http:\/\/www.moucheur.fr\/palm\/wp-content\/uploads\/2015\/03\/fini.png 600w, http:\/\/www.moucheur.fr\/palm\/wp-content\/uploads\/2015\/03\/fini-300x93.png 300w\" sizes=\"(max-width: 600px) 100vw, 600px\" \/><\/p>\n<p><span style=\"font-family: verdana, geneva;\">\u00a0Rel\u00e2chez vos r\u00eaves !!!!\u00a0<\/span><\/p>\n<p>&nbsp;<\/p>\n<p>&nbsp;<\/p>\n","protected":false},"excerpt":{"rendered":"<p>Il existe beaucoup d&#8217;autre fa\u00e7ons de raccorder un\u00a0soie \u00e0\u00a0un\u00a0BDL, cet article s&#8217;adresse plut\u00f4t aux d\u00e9butants ou aux non initi\u00e9s pour&hellip;<\/p>\n","protected":false},"author":1,"featured_media":4339,"parent":4319,"menu_order":0,"comment_status":"open","ping_status":"open","template":"","meta":{"footnotes":""},"categories":[],"tags":[],"class_list":["post-4323","page","type-page","status-publish","has-post-thumbnail","hentry"],"_links":{"self":[{"href":"http:\/\/www.moucheur.fr\/palm\/wp-json\/wp\/v2\/pages\/4323","targetHints":{"allow":["GET"]}}],"collection":[{"href":"http:\/\/www.moucheur.fr\/palm\/wp-json\/wp\/v2\/pages"}],"about":[{"href":"http:\/\/www.moucheur.fr\/palm\/wp-json\/wp\/v2\/types\/page"}],"author":[{"embeddable":true,"href":"http:\/\/www.moucheur.fr\/palm\/wp-json\/wp\/v2\/users\/1"}],"replies":[{"embeddable":true,"href":"http:\/\/www.moucheur.fr\/palm\/wp-json\/wp\/v2\/comments?post=4323"}],"version-history":[{"count":0,"href":"http:\/\/www.moucheur.fr\/palm\/wp-json\/wp\/v2\/pages\/4323\/revisions"}],"up":[{"embeddable":true,"href":"http:\/\/www.moucheur.fr\/palm\/wp-json\/wp\/v2\/pages\/4319"}],"wp:featuredmedia":[{"embeddable":true,"href":"http:\/\/www.moucheur.fr\/palm\/wp-json\/wp\/v2\/media\/4339"}],"wp:attachment":[{"href":"http:\/\/www.moucheur.fr\/palm\/wp-json\/wp\/v2\/media?parent=4323"}],"wp:term":[{"taxonomy":"category","embeddable":true,"href":"http:\/\/www.moucheur.fr\/palm\/wp-json\/wp\/v2\/categories?post=4323"},{"taxonomy":"post_tag","embeddable":true,"href":"http:\/\/www.moucheur.fr\/palm\/wp-json\/wp\/v2\/tags?post=4323"}],"curies":[{"name":"wp","href":"https:\/\/api.w.org\/{rel}","templated":true}]}}