{"id":4943,"date":"2015-06-21T10:00:19","date_gmt":"2015-06-21T08:00:19","guid":{"rendered":"http:\/\/www.moucheur.fr\/palm\/?page_id=4943"},"modified":"2015-09-15T21:11:47","modified_gmt":"2015-09-15T19:11:47","slug":"allen","status":"publish","type":"page","link":"http:\/\/www.moucheur.fr\/palm\/mouche\/materiel\/moulinet\/allen\/","title":{"rendered":"ALLEN"},"content":{"rendered":"<p><a href=\"http:\/\/www.moucheur.fr\/palm\/wp-content\/uploads\/2015\/01\/SiteHeaderLogo_Dec2013.gif\"><img decoding=\"async\" class=\"alignleft  wp-image-4092\" src=\"http:\/\/www.moucheur.fr\/palm\/wp-content\/uploads\/2015\/01\/SiteHeaderLogo_Dec2013-300x54.gif\" alt=\"SiteHeaderLogo_Dec2013\" width=\"387\" height=\"69\" srcset=\"http:\/\/www.moucheur.fr\/palm\/wp-content\/uploads\/2015\/01\/SiteHeaderLogo_Dec2013-300x54.gif 300w, http:\/\/www.moucheur.fr\/palm\/wp-content\/uploads\/2015\/01\/SiteHeaderLogo_Dec2013-150x27.gif 150w\" sizes=\"(max-width: 387px) 100vw, 387px\" \/><\/a><\/p>\n<p>&nbsp;<\/p>\n<p>&nbsp;<\/p>\n<p>&nbsp;<\/p>\n<p><span style=\"font-family: verdana,geneva,sans-serif; font-size: 10pt;\"><strong><span id=\"result_box\" class=\"short_text\" lang=\"fr\"><span class=\"hps\">Service Clients <\/span><\/span>:<\/strong><\/span><\/p>\n<p><span style=\"font-family: verdana,geneva,sans-serif; font-size: 10pt;\">T\u00e9l\u00e9phone:\u00a0817-805-8949<\/span><\/p>\n<p><span style=\"font-family: verdana,geneva,sans-serif; font-size: 10pt;\"><strong><span id=\"result_box\" class=\"short_text\" lang=\"fr\"><span class=\"hps\">Adresse<\/span><\/span> <span id=\"result_box\" class=\"short_text\" lang=\"fr\"><span class=\"hps\">entreprise <\/span><\/span>:<\/strong><\/span><\/p>\n<p><span style=\"font-family: verdana,geneva,sans-serif; font-size: 10pt;\">565 Commerce St. Ste. 100, Southlake, TX 76092<\/span><\/p>\n<p><span style=\"font-family: verdana,geneva,sans-serif; font-size: 10pt;\"><strong>Site Web<\/strong> <strong>:<\/strong> <a href=\"http:\/\/www.allenflyfishing.com\/\" target=\"_blank\">http:\/\/www.allenflyfishing.com\/<\/a><\/span><\/p>\n<div id=\"gba\" class=\"gb_Td\"><\/div>\n<div id=\"gt-c\" class=\"g-section\"><strong><span style=\"font-family: verdana,geneva,sans-serif; font-size: 12pt;\"><span class=\"jfk-butterBar jfk-butterBar-info jfk-butterBar-shown\" title=\"Looking for a new direction, in 2010 Justin branched away from his family's plastic business to start Allen Fly Fishing.\">Historique de la soci\u00e9t\u00e9<\/span><\/span><\/strong><\/div>\n<div class=\"g-section\"><\/div>\n<div class=\"g-section\" style=\"text-align: justify;\"><span style=\"font-family: verdana, geneva, sans-serif; font-size: 10pt;\"><span class=\"jfk-butterBar jfk-butterBar-info jfk-butterBar-shown\" title=\"Looking for a new direction, in 2010 Justin branched away from his family's plastic business to start Allen Fly Fishing.\">Vous cherchez une nouvelle direction, en 2010 Justin ramifi\u00e9 \u00e9cart des affaires en plastique de sa famille pour commencer Allen p\u00eache \u00e0 la mouche. <\/span><span title=\"It was a tough time to start the company, the US economy was in the doldrums and the scolding advice of \u201cNow isn't the time to take risks\u201d rang in his ears.\">Ce fut un moment difficile pour d\u00e9marrer l&#8217;entreprise, l&#8217;\u00e9conomie am\u00e9ricaine \u00e9tait dans le marasme et les conseils de gronder des &#8220;Maintenant est pas le moment de prendre des risques&#8221; a sonn\u00e9 \u00e0 ses oreilles. <\/span><span title=\"But with years of manufacturing contacts and experience under his belt, Justin forged ahead and created Allen Fly Fishing.\">Mais avec les ann\u00e9es de contacts et l&#8217;exp\u00e9rience de fabrication sous sa ceinture, Justin all\u00e9 de l&#8217;avant et a cr\u00e9\u00e9 Allen p\u00eache \u00e0 la mouche. <\/span>Concentrant initialement sur les cannes et les moulinets, un an plus tard, la popularit\u00e9 et la croissance de la soci\u00e9t\u00e9 a \u00e9t\u00e9 exponentielle et l&#8217;\u00e9quipe n\u00e9cessaires pour cro\u00eetre.<\/span><\/div>\n<div class=\"g-section\"><\/div>\n<div class=\"g-section\">\n<div id=\"gt-form-c\">\n<form id=\"gt-form\" action=\"\/\" enctype=\"application\/x-www-form-urlencoded\" method=\"post\" name=\"text_form\">\n<div id=\"gt-text-all\">\n<div id=\"gt-main\">\n<div id=\"gt-text-c\">\n<div id=\"gt-text-top\">\n<div id=\"gt-res-c\" class=\"g-unit\">\n<div id=\"gt-res-p\">\n<div id=\"gt-res-data\">\n<div id=\"gt-res-wrap\">\n<div id=\"gt-res-content\" class=\"almost_half_cell\">\n<div dir=\"ltr\" style=\"text-align: justify;\"><span class=\"\" lang=\"fr\"><span class=\"\" lang=\"fr\"><span style=\"font-family: verdana,geneva,sans-serif; font-size: 10pt;\"><span title=\"First, Evan Burck came on board and brought new ideas born from years of chasing steelhead in the wet Pacific Northwest.\">Tout d&#8217;abord, Evan Burck est venu \u00e0 bord et a apport\u00e9 de nouvelles id\u00e9es n\u00e9es des ann\u00e9es de chasse truite arc en ciel dans le Pacifique Nord-Ouest humide. <\/span><span title=\"Later, Kyle Konopnicki would bring organizational calm to the day to day running of this growing empire.\">Plus tard, Kyle Konopnicki serait ramener le calme organisationnelle \u00e0 la gestion quotidienne de cet empire de plus en plus. <\/span><span title=\"AJ Gottschalk, a Florida transplant to the Great Lakes region and fishing experience that spans the globe, is the newest member of the management team, helping Allen Fly Fishing maintain our mission to stay connected with our customers. \">AJ Gottschalk, une greffe de la Floride \u00e0 la r\u00e9gion et de la p\u00eache exp\u00e9rience des Grands Lacs qui couvre le monde entier, est le plus r\u00e9cent membre de l&#8217;\u00e9quipe de gestion, aidant Allen Fly Fishing maintenir notre mission de rester connect\u00e9 avec nos clients.<\/span><\/span><\/span><\/span><span style=\"font-family: verdana, geneva, sans-serif; font-size: 10pt;\"><span title=\"Allen Fly Fishing is a company that truly values its customers, its products, and most importantly, the experiences that we all enjoy on and off the water.\">Allen P\u00eache \u00e0 la mouche est une soci\u00e9t\u00e9 qui valorise vraiment ses clients, de ses produits, et surtout, les exp\u00e9riences que nous jouissons tous sur et hors de l&#8217;eau. <\/span><span title=\"Our company and products have grown, changed, and improved along our journey.\">Notre entreprise et nos produits ont grandi, chang\u00e9, et am\u00e9lior\u00e9 long de notre voyage. <\/span><span title=\"We strive to continue innovating as Allen continues to evolve.\">Nous nous effor\u00e7ons de continuer \u00e0 innover comme Allen continue d&#8217;\u00e9voluer. <\/span><span title=\"Our company philosophy is not to offer the cheapest products on the market, but rather to offer unbeatable value.\">Notre philosophie d&#8217;entreprise est de ne pas offrir les produits les moins chers sur le march\u00e9, mais plut\u00f4t d&#8217;offrir une valeur imbattable. <\/span><span title=\"Value in our products, value in your experience, and value in our approachability and customer service.\">Valeur par nos produits, la valeur de votre exp\u00e9rience, et la valeur de notre service \u00e0 la client\u00e8le et d&#8217;approche. <\/span><span title=\"In an age of giant tackle companies and overpriced boutique manufactures, this is what makes Allen Fly Fishing unique. \">Dans un \u00e2ge de g\u00e9ant attaquer entreprises et boutique fabrique trop cher, cela est ce qui rend Allen Fly Fishing unique.<\/span><\/span><\/p>\n<p><span title=\"We never want to lose touch with our customers, and strive to always be available and eager to talk, or answer questions.\"><span style=\"font-family: verdana,geneva,sans-serif; font-size: 10pt;\">Nous ne voulons pas perdre le contact avec nos clients, et nous nous effor\u00e7ons d&#8217;\u00eatre toujours disponibles et d\u00e9sireux de parler, ou r\u00e9pondre aux questions. <\/span><\/span><span style=\"font-family: verdana,geneva,sans-serif; font-size: 10pt;\"><span title=\"Our customers are part of our journey and the foundation of our future.\">Nos clients font partie de notre voyage et le fondement de notre avenir. <\/span><span title=\"Thank you for making us a part of your fishing experience.\">Merci de nous faire une partie de votre exp\u00e9rience de p\u00eache.<\/span><\/span><\/p>\n<\/div>\n<\/div>\n<\/div>\n<\/div>\n<\/div>\n<\/div>\n<\/div>\n<\/div>\n<\/div>\n<\/div>\n<\/form>\n<\/div>\n<\/div>\n","protected":false},"excerpt":{"rendered":"<p>&nbsp; &nbsp; &nbsp; Service Clients : T\u00e9l\u00e9phone:\u00a0817-805-8949 Adresse entreprise : 565 Commerce St. Ste. 100, Southlake, TX 76092 Site Web&hellip;<\/p>\n","protected":false},"author":1,"featured_media":4092,"parent":177,"menu_order":1,"comment_status":"open","ping_status":"open","template":"","meta":{"footnotes":""},"categories":[],"tags":[],"class_list":["post-4943","page","type-page","status-publish","has-post-thumbnail","hentry"],"_links":{"self":[{"href":"http:\/\/www.moucheur.fr\/palm\/wp-json\/wp\/v2\/pages\/4943","targetHints":{"allow":["GET"]}}],"collection":[{"href":"http:\/\/www.moucheur.fr\/palm\/wp-json\/wp\/v2\/pages"}],"about":[{"href":"http:\/\/www.moucheur.fr\/palm\/wp-json\/wp\/v2\/types\/page"}],"author":[{"embeddable":true,"href":"http:\/\/www.moucheur.fr\/palm\/wp-json\/wp\/v2\/users\/1"}],"replies":[{"embeddable":true,"href":"http:\/\/www.moucheur.fr\/palm\/wp-json\/wp\/v2\/comments?post=4943"}],"version-history":[{"count":0,"href":"http:\/\/www.moucheur.fr\/palm\/wp-json\/wp\/v2\/pages\/4943\/revisions"}],"up":[{"embeddable":true,"href":"http:\/\/www.moucheur.fr\/palm\/wp-json\/wp\/v2\/pages\/177"}],"wp:featuredmedia":[{"embeddable":true,"href":"http:\/\/www.moucheur.fr\/palm\/wp-json\/wp\/v2\/media\/4092"}],"wp:attachment":[{"href":"http:\/\/www.moucheur.fr\/palm\/wp-json\/wp\/v2\/media?parent=4943"}],"wp:term":[{"taxonomy":"category","embeddable":true,"href":"http:\/\/www.moucheur.fr\/palm\/wp-json\/wp\/v2\/categories?post=4943"},{"taxonomy":"post_tag","embeddable":true,"href":"http:\/\/www.moucheur.fr\/palm\/wp-json\/wp\/v2\/tags?post=4943"}],"curies":[{"name":"wp","href":"https:\/\/api.w.org\/{rel}","templated":true}]}}