{"id":5005,"date":"2015-07-22T11:18:45","date_gmt":"2015-07-22T09:18:45","guid":{"rendered":"http:\/\/www.moucheur.fr\/palm\/?page_id=5005"},"modified":"2021-08-10T13:33:59","modified_gmt":"2021-08-10T11:33:59","slug":"mentions-legales","status":"publish","type":"page","link":"http:\/\/www.moucheur.fr\/palm\/info-du-site\/infos-sur-le-site\/mentions-legales\/","title":{"rendered":"Mentions l\u00e9gales"},"content":{"rendered":"<p><span style=\"font-family: verdana,geneva,sans-serif; font-size: 10pt;\"><strong><span style=\"font-size: 12pt;\"><a href=\"http:\/\/www.moucheur.fr\/palm\/wp-content\/uploads\/2015\/07\/profitmag.png\"><img decoding=\"async\" class=\" size-medium wp-image-5006 alignright\" src=\"http:\/\/www.moucheur.fr\/palm\/wp-content\/uploads\/2015\/07\/profitmag-300x46.png\" alt=\"profitmag\" width=\"300\" height=\"46\" srcset=\"http:\/\/www.moucheur.fr\/palm\/wp-content\/uploads\/2015\/07\/profitmag-300x46.png 300w, http:\/\/www.moucheur.fr\/palm\/wp-content\/uploads\/2015\/07\/profitmag.png 325w\" sizes=\"(max-width: 300px) 100vw, 300px\" \/><\/a><\/span><\/strong><\/span><\/p>\n<h4>Mentions l\u00e9gales<\/h4>\n<p><span style=\"font-family: verdana,geneva,sans-serif; font-size: 10pt;\"> Type : Site web<\/span><br \/>\n<span style=\"font-family: verdana,geneva,sans-serif; font-size: 10pt;\"> Auteur : Patrick GILLIS<\/span><br \/>\n<span style=\"font-family: verdana,geneva,sans-serif; font-size: 10pt;\"> Propri\u00e9taire : Patrick GILLIS<\/span><br \/>\n<span style=\"font-family: verdana,geneva,sans-serif; font-size: 10pt;\"> Titre : Moucheur.fr<\/span><br \/>\n<span style=\"font-family: verdana,geneva,sans-serif; font-size: 10pt;\"> Affiliation et support communication : Pr\u00e9sident de l\u2019association Moucheur.fr.<\/span><br \/>\n<span style=\"font-family: verdana,geneva,sans-serif; font-size: 10pt;\"> Adresse web : <a href=\"http:\/\/www.moucheur.fr\/palm\/\" target=\"_blank\" rel=\"noopener noreferrer\">http:\/\/www.moucheur.fr\/palm\/<\/a><\/span><br \/>\n<span style=\"font-family: verdana,geneva,sans-serif; font-size: 10pt;\"> Pays : France<\/span><\/p>\n<p style=\"text-align: justify;\"><span style=\"font-family: verdana,geneva,sans-serif; font-size: 10pt;\"> &#8211; Aucune reproduction, m\u00eame partielle, autres que celles pr\u00e9vues \u00e0 l&#8217;article L 122-5 du code de la propri\u00e9t\u00e9 intellectuelle, ne peut \u00eatre faite de ce site sans l&#8217;autorisation expresse de l&#8217;auteur.<\/span><\/p>\n<p><span style=\"font-family: verdana,geneva,sans-serif; font-size: 10pt;\"> &#8211; Tout site public ou priv\u00e9 est autoris\u00e9 \u00e0 \u00e9tablir, sans autorisation pr\u00e9alable, un lien vers les informations diffus\u00e9es par <a href=\"http:\/\/www.moucheur.fr\/palm\/\" target=\"_blank\" rel=\"noopener noreferrer\">http:\/\/www.moucheur.fr\/palm\/<\/a>. En revanche, les pages de <a href=\"http:\/\/www.moucheur.fr\/palm\/\" target=\"_blank\" rel=\"noopener noreferrer\">http:\/\/www.moucheur.fr\/palm\/<\/a> ne doivent pas \u00eatre imbriqu\u00e9es \u00e0 l&#8217;int\u00e9rieur des pages d&#8217;un autre site.<\/span><\/p>\n<p><span style=\"font-family: verdana,geneva,sans-serif; font-size: 10pt;\"> &#8211; Conform\u00e9ment aux articles 26 et 27 de la Loi N\u00b078-17 &#8221; Informatiques et Libert\u00e9s &#8221; du 6 janvier 1978, vous pouvez vous opposer (partiellement ou totalement) \u00e0 la diffusion d&#8217;informations vous concernant sur ce site. Pour exercer votre droit d&#8217;acc\u00e8s, de modification, de rectification et de suppression de donn\u00e9es diffus\u00e9es qui vous sont attach\u00e9es (article 34 de la Loi Informatiques et Libert\u00e9s), adressez-vous \u00e0 contact@moucheur.fr.<\/span><\/p>\n<div class=\"entry-content\">\n<h4>Qui sommes-nous\u00a0?<\/h4>\n<p>Site de l\u2019association A.S.Moucheur.fr \u00e0 l\u2019adresse : http:\/\/www.moucheur.fr\/<\/p>\n<p>Site de p\u00eache \u00e0 la mouche \u00e0 l\u2019adresse : https:\/\/www.moucheur.fr\/palm\/<\/p>\n<p>Notre Forum \u00e0 l\u2019adresse : http:\/\/www.moucheur.fr\/test\/<\/p>\n<h4 style=\"text-align: justify;\">Informations de contact<\/h4>\n<p style=\"text-align: justify;\">Contact : contact@moucheur.fr<\/p>\n<p>Technique : admin@moucheur.fr<\/p>\n<\/div>\n","protected":false},"excerpt":{"rendered":"<p>Mentions l\u00e9gales Type : Site web Auteur : Patrick GILLIS Propri\u00e9taire : Patrick GILLIS Titre : Moucheur.fr Affiliation et support&hellip;<\/p>\n","protected":false},"author":1,"featured_media":0,"parent":2143,"menu_order":3,"comment_status":"closed","ping_status":"open","template":"","meta":{"footnotes":""},"categories":[],"tags":[],"class_list":["post-5005","page","type-page","status-publish","hentry"],"_links":{"self":[{"href":"http:\/\/www.moucheur.fr\/palm\/wp-json\/wp\/v2\/pages\/5005","targetHints":{"allow":["GET"]}}],"collection":[{"href":"http:\/\/www.moucheur.fr\/palm\/wp-json\/wp\/v2\/pages"}],"about":[{"href":"http:\/\/www.moucheur.fr\/palm\/wp-json\/wp\/v2\/types\/page"}],"author":[{"embeddable":true,"href":"http:\/\/www.moucheur.fr\/palm\/wp-json\/wp\/v2\/users\/1"}],"replies":[{"embeddable":true,"href":"http:\/\/www.moucheur.fr\/palm\/wp-json\/wp\/v2\/comments?post=5005"}],"version-history":[{"count":0,"href":"http:\/\/www.moucheur.fr\/palm\/wp-json\/wp\/v2\/pages\/5005\/revisions"}],"up":[{"embeddable":true,"href":"http:\/\/www.moucheur.fr\/palm\/wp-json\/wp\/v2\/pages\/2143"}],"wp:attachment":[{"href":"http:\/\/www.moucheur.fr\/palm\/wp-json\/wp\/v2\/media?parent=5005"}],"wp:term":[{"taxonomy":"category","embeddable":true,"href":"http:\/\/www.moucheur.fr\/palm\/wp-json\/wp\/v2\/categories?post=5005"},{"taxonomy":"post_tag","embeddable":true,"href":"http:\/\/www.moucheur.fr\/palm\/wp-json\/wp\/v2\/tags?post=5005"}],"curies":[{"name":"wp","href":"https:\/\/api.w.org\/{rel}","templated":true}]}}