{"id":50459,"date":"2021-12-07T18:55:44","date_gmt":"2021-12-07T17:55:44","guid":{"rendered":"https:\/\/www.moucheur.fr\/palm\/?page_id=50459"},"modified":"2021-12-08T11:07:26","modified_gmt":"2021-12-08T10:07:26","slug":"montage-pour-dune-araignee","status":"publish","type":"page","link":"http:\/\/www.moucheur.fr\/palm\/seche\/montage-pour-dune-araignee\/","title":{"rendered":"Montage d&#8217;une araign\u00e9e"},"content":{"rendered":"<p style=\"text-align: justify;\"><span style=\"font-family: verdana, geneva, sans-serif; font-size: 16px;\">Fiche de montage pour d&#8217;une araign\u00e9e.<\/span><\/p>\n<p style=\"text-align: justify;\"><span style=\"font-family: verdana, geneva, sans-serif; font-size: 16px;\">Niveau de montage : Pratiquant\u00a0<\/span><\/p>\n<p style=\"text-align: justify;\"><span style=\"font-family: verdana, geneva, sans-serif; font-size: 16px;\">Mat\u00e9riels :<\/span><br \/>\n<span style=\"font-family: verdana, geneva, sans-serif; font-size: 16px;\">Hame\u00e7ons : H14 \/ 16 \/ 18 TIEMKO 900BL<\/span><br \/>\n<span style=\"font-family: verdana, geneva, sans-serif; font-size: 16px;\">Corps : Soie<\/span><br \/>\n<span style=\"font-family: verdana, geneva, sans-serif; font-size: 16px;\">Soies : Noir et olive 8\/0 jmc<\/span><br \/>\n<span style=\"font-family: verdana, geneva, sans-serif; font-size: 16px;\">Hackles : Cou de coq<\/span><br \/>\n<span style=\"font-family: verdana, geneva, sans-serif; font-size: 16px;\">Cerques : Plume de coq ou Pardo<\/span><\/p>\n<p style=\"text-align: justify;\"><span style=\"font-family: verdana, geneva, sans-serif; font-size: 16px;\">Montage super efficace, la base du montage de mouche&#8230;. Bon montage<\/span><\/p>\n<p class=\"widget-title\" style=\"text-align: justify;\"><span style=\"font-size: 16px;\"><strong><span style=\"font-family: verdana, geneva, sans-serif;\"># Etape 1<\/span><\/strong><\/span><\/p>\n<p style=\"text-align: justify;\"><span style=\"font-size: 16px;\"><img decoding=\"async\" src=\"https:\/\/www.moucheur.fr\/test\/wp-content\/uploads\/2020\/05\/20200408_154009-1024x576-1.jpg\" alt=\"\" width=\"600\" height=\"338\" \/><\/span><\/p>\n<p style=\"text-align: justify;\"><span style=\"font-family: verdana, geneva, sans-serif; font-size: 16px;\">Montez la base de votre corps avec la soie olive, mettre un fil de soie noir en r\u00e9serve vers l&#8217;arri\u00e8re pour cr\u00e9er les enroulement puis poser les cerques Coq ou Pardo.<\/span><\/p>\n<p class=\"widget-title\" style=\"text-align: justify;\"><span style=\"font-size: 16px;\"><strong><span style=\"font-family: verdana, geneva, sans-serif;\"># Etape 2<\/span><\/strong><\/span><\/p>\n<p style=\"text-align: justify;\"><span style=\"font-size: 16px;\"><img decoding=\"async\" src=\"https:\/\/www.moucheur.fr\/test\/wp-content\/uploads\/2020\/05\/20200408_152821-1024x576-1.jpg\" alt=\"\" width=\"600\" height=\"338\" \/><\/span><\/p>\n<p style=\"text-align: justify;\"><span style=\"font-family: verdana, geneva, sans-serif; font-size: 16px;\">Cr\u00e9er votre corps avec la soie olive de votre porte bobine et ensuite faire les enroulements jusqu&#8217;\u00e0 l&#8217;\u0153illet de l&#8217;hame\u00e7on avec la soie noir en respectant les espacements. Fixer avec votre soie olive de votre porte bobine.<\/span><\/p>\n<p style=\"text-align: justify;\"><span style=\"font-family: verdana, geneva, sans-serif; font-size: 16px;\"><strong># Etape 3<\/strong><\/span><\/p>\n<p style=\"text-align: justify;\"><span style=\"font-size: 16px;\"><img decoding=\"async\" src=\"https:\/\/www.moucheur.fr\/test\/wp-content\/uploads\/2020\/05\/20200408_153015-1024x576-1.jpg\" alt=\"\" width=\"600\" height=\"338\" \/><\/span><\/p>\n<p style=\"text-align: justify;\"><span style=\"font-family: verdana, geneva, sans-serif; font-size: 16px;\">Fixer un Hackles en Cou de Coq \u00e0 3 mm environ de l&#8217;\u0153illet<\/span><\/p>\n<p style=\"text-align: justify;\"><span style=\"font-family: verdana, geneva, sans-serif; font-size: 16px;\"><strong># Etape 4<\/strong><\/span><\/p>\n<p style=\"text-align: justify;\"><span style=\"font-size: 16px;\"><img decoding=\"async\" src=\"https:\/\/www.moucheur.fr\/test\/wp-content\/uploads\/2020\/05\/20200329_171328-1024x576-1.jpg\" alt=\"\" width=\"600\" height=\"338\" \/><\/span><\/p>\n<p style=\"text-align: justify;\"><span style=\"font-family: verdana, geneva, sans-serif; font-size: 16px;\">Faite votre hackle, le bloquer reste a finir la t\u00eate et voila votre araign\u00e9e est termin\u00e9e&#8230;.Bon montage \u00e0 tous !!!<br \/>\n<\/span><\/p>\n<p style=\"text-align: justify;\"><span style=\"font-size: 16px;\"><img decoding=\"async\" src=\"https:\/\/www.moucheur.fr\/test\/wp-content\/uploads\/2020\/05\/20200323_121950-1024x576-1.jpg\" alt=\"\" width=\"600\" height=\"338\" \/><img decoding=\"async\" src=\"https:\/\/www.moucheur.fr\/test\/wp-content\/uploads\/2020\/05\/20200329_171444-1024x576-1.jpg\" alt=\"\" width=\"600\" height=\"338\" \/><\/span><\/p>\n","protected":false},"excerpt":{"rendered":"<p>Fiche de montage pour d&#8217;une araign\u00e9e. Niveau de montage : Pratiquant\u00a0 Mat\u00e9riels : Hame\u00e7ons : H14 \/ 16 \/ 18&hellip;<\/p>\n","protected":false},"author":1,"featured_media":10689,"parent":121,"menu_order":0,"comment_status":"open","ping_status":"closed","template":"","meta":{"footnotes":""},"categories":[847],"tags":[684,844,467],"class_list":["post-50459","page","type-page","status-publish","has-post-thumbnail","hentry","category-les-seches-fiche-montage-seche","tag-araignee","tag-fiche-de-montage","tag-seche"],"_links":{"self":[{"href":"http:\/\/www.moucheur.fr\/palm\/wp-json\/wp\/v2\/pages\/50459","targetHints":{"allow":["GET"]}}],"collection":[{"href":"http:\/\/www.moucheur.fr\/palm\/wp-json\/wp\/v2\/pages"}],"about":[{"href":"http:\/\/www.moucheur.fr\/palm\/wp-json\/wp\/v2\/types\/page"}],"author":[{"embeddable":true,"href":"http:\/\/www.moucheur.fr\/palm\/wp-json\/wp\/v2\/users\/1"}],"replies":[{"embeddable":true,"href":"http:\/\/www.moucheur.fr\/palm\/wp-json\/wp\/v2\/comments?post=50459"}],"version-history":[{"count":0,"href":"http:\/\/www.moucheur.fr\/palm\/wp-json\/wp\/v2\/pages\/50459\/revisions"}],"up":[{"embeddable":true,"href":"http:\/\/www.moucheur.fr\/palm\/wp-json\/wp\/v2\/pages\/121"}],"wp:featuredmedia":[{"embeddable":true,"href":"http:\/\/www.moucheur.fr\/palm\/wp-json\/wp\/v2\/media\/10689"}],"wp:attachment":[{"href":"http:\/\/www.moucheur.fr\/palm\/wp-json\/wp\/v2\/media?parent=50459"}],"wp:term":[{"taxonomy":"category","embeddable":true,"href":"http:\/\/www.moucheur.fr\/palm\/wp-json\/wp\/v2\/categories?post=50459"},{"taxonomy":"post_tag","embeddable":true,"href":"http:\/\/www.moucheur.fr\/palm\/wp-json\/wp\/v2\/tags?post=50459"}],"curies":[{"name":"wp","href":"https:\/\/api.w.org\/{rel}","templated":true}]}}