{"id":50465,"date":"2021-12-07T19:20:25","date_gmt":"2021-12-07T18:20:25","guid":{"rendered":"https:\/\/www.moucheur.fr\/palm\/?page_id=50465"},"modified":"2021-12-08T11:07:29","modified_gmt":"2021-12-08T10:07:29","slug":"montage-du-sedge-chevreuil","status":"publish","type":"page","link":"http:\/\/www.moucheur.fr\/palm\/seche\/montage-du-sedge-chevreuil\/","title":{"rendered":"Montage S\u00e8dge Chevreuil"},"content":{"rendered":"<p style=\"text-align: justify;\"><span style=\"font-family: verdana, geneva, sans-serif;\">Fiche de montage du S\u00e8dge chevreuil.<\/span><\/p>\n<p style=\"text-align: justify;\"><span style=\"font-family: verdana, geneva, sans-serif; font-size: 16px;\">Niveau de montage : Pratiquant\u00a0<\/span><\/p>\n<p style=\"text-align: justify;\"><span style=\"font-family: verdana, geneva, sans-serif; font-size: 16px;\">Mat\u00e9riels :<\/span><br \/>\n<span style=\"font-family: verdana, geneva, sans-serif; font-size: 16px;\">Hame\u00e7ons : H14 \/ 16 \/ 18 TIEMKO 900BL<\/span><br \/>\n<span style=\"font-family: verdana, geneva, sans-serif; font-size: 16px;\">Corps : Soie et dubbing li\u00e8vre naturel<\/span><br \/>\n<span style=\"font-family: verdana, geneva, sans-serif; font-size: 16px;\">Soies : Noir 8\/0 jmc<\/span><br \/>\n<span style=\"font-family: verdana, geneva, sans-serif; font-size: 16px;\">Cerques : Plume de coq ou Pardo<\/span><\/p>\n<p style=\"text-align: justify;\"><span style=\"font-family: verdana, geneva, sans-serif; font-size: 16px;\">Montage simple et super efficace, peut \u00eatre mise en potence, id\u00e9ale pour les gros courants &#8230;. Bon montage \u00e0 tous.<br \/>\n<\/span><\/p>\n<p style=\"text-align: justify;\"><span style=\"font-family: verdana, geneva, sans-serif; font-size: 16px;\"><strong># Etape 1<\/strong><\/span><\/p>\n<p style=\"text-align: justify;\"><span style=\"font-size: 16px;\"><img decoding=\"async\" src=\"https:\/\/www.moucheur.fr\/hp\/images\/2020\/04\/14\/20200330_104414.jpg\" alt=\"\" width=\"600\" height=\"\" \/><\/span><\/p>\n<p style=\"text-align: justify;\"><span style=\"font-family: verdana, geneva, sans-serif; font-size: 16px;\">Montez la base de votre corps avec la soie noire, mettre un fil de soie noire en r\u00e9serve vers l&#8217;arri\u00e8re pour cr\u00e9er les enroulement puis poser les cerques Coq ou Pardo.<\/span><\/p>\n<p style=\"text-align: justify;\"><span style=\"font-size: 16px;\"><strong><span style=\"font-family: verdana, geneva, sans-serif;\"># Etape 2<\/span><br \/>\n<\/strong><\/span><\/p>\n<p style=\"text-align: justify;\"><span style=\"font-size: 16px;\"><img decoding=\"async\" src=\"https:\/\/www.moucheur.fr\/hp\/images\/2020\/04\/14\/20200330_104813.jpg\" alt=\"\" width=\"600\" height=\"337\" \/><\/span><\/p>\n<p style=\"text-align: justify;\"><span style=\"font-family: verdana, geneva, sans-serif; font-size: 16px;\">Cr\u00e9er votre corps en ajoutant a la soie noire du dubbing de li\u00e8vre et ensuite faire les enroulements avec la soie noire r\u00e9serv\u00e9e en respectant les espacements jusqu&#8217;\u00e0 l&#8217;\u0153illet de l&#8217;hame\u00e7on.<br \/>\n<\/span><\/p>\n<p style=\"text-align: justify;\"><span style=\"font-family: verdana, geneva, sans-serif; font-size: 16px;\"><strong># Etape 3<\/strong><\/span><\/p>\n<p style=\"text-align: justify;\"><span style=\"font-size: 16px;\"><img decoding=\"async\" src=\"https:\/\/www.moucheur.fr\/hp\/images\/2020\/04\/14\/20200330_104950.jpg\" alt=\"\" width=\"600\" height=\"337\" \/><\/span><\/p>\n<p style=\"text-align: justify;\"><span style=\"font-family: verdana, geneva, sans-serif; font-size: 16px;\"> Fixer avec votre soie noire avec la soie du porte bobine. Puis \u00e9galiser au ciseau le surplus de dubbing le corps.<br \/>\n<\/span><\/p>\n<p style=\"text-align: justify;\"><span style=\"font-size: 16px; font-family: verdana, geneva, sans-serif;\"><strong># Etape 4<\/strong><\/span><\/p>\n<p style=\"text-align: justify;\"><span style=\"font-size: 16px;\"><img decoding=\"async\" src=\"https:\/\/www.moucheur.fr\/hp\/images\/2020\/04\/14\/20200330_105546.jpg\" alt=\"\" width=\"600\" height=\"337\" \/><\/span><\/p>\n<p style=\"text-align: justify;\"><span style=\"font-family: verdana, geneva, sans-serif; font-size: 16px;\">Prendre un toupet de poil de chevreuil (cot\u00e9 rachis vers l&#8217;arri\u00e8re) le poser sur la hampe de l&#8217;hame\u00e7on, faire deux tours puis repositionn\u00e9 le toupet, encore deux tours plus serr\u00e9 et repositionn\u00e9 le toupet, faite encore trois tours pour le fixer d\u00e9finitivement. Ramener vers l&#8217;arri\u00e8re la partie avant du toupet, serrer avec votre soie noire, le bloquer de votre soie du porte bobine.<\/span><\/p>\n<p style=\"text-align: justify;\"><span style=\"font-family: verdana, geneva, sans-serif; font-size: 16px;\"><strong># Etape 5<\/strong><\/span><\/p>\n<p style=\"text-align: justify;\"><span style=\"font-size: 16px;\"><img decoding=\"async\" src=\"https:\/\/www.moucheur.fr\/hp\/images\/2020\/04\/14\/20200330_105902.jpg\" alt=\"\" width=\"600\" height=\"337\" \/><\/span><\/p>\n<p style=\"text-align: justify;\"><span style=\"font-family: verdana, geneva, sans-serif; font-size: 16px;\">Reste a finir la t\u00eate, faire le noeud de finition, une goutte de vernis. \u00c9galiser la longueur des poiles arri\u00e8res avec un ciseau et voila votre s\u00e8che est termin\u00e9e&#8230;.Bon montage \u00e0 tous !!!<\/span><\/p>\n<p style=\"text-align: justify;\"><span style=\"font-size: 16px;\"><strong><span style=\"font-family: verdana, geneva, sans-serif;\">PS :\u00a0 <\/span><\/strong><span style=\"font-family: verdana, geneva, sans-serif;\">Mettre de la graisse sur le s\u00e8dge en action de p\u00eache permet de le mettre a la forme que vous souhaitez !!<\/span><\/span><\/p>\n<p style=\"text-align: justify;\"><span style=\"font-size: 16px;\"><img decoding=\"async\" src=\"https:\/\/www.moucheur.fr\/hp\/images\/2020\/04\/14\/20200330_110020.jpg\" alt=\"\" width=\"600\" height=\"337\" \/><\/span><\/p>\n<p style=\"text-align: justify;\"><span style=\"font-size: 16px;\"><img decoding=\"async\" src=\"https:\/\/www.moucheur.fr\/hp\/images\/2020\/04\/14\/20200330_110038.jpg\" alt=\"\" width=\"600\" height=\"337\" \/><\/span><\/p>\n","protected":false},"excerpt":{"rendered":"<p>Fiche de montage du S\u00e8dge chevreuil. Niveau de montage : Pratiquant\u00a0 Mat\u00e9riels : Hame\u00e7ons : H14 \/ 16 \/ 18&hellip;<\/p>\n","protected":false},"author":1,"featured_media":9299,"parent":121,"menu_order":0,"comment_status":"open","ping_status":"closed","template":"","meta":{"footnotes":""},"categories":[847],"tags":[844,467,682],"class_list":["post-50465","page","type-page","status-publish","has-post-thumbnail","hentry","category-les-seches-fiche-montage-seche","tag-fiche-de-montage","tag-seche","tag-sedge-chevreuil"],"_links":{"self":[{"href":"http:\/\/www.moucheur.fr\/palm\/wp-json\/wp\/v2\/pages\/50465","targetHints":{"allow":["GET"]}}],"collection":[{"href":"http:\/\/www.moucheur.fr\/palm\/wp-json\/wp\/v2\/pages"}],"about":[{"href":"http:\/\/www.moucheur.fr\/palm\/wp-json\/wp\/v2\/types\/page"}],"author":[{"embeddable":true,"href":"http:\/\/www.moucheur.fr\/palm\/wp-json\/wp\/v2\/users\/1"}],"replies":[{"embeddable":true,"href":"http:\/\/www.moucheur.fr\/palm\/wp-json\/wp\/v2\/comments?post=50465"}],"version-history":[{"count":0,"href":"http:\/\/www.moucheur.fr\/palm\/wp-json\/wp\/v2\/pages\/50465\/revisions"}],"up":[{"embeddable":true,"href":"http:\/\/www.moucheur.fr\/palm\/wp-json\/wp\/v2\/pages\/121"}],"wp:featuredmedia":[{"embeddable":true,"href":"http:\/\/www.moucheur.fr\/palm\/wp-json\/wp\/v2\/media\/9299"}],"wp:attachment":[{"href":"http:\/\/www.moucheur.fr\/palm\/wp-json\/wp\/v2\/media?parent=50465"}],"wp:term":[{"taxonomy":"category","embeddable":true,"href":"http:\/\/www.moucheur.fr\/palm\/wp-json\/wp\/v2\/categories?post=50465"},{"taxonomy":"post_tag","embeddable":true,"href":"http:\/\/www.moucheur.fr\/palm\/wp-json\/wp\/v2\/tags?post=50465"}],"curies":[{"name":"wp","href":"https:\/\/api.w.org\/{rel}","templated":true}]}}