{"id":5209,"date":"2017-03-16T10:08:59","date_gmt":"2017-03-16T09:08:59","guid":{"rendered":"http:\/\/www.moucheur.fr\/palm\/?page_id=5209"},"modified":"2017-03-16T10:22:27","modified_gmt":"2017-03-16T09:22:27","slug":"premier-moulinet","status":"publish","type":"page","link":"http:\/\/www.moucheur.fr\/palm\/moucheur\/debutants\/premier-moulinet\/","title":{"rendered":"PREMIER MOULINET"},"content":{"rendered":"<p style=\"text-align: justify;\"><span style=\"font-family: verdana, geneva, sans-serif; font-size: 10pt;\"><strong>COMMENT FAIRE POUR CHOISIR UN MOULINET\u00a0MOUCHE POUR UN D\u00c9BUTANTS.<a href=\"http:\/\/www.moucheur.fr\/palm\/wp-content\/uploads\/2015\/06\/taimen06.jpg\"><img decoding=\"async\" class=\"alignright wp-image-4833 size-medium\" src=\"http:\/\/www.moucheur.fr\/palm\/wp-content\/uploads\/2015\/06\/taimen06-300x166.jpg\" alt=\"\" width=\"300\" height=\"166\" srcset=\"http:\/\/www.moucheur.fr\/palm\/wp-content\/uploads\/2015\/06\/taimen06-300x166.jpg 300w, http:\/\/www.moucheur.fr\/palm\/wp-content\/uploads\/2015\/06\/taimen06.jpg 660w, http:\/\/www.moucheur.fr\/palm\/wp-content\/uploads\/2015\/06\/taimen06-71x40.jpg 71w\" sizes=\"(max-width: 300px) 100vw, 300px\" \/><\/a><\/strong><\/span><\/p>\n<div style=\"padding-left: 30px;\"><span style=\"font-family: verdana, geneva, sans-serif; font-size: 10pt;\">Pour un moucheur le moulinet n&#8217;est pas aussi important que\u00a0la canne. Il faut simplement trouver un \u00e9quilibre\u00a0parfait (canne moulinet) pour que l&#8217;ensemble ne fasse plus qu&#8217;un. Le choix du\u00a0moulinet peut \u00eatre compliqu\u00e9 pour tout d\u00e9butant mais ne pas oublier qu&#8217;un moulinet reste simplement une r\u00e9serve de fil dans le mat\u00e9riel du moucheur\u00a0!!!<\/span><\/div>\n<div style=\"padding-left: 30px;\"><\/div>\n<div style=\"padding-left: 30px;\"><\/div>\n<div><span class=\"st\"><span style=\"font-size: 10pt; font-family: verdana,geneva,sans-serif;\"><strong>L\u00e9gende des symboles utilis\u00e9s pour les moulinets mouche<\/strong><\/span><\/span><\/div>\n<blockquote>\n<ul style=\"list-style-type: disc;\">\n<li>\n<div><span style=\"font-family: verdana,geneva,sans-serif; font-size: 10pt;\">Standard = Bobine \u00e9troite<\/span><\/div>\n<\/li>\n<li>\n<div><span class=\"st\"><span style=\"font-size: 10pt; font-family: verdana,geneva,sans-serif;\">Large = bobine grosse capacit\u00e9 <em>(Large arbor)<\/em><\/span><\/span><\/div>\n<\/li>\n<\/ul>\n<\/blockquote>\n<div style=\"text-align: justify;\">\n<p><span style=\"font-size: 10pt; font-family: verdana,geneva,sans-serif;\"><strong>L\u00e9gende des symboles utilis\u00e9s pour les soies des moulinets<br \/>\n<\/strong><\/span><\/p>\n<\/div>\n<blockquote>\n<div style=\"text-align: justify;\">\n<ul>\n<li><span style=\"font-size: 10pt; font-family: verdana, geneva, sans-serif;\">Backing = fil ou ficelle en fond de moulinet\u00a0\u00a0<\/span><\/li>\n<li><span style=\"font-size: 10pt; font-family: verdana, geneva, sans-serif;\"># = num\u00e9ro de la soie (#3 \/ soie de 3)<\/span><\/li>\n<li><span style=\"font-family: verdana,geneva,sans-serif; font-size: 10pt;\">WF, TT, DT, L &#8230;.. <\/span>= <span style=\"font-family: verdana,geneva,sans-serif; font-size: 10pt;\">profil de la soie <\/span><\/li>\n<\/ul>\n<\/div>\n<\/blockquote>\n<p style=\"text-align: justify;\"><strong><span style=\"font-family: verdana,geneva,sans-serif; font-size: 10pt;\">Les facteurs importants dans le choix de votre moulinet :<\/span><\/strong><\/p>\n<blockquote>\n<ul>\n<li style=\"text-align: justify;\">\n<div><span style=\"font-family: verdana, geneva, sans-serif; font-size: 10pt;\">La contenance ( longueur de soie + backing).<\/span><\/div>\n<\/li>\n<li style=\"text-align: justify;\">\n<div><span style=\"font-family: verdana,geneva,sans-serif; font-size: 10pt;\">Le poids (important pour l\u2019\u00e9quilibre de la canne).<\/span><\/div>\n<\/li>\n<\/ul>\n<\/blockquote>\n<p><strong><span style=\"font-family: verdana,geneva,sans-serif; font-size: 10pt;\">Les mod\u00e8les :<\/span><\/strong><\/p>\n<p><span style=\"font-family: verdana, geneva, sans-serif; font-size: 10pt;\"> Vous trouverez sur le march\u00e9 actuel une large gamme de moulinet, mati\u00e8re, forme et fonctionnement.<\/span><\/p>\n<blockquote>\n<ul style=\"list-style-type: disc;\">\n<li>\n<div><span style=\"font-size: 10pt; font-family: verdana,geneva,sans-serif;\">Mati\u00e8res : Graphite, Aluminium et m\u00eame en bois.<\/span><\/div>\n<\/li>\n<li>\n<div><span style=\"font-family: verdana,geneva,sans-serif; font-size: 10pt;\">Forme : Normale, large, d\u00e9cal\u00e9, verticale et horizontale.<\/span><\/div>\n<\/li>\n<li>\n<div><span style=\"font-family: verdana,geneva,sans-serif; font-size: 10pt;\">Fonctionnement : Manuel avec une manivelle, auto et semi auto avec un palette.<\/span><\/div>\n<\/li>\n<li>\n<div><span style=\"font-family: verdana,geneva,sans-serif; font-size: 10pt;\">Syst\u00e8me : Le plus souvent par engrenages, mont\u00e9s sur roulement avec des cages \u00e9tanches.<\/span><\/div>\n<\/li>\n<\/ul>\n<\/blockquote>\n<p><span style=\"font-family: verdana, geneva, sans-serif; font-size: 10pt;\">\u00a0 Le moulinet \u00e0 mouche peut \u00eatre soit manuel, semi-automatique ou automatique <em>(de moins en moins sur le march\u00e9)<\/em>.<\/span><\/p>\n<p><span style=\"font-family: verdana,geneva,sans-serif; font-size: 10pt;\"><strong>Pour conclure :<\/strong> <\/span><\/p>\n<p style=\"text-align: justify;\"><span style=\"font-family: verdana,geneva,sans-serif; font-size: 10pt;\">Le moulinet mouche n&#8217;est pas une priorit\u00e9 pour commencer la p\u00eache \u00e0 la mouche. Un investissement de 40 \u20ac est largement suffisant pour d\u00e9buter. D\u00e9butants, faites vos armes sur un mat\u00e9riel de gamme moyenne (voir moyenne moins) vous avez tout le temps d&#8217;investir plus tard.<\/span><\/p>\n<p style=\"text-align: justify;\"><span style=\"font-family: verdana,geneva,sans-serif; font-size: 10pt;\"> Maintenant, vous pouvez casser votre tirelire et acheter un moulinet haut de gamme <em><strong>(<span class=\"st\">Je le d\u00e9conseille fortement<\/span> pour les d\u00e9butants)<\/strong>. <\/em>Il est vrai que quand vous avez dans les mains un semi auto comme l&#8217;Ozone de chez JMC ou un Fulgor de chez PEUX, vous d\u00e9couvrez une autre fa\u00e7on de ramener votre poisson, les heureux propri\u00e9taires savent de quoi je parle &#8230;.<\/span><\/p>\n<p style=\"text-align: justify;\"><em><span style=\"font-family: verdana,geneva,sans-serif; font-size: 10pt;\">Bonne p\u00eache et pensez \u00e0 rel\u00e2cher vos r\u00eaves &#8230;.<\/span><\/em><\/p>\n","protected":false},"excerpt":{"rendered":"<p>COMMENT FAIRE POUR CHOISIR UN MOULINET\u00a0MOUCHE POUR UN D\u00c9BUTANTS. Pour un moucheur le moulinet n&#8217;est pas aussi important que\u00a0la canne.&hellip;<\/p>\n","protected":false},"author":1,"featured_media":4833,"parent":5187,"menu_order":2,"comment_status":"open","ping_status":"open","template":"","meta":{"footnotes":""},"categories":[],"tags":[],"class_list":["post-5209","page","type-page","status-publish","has-post-thumbnail","hentry"],"_links":{"self":[{"href":"http:\/\/www.moucheur.fr\/palm\/wp-json\/wp\/v2\/pages\/5209","targetHints":{"allow":["GET"]}}],"collection":[{"href":"http:\/\/www.moucheur.fr\/palm\/wp-json\/wp\/v2\/pages"}],"about":[{"href":"http:\/\/www.moucheur.fr\/palm\/wp-json\/wp\/v2\/types\/page"}],"author":[{"embeddable":true,"href":"http:\/\/www.moucheur.fr\/palm\/wp-json\/wp\/v2\/users\/1"}],"replies":[{"embeddable":true,"href":"http:\/\/www.moucheur.fr\/palm\/wp-json\/wp\/v2\/comments?post=5209"}],"version-history":[{"count":0,"href":"http:\/\/www.moucheur.fr\/palm\/wp-json\/wp\/v2\/pages\/5209\/revisions"}],"up":[{"embeddable":true,"href":"http:\/\/www.moucheur.fr\/palm\/wp-json\/wp\/v2\/pages\/5187"}],"wp:featuredmedia":[{"embeddable":true,"href":"http:\/\/www.moucheur.fr\/palm\/wp-json\/wp\/v2\/media\/4833"}],"wp:attachment":[{"href":"http:\/\/www.moucheur.fr\/palm\/wp-json\/wp\/v2\/media?parent=5209"}],"wp:term":[{"taxonomy":"category","embeddable":true,"href":"http:\/\/www.moucheur.fr\/palm\/wp-json\/wp\/v2\/categories?post=5209"},{"taxonomy":"post_tag","embeddable":true,"href":"http:\/\/www.moucheur.fr\/palm\/wp-json\/wp\/v2\/tags?post=5209"}],"curies":[{"name":"wp","href":"https:\/\/api.w.org\/{rel}","templated":true}]}}