{"id":5233,"date":"2015-09-15T15:13:08","date_gmt":"2015-09-15T13:13:08","guid":{"rendered":"http:\/\/www.moucheur.fr\/palm\/?page_id=5233"},"modified":"2015-09-15T15:18:47","modified_gmt":"2015-09-15T13:18:47","slug":"ozone-jmc","status":"publish","type":"page","link":"http:\/\/www.moucheur.fr\/palm\/mouche\/materiel\/moulinet\/jmc\/ozone-jmc\/","title":{"rendered":"Moulinet Ozone JMC"},"content":{"rendered":"<p><span style=\"font-family: verdana,geneva,sans-serif; font-size: 10pt;\"><strong><span style=\"font-size: 12pt;\">Moulinet Ozone JMC semi-automatique<\/span><img decoding=\"async\" class=\" wp-image-2202 alignright\" src=\"http:\/\/www.moucheur.fr\/palm\/wp-content\/uploads\/2013\/12\/LOGO_TEST_OK.png\" alt=\"LOGO_TEST_OK\" width=\"100\" height=\"100\" srcset=\"http:\/\/www.moucheur.fr\/palm\/wp-content\/uploads\/2013\/12\/LOGO_TEST_OK.png 200w, http:\/\/www.moucheur.fr\/palm\/wp-content\/uploads\/2013\/12\/LOGO_TEST_OK-150x150.png 150w\" sizes=\"(max-width: 100px) 100vw, 100px\" \/><\/strong><\/span><\/p>\n<blockquote><p><span style=\"font-family: verdana,geneva,sans-serif; font-size: 10pt;\"><strong><img decoding=\"async\" class=\"alignleft size-medium wp-image-5156\" src=\"http:\/\/www.moucheur.fr\/palm\/wp-content\/uploads\/2015\/08\/20150308_101050-300x166.jpg\" alt=\"20150308_101050\" width=\"300\" height=\"166\" srcset=\"http:\/\/www.moucheur.fr\/palm\/wp-content\/uploads\/2015\/08\/20150308_101050-300x166.jpg 300w, http:\/\/www.moucheur.fr\/palm\/wp-content\/uploads\/2015\/08\/20150308_101050.jpg 660w, http:\/\/www.moucheur.fr\/palm\/wp-content\/uploads\/2015\/08\/20150308_101050-71x40.jpg 71w\" sizes=\"(max-width: 300px) 100vw, 300px\" \/><\/strong><\/span><\/p>\n<p><span style=\"font-family: verdana, geneva, sans-serif; font-size: 10pt;\"><strong>Description du test<\/strong><\/span><\/p>\n<p style=\"text-align: justify;\"><span style=\"font-family: verdana,geneva,sans-serif; font-size: 10pt;\">Nous testons depuis f\u00e9vrier 2015 le moulinet Ozone 36 semi-automatique de chez JMC <em>(Notre test a \u00e9t\u00e9 r\u00e9alis\u00e9 en rivi\u00e8res et en lacs avec une soie TT #4 mont\u00e9 sur canne TA\u00cfMEN [NPHX]\u00a09&#8243;6,\u00a0 une Evotec 9&#8243; #5 et une Cross S1 9&#8243; soie de #4 de chez LOOP)<\/em>. En vente au meilleur prix\u00a0sur le site ou dans les boutiques de <em><strong><a href=\"http:\/\/www.forum-peche-chasse.com\/peche\/moulinet-mouche-564.html?order=tri-prix-decroissant\" target=\"_blank\">Forum Chasse et P\u00eache<\/a>.<\/strong><\/em><\/span><\/p>\n<p style=\"text-align: justify;\">\n<\/blockquote>\n<blockquote>\n<p style=\"text-align: justify;\"><span style=\"font-size: 10pt; font-family: verdana,geneva,sans-serif;\"><strong>Conception, esth\u00e9tique et finition<\/strong><\/span><\/p>\n<p style=\"text-align: justify;\"><span style=\"font-size: 10pt; font-family: verdana,geneva,sans-serif;\"><img decoding=\"async\" class=\"size-medium wp-image-5172 alignright\" src=\"http:\/\/www.moucheur.fr\/palm\/wp-content\/uploads\/2015\/08\/20150227_145204-300x166.jpg\" alt=\"20150227_145204\" width=\"300\" height=\"166\" srcset=\"http:\/\/www.moucheur.fr\/palm\/wp-content\/uploads\/2015\/08\/20150227_145204-300x166.jpg 300w, http:\/\/www.moucheur.fr\/palm\/wp-content\/uploads\/2015\/08\/20150227_145204.jpg 660w, http:\/\/www.moucheur.fr\/palm\/wp-content\/uploads\/2015\/08\/20150227_145204-71x40.jpg 71w\" sizes=\"(max-width: 300px) 100vw, 300px\" \/>Je vais commencer par vous parler d&#8217;un de ces atouts majeurs, son esth\u00e9tique !!! Il est superbe c&#8217;est un tr\u00e8s beau moulinet \u00e0 la limite de l&#8217;objet de collection. Il est livr\u00e9 dans une boite simple en carton avec une housse de protection n\u00e9opr\u00e8ne de tr\u00e8s bonne facture.\u00a0La finition est irr\u00e9prochable avec des d\u00e9tails soign\u00e9s et une ergonomie bien pens\u00e9e. Pour la conception c&#8217;est un moulinet r\u00e9alis\u00e9 en aluminium anodis\u00e9 son corps est usin\u00e9 dans la masse apparemment. C&#8217;est un semi-auto et anti-reverse avec un syst\u00e8me de <a href=\"http:\/\/www.moucheur.fr\/palm\/wp-content\/uploads\/2015\/08\/20150227_145239.jpg\"><img decoding=\"async\" class=\"alignleft size-medium wp-image-5173\" src=\"http:\/\/www.moucheur.fr\/palm\/wp-content\/uploads\/2015\/08\/20150227_145239-300x166.jpg\" alt=\"20150227_145239\" width=\"300\" height=\"166\" srcset=\"http:\/\/www.moucheur.fr\/palm\/wp-content\/uploads\/2015\/08\/20150227_145239-300x166.jpg 300w, http:\/\/www.moucheur.fr\/palm\/wp-content\/uploads\/2015\/08\/20150227_145239.jpg 660w, http:\/\/www.moucheur.fr\/palm\/wp-content\/uploads\/2015\/08\/20150227_145239-71x40.jpg 71w\" sizes=\"(max-width: 300px) 100vw, 300px\" \/><\/a>freinage \u00e0 disques t\u00e9flon avec r\u00e9glage microm\u00e9trique<em>. <\/em>Le syst\u00e8me d&#8217;engrenage simplifi\u00e9 fonctionne a merveille, il est compos\u00e9 de pignon fix\u00e9 directement sur le corps du moulinet de\u00a0couleur\u00a0laiton qui donne un contraste int\u00e9ressant . Par contre, prendre beaucoup de pr\u00e9cautions quand vous le posez au sol <em>(lire la raison dans nos remarques). <\/em>Il n&#8217;est absolument pas lourd, il fait 148g du coup surpris du poids j&#8217;ai fais un petit comparatif des moulinets semi auto aluminium des mod\u00e8les sur le march\u00e9 \u00e0 caract\u00e9ristiques\u00a0\u00e9quivalentes ou au plus juste. Voil\u00e0 le tableau vous pouvez voir que les poids des moulinets sont \u00e0 peu pr\u00e8s identiques suivant un rapport [\u00d8 x poids] sauf le prix qui lui varie du simple au double voir au triple !!!<br \/>\n<\/span><\/p>\n<table style=\"height: 152px; border-color: #000000;\" border=\"2\" width=\"774\">\n<tbody>\n<tr>\n<td style=\"text-align: center;\"><span style=\"font-family: verdana,geneva,sans-serif; font-size: 10pt;\">MARQUE<\/span><\/td>\n<td style=\"text-align: center;\"><span style=\"font-family: verdana,geneva,sans-serif; font-size: 10pt;\">MOD\u00c8LE <\/span><\/td>\n<td style=\"text-align: center;\"><span style=\"font-family: verdana,geneva,sans-serif; font-size: 10pt;\">MATI\u00c8RE<\/span><\/td>\n<td style=\"text-align: center;\"><span style=\"font-size: 10pt; font-family: verdana,geneva,sans-serif;\">DIAM\u00c8TRE <\/span><\/td>\n<td style=\"text-align: center;\"><span style=\"font-size: 10pt; font-family: verdana,geneva,sans-serif;\">POIDS<br \/>\n<\/span><\/td>\n<td style=\"text-align: center;\"><span style=\"font-family: verdana,geneva,sans-serif; font-size: 10pt;\">PRIX<\/span><\/td>\n<\/tr>\n<tr>\n<td style=\"text-align: center;\"><span style=\"font-family: verdana,geneva,sans-serif; font-size: 10pt;\">JMC<\/span><\/td>\n<td style=\"text-align: center;\"><span style=\"font-family: verdana,geneva,sans-serif; font-size: 10pt;\">OZONE<\/span><\/td>\n<td style=\"text-align: center;\"><span style=\"font-family: verdana,geneva,sans-serif; font-size: 10pt;\">ALUMINIUM<\/span><\/td>\n<td style=\"text-align: center;\"><span style=\"font-size: 10pt; font-family: verdana,geneva,sans-serif;\">\u00d8 85 mm<br \/>\n<\/span><\/td>\n<td style=\"text-align: center;\"><span style=\"font-family: verdana,geneva,sans-serif; font-size: 10pt;\">148g<\/span><\/td>\n<td style=\"text-align: center;\"><span style=\"font-family: verdana,geneva,sans-serif; font-size: 10pt;\">399\u20ac<\/span><\/td>\n<\/tr>\n<tr>\n<td style=\"text-align: center;\"><span style=\"font-family: verdana,geneva,sans-serif; font-size: 10pt;\">PEUX<\/span><\/td>\n<td style=\"text-align: center;\"><span style=\"font-size: 10pt; font-family: verdana,geneva,sans-serif;\">FULGOR<br \/>\n<\/span><\/td>\n<td style=\"text-align: center;\"><span style=\"font-family: verdana,geneva,sans-serif; font-size: 10pt;\">ALUMINIUM<\/span><\/td>\n<td style=\"text-align: center;\"><span style=\"font-size: 10pt; font-family: verdana,geneva,sans-serif;\">\u00d8 82 mm<br \/>\n<\/span><\/td>\n<td style=\"text-align: center;\"><span style=\"font-family: verdana,geneva,sans-serif; font-size: 10pt;\">148g<\/span><\/td>\n<td style=\"text-align: center;\"><span style=\"font-family: verdana,geneva,sans-serif; font-size: 10pt;\">515\u20ac<\/span><\/td>\n<\/tr>\n<tr>\n<td style=\"text-align: center;\"><span style=\"font-family: verdana,geneva,sans-serif; font-size: 10pt;\">VIVARELLI<\/span><\/td>\n<td style=\"text-align: center;\"><span style=\"font-family: verdana,geneva,sans-serif; font-size: 10pt;\">S\u00c9RIE<\/span> <span style=\"font-family: verdana,geneva,sans-serif; font-size: 10pt;\">ALUMINIUM<\/span><\/td>\n<td style=\"text-align: center;\"><span style=\"font-family: verdana,geneva,sans-serif; font-size: 10pt;\">ALUMINIUM<\/span><\/td>\n<td style=\"text-align: center;\"><span style=\"font-size: 10pt; font-family: verdana,geneva,sans-serif;\">\u00d8 70 mm<br \/>\n<\/span><\/td>\n<td style=\"text-align: center;\"><span style=\"font-size: 10pt; font-family: verdana,geneva,sans-serif;\">145g<\/span><\/td>\n<td style=\"text-align: center;\"><span style=\"font-family: verdana,geneva,sans-serif; font-size: 10pt;\">489\u20ac<\/span><\/td>\n<\/tr>\n<tr>\n<td style=\"text-align: center;\"><span style=\"font-family: verdana,geneva,sans-serif; font-size: 10pt;\">THINKFISH<\/span><\/td>\n<td style=\"text-align: center;\"><span style=\"font-family: verdana,geneva,sans-serif; font-size: 10pt;\">BOLD<\/span><\/td>\n<td style=\"text-align: center;\"><span style=\"font-family: verdana,geneva,sans-serif; font-size: 10pt;\">ALUMINIUM<\/span><\/td>\n<td style=\"text-align: center;\"><span style=\"font-size: 10pt; font-family: verdana,geneva,sans-serif;\">\u00d8 89 mm<br \/>\n<\/span><\/td>\n<td style=\"text-align: center;\"><span style=\"font-family: verdana,geneva,sans-serif; font-size: 10pt;\">184g<\/span><\/td>\n<td style=\"text-align: center;\"><span style=\"font-family: verdana,geneva,sans-serif; font-size: 10pt;\">199\u20ac<\/span><\/td>\n<\/tr>\n<\/tbody>\n<\/table>\n<\/blockquote>\n<blockquote><p><span style=\"font-size: 10pt; font-family: verdana,geneva,sans-serif;\"><strong>Nos sensations, rendu et confort de p\u00eache<\/strong><\/span><\/p>\n<p style=\"text-align: justify;\"><span style=\"font-family: verdana,geneva,sans-serif; font-size: 10pt;\"><img decoding=\"async\" class=\" size-medium wp-image-5154 alignright\" src=\"http:\/\/www.moucheur.fr\/palm\/wp-content\/uploads\/2015\/08\/20150308_100923-300x166.jpg\" alt=\"20150308_100923\" width=\"300\" height=\"166\" srcset=\"http:\/\/www.moucheur.fr\/palm\/wp-content\/uploads\/2015\/08\/20150308_100923-300x166.jpg 300w, http:\/\/www.moucheur.fr\/palm\/wp-content\/uploads\/2015\/08\/20150308_100923.jpg 660w, http:\/\/www.moucheur.fr\/palm\/wp-content\/uploads\/2015\/08\/20150308_100923-71x40.jpg 71w\" sizes=\"(max-width: 300px) 100vw, 300px\" \/>Personnellement j&#8217;adore les sensations qu&#8217;il me procure en action de p\u00eache. La position du pied est tr\u00e8s proche du corps du moulinet ce qui permet d&#8217;avoir le levier r\u00e9cup\u00e9rateur ou g\u00e2chette au niveau de votre premi\u00e8re phalange de votre index ce qui apporte un maximum de confort de p\u00eache. Le syst\u00e8me de g\u00e2chette permet une r\u00e9cup\u00e9ration rapide et soign\u00e9e de la soie dans votre bobine pas besoin de v\u00e9rifier pendant votre partie de p\u00eache. Le combat avec le poisson est un pur bonheur, vous pouvez r\u00e9gler la force du frein avec la molette situ\u00e9 sur le c\u00f4t\u00e9 de fa\u00e7on tr\u00e8s pr\u00e9cise et vous donne un avantage certain sur l&#8217;issue du combat.<br \/>\n<\/span><\/p>\n<p><span style=\"font-family: verdana,geneva,sans-serif; font-size: 10pt;\"><strong>\u00a0Nos remarques<\/strong><\/span><\/p>\n<ul>\n<li style=\"text-align: justify;\"><span style=\"font-family: verdana,geneva,sans-serif; font-size: 10pt;\">Je vais me contredire sur cette remarque mais bon &#8230; au niveau du m\u00e9canisme apparent, c&#8217;est super g\u00e9nialement magnifique pour les yeux, mais si vous le posez dans un endroit avec du sable vous allez comprendre votre douleur. Prenez l&#8217;habitude de le tremper dans l&#8217;eau \u00e0 chaque fois que vous l&#8217;aurez pos\u00e9 au sol, cela vous \u00e9vitera le blocage du levier r\u00e9cup\u00e9rateur ou g\u00e2chette, en cause un grain de sable dans les pignons.<\/span><\/li>\n<li style=\"text-align: justify;\"><span style=\"font-family: verdana,geneva,sans-serif; font-size: 10pt;\">Si vous aviez l&#8217;habitude de changer de bobine en pleine partie de p\u00eache, je vous le d\u00e9conseille vivement sur ce mod\u00e8le. C&#8217;est un v\u00e9ritable probl\u00e8me le changement de bobine avec la vis centrale qui finira dans l&#8217;eau une fois sur deux ! Pour vous en rendre compte nous avions aussi fait un article sur le probl\u00e8me du non graissage du joint torique d&#8217;origine &#8220;<a href=\"http:\/\/www.moucheur.fr\/palm\/mise-en-service-du-moulinet-ozone-jmc\/\" target=\"_blank\">Mise en service du moulinet Ozone<\/a>&#8221; Mais bon vous n&#8217;\u00eates pas oblig\u00e9 d&#8217;en avoir deux !!! &#8230; car la encore il vous faudra encore rajouter 199\u20ac pour une bobine suppl\u00e9mentaire.<br \/>\n<\/span><\/li>\n<\/ul>\n<\/blockquote>\n<blockquote><p><span style=\"font-family: verdana,geneva,sans-serif; font-size: 10pt;\"><strong>Notre conclusion<\/strong><\/span><\/p>\n<p style=\"text-align: justify;\"><span style=\"font-family: verdana,geneva,sans-serif; font-size: 10pt;\"><a href=\"http:\/\/www.moucheur.fr\/palm\/wp-content\/uploads\/2015\/08\/20150712_200544.jpg\"><img decoding=\"async\" class=\"alignleft size-medium wp-image-5160\" src=\"http:\/\/www.moucheur.fr\/palm\/wp-content\/uploads\/2015\/08\/20150712_200544-300x166.jpg\" alt=\"20150712_200544\" width=\"300\" height=\"166\" srcset=\"http:\/\/www.moucheur.fr\/palm\/wp-content\/uploads\/2015\/08\/20150712_200544-300x166.jpg 300w, http:\/\/www.moucheur.fr\/palm\/wp-content\/uploads\/2015\/08\/20150712_200544.jpg 660w, http:\/\/www.moucheur.fr\/palm\/wp-content\/uploads\/2015\/08\/20150712_200544-71x40.jpg 71w\" sizes=\"(max-width: 300px) 100vw, 300px\" \/><\/a>Notre note est &#8230;. sans h\u00e9siter de 5 \u00e9toiles pour cette magnifique horloge, m\u00eame si des doutes persistes sur la long\u00e9vit\u00e9, vous pouvez quand m\u00eame \u00eatre s\u00fbr que vous allez faire un tr\u00e8s bon investissement. Pour nous c\u2019est l\u2019un des meilleurs moulinets pour p\u00eacher en rivi\u00e8re sur le march\u00e9 actuel. Les ing\u00e9nieurs de chez JMC ont r\u00e9alis\u00e9 un chef d\u2019\u0153uvre d&#8217;esth\u00e9tique ayant dans son ventre un m\u00e9canisme d&#8217;horlogerie de pr\u00e9cision et le tout d&#8217;une qualit\u00e9 irr\u00e9prochable. Je trouve simplement dommage qu&#8217;il soit pratiquement hors de prix pour la plupart des moucheurs &#8230; mais <span class=\"st\">\u00e7a me rappelle un peu &#8230; non un PEUX le moulinet de nos voisins et amis Suisse que je salut au passage.<\/span><br \/>\n<\/span><\/p>\n<p><span style=\"font-family: verdana,geneva,sans-serif; font-size: 10pt;\"><strong>Points forts\/faibles<\/strong><\/span><\/p>\n<p><span style=\"font-family: verdana,geneva,sans-serif; font-size: 10pt;\">Points forts :<\/span><\/p>\n<ul>\n<li><span style=\"font-family: verdana,geneva,sans-serif; font-size: 10pt;\">+ Le poids<br \/>\n<\/span><\/li>\n<li><span style=\"font-family: verdana,geneva,sans-serif; font-size: 10pt;\">+ Le m\u00e9canisme apparent <em>(esth\u00e9tiquement)<\/em><br \/>\n<\/span><\/li>\n<li><span style=\"font-family: verdana,geneva,sans-serif; font-size: 10pt;\">+ Qualit\u00e9 des pignons et du m\u00e9canisme<\/span><\/li>\n<li><span style=\"font-family: verdana,geneva,sans-serif; font-size: 10pt;\">+ Le frein \u00e0 disques t\u00e9flon avec r\u00e9glage microm\u00e9trique<br \/>\n<\/span><\/li>\n<li><span style=\"font-family: verdana,geneva,sans-serif; font-size: 10pt;\">+ Esth\u00e9tique<\/span><\/li>\n<li><span style=\"font-family: verdana,geneva,sans-serif; font-size: 10pt;\">+ Anti-corrosion<\/span><\/li>\n<\/ul>\n<p><span style=\"font-family: verdana,geneva,sans-serif; font-size: 10pt;\">Points faibles :<\/span><\/p>\n<ul>\n<li><span style=\"font-family: verdana,geneva,sans-serif; font-size: 10pt;\">&#8211; D\u00e9montage de la bobine<\/span><\/li>\n<li>&#8211; <span style=\"font-family: verdana,geneva,sans-serif; font-size: 10pt;\">Le m\u00e9canisme apparent <em>(long\u00e9vit\u00e9 ?)<\/em><br \/>\n<\/span><\/li>\n<li><span style=\"font-family: verdana,geneva,sans-serif; font-size: 10pt;\">&#8211; Le prix<\/span><\/li>\n<\/ul>\n<\/blockquote>\n<blockquote><p><span style=\"font-family: verdana,geneva,sans-serif; font-size: 10pt;\"><strong>Note du site<br \/>\n<\/strong><\/span><\/p>\n<p><span style=\"font-family: verdana,geneva,sans-serif; font-size: 10pt;\">Note du site \/5 :\u00a0<img decoding=\"async\" title=\"4\/5\" src=\"http:\/\/www.moucheur.fr\/_images\/doc\/note_5_etoiles.png\" alt=\"\" width=\"72\" height=\"16\" \/><\/span><\/p>\n<address><span style=\"font-family: verdana,geneva,sans-serif; font-size: 10pt;\">La note de 5\/5<\/span><\/address>\n<address><span style=\"font-family: verdana,geneva,sans-serif; font-size: 10pt;\">Notre critique n\u2019engage que nous \u00e9videment !!! Donnez votre avis \u2026<\/span><\/address>\n<p><span style=\"font-family: verdana,geneva,sans-serif; font-size: 10pt;\"><em><a title=\"Contact moucheur.fr\" href=\"http:\/\/www.moucheur.fr\/palm\/contact\/\" target=\"_blank\">Toutes vos questions\u00a0<\/a>ou dans les\u00a0<\/em><i>commentaires<\/i><\/span><\/p>\n<p><span style=\"font-family: verdana,geneva,sans-serif; font-size: 10pt;\"><strong>Retour d\u2019exp\u00e9rience<br \/>\n<\/strong><\/span><\/p>\n<p><span style=\"font-family: verdana,geneva,sans-serif; font-size: 10pt;\">Dans environ cinq mois, fin f\u00e9vrier\u00a0je ferai un retour d\u2019exp\u00e9rience pour vous informer de l\u2019\u00e9volution de nos sensations sur le moulinet.<\/span><\/p>\n<ul>\n<li><span style=\"font-family: verdana,geneva,sans-serif; font-size: 10pt;\">F\u00e9vrier 2016 :<\/span><\/li>\n<\/ul>\n<p><span style=\"font-family: verdana,geneva,sans-serif; font-size: 10pt;\"><strong>Le meilleur prix du moment<br \/>\n<\/strong><\/span><\/p>\n<p><span style=\"font-family: verdana,geneva,sans-serif; font-size: 10pt;\">Sur le site ou dans les boutiques de <em><strong><a href=\"http:\/\/www.forum-peche-chasse.com\/peche\/moulinet-mouche-564.html?order=tri-prix-decroissant\" target=\"_blank\">Forum Chasse et P\u00eache<\/a><\/strong><\/em><\/span><\/p>\n<p class=\"wpview-selection-before\">\n<\/blockquote>\n","protected":false},"excerpt":{"rendered":"<p>Moulinet Ozone JMC semi-automatique Description du test Nous testons depuis f\u00e9vrier 2015 le moulinet Ozone 36 semi-automatique de chez JMC&hellip;<\/p>\n","protected":false},"author":1,"featured_media":5155,"parent":5234,"menu_order":1,"comment_status":"open","ping_status":"closed","template":"","meta":{"footnotes":""},"categories":[],"tags":[],"class_list":["post-5233","page","type-page","status-publish","has-post-thumbnail","hentry"],"_links":{"self":[{"href":"http:\/\/www.moucheur.fr\/palm\/wp-json\/wp\/v2\/pages\/5233","targetHints":{"allow":["GET"]}}],"collection":[{"href":"http:\/\/www.moucheur.fr\/palm\/wp-json\/wp\/v2\/pages"}],"about":[{"href":"http:\/\/www.moucheur.fr\/palm\/wp-json\/wp\/v2\/types\/page"}],"author":[{"embeddable":true,"href":"http:\/\/www.moucheur.fr\/palm\/wp-json\/wp\/v2\/users\/1"}],"replies":[{"embeddable":true,"href":"http:\/\/www.moucheur.fr\/palm\/wp-json\/wp\/v2\/comments?post=5233"}],"version-history":[{"count":0,"href":"http:\/\/www.moucheur.fr\/palm\/wp-json\/wp\/v2\/pages\/5233\/revisions"}],"up":[{"embeddable":true,"href":"http:\/\/www.moucheur.fr\/palm\/wp-json\/wp\/v2\/pages\/5234"}],"wp:featuredmedia":[{"embeddable":true,"href":"http:\/\/www.moucheur.fr\/palm\/wp-json\/wp\/v2\/media\/5155"}],"wp:attachment":[{"href":"http:\/\/www.moucheur.fr\/palm\/wp-json\/wp\/v2\/media?parent=5233"}],"wp:term":[{"taxonomy":"category","embeddable":true,"href":"http:\/\/www.moucheur.fr\/palm\/wp-json\/wp\/v2\/categories?post=5233"},{"taxonomy":"post_tag","embeddable":true,"href":"http:\/\/www.moucheur.fr\/palm\/wp-json\/wp\/v2\/tags?post=5233"}],"curies":[{"name":"wp","href":"https:\/\/api.w.org\/{rel}","templated":true}]}}