{"id":69,"date":"2013-08-20T18:49:02","date_gmt":"2013-08-20T16:49:02","guid":{"rendered":"http:\/\/www.moucheur.fr\/palm\/?page_id=69"},"modified":"2021-09-28T13:00:03","modified_gmt":"2021-09-28T11:00:03","slug":"partenaire","status":"publish","type":"page","link":"http:\/\/www.moucheur.fr\/palm\/info-du-site\/promo-des-sites-partenaires\/partenaire\/","title":{"rendered":"Partenaires"},"content":{"rendered":"<div id=\"pl-69\">\n<div id=\"pg-69-0\">\n<div id=\"pgc-69-0-0\" data-weight=\"1\">\n<div id=\"panel-69-0-0-0\" data-index=\"0\">\n<div>\n<div>\n<h3 style=\"text-align: center;\"><strong>PARTENAIRE DU SITE<\/strong><\/h3>\n<h3 style=\"text-align: center;\"><strong>CODE PROMO DES PARTENAIRES<\/strong><\/h3>\n<p>&nbsp;<\/p>\n<\/div>\n<\/div>\n<p>&nbsp;<\/p>\n<div>\n<div>\n<div><\/div>\n<div><\/div>\n<div style=\"text-align: justify;\"><a href=\"http:\/\/www.forum-peche-chasse.com\/p-forum-chasse-peche-valence.html\"><img decoding=\"async\" class=\"alignleft\" src=\"http:\/\/www.moucheur.fr\/palm\/wp-content\/uploads\/2013\/08\/header_logo-11-300x139.png\" alt=\"header_logo (1)\" width=\"300\" height=\"139\" \/><\/a><span style=\"font-size: 20px;\">L&#8217;\u00e9quipe Forum Chasse P\u00eache \u00e0 Valence sera heureuse de vous accueillir dans sa boutique situ\u00e9 \u00e0: Les \u00eeles Girodets &#8211; all\u00e9e Andr\u00e9 Revol, 26500 Bourg Les Valence. Sur simple pr\u00e9sentation de la carte moucheur.fr vous avez 10% de remise en caisse exclusivement en magasin. Vous pouvez \u00e9galement faire votre choix directement sur ce site et \u00eatre livr\u00e9s directement chez vous. Vous pourrez d\u00e9couvrir une large gamme de + de 25000 produits de chasse et de p\u00eache. Nous sommes ouverts du mardi au vendredi de 9h15 \u00e0 12h00 et 14h \u00e0 19h00 &#8211; Samedi 9h00 \u00e0 12h00 et 14h \u00e0 19h00. \u00a0Nous r\u00e9pondrons \u00e0 toutes vos questions au 04 75 40 95 49.<\/span><\/div>\n<div><\/div>\n<\/div>\n<\/div>\n<\/div>\n<\/div>\n<\/div>\n<\/div>\n<div><\/div>\n<div id=\"pl-69\">\n<div id=\"pg-69-0\">\n<div id=\"pgc-69-0-0\" data-weight=\"1\">\n<div id=\"panel-69-0-0-0\" data-index=\"0\">\n<div>\n<div>\n<div>\n<hr \/>\n<\/div>\n<\/div>\n<\/div>\n<\/div>\n<\/div>\n<\/div>\n<\/div>\n<div><\/div>\n<div><\/div>\n<div id=\"pl-69\">\n<div id=\"pg-69-0\">\n<div id=\"pgc-69-0-0\" data-weight=\"1\">\n<div id=\"panel-69-0-0-0\" data-index=\"0\">\n<div>\n<div>\n<div><\/div>\n<div>\n<p style=\"text-align: justify;\"><span style=\"font-size: 20px;\"><a href=\"http:\/\/www.damfly.fr\/\" target=\"_blank\" rel=\"noopener\"><img decoding=\"async\" class=\"alignright\" src=\"https:\/\/www.moucheur.fr\/palm\/wp-content\/uploads\/2020\/10\/damfly-300x169.png\" alt=\"\" width=\"300\" height=\"169\" \/><\/a>Nous sommes heureux de vous pr\u00e9senter notre partenaire privil\u00e9gi\u00e9, j&#8217;ai nomm\u00e9 la soci\u00e9t\u00e9 DAMFLY, avec laquelle nous avons sign\u00e9 un partenariat cette ann\u00e9e. La soci\u00e9t\u00e9 DAMFLY va r\u00e9aliser la fabrication ainsi que la distribution de notre Station de Montage Mouche (SMM) que nous avions cr\u00e9\u00e9 en 2013, elle en a la totale exclusivit\u00e9.<\/span><\/p>\n<p>&nbsp;<\/p>\n<p><a href=\"http:\/\/www.damfly.fr\/\"><img decoding=\"async\" src=\"https:\/\/www.moucheur.fr\/palm\/wp-content\/uploads\/2021\/09\/damfly_banniere.png\" alt=\"\" width=\"720\" height=\"90\" \/><\/a><\/p>\n<\/div>\n<\/div>\n<\/div>\n<\/div>\n<\/div>\n<\/div>\n<\/div>\n<p>&nbsp;<\/p>\n<hr \/>\n<div id=\"pl-69\">\n<div id=\"pg-69-0\">\n<div id=\"pgc-69-0-0\" data-weight=\"1\">\n<div id=\"panel-69-0-0-0\" data-index=\"0\">\n<div>\n<div>\n<div><\/div>\n<div><\/div>\n<div><a href=\"https:\/\/www.rilap.com\/\" target=\"_blank\" rel=\"noopener\"><img decoding=\"async\" src=\"https:\/\/www.moucheur.fr\/palm\/wp-content\/uploads\/2021\/07\/Logo_Rilap-300x104.jpg\" alt=\"\" width=\"150\" height=\"52\" \/><\/a><\/div>\n<div><\/div>\n<div><span style=\"font-size: 20px;\">Notre partenaire RILAP\u00a0 &#8211; 10 % de remise \u00e0 la commande pour les membres du site, sur tout le site et toute l\u2019ann\u00e9e en plus du port gratuit. code promo : moucheurfr<\/span><\/div>\n<div><\/div>\n<div><a href=\"https:\/\/www.rilap.com\/\" target=\"_blank\" rel=\"noopener\"><img decoding=\"async\" class=\"aligncenter\" src=\"https:\/\/www.moucheur.fr\/palm\/wp-content\/uploads\/2015\/02\/rilap-e1424697299681.jpg\" alt=\"\" width=\"700\" height=\"124\" \/><\/a><\/div>\n<\/div>\n<\/div>\n<\/div>\n<div><\/div>\n<\/div>\n<\/div>\n<\/div>\n<div id=\"pl-69\">\n<div id=\"pg-69-0\">\n<div id=\"pgc-69-0-0\" data-weight=\"1\">\n<div id=\"panel-69-0-0-0\" data-index=\"0\">\n<div>\n<div>\n<div>\n<hr \/>\n<\/div>\n<\/div>\n<\/div>\n<\/div>\n<\/div>\n<\/div>\n<\/div>\n<div><\/div>\n<div><\/div>\n<h3><\/h3>\n<div id=\"pl-69\">\n<div id=\"pg-69-0\">\n<div id=\"pgc-69-0-0\" data-weight=\"1\">\n<div id=\"panel-69-0-0-0\" data-index=\"0\">\n<div>\n<div>\n<h3>\u00a0PARTENAIRE HALIEUTIQUE<\/h3>\n<p>&nbsp;<\/p>\n<p><a href=\"http:\/\/www.chti-moucheur.com\/recyclage\" target=\"_blank\" rel=\"http:\/\/www.chti-moucheur.com\/recyclage noopener\"><img decoding=\"async\" class=\"aligncenter\" title=\"Recyclamouche\" src=\"http:\/\/www.moucheur.fr\/palm\/wp-content\/uploads\/2013\/08\/Recyclamouche.jpg\" alt=\"Recyclamouche\" width=\"730\" height=\"163\" \/><\/a><br \/>\n<span style=\"font-size: 20px;\">Nous soutenons <a href=\"http:\/\/www.chti-moucheur.com\/recyclage\" target=\"_blank\" rel=\"noopener\">Recyclamouche<\/a> mais tellement d\u2019actualit\u00e9\u00a0pour cette id\u00e9e originale de r\u00e9cup\u00e9rer du mat\u00e9riel d&#8217;occasion pour en faire profiter les d\u00e9butants et les \u00e9coles de p\u00eache.<\/span><\/p>\n<\/div>\n<\/div>\n<\/div>\n<\/div>\n<\/div>\n<\/div>\n<p>&nbsp;<\/p>\n<div id=\"pl-69\">\n<div id=\"pg-69-0\">\n<div id=\"pgc-69-0-0\" data-weight=\"1\">\n<div id=\"panel-69-0-0-0\" data-index=\"0\">\n<div>\n<div>\n<hr \/>\n<\/div>\n<\/div>\n<\/div>\n<\/div>\n<\/div>\n<\/div>\n<p>&nbsp;<\/p>\n<div id=\"pl-69\">\n<div id=\"pg-69-0\">\n<div id=\"pgc-69-0-0\" data-weight=\"1\">\n<div id=\"panel-69-0-0-0\" data-index=\"0\">\n<div>\n<div>\n<h3>PARTENAIRE AAPPMA<\/h3>\n<p>&nbsp;<\/p>\n<p><span style=\"font-size: 20px;\"><strong>Association des P\u00eacheurs de la Plaine de Valence<\/strong><\/span><\/p>\n<p><a href=\"http:\/\/www.appv.fr\/\" target=\"_blank\" rel=\"http:\/\/www.appv.fr\/ noopener\"><img decoding=\"async\" src=\"http:\/\/www.moucheur.fr\/palm\/wp-content\/uploads\/2015\/12\/Titre-blog1.jpg\" alt=\"Titre-blog1\" width=\"870\" height=\"84\" \/><\/a><\/p>\n<p>&nbsp;<\/p>\n<p><span style=\"font-size: 20px;\">12, rue de l\u2019Arm\u00e9e Belge 26 000 Valence\u00a0\u00a0\u00a0 mail: asso.appv@gmail.com\u00a0\u00a0\u00a0 Tel: 06 79 22 43 13<\/span><\/p>\n<\/div>\n<p>&nbsp;<\/p>\n<div>\n<hr \/>\n<\/div>\n<\/div>\n<h3><\/h3>\n<h3>AAPPMA LA TRUITE DE LA GALAURE<\/h3>\n<p>&nbsp;<\/p>\n<\/div>\n<\/div>\n<hr \/>\n<\/div>\n<\/div>\n<p>&nbsp;<\/p>\n<h3>AAPPMA DES P\u00caCHEURS DU HAUT DOUX<\/h3>\n<p>&nbsp;<\/p>\n<hr \/>\n<h3 data-dtype=\"d3ifr\" data-local-attribute=\"d3bn\" data-attrid=\"title\" data-ved=\"2ahUKEwjY5_WNwaHzAhVF5eAKHQqdDHUQ3B0oAXoFCKUBEAI\"><\/h3>\n<h3 class=\"qrShPb kno-ecr-pt PZPZlf mfMhoc hNKfZe\" data-dtype=\"d3ifr\" data-local-attribute=\"d3bn\" data-attrid=\"title\" data-ved=\"2ahUKEwjY5_WNwaHzAhVF5eAKHQqdDHUQ3B0oAXoFCKUBEAI\">AAPPMA DE L&#8217;EYRIEUX AU RH\u00d4NE<\/h3>\n<p>&nbsp;<\/p>\n","protected":false},"excerpt":{"rendered":"<p>PARTENAIRE DU SITE CODE PROMO DES PARTENAIRES &nbsp; &nbsp; L&#8217;\u00e9quipe Forum Chasse P\u00eache \u00e0 Valence sera heureuse de vous accueillir&hellip;<\/p>\n","protected":false},"author":1,"featured_media":0,"parent":115,"menu_order":0,"comment_status":"closed","ping_status":"open","template":"","meta":{"footnotes":""},"categories":[],"tags":[818,123,817],"class_list":["post-69","page","type-page","status-publish","hentry","tag-forum","tag-partenaire","tag-rilap"],"_links":{"self":[{"href":"http:\/\/www.moucheur.fr\/palm\/wp-json\/wp\/v2\/pages\/69","targetHints":{"allow":["GET"]}}],"collection":[{"href":"http:\/\/www.moucheur.fr\/palm\/wp-json\/wp\/v2\/pages"}],"about":[{"href":"http:\/\/www.moucheur.fr\/palm\/wp-json\/wp\/v2\/types\/page"}],"author":[{"embeddable":true,"href":"http:\/\/www.moucheur.fr\/palm\/wp-json\/wp\/v2\/users\/1"}],"replies":[{"embeddable":true,"href":"http:\/\/www.moucheur.fr\/palm\/wp-json\/wp\/v2\/comments?post=69"}],"version-history":[{"count":0,"href":"http:\/\/www.moucheur.fr\/palm\/wp-json\/wp\/v2\/pages\/69\/revisions"}],"up":[{"embeddable":true,"href":"http:\/\/www.moucheur.fr\/palm\/wp-json\/wp\/v2\/pages\/115"}],"wp:attachment":[{"href":"http:\/\/www.moucheur.fr\/palm\/wp-json\/wp\/v2\/media?parent=69"}],"wp:term":[{"taxonomy":"category","embeddable":true,"href":"http:\/\/www.moucheur.fr\/palm\/wp-json\/wp\/v2\/categories?post=69"},{"taxonomy":"post_tag","embeddable":true,"href":"http:\/\/www.moucheur.fr\/palm\/wp-json\/wp\/v2\/tags?post=69"}],"curies":[{"name":"wp","href":"https:\/\/api.w.org\/{rel}","templated":true}]}}