{"id":10020,"date":"2020-08-04T08:19:44","date_gmt":"2020-08-04T06:19:44","guid":{"rendered":"https:\/\/www.moucheur.fr\/palm\/?page_id=10020"},"modified":"2020-08-04T08:19:44","modified_gmt":"2020-08-04T06:19:44","slug":"sortie-en-riviere","status":"publish","type":"page","link":"https:\/\/www.moucheur.fr\/palm\/sortie-en-riviere\/","title":{"rendered":"Sortie en rivi\u00e8re"},"content":{"rendered":"<div id=\"pl-10020\"  class=\"panel-layout\" ><div id=\"pg-10020-0\"  class=\"panel-grid panel-no-style\" ><div id=\"pgc-10020-0-0\"  class=\"panel-grid-cell\" ><div id=\"panel-10020-0-0-0\" class=\"so-panel widget widget_sow-editor panel-first-child panel-last-child\" data-index=\"0\" ><div\n\t\t\t\n\t\t\tclass=\"so-widget-sow-editor so-widget-sow-editor-base\"\n\t\t\t\n\t\t>\n<div class=\"siteorigin-widget-tinymce textwidget\">\n\t      <div id=\"post-grid-lazy-10018\" class=\"post-grid-lazy\"><img decoding=\"async\" alt=\"\" src=\"https:\/\/www.moucheur.fr\/palm\/wp-content\/uploads\/2021\/11\/ajax-loader-1.gif\" \/><\/div>\n    <script>\n      jQuery('#post-grid-lazy-10018').ready(function($) {\n        $('#post-grid-lazy-10018').fadeOut();\n        $('#post-grid-10018   ').fadeIn();\n      })\n    <\/script>\n    <style type=\"text\/css\">\n      #post-grid-10018 {\n        display: none;\n      }\n\n      .post-grid-lazy {\n        text-align: center;\n      }\n    <\/style>\n    <div data-options='{&quot;id&quot;:&quot;10018&quot;,&quot;lazy_load&quot;:&quot;yes&quot;,&quot;masonry_enable&quot;:&quot;no&quot;,&quot;view_type&quot;:&quot;grid&quot;}' id=\"post-grid-10018\" class=\"post-grid grid\">\n    \n\n\n    <div class=\"grid-items\">\n      <div class=\"item item-50723 skin flat even 0 \">\n        <div class=\"layer-wrapper layout-50265\">\n          <div class=\"layer-media element_1587187627902\"\r\n        id=\"\">\r\n        <div\r\n        class=\"element element_1587190790308  element-media \">\r\n        <a target=\"_self\" href=\"https:\/\/www.moucheur.fr\/palm\/gueule-de-bois\/\"><img decoding=\"async\" width=\"150\" height=\"150\" src=\"https:\/\/www.moucheur.fr\/palm\/wp-content\/uploads\/2022\/09\/306802154_458643552873827_4319505446249794149_n-e1663920678356-150x150.jpg\" class=\"attachment-thumbnail size-thumbnail wp-post-image\" alt=\"\" \/><\/a>    <\/div>\r\n    <\/div>\r\n    <div class=\"layer-content element_1587187714568\"\r\n        id=\"\">\r\n        <div class=\"element element_1587187895341  title \">\r\n                    <a target=\"_blank\"\r\n                href=\"https:\/\/www.moucheur.fr\/palm\/gueule-de-bois\/\">Gueule de bois !<\/a>\r\n            <\/div>\r\n    <div class=\"element element_1587187729822  excerpt \">\r\n        Chaque ann\u00e9e, depuis que je p\u00e8che \u00e0 la mouche, j\u2019ai une esp\u00e8ce de gueule de bois le lendemain de la                    <a target=\"_blank\"\r\n                href=\"https:\/\/www.moucheur.fr\/palm\/gueule-de-bois\/\">Lire la suite<\/a>\r\n            <\/div>\r\n    <\/div>\r\n    <\/div>\n  <\/div><div class=\"item item-21098 skin flat odd 1 \">\n        <div class=\"layer-wrapper layout-50265\">\n          <div class=\"layer-media element_1587187627902\"\r\n        id=\"\">\r\n        <div\r\n        class=\"element element_1587190790308  element-media \">\r\n        <a target=\"_self\" href=\"https:\/\/www.moucheur.fr\/palm\/redecouverte-riviere\/\"><img decoding=\"async\" width=\"150\" height=\"150\" src=\"https:\/\/www.moucheur.fr\/palm\/wp-content\/uploads\/2021\/06\/IMG011-150x150.jpg\" class=\"attachment-thumbnail size-thumbnail wp-post-image\" alt=\"\" \/><\/a>    <\/div>\r\n    <\/div>\r\n    <div class=\"layer-content element_1587187714568\"\r\n        id=\"\">\r\n        <div class=\"element element_1587187895341  title \">\r\n                    <a target=\"_blank\"\r\n                href=\"https:\/\/www.moucheur.fr\/palm\/redecouverte-riviere\/\">Red\u00e9couverte d'une rivi\u00e8re<\/a>\r\n            <\/div>\r\n    <div class=\"element element_1587187729822  excerpt \">\r\n        J\u2019avais l\u2019habitude d\u2019aller sur l\u2019Orb sur le no-kill du Bousquet d\u2019Orb et celui d\u2019Av\u00e8ne                    <a target=\"_blank\"\r\n                href=\"https:\/\/www.moucheur.fr\/palm\/redecouverte-riviere\/\">Lire la suite<\/a>\r\n            <\/div>\r\n    <\/div>\r\n    <\/div>\n  <\/div><div class=\"item item-10902 skin flat even 2 \">\n        <div class=\"layer-wrapper layout-50265\">\n          <div class=\"layer-media element_1587187627902\"\r\n        id=\"\">\r\n        <div\r\n        class=\"element element_1587190790308  element-media \">\r\n        <a target=\"_self\" href=\"https:\/\/www.moucheur.fr\/palm\/sortie-en-ardeche\/\"><img decoding=\"async\" width=\"150\" height=\"150\" src=\"https:\/\/www.moucheur.fr\/palm\/wp-content\/uploads\/2021\/05\/Ardeche-2021-e1623334140150-150x150.jpg\" class=\"attachment-thumbnail size-thumbnail wp-post-image\" alt=\"\" \/><\/a>    <\/div>\r\n    <\/div>\r\n    <div class=\"layer-content element_1587187714568\"\r\n        id=\"\">\r\n        <div class=\"element element_1587187895341  title \">\r\n                    <a target=\"_blank\"\r\n                href=\"https:\/\/www.moucheur.fr\/palm\/sortie-en-ardeche\/\">Sortie en Ard\u00e8che<\/a>\r\n            <\/div>\r\n    <div class=\"element element_1587187729822  excerpt \">\r\n        Petite sortie en Ard\u00e8che en mars 2021                    <a target=\"_blank\"\r\n                href=\"https:\/\/www.moucheur.fr\/palm\/sortie-en-ardeche\/\">Lire la suite<\/a>\r\n            <\/div>\r\n    <\/div>\r\n    <\/div>\n  <\/div><div class=\"item item-10283 skin flat odd 3 \">\n        <div class=\"layer-wrapper layout-50265\">\n          <div class=\"layer-media element_1587187627902\"\r\n        id=\"\">\r\n        <div\r\n        class=\"element element_1587190790308  element-media \">\r\n        <a target=\"_self\" href=\"https:\/\/www.moucheur.fr\/palm\/compte-rendu-du-sejour-sur-le-segre\/\"><img decoding=\"async\" width=\"150\" height=\"150\" src=\"https:\/\/www.moucheur.fr\/palm\/wp-content\/uploads\/2020\/09\/3744466D-E6C5-48E6-86A9-81695D8588D2-e1623333851685-150x150.jpg\" class=\"attachment-thumbnail size-thumbnail wp-post-image\" alt=\"\" \/><\/a>    <\/div>\r\n    <\/div>\r\n    <div class=\"layer-content element_1587187714568\"\r\n        id=\"\">\r\n        <div class=\"element element_1587187895341  title \">\r\n                    <a target=\"_blank\"\r\n                href=\"https:\/\/www.moucheur.fr\/palm\/compte-rendu-du-sejour-sur-le-segre\/\">Retour du s\u00e9jour sur le S\u00e8gre<\/a>\r\n            <\/div>\r\n    <div class=\"element element_1587187729822  excerpt \">\r\n        Compte rendu du s\u00e9jour de p\u00eache \u00e0 la mouche de 2 membres du club MOUCHEUR.FR, sur le Haut S\u00e8gre dans                    <a target=\"_blank\"\r\n                href=\"https:\/\/www.moucheur.fr\/palm\/compte-rendu-du-sejour-sur-le-segre\/\">Lire la suite<\/a>\r\n            <\/div>\r\n    <\/div>\r\n    <\/div>\n  <\/div><div class=\"item item-10224 skin flat even 4 \">\n        <div class=\"layer-wrapper layout-50265\">\n          <div class=\"layer-media element_1587187627902\"\r\n        id=\"\">\r\n        <div\r\n        class=\"element element_1587190790308  element-media \">\r\n        <a target=\"_self\" href=\"https:\/\/www.moucheur.fr\/palm\/ortie-sur-larc-a-termignon-moucheur-fr-sortie-no-kill\/\"><img decoding=\"async\" width=\"150\" height=\"150\" src=\"https:\/\/www.moucheur.fr\/palm\/wp-content\/uploads\/2020\/09\/20200902_163826-scaled-e1624299410860-150x150.jpg\" class=\"attachment-thumbnail size-thumbnail wp-post-image\" alt=\"\" \/><\/a>    <\/div>\r\n    <\/div>\r\n    <div class=\"layer-content element_1587187714568\"\r\n        id=\"\">\r\n        <div class=\"element element_1587187895341  title \">\r\n                    <a target=\"_blank\"\r\n                href=\"https:\/\/www.moucheur.fr\/palm\/ortie-sur-larc-a-termignon-moucheur-fr-sortie-no-kill\/\">Sortie sur l'Arc \u00e0 Termignon<\/a>\r\n            <\/div>\r\n    <div class=\"element element_1587187729822  excerpt \">\r\n        D\u00e9but septembre, nous \u00e9tions 5 membres \u00e0 cette sortie sur le no-kill de la rivi\u00e8re Arc \u00e0 Termignon. Une belle                    <a target=\"_blank\"\r\n                href=\"https:\/\/www.moucheur.fr\/palm\/ortie-sur-larc-a-termignon-moucheur-fr-sortie-no-kill\/\">Lire la suite<\/a>\r\n            <\/div>\r\n    <\/div>\r\n    <\/div>\n  <\/div><div class=\"item item-9585 skin flat odd 5 \">\n        <div class=\"layer-wrapper layout-50265\">\n          <div class=\"layer-media element_1587187627902\"\r\n        id=\"\">\r\n        <div\r\n        class=\"element element_1587190790308  element-media \">\r\n        <a target=\"_self\" href=\"https:\/\/www.moucheur.fr\/palm\/sejour-sur-la-sorgue\/\"><img decoding=\"async\" width=\"150\" height=\"150\" src=\"https:\/\/www.moucheur.fr\/palm\/wp-content\/uploads\/2020\/07\/sorgue-2020-scaled-e1623334058860-150x150.jpg\" class=\"attachment-thumbnail size-thumbnail wp-post-image\" alt=\"\" \/><\/a>    <\/div>\r\n    <\/div>\r\n    <div class=\"layer-content element_1587187714568\"\r\n        id=\"\">\r\n        <div class=\"element element_1587187895341  title \">\r\n                    <a target=\"_blank\"\r\n                href=\"https:\/\/www.moucheur.fr\/palm\/sejour-sur-la-sorgue\/\">S\u00e9jour sur la Sorgue<\/a>\r\n            <\/div>\r\n    <div class=\"element element_1587187729822  excerpt \">\r\n        En cette deuxi\u00e8me semaine de juillet nous voil\u00e0 partie pour notre premier petit s\u00e9jour de la saison. Nous \u00e9tions sur                    <a target=\"_blank\"\r\n                href=\"https:\/\/www.moucheur.fr\/palm\/sejour-sur-la-sorgue\/\">Lire la suite<\/a>\r\n            <\/div>\r\n    <\/div>\r\n    <\/div>\n  <\/div><div class=\"item item-9464 skin flat even 6 \">\n        <div class=\"layer-wrapper layout-50265\">\n          <div class=\"layer-media element_1587187627902\"\r\n        id=\"\">\r\n        <div\r\n        class=\"element element_1587190790308  element-media \">\r\n        <a target=\"_self\" href=\"https:\/\/www.moucheur.fr\/palm\/reco-sur-la-cance\/\"><img decoding=\"async\" width=\"150\" height=\"150\" src=\"https:\/\/www.moucheur.fr\/palm\/wp-content\/uploads\/2020\/06\/20200615_213149-150x150.jpg\" class=\"attachment-thumbnail size-thumbnail wp-post-image\" alt=\"\" \/><\/a>    <\/div>\r\n    <\/div>\r\n    <div class=\"layer-content element_1587187714568\"\r\n        id=\"\">\r\n        <div class=\"element element_1587187895341  title \">\r\n                    <a target=\"_blank\"\r\n                href=\"https:\/\/www.moucheur.fr\/palm\/reco-sur-la-cance\/\">Reco sur la Cance<\/a>\r\n            <\/div>\r\n    <div class=\"element element_1587187729822  excerpt \">\r\n        Lundi 15 juin \u00e0 18h30, me voil\u00e0 en balade pour 3 heures de p\u00eache sur la Cance (Gestion AAPPMA Annonay)                    <a target=\"_blank\"\r\n                href=\"https:\/\/www.moucheur.fr\/palm\/reco-sur-la-cance\/\">Lire la suite<\/a>\r\n            <\/div>\r\n    <\/div>\r\n    <\/div>\n  <\/div><div class=\"item item-9428 skin flat odd 7 \">\n        <div class=\"layer-wrapper layout-50265\">\n          <div class=\"layer-media element_1587187627902\"\r\n        id=\"\">\r\n        <div\r\n        class=\"element element_1587190790308  element-media \">\r\n        <a target=\"_self\" href=\"https:\/\/www.moucheur.fr\/palm\/sortie-sur-le-bes\/\"><img decoding=\"async\" width=\"150\" height=\"150\" src=\"https:\/\/www.moucheur.fr\/palm\/wp-content\/uploads\/2020\/06\/20200524_112432-150x150.jpg\" class=\"attachment-thumbnail size-thumbnail wp-post-image\" alt=\"\" \/><\/a>    <\/div>\r\n    <\/div>\r\n    <div class=\"layer-content element_1587187714568\"\r\n        id=\"\">\r\n        <div class=\"element element_1587187895341  title \">\r\n                    <a target=\"_blank\"\r\n                href=\"https:\/\/www.moucheur.fr\/palm\/sortie-sur-le-bes\/\">Sortie sur le B\u00e8s<\/a>\r\n            <\/div>\r\n    <div class=\"element element_1587187729822  excerpt \">\r\n        Le 24 mai nous voila partis avec Fabien pour une petite sortie sur le B\u00e8s \u00e0 Ch\u00e2tillon en Diois. Un                    <a target=\"_blank\"\r\n                href=\"https:\/\/www.moucheur.fr\/palm\/sortie-sur-le-bes\/\">Lire la suite<\/a>\r\n            <\/div>\r\n    <\/div>\r\n    <\/div>\n  <\/div><div class=\"item item-9357 skin flat even 8 \">\n        <div class=\"layer-wrapper layout-50265\">\n          <div class=\"layer-media element_1587187627902\"\r\n        id=\"\">\r\n        <div\r\n        class=\"element element_1587190790308  element-media \">\r\n        <a target=\"_self\" href=\"https:\/\/www.moucheur.fr\/palm\/initiation-coup-du-soir-sur-la-bourne\/\"><img decoding=\"async\" width=\"150\" height=\"150\" src=\"https:\/\/www.moucheur.fr\/palm\/wp-content\/uploads\/2020\/05\/20200521_192016-150x150.jpg\" class=\"attachment-thumbnail size-thumbnail wp-post-image\" alt=\"\" \/><\/a>    <\/div>\r\n    <\/div>\r\n    <div class=\"layer-content element_1587187714568\"\r\n        id=\"\">\r\n        <div class=\"element element_1587187895341  title \">\r\n                    <a target=\"_blank\"\r\n                href=\"https:\/\/www.moucheur.fr\/palm\/initiation-coup-du-soir-sur-la-bourne\/\">Initiation coup du soir sur la Bourne<\/a>\r\n            <\/div>\r\n    <div class=\"element element_1587187729822  excerpt \">\r\n        Pour la deuxi\u00e8me initiation de Patrice notre derni\u00e8re recrue nous sommes all\u00e9s sur la Bourne, histoires de faire d\u00e9couvrir les                    <a target=\"_blank\"\r\n                href=\"https:\/\/www.moucheur.fr\/palm\/initiation-coup-du-soir-sur-la-bourne\/\">Lire la suite<\/a>\r\n            <\/div>\r\n    <\/div>\r\n    <\/div>\n  <\/div><div class=\"item item-9195 skin flat odd 9 \">\n        <div class=\"layer-wrapper layout-50265\">\n          <div class=\"layer-media element_1587187627902\"\r\n        id=\"\">\r\n        <div\r\n        class=\"element element_1587190790308  element-media \">\r\n        <a target=\"_self\" href=\"https:\/\/www.moucheur.fr\/palm\/ouverture-2020\/\"><img decoding=\"async\" width=\"150\" height=\"150\" src=\"https:\/\/www.moucheur.fr\/palm\/wp-content\/uploads\/2020\/03\/ouverture-2020-150x150.jpg\" class=\"attachment-thumbnail size-thumbnail wp-post-image\" alt=\"\" \/><\/a>    <\/div>\r\n    <\/div>\r\n    <div class=\"layer-content element_1587187714568\"\r\n        id=\"\">\r\n        <div class=\"element element_1587187895341  title \">\r\n                    <a target=\"_blank\"\r\n                href=\"https:\/\/www.moucheur.fr\/palm\/ouverture-2020\/\">Ouverture 2020<\/a>\r\n            <\/div>\r\n    <div class=\"element element_1587187729822  excerpt \">\r\n        Et voila une nouvelle saison vient de commencer avec cette ouverture 2020. Nous n'avons cette ann\u00e9e encore rien pr\u00e9lev\u00e9 au                    <a target=\"_blank\"\r\n                href=\"https:\/\/www.moucheur.fr\/palm\/ouverture-2020\/\">Lire la suite<\/a>\r\n            <\/div>\r\n    <\/div>\r\n    <\/div>\n  <\/div>    <\/div>\n          <style type=\"text\/css\">\r\n            .layout-50265 .element_1587187627902 {\r\n                            }\r\n\r\n                    <\/style>\r\n        <style type=\"text\/css\">\r\n        .layout-50265 .element_1587190790308 {\r\n            overflow: hidden;\r\n                    }\r\n\r\n        .layout-50265 .element_1587190790308 img {\r\n            max-width: 100%;\r\n            height: auto;\r\n        }\r\n\r\n        @media only screen and (min-width: 1024px) {\r\n            .layout-50265 .element_1587190790308 {\r\n                height: auto;\r\n                            }\r\n        }\r\n\r\n        @media only screen and (min-width: 768px) and (max-width: 1023px) {\r\n            .layout-50265 .element_1587190790308 {\r\n                height: auto;\r\n                            }\r\n        }\r\n\r\n        @media only screen and (min-width: 0px) and (max-width: 767px) {\r\n            .layout-50265 .element_1587190790308 {\r\n                height: auto;\r\n                            }\r\n        }\r\n    <\/style>\r\n        <style type=\"text\/css\">\r\n            .layout-50265 .element_1587187714568 {\r\n                margin: 10px;\r\n                            }\r\n\r\n                    <\/style>\r\n        <style type=\"text\/css\">\r\n        .layout-50265 .element_1587187895341 {\r\n            font-size: 18px;\r\n            margin: 5px 0;\r\n            text-align: left;\r\n                    }\r\n\r\n        .layout-50265 .element_1587187895341 a {\r\n            font-size: 18px;\r\n            margin: 5px 0;\r\n            text-align: left;\r\n                    }\r\n    <\/style>\r\n    <style type=\"text\/css\">\r\n        .layout-50265 .element_1587187729822 {\r\n            font-size: 14px;\r\n            margin: 10px 0;\r\n            text-align: left;\r\n                    }\r\n\r\n        .layout-50265 .element_1587187729822 a {\r\n            font-size: 14px;\r\n                    }\r\n    <\/style>\r\n        <style type=\"text\/css\">\n      .layout-50265 a{text-decoration:none}.layout-50265 .layer-media{background:#fff none repeat scroll 0 0;border-radius:50%;overflow:hidden}    <\/style>\n    <script>\n          <\/script>\n    <style type=\"text\/css\">\n    #post-grid-10018 {\n      padding: 10px;\n      background-color: #474747;\n          }\n\n    #post-grid-10018 .item {\n      padding: 0px;\n      background: #2d2d2d;\n          }\n\n    #post-grid-10018 .item .layer-media {\n      height:auto;    }\n\n    @media only screen and (min-width: 0px) and (max-width: 767px) {\n      #post-grid-10018 .grid-items {\n        text-align: center;\n              }\n\n      #post-grid-10018 .item {\n        width: 90%;\n        margin: 10px;\n        display: inline-block;\n        vertical-align: top;\n        height:auto;      }\n    }\n\n    @media only screen and (min-width: 768px) and (max-width: 1023px) {\n      #post-grid-10018 .grid-items {\n        text-align: center;\n              }\n\n      #post-grid-10018 .item {\n        width: 180px;\n        margin: 10px;\n        display: inline-block;\n        vertical-align: top;\n        max-height:auto;      }\n    }\n\n    @media only screen and (min-width: 1024px) {\n      #post-grid-10018 .grid-items {\n        text-align: center;\n              }\n\n      #post-grid-10018 .item {\n        width: 230px;\n        display: inline-block;\n        margin: 10px;\n        vertical-align: top;\n        height:auto;      }\n    }\n\n      <\/style>\n  <\/div>\n\n<\/div>\n<\/div><\/div><\/div><\/div><div id=\"pg-10020-1\"  class=\"panel-grid panel-no-style\" ><div id=\"pgc-10020-1-0\"  class=\"panel-grid-cell\" ><div id=\"panel-10020-1-0-0\" class=\"so-panel widget widget_sow-editor panel-first-child panel-last-child\" data-index=\"1\" ><div\n\t\t\t\n\t\t\tclass=\"so-widget-sow-editor so-widget-sow-editor-base\"\n\t\t\t\n\t\t>\n<div class=\"siteorigin-widget-tinymce textwidget\">\n\t<script async src=\"\/\/pagead2.googlesyndication.com\/pagead\/js\/adsbygoogle.js\"><\/script>\r\n<!-- moucheurgoogle2015 -->\r\n<ins class=\"adsbygoogle\"\r\n     style=\"display:inline-block;width:728px;height:90px\"\r\n     data-ad-client=\"ca-pub-3761698486073990\"\r\n     data-ad-slot=\"8176639945\"><\/ins>\r\n<script>\r\n(adsbygoogle = window.adsbygoogle || []).push({});\r\n<\/script>\n<\/div>\n<\/div><\/div><\/div><\/div><\/div>","protected":false},"excerpt":{"rendered":"<p>Gueule de bois ! Chaque ann\u00e9e, depuis que je p\u00e8che \u00e0 la mouche, j\u2019ai une esp\u00e8ce de gueule de bois&hellip;<\/p>\n","protected":false},"author":1,"featured_media":0,"parent":0,"menu_order":0,"comment_status":"closed","ping_status":"closed","template":"","meta":{"footnotes":""},"categories":[],"tags":[],"class_list":["post-10020","page","type-page","status-publish","hentry"],"_links":{"self":[{"href":"https:\/\/www.moucheur.fr\/palm\/wp-json\/wp\/v2\/pages\/10020","targetHints":{"allow":["GET"]}}],"collection":[{"href":"https:\/\/www.moucheur.fr\/palm\/wp-json\/wp\/v2\/pages"}],"about":[{"href":"https:\/\/www.moucheur.fr\/palm\/wp-json\/wp\/v2\/types\/page"}],"author":[{"embeddable":true,"href":"https:\/\/www.moucheur.fr\/palm\/wp-json\/wp\/v2\/users\/1"}],"replies":[{"embeddable":true,"href":"https:\/\/www.moucheur.fr\/palm\/wp-json\/wp\/v2\/comments?post=10020"}],"version-history":[{"count":0,"href":"https:\/\/www.moucheur.fr\/palm\/wp-json\/wp\/v2\/pages\/10020\/revisions"}],"wp:attachment":[{"href":"https:\/\/www.moucheur.fr\/palm\/wp-json\/wp\/v2\/media?parent=10020"}],"wp:term":[{"taxonomy":"category","embeddable":true,"href":"https:\/\/www.moucheur.fr\/palm\/wp-json\/wp\/v2\/categories?post=10020"},{"taxonomy":"post_tag","embeddable":true,"href":"https:\/\/www.moucheur.fr\/palm\/wp-json\/wp\/v2\/tags?post=10020"}],"curies":[{"name":"wp","href":"https:\/\/api.w.org\/{rel}","templated":true}]}}