{"id":10342,"date":"2020-10-27T16:02:34","date_gmt":"2020-10-27T15:02:34","guid":{"rendered":"https:\/\/www.moucheur.fr\/palm\/?page_id=10342"},"modified":"2021-09-28T13:34:34","modified_gmt":"2021-09-28T11:34:34","slug":"damfly-moucheur-fr","status":"publish","type":"page","link":"https:\/\/www.moucheur.fr\/palm\/damfly-moucheur-fr\/","title":{"rendered":"DAMFLY FISHING"},"content":{"rendered":"<div id=\"pl-10342\"  class=\"panel-layout\" ><div id=\"pg-10342-0\"  class=\"panel-grid panel-no-style\" ><div id=\"pgc-10342-0-0\"  class=\"panel-grid-cell\" ><div id=\"panel-10342-0-0-0\" class=\"so-panel widget widget_sow-editor panel-first-child panel-last-child\" data-index=\"0\" ><div\n\t\t\t\n\t\t\tclass=\"so-widget-sow-editor so-widget-sow-editor-base\"\n\t\t\t\n\t\t><h3 class=\"widget-title\">NOTRE PARTENARIAT AVEC DAMFLY<\/h3>\n<div class=\"siteorigin-widget-tinymce textwidget\">\n\t<p style=\"text-align: justify;\"><span style=\"font-family: verdana, geneva, sans-serif; font-size: 14px;\">\u00a0<img decoding=\"async\" class=\"size-medium wp-image-10343 alignright\" src=\"https:\/\/www.moucheur.fr\/palm\/wp-content\/uploads\/2020\/10\/damfly-300x169.png\" alt=\"\" width=\"300\" height=\"169\" srcset=\"https:\/\/www.moucheur.fr\/palm\/wp-content\/uploads\/2020\/10\/damfly-300x169.png 300w, https:\/\/www.moucheur.fr\/palm\/wp-content\/uploads\/2020\/10\/damfly-1024x576.png 1024w, https:\/\/www.moucheur.fr\/palm\/wp-content\/uploads\/2020\/10\/damfly-71x40.png 71w, https:\/\/www.moucheur.fr\/palm\/wp-content\/uploads\/2020\/10\/damfly.png 1334w\" sizes=\"(max-width: 300px) 100vw, 300px\" \/><\/span><\/p>\n<p style=\"text-align: justify;\"><span style=\"font-family: verdana, geneva, sans-serif; font-size: 14px;\">Nous sommes heureux de vous pr\u00e9senter notre partenaire privil\u00e9gi\u00e9, j'ai nomm\u00e9 la soci\u00e9t\u00e9 DAMFLY, avec laquelle nous avons sign\u00e9 un partenariat cette ann\u00e9e.<\/span><\/p>\n<p style=\"text-align: justify;\"><span style=\"font-family: verdana, geneva, sans-serif; font-size: 14px;\">La soci\u00e9t\u00e9 Damfly Fishing va r\u00e9aliser la fabrication ainsi que la distribution de notre Station de Montage Mouche (SMM) que nous avions cr\u00e9\u00e9 en 2013, elle en a la totale exclusivit\u00e9. Nous avons cherch\u00e9 pendant plusieurs ann\u00e9es \u00ab l\u2019Artisan \u00bb avec qui nous aurions une totale confiance et bien entendu r\u00e9ciproque.<\/span><\/p>\n<p style=\"text-align: justify;\"><span style=\"font-family: verdana, geneva, sans-serif; font-size: 14px;\"><img decoding=\"async\" class=\"size-medium wp-image-10348 alignleft\" src=\"https:\/\/www.moucheur.fr\/palm\/wp-content\/uploads\/2020\/10\/ensemble_mouche-300x300.png\" alt=\"\" width=\"300\" height=\"300\" srcset=\"https:\/\/www.moucheur.fr\/palm\/wp-content\/uploads\/2020\/10\/ensemble_mouche-300x300.png 300w, https:\/\/www.moucheur.fr\/palm\/wp-content\/uploads\/2020\/10\/ensemble_mouche-150x150.png 150w, https:\/\/www.moucheur.fr\/palm\/wp-content\/uploads\/2020\/10\/ensemble_mouche-83x83.png 83w, https:\/\/www.moucheur.fr\/palm\/wp-content\/uploads\/2020\/10\/ensemble_mouche.png 800w\" sizes=\"(max-width: 300px) 100vw, 300px\" \/><\/span><span style=\"font-family: verdana, geneva, sans-serif; font-size: 14px;\">Apr\u00e8s avoir rencontr\u00e9 Damien ou nous avons pu appr\u00e9cier certaines des r\u00e9alisations de DAMFLY, notre choix est devenu tr\u00e8s simple, \u00ab se sera DAMFLY ou <\/span><span style=\"font-family: verdana, geneva, sans-serif; font-size: 14px;\">personne! \u00bb. Avec l\u2019expertise de DAMFLY, nous avons affin\u00e9 et encore am\u00e9lior\u00e9 notre station de montage et \u00e9galement commencer \u00e0 d\u00e9velopper des nouveaux syst\u00e8mes qui s\u2019adapteront sur cette derni\u00e8re. La station sera en vente sur le site de DAMFLY <a href=\"http:\/\/www.damfly.fr\/\">http:\/\/www.damfly.fr\/<\/a><br \/>\n<\/span><\/p>\n<p style=\"text-align: justify;\"><span style=\"font-family: verdana, geneva, sans-serif; font-size: 14px;\">Une partie des b\u00e9n\u00e9fices iront \u00e0 notre association pour r\u00e9aliser nos projets en faveurs des enfants et de la protection <\/span><span style=\"font-family: verdana, geneva, sans-serif; font-size: 14px;\">du milieu. Nos projets sont la cr\u00e9ation d\u2019une \u00e9cole de p\u00eache pour les enfants, la location d\u2019un local pour dispenser les cours, la cr\u00e9ation et la gestion d\u2019un lac, la r\u00e9alisation d'APN pour certaines AAPPMA, la r\u00e9habilitation de certains cours d\u2019eau etc\u2026.<\/span><\/p>\n<p style=\"text-align: justify;\"><span style=\"font-family: verdana, geneva, sans-serif; font-size: 14px;\">Nous esp\u00e9rons vraiment que vous trouverez cette Station de Montage Mouche \u00e0 votre go\u00fbt et quelle vous donnera ou redonnera envie de monter des mouches\u2026<\/span><\/p>\n<p style=\"text-align: justify;\"><span style=\"font-family: verdana, geneva, sans-serif; font-size: 14px;\">A tr\u00e8s bient\u00f4t et bon montage \u00e0 tous !<\/span><\/p>\n<p><a href=\"https:\/\/www.damfly.fr\/\"><img decoding=\"async\" class=\"aligncenter wp-image-50155 size-full\" src=\"https:\/\/www.moucheur.fr\/palm\/wp-content\/uploads\/2021\/09\/damfly_banniere.png\" alt=\"\" width=\"720\" height=\"90\" srcset=\"https:\/\/www.moucheur.fr\/palm\/wp-content\/uploads\/2021\/09\/damfly_banniere.png 720w, https:\/\/www.moucheur.fr\/palm\/wp-content\/uploads\/2021\/09\/damfly_banniere-300x38.png 300w\" sizes=\"(max-width: 720px) 100vw, 720px\" \/><\/a><\/p>\n<\/div>\n<\/div><\/div><\/div><\/div><div id=\"pg-10342-1\"  class=\"panel-grid panel-no-style\" ><div id=\"pgc-10342-1-0\"  class=\"panel-grid-cell\" ><div id=\"panel-10342-1-0-0\" class=\"so-panel widget widget_sow-editor panel-first-child panel-last-child\" data-index=\"1\" ><div\n\t\t\t\n\t\t\tclass=\"so-widget-sow-editor so-widget-sow-editor-base\"\n\t\t\t\n\t\t>\n<div class=\"siteorigin-widget-tinymce textwidget\">\n\t<script async src=\"\/\/pagead2.googlesyndication.com\/pagead\/js\/adsbygoogle.js\"><\/script>\r\n<!-- moucheurgoogle2015 -->\r\n<ins class=\"adsbygoogle\"\r\n     style=\"display:inline-block;width:728px;height:90px\"\r\n     data-ad-client=\"ca-pub-3761698486073990\"\r\n     data-ad-slot=\"8176639945\"><\/ins>\r\n<script>\r\n(adsbygoogle = window.adsbygoogle || []).push({});\r\n<\/script>\n<\/div>\n<\/div><\/div><\/div><\/div><\/div>","protected":false},"excerpt":{"rendered":"<p>\u00a0 Nous sommes heureux de vous pr\u00e9senter notre partenaire privil\u00e9gi\u00e9, j&#8217;ai nomm\u00e9 la soci\u00e9t\u00e9 DAMFLY, avec laquelle nous avons sign\u00e9&hellip;<\/p>\n","protected":false},"author":1,"featured_media":10343,"parent":0,"menu_order":0,"comment_status":"open","ping_status":"open","template":"","meta":{"footnotes":""},"categories":[407],"tags":[729,831,123],"class_list":["post-10342","page","type-page","status-publish","has-post-thumbnail","hentry","category-sponsor-et-partenaire","tag-damfly","tag-damfly-fishing","tag-partenaire"],"_links":{"self":[{"href":"https:\/\/www.moucheur.fr\/palm\/wp-json\/wp\/v2\/pages\/10342","targetHints":{"allow":["GET"]}}],"collection":[{"href":"https:\/\/www.moucheur.fr\/palm\/wp-json\/wp\/v2\/pages"}],"about":[{"href":"https:\/\/www.moucheur.fr\/palm\/wp-json\/wp\/v2\/types\/page"}],"author":[{"embeddable":true,"href":"https:\/\/www.moucheur.fr\/palm\/wp-json\/wp\/v2\/users\/1"}],"replies":[{"embeddable":true,"href":"https:\/\/www.moucheur.fr\/palm\/wp-json\/wp\/v2\/comments?post=10342"}],"version-history":[{"count":0,"href":"https:\/\/www.moucheur.fr\/palm\/wp-json\/wp\/v2\/pages\/10342\/revisions"}],"wp:featuredmedia":[{"embeddable":true,"href":"https:\/\/www.moucheur.fr\/palm\/wp-json\/wp\/v2\/media\/10343"}],"wp:attachment":[{"href":"https:\/\/www.moucheur.fr\/palm\/wp-json\/wp\/v2\/media?parent=10342"}],"wp:term":[{"taxonomy":"category","embeddable":true,"href":"https:\/\/www.moucheur.fr\/palm\/wp-json\/wp\/v2\/categories?post=10342"},{"taxonomy":"post_tag","embeddable":true,"href":"https:\/\/www.moucheur.fr\/palm\/wp-json\/wp\/v2\/tags?post=10342"}],"curies":[{"name":"wp","href":"https:\/\/api.w.org\/{rel}","templated":true}]}}