{"id":10711,"date":"2021-03-03T15:08:37","date_gmt":"2021-03-03T14:08:37","guid":{"rendered":"https:\/\/www.moucheur.fr\/palm\/?page_id=10711"},"modified":"2021-03-03T15:08:37","modified_gmt":"2021-03-03T14:08:37","slug":"gites-ardeche","status":"publish","type":"page","link":"https:\/\/www.moucheur.fr\/palm\/espace-culturel\/voyage-et-sejours\/gite-de-peche\/gites-ardeche\/","title":{"rendered":"G\u00eetes Ard\u00e8che"},"content":{"rendered":"<div id=\"pl-10711\"  class=\"panel-layout\" ><div id=\"pg-10711-0\"  class=\"panel-grid panel-no-style\" ><div id=\"pgc-10711-0-0\"  class=\"panel-grid-cell\" ><div id=\"panel-10711-0-0-0\" class=\"so-panel widget widget_sow-editor panel-first-child panel-last-child\" data-index=\"0\" ><div\n\t\t\t\n\t\t\tclass=\"so-widget-sow-editor so-widget-sow-editor-base\"\n\t\t\t\n\t\t>\n<div class=\"siteorigin-widget-tinymce textwidget\">\n\t<div class=\"page-header\">\n<div><img decoding=\"async\" class=\"alignleft\" src=\"https:\/\/www.peche-ardeche.com\/images\/images\/Hebergementpeche\/logolabel.JPG\" alt=\"logolabel\" width=\"109\" height=\"120\" \/><\/div>\n<p><a href=\"https:\/\/www.gites-de-france-ardeche.com\/fr\/thematique\/location-vacances-peche\" target=\"_blank\" rel=\"noopener\"><img decoding=\"async\" class=\"alignright wp-image-10714 size-medium\" src=\"https:\/\/www.moucheur.fr\/palm\/wp-content\/uploads\/2021\/03\/logo-gdf-horizontal-2x.192439c4d8c4-300x107.png\" alt=\"\" width=\"300\" height=\"107\" srcset=\"https:\/\/www.moucheur.fr\/palm\/wp-content\/uploads\/2021\/03\/logo-gdf-horizontal-2x.192439c4d8c4-300x107.png 300w, https:\/\/www.moucheur.fr\/palm\/wp-content\/uploads\/2021\/03\/logo-gdf-horizontal-2x.192439c4d8c4.png 592w\" sizes=\"(max-width: 300px) 100vw, 300px\" \/><\/a><\/p>\n<h2><span style=\"font-family: verdana, geneva, sans-serif;\">H\u00e9bergements P\u00eache<\/span><\/h2>\n<\/div>\n<div>\n<p><span style=\"font-family: verdana, geneva, sans-serif; font-size: 14px;\"><strong>Chers p\u00eacheurs, chers vacanciers,<\/strong><\/span><\/p>\n<p><span style=\"font-family: verdana, geneva, sans-serif; font-size: 14px;\">Les h\u00e9bergements lab\u00e9lis\u00e9 \"HEBERGEMENT P\u00caCHE\" que vous trouverez ci-dessous apparaissent sur le magazine P\u00eachez en Ard\u00e8che<\/span><\/p>\n<p><span style=\"font-family: verdana, geneva, sans-serif; font-size: 14px;\">(suppl\u00e9ment de P\u00eache Mouche et P\u00eache et Poissons du mois de janvier 2020)<\/span><\/p>\n<\/div>\n<p>&nbsp;<\/p>\n<p><img decoding=\"async\" class=\"alignnone wp-image-10712\" src=\"https:\/\/www.moucheur.fr\/palm\/wp-content\/uploads\/2021\/03\/20_PDFsam_GUIDE_PECHE_MOUCHE_2020-page-001.jpg\" alt=\"\" width=\"800\" height=\"1086\" srcset=\"https:\/\/www.moucheur.fr\/palm\/wp-content\/uploads\/2021\/03\/20_PDFsam_GUIDE_PECHE_MOUCHE_2020-page-001.jpg 566w, https:\/\/www.moucheur.fr\/palm\/wp-content\/uploads\/2021\/03\/20_PDFsam_GUIDE_PECHE_MOUCHE_2020-page-001-221x300.jpg 221w\" sizes=\"(max-width: 800px) 100vw, 800px\" \/><\/p>\n<p>&nbsp;<\/p>\n<p><img decoding=\"async\" class=\"alignnone wp-image-10713\" src=\"https:\/\/www.moucheur.fr\/palm\/wp-content\/uploads\/2021\/03\/21_PDFsam_GUIDE_PECHE_MOUCHE_2020-page-001.jpg\" alt=\"\" width=\"800\" height=\"1086\" srcset=\"https:\/\/www.moucheur.fr\/palm\/wp-content\/uploads\/2021\/03\/21_PDFsam_GUIDE_PECHE_MOUCHE_2020-page-001.jpg 566w, https:\/\/www.moucheur.fr\/palm\/wp-content\/uploads\/2021\/03\/21_PDFsam_GUIDE_PECHE_MOUCHE_2020-page-001-221x300.jpg 221w\" sizes=\"(max-width: 800px) 100vw, 800px\" \/><\/p>\n<p>&nbsp;<\/p>\n<p>&nbsp;<\/p>\n<\/div>\n<\/div><\/div><\/div><\/div><\/div>","protected":false},"excerpt":{"rendered":"<p>H\u00e9bergements P\u00eache Chers p\u00eacheurs, chers vacanciers, Les h\u00e9bergements lab\u00e9lis\u00e9 &#8220;HEBERGEMENT P\u00caCHE&#8221; que vous trouverez ci-dessous apparaissent sur le magazine P\u00eachez&hellip;<\/p>\n","protected":false},"author":1,"featured_media":10714,"parent":226,"menu_order":0,"comment_status":"open","ping_status":"open","template":"","meta":{"footnotes":""},"categories":[],"tags":[],"class_list":["post-10711","page","type-page","status-publish","has-post-thumbnail","hentry"],"_links":{"self":[{"href":"https:\/\/www.moucheur.fr\/palm\/wp-json\/wp\/v2\/pages\/10711","targetHints":{"allow":["GET"]}}],"collection":[{"href":"https:\/\/www.moucheur.fr\/palm\/wp-json\/wp\/v2\/pages"}],"about":[{"href":"https:\/\/www.moucheur.fr\/palm\/wp-json\/wp\/v2\/types\/page"}],"author":[{"embeddable":true,"href":"https:\/\/www.moucheur.fr\/palm\/wp-json\/wp\/v2\/users\/1"}],"replies":[{"embeddable":true,"href":"https:\/\/www.moucheur.fr\/palm\/wp-json\/wp\/v2\/comments?post=10711"}],"version-history":[{"count":0,"href":"https:\/\/www.moucheur.fr\/palm\/wp-json\/wp\/v2\/pages\/10711\/revisions"}],"up":[{"embeddable":true,"href":"https:\/\/www.moucheur.fr\/palm\/wp-json\/wp\/v2\/pages\/226"}],"wp:featuredmedia":[{"embeddable":true,"href":"https:\/\/www.moucheur.fr\/palm\/wp-json\/wp\/v2\/media\/10714"}],"wp:attachment":[{"href":"https:\/\/www.moucheur.fr\/palm\/wp-json\/wp\/v2\/media?parent=10711"}],"wp:term":[{"taxonomy":"category","embeddable":true,"href":"https:\/\/www.moucheur.fr\/palm\/wp-json\/wp\/v2\/categories?post=10711"},{"taxonomy":"post_tag","embeddable":true,"href":"https:\/\/www.moucheur.fr\/palm\/wp-json\/wp\/v2\/tags?post=10711"}],"curies":[{"name":"wp","href":"https:\/\/api.w.org\/{rel}","templated":true}]}}