{"id":1959,"date":"2013-12-09T09:07:44","date_gmt":"2013-12-09T08:07:44","guid":{"rendered":"http:\/\/www.moucheur.fr\/palm\/?page_id=1959"},"modified":"2014-06-02T22:57:54","modified_gmt":"2014-06-02T20:57:54","slug":"drome","status":"publish","type":"page","link":"https:\/\/www.moucheur.fr\/palm\/moucheur\/drome\/","title":{"rendered":"Dr\u00f4me"},"content":{"rendered":"<p>Vous aussi donnez vos points de d\u00e9part de vos parcours no kill pr\u00e9f\u00e9r\u00e9s en envoyant les coordonn\u00e9s\u00a0GPS avec les d\u00e9tails de cette derni\u00e8re.\u00a0<a title=\"Envoyez vos parcours\" href=\"http:\/\/www.moucheur.fr\/palm\/contact\/\" target=\"_blank\"><em>Envoyez vos parcours<\/em><\/a><\/p>\n","protected":false},"excerpt":{"rendered":"<p>Vous aussi donnez vos points de d\u00e9part de vos parcours no kill pr\u00e9f\u00e9r\u00e9s en envoyant les coordonn\u00e9s\u00a0GPS avec les d\u00e9tails&hellip;<\/p>\n","protected":false},"author":1,"featured_media":0,"parent":3215,"menu_order":0,"comment_status":"closed","ping_status":"open","template":"","meta":{"footnotes":""},"categories":[],"tags":[],"class_list":["post-1959","page","type-page","status-publish","hentry"],"_links":{"self":[{"href":"https:\/\/www.moucheur.fr\/palm\/wp-json\/wp\/v2\/pages\/1959","targetHints":{"allow":["GET"]}}],"collection":[{"href":"https:\/\/www.moucheur.fr\/palm\/wp-json\/wp\/v2\/pages"}],"about":[{"href":"https:\/\/www.moucheur.fr\/palm\/wp-json\/wp\/v2\/types\/page"}],"author":[{"embeddable":true,"href":"https:\/\/www.moucheur.fr\/palm\/wp-json\/wp\/v2\/users\/1"}],"replies":[{"embeddable":true,"href":"https:\/\/www.moucheur.fr\/palm\/wp-json\/wp\/v2\/comments?post=1959"}],"version-history":[{"count":0,"href":"https:\/\/www.moucheur.fr\/palm\/wp-json\/wp\/v2\/pages\/1959\/revisions"}],"up":[{"embeddable":true,"href":"https:\/\/www.moucheur.fr\/palm\/wp-json\/wp\/v2\/pages\/3215"}],"wp:attachment":[{"href":"https:\/\/www.moucheur.fr\/palm\/wp-json\/wp\/v2\/media?parent=1959"}],"wp:term":[{"taxonomy":"category","embeddable":true,"href":"https:\/\/www.moucheur.fr\/palm\/wp-json\/wp\/v2\/categories?post=1959"},{"taxonomy":"post_tag","embeddable":true,"href":"https:\/\/www.moucheur.fr\/palm\/wp-json\/wp\/v2\/tags?post=1959"}],"curies":[{"name":"wp","href":"https:\/\/api.w.org\/{rel}","templated":true}]}}