{"id":1967,"date":"2013-12-09T09:11:28","date_gmt":"2013-12-09T08:11:28","guid":{"rendered":"http:\/\/www.moucheur.fr\/palm\/?page_id=1967"},"modified":"2014-06-02T23:02:37","modified_gmt":"2014-06-02T21:02:37","slug":"drome-2","status":"publish","type":"page","link":"https:\/\/www.moucheur.fr\/palm\/moucheur\/les-coins-de-peche\/drome-2\/","title":{"rendered":"Dr\u00f4me"},"content":{"rendered":"<p>Vous aussi donnez vos points de d\u00e9part de vos parcours priv\u00e9s pr\u00e9f\u00e9r\u00e9s en envoyant les coordonn\u00e9s\u00a0GPS avec les d\u00e9tails de ce dernier.\u00a0<em><a title=\"Envoyez vos parcours\" href=\"http:\/\/www.moucheur.fr\/palm\/contact\/\" target=\"_blank\">Envoyez vos parcours<\/a><\/em><\/p>\n","protected":false},"excerpt":{"rendered":"<p>Vous aussi donnez vos points de d\u00e9part de vos parcours priv\u00e9s pr\u00e9f\u00e9r\u00e9s en envoyant les coordonn\u00e9s\u00a0GPS avec les d\u00e9tails de&hellip;<\/p>\n","protected":false},"author":1,"featured_media":0,"parent":1791,"menu_order":0,"comment_status":"closed","ping_status":"open","template":"","meta":{"footnotes":""},"categories":[],"tags":[],"class_list":["post-1967","page","type-page","status-publish","hentry"],"_links":{"self":[{"href":"https:\/\/www.moucheur.fr\/palm\/wp-json\/wp\/v2\/pages\/1967","targetHints":{"allow":["GET"]}}],"collection":[{"href":"https:\/\/www.moucheur.fr\/palm\/wp-json\/wp\/v2\/pages"}],"about":[{"href":"https:\/\/www.moucheur.fr\/palm\/wp-json\/wp\/v2\/types\/page"}],"author":[{"embeddable":true,"href":"https:\/\/www.moucheur.fr\/palm\/wp-json\/wp\/v2\/users\/1"}],"replies":[{"embeddable":true,"href":"https:\/\/www.moucheur.fr\/palm\/wp-json\/wp\/v2\/comments?post=1967"}],"version-history":[{"count":0,"href":"https:\/\/www.moucheur.fr\/palm\/wp-json\/wp\/v2\/pages\/1967\/revisions"}],"up":[{"embeddable":true,"href":"https:\/\/www.moucheur.fr\/palm\/wp-json\/wp\/v2\/pages\/1791"}],"wp:attachment":[{"href":"https:\/\/www.moucheur.fr\/palm\/wp-json\/wp\/v2\/media?parent=1967"}],"wp:term":[{"taxonomy":"category","embeddable":true,"href":"https:\/\/www.moucheur.fr\/palm\/wp-json\/wp\/v2\/categories?post=1967"},{"taxonomy":"post_tag","embeddable":true,"href":"https:\/\/www.moucheur.fr\/palm\/wp-json\/wp\/v2\/tags?post=1967"}],"curies":[{"name":"wp","href":"https:\/\/api.w.org\/{rel}","templated":true}]}}