{"id":2019,"date":"2013-12-10T22:02:20","date_gmt":"2013-12-10T21:02:20","guid":{"rendered":"http:\/\/www.moucheur.fr\/palm\/?page_id=2019"},"modified":"2016-11-22T14:34:56","modified_gmt":"2016-11-22T13:34:56","slug":"soie-mouche-triangle-taper-flottante","status":"publish","type":"page","link":"https:\/\/www.moucheur.fr\/palm\/mouche\/materiel\/soie\/soie-royal-wulff\/soie-mouche-triangle-taper-flottante\/","title":{"rendered":"Triangle Taper"},"content":{"rendered":"<p><span style=\"font-family: verdana,geneva,sans-serif; font-size: 10pt;\"><img decoding=\"async\" style=\"line-height: 26.666667938232422px; float: right;\" src=\"http:\/\/www.moucheur.fr\/palm\/wp-content\/uploads\/2013\/12\/LOGO_TEST_OK.png\" alt=\"\" width=\"100\" height=\"100\" \/><\/span><\/p>\n<p style=\"text-align: justify;\"><span style=\"font-family: verdana,geneva,sans-serif; font-size: 10pt;\"><span style=\"text-align: justify;\">La\u00a0soie mouche Triangle Taper (TT)\u00a0est\u00a0<\/span><span style=\"text-align: justify;\">id\u00e9ale\u00a0<\/span><span style=\"text-align: justify;\">pour<\/span><span style=\"text-align: justify;\">\u00a0la\u00a0<\/span>p\u00eache\u00a0<span style=\"text-align: justify;\">de la truite. C&#8217;est un fuseau continu \u00e0 l&#8217;avant sur 8 \u00e0 12m suivant le num\u00e9ro de\u00a0<\/span><span style=\"text-align: justify;\">la\u00a0soie. Elle procure l&#8217;\u00e9nergie de\u00a0<\/span><span style=\"text-align: justify;\">lancer la plus efficace. La partie la plus lourde de la\u00a0<\/span>soie d\u00e9roule la\u00a0partie la plus l\u00e9g\u00e8re. Cette conception procure aussi des pr\u00e9sentations d\u00e9licates car le poids\u00a0n&#8217;est pas sur la mouche. C&#8217;est \u00e9galement\u00a0<span style=\"text-align: justify;\">la meilleure\u00a0soie pour le roul\u00e9\u00a0permettant\u00a0d&#8217;atteindre des distances jusqu&#8217;\u00e0 18m.<\/span><\/span><\/p>\n<p style=\"text-align: justify;\"><span style=\"font-family: verdana,geneva,sans-serif; font-size: 10pt;\">La combinaison d&#8217;une longue section lourde coupl\u00e9e \u00e0 une ligne courante l\u00e9g\u00e8re fait de la\u00a0Triangle Taper\u00a0une\u00a0soie analogue \u00e0 une ligne de shooting.<\/span><\/p>\n<p style=\"text-align: center;\"><span style=\"color: #000000;\"><script async src=\"\/\/pagead2.googlesyndication.com\/pagead\/js\/adsbygoogle.js\"><\/script>\r\n<!-- pub texte moucheur -->\r\n<ins class=\"adsbygoogle\"\r\n     style=\"display:block\"\r\n     data-ad-client=\"ca-pub-3761698486073990\"\r\n     data-ad-slot=\"2129191949\"\r\n     data-ad-format=\"link\"><\/ins>\r\n<script>\r\n(adsbygoogle = window.adsbygoogle || []).push({});\r\n<\/script><\/span><\/p>\n<p style=\"text-align: justify;\"><span style=\"font-family: verdana,geneva,sans-serif; font-size: 10pt;\">Ce mod\u00e8le est disponible en couleur olive, ivoire et orange, du num\u00e9ro de soie de #2 \u00e0 #9.<\/span><\/p>\n<p style=\"text-align: justify;\"><span style=\"font-family: verdana,geneva,sans-serif; font-size: 10pt;\"><img decoding=\"async\" class=\"alignleft\" style=\"margin-left: 30px; margin-right: 30px; float: left;\" src=\"http:\/\/www.thelo.fr\/Files\/93964\/Img\/22\/small1_27_445.jpg\" alt=\"\" width=\"100\" height=\"76\" \/>De plus ces\u00a0soies mouche Royal Wulff\u00a0b\u00e9n\u00e9ficie du nouveau &#8220;coating&#8221; J3.\u00a0La\u00a0soie Triangle Taper\u00a0est rendue encore plus performante avec ce nouveau rev\u00eatement comme jamais auparavant : elle shoot mieux, flotte plus haut. Il rend la soie encore plus hydrophobe et augmente sa dur\u00e9e de vie. Le nouveau rev\u00eatement (&#8220;coating&#8221;) J3 minimise la r\u00e9sistance et permet de gagner encore en distance de lancer.\u00a0Avec J3, la ligne reste propre pour toute la dur\u00e9e de vie de la ligne. Le &#8220;coating&#8221; J3 n&#8217;est pas simplement une couche superficielle mais est int\u00e9gr\u00e9 dans le processus de fabrication de la soie elle m\u00eame donnant les ann\u00e9es de performance !<\/span><\/p>\n<p><span style=\"font-family: verdana,geneva,sans-serif; font-size: 10pt;\"><em><strong>L&#8217;avis de l&#8217;\u00e9quipe testeur du site<a href=\"http:\/\/www.moucheur.fr\/palm\/wp-content\/uploads\/2015\/02\/soie-lee-wulff-triangle-taper-e1424333609431.jpg\"><img decoding=\"async\" class=\"alignright size-medium wp-image-4128\" src=\"http:\/\/www.moucheur.fr\/palm\/wp-content\/uploads\/2015\/02\/soie-lee-wulff-triangle-taper-e1424333609431-300x178.jpg\" alt=\"soie-lee-wulff-triangle-taper\" width=\"300\" height=\"178\" srcset=\"https:\/\/www.moucheur.fr\/palm\/wp-content\/uploads\/2015\/02\/soie-lee-wulff-triangle-taper-e1424333609431-300x178.jpg 300w, https:\/\/www.moucheur.fr\/palm\/wp-content\/uploads\/2015\/02\/soie-lee-wulff-triangle-taper-e1424333609431.jpg 562w\" sizes=\"(max-width: 300px) 100vw, 300px\" \/><\/a><\/strong><\/em><\/span><\/p>\n<p style=\"text-align: justify;\"><span style=\"font-family: verdana,geneva,sans-serif; font-size: 10pt;\">Nous avons test\u00e9 cette soie en deux tailles 4 et 5\u00a0avec deux membres du site depuis le mois de juillet de cette saison, soit une quarantaine de sorties en rivi\u00e8res et en lac. Notre conclusion sur cette soie est mitig\u00e9 pour les raisons suivantes. Elle est d&#8217;une pr\u00e9cision redoutable et d&#8217;une l\u00e9g\u00e8ret\u00e9 impressionnante, peut \u00eatre un peut trop !!! \u00a0En effet en petite taille\u00a0il est tr\u00e8s difficile de poser au bon ou \u00e0 l&#8217;endroit choisi, mais sans vent c&#8217;est une v\u00e9ritable merveille. Une glisse parfaite aussi bien en poser court en rivi\u00e8re ou en double traction en lac\u00a0&#8230; Nous conseillons vivement de l&#8217;acheter ou simplement faire un test avec cette soie pour vous en rendre compte !!!<\/span><\/p>\n<p><span style=\"font-family: verdana,geneva,sans-serif; font-size: 10pt;\">Note du site \/5 :\u00a0<img decoding=\"async\" title=\"4\/5\" src=\"http:\/\/www.moucheur.fr\/_images\/doc\/note_4_etoiles.png\" alt=\"\" width=\"57\" height=\"16\" \/> Notre critique n&#8217;engage que nous \u00e9videment !!! Donnez votre avis &#8230;<\/span><\/p>\n<p style=\"text-align: center;\"><span style=\"color: #000000;\"><script async src=\"\/\/pagead2.googlesyndication.com\/pagead\/js\/adsbygoogle.js\"><\/script>\r\n<!-- moucheurgoogle2015 -->\r\n<ins class=\"adsbygoogle\"\r\n     style=\"display:inline-block;width:728px;height:90px\"\r\n     data-ad-client=\"ca-pub-3761698486073990\"\r\n     data-ad-slot=\"8176639945\"><\/ins>\r\n<script>\r\n(adsbygoogle = window.adsbygoogle || []).push({});\r\n<\/script><\/span><\/p>\n","protected":false},"excerpt":{"rendered":"<p>La\u00a0soie mouche Triangle Taper (TT)\u00a0est\u00a0id\u00e9ale\u00a0pour\u00a0la\u00a0p\u00eache\u00a0de la truite. C&#8217;est un fuseau continu \u00e0 l&#8217;avant sur 8 \u00e0 12m suivant le num\u00e9ro&hellip;<\/p>\n","protected":false},"author":1,"featured_media":4128,"parent":2033,"menu_order":0,"comment_status":"open","ping_status":"open","template":"","meta":{"footnotes":""},"categories":[],"tags":[],"class_list":["post-2019","page","type-page","status-publish","has-post-thumbnail","hentry"],"_links":{"self":[{"href":"https:\/\/www.moucheur.fr\/palm\/wp-json\/wp\/v2\/pages\/2019","targetHints":{"allow":["GET"]}}],"collection":[{"href":"https:\/\/www.moucheur.fr\/palm\/wp-json\/wp\/v2\/pages"}],"about":[{"href":"https:\/\/www.moucheur.fr\/palm\/wp-json\/wp\/v2\/types\/page"}],"author":[{"embeddable":true,"href":"https:\/\/www.moucheur.fr\/palm\/wp-json\/wp\/v2\/users\/1"}],"replies":[{"embeddable":true,"href":"https:\/\/www.moucheur.fr\/palm\/wp-json\/wp\/v2\/comments?post=2019"}],"version-history":[{"count":0,"href":"https:\/\/www.moucheur.fr\/palm\/wp-json\/wp\/v2\/pages\/2019\/revisions"}],"up":[{"embeddable":true,"href":"https:\/\/www.moucheur.fr\/palm\/wp-json\/wp\/v2\/pages\/2033"}],"wp:featuredmedia":[{"embeddable":true,"href":"https:\/\/www.moucheur.fr\/palm\/wp-json\/wp\/v2\/media\/4128"}],"wp:attachment":[{"href":"https:\/\/www.moucheur.fr\/palm\/wp-json\/wp\/v2\/media?parent=2019"}],"wp:term":[{"taxonomy":"category","embeddable":true,"href":"https:\/\/www.moucheur.fr\/palm\/wp-json\/wp\/v2\/categories?post=2019"},{"taxonomy":"post_tag","embeddable":true,"href":"https:\/\/www.moucheur.fr\/palm\/wp-json\/wp\/v2\/tags?post=2019"}],"curies":[{"name":"wp","href":"https:\/\/api.w.org\/{rel}","templated":true}]}}