{"id":2198,"date":"2013-12-25T12:47:15","date_gmt":"2013-12-25T11:47:15","guid":{"rendered":"http:\/\/www.moucheur.fr\/palm\/?page_id=2198"},"modified":"2015-03-25T18:59:25","modified_gmt":"2015-03-25T17:59:25","slug":"canne-loop-evotec-poignee-hexagonale","status":"publish","type":"page","link":"https:\/\/www.moucheur.fr\/palm\/mouche\/materiel\/canne\/loop\/canne-loop-evotec-poignee-hexagonale\/","title":{"rendered":"Evotec &#8211; HEXA"},"content":{"rendered":"<p><img decoding=\"async\" style=\"float: right;\" src=\"http:\/\/www.moucheur.fr\/palm\/wp-content\/uploads\/2013\/12\/LOGO_TEST_OK.png\" alt=\"\" width=\"100\" height=\"100\" \/><\/p>\n<p style=\"text-align: justify;\">Les cannes \u00e0 mouche LOOP Evotec sont le fruit de la\u00a0<span style=\"font-size: 16px;\">toute\u00a0derni\u00e8re\u00a0technologie LOOP \u201cCross\u00a0Weave\u201d. Elles ont une action douce, pr\u00e9cise et merveilleusement harmonieuse. L&#8217;absence de vibrations et la possibilit\u00e9 de changer facilement le rythme de lancer sont le fruit de la philosophie LOOP de la \u201cCourbe Parfaite\u201d. Sa poign\u00e9e r\u00e9volutionnaire est r\u00e9alis\u00e9e dans un m\u00e9lange d&#8217;epoxy et de li\u00e8ge, pour une meilleure tenue en main. Vous avez le choix entre une poign\u00e9e de forme ronde, de forme classique, ou hexagonale \u201cX-Grip\u201d, pour une plus grande stabilit\u00e9.<\/span><\/p>\n<div><img decoding=\"async\" class=\"aligncenter\" style=\"border: 0px; margin-top: 10px; margin-bottom: 10px;\" src=\"http:\/\/www.rilap.com\/francais\/cannes\/photos\/canne-a-mouche-loop-evotec-poignee-hexagonale.jpg\" alt=\"Canne LOOP Evotec - poign\u00e9e hexagonale\" width=\"400\" height=\"80\" align=\"middle\" border=\"0\" vspace=\"10\" \/><\/div>\n<p style=\"text-align: justify;\">C\u2019est une superbe s\u00e9rie de cannes pour tous ceux qui recherchent une canne \u00e0 mouche haut de gamme, facile \u00e0 utiliser, qui va leur permettre de lancer plus loin, plus pr\u00e9cis, et avec beaucoup moins d\u2019effort qu\u2019avant.<\/p>\n<h2 style=\"text-align: justify;\">Action de la canne<\/h2>\n<p style=\"text-align: justify;\">Ces cannes poss\u00e8dent chacune une action qui lui est propre, laquelle est indiqu\u00e9e sur la canne de la mani\u00e8re suivante\u00a0:<\/p>\n<ul style=\"text-align: justify;\">\n<li>Medium\u00a0: Action moyenne, tr\u00e8s douce sans \u00eatre pour autant molle.<\/li>\n<li>Medium Fast\u00a0: Action moyennement rapide, consid\u00e9r\u00e9e comme id\u00e9ale par une majorit\u00e9 de p\u00eacheurs.<\/li>\n<li>Fast\u00a0: Action rapide, souvent appr\u00e9ci\u00e9e par les p\u00eacheurs \u00e0 la nymphe lest\u00e9e.<\/li>\n<\/ul>\n<h2 style=\"text-align: justify;\">Courbe de la canne<\/h2>\n<p style=\"text-align: justify;\">Pour qu&#8217;il soit possible de se faire la meilleure id\u00e9e possible du comportement de la canne, LOOP indique \u00e9galement sa courbe.<\/p>\n<p style=\"text-align: center;\"><img decoding=\"async\" class=\"aligncenter\" src=\"http:\/\/www.rilap.com\/francais\/cannes\/photos\/courbes-cannes-loop.jpg\" alt=\"Courbe des cannes \u00e0 mouche Loop\" width=\"402\" height=\"126\" align=\"middle\" \/><\/p>\n<ul style=\"text-align: justify;\">\n<li>TC= Tip Curve\u00a0: Ces cannes plient essentiellement de la pointe.<\/li>\n<li>MC= Middle Curve\u00a0: Ces cannes plient sur environ les 2\/3 de leur longueur.<\/li>\n<li>FC= Full Curve\u00a0: Ces cannes plient pratiquement sur toute leur longueur.<\/li>\n<\/ul>\n<h2 style=\"text-align: justify;\">Quelques petites choses qui font la diff\u00e9rence :<\/h2>\n<ul style=\"text-align: justify;\">\n<li>Fabriqu\u00e9e avec la technologie Loop \u201cCross Weave\u201d pour une plus grande solidit\u00e9.<\/li>\n<li>Poign\u00e9e en m\u00e9lange d&#8217;epoxy et de li\u00e8ge, soit hexagonale X-Grip, soit ronde, pour une meilleure tenue en main.<\/li>\n<li>Le petit point qui facilite l\u2019alignement des \u00e9l\u00e9ments.<\/li>\n<li>Le porte-moulinet triangulaire beaucoup plus efficace. Sa forme est adapt\u00e9e \u00e0 la fonction.<\/li>\n<li>Num\u00e9ro de soie Loop correspondant exactement \u00e0 celui indiqu\u00e9 sur la canne.<\/li>\n<li>Poids recommand\u00e9 en grammes pr\u00e9cis\u00e9 sur la canne.<\/li>\n<li>Les inscriptions sur chaque \u00e9l\u00e9ment pour \u00e9viter de m\u00e9langer diff\u00e9rentes cannes.<\/li>\n<li>Anneaux serpentiformes tr\u00e8s r\u00e9sistants.<\/li>\n<\/ul>\n<p style=\"text-align: justify;\">Les cannes \u00e0 mouche Loop Evotec sont livr\u00e9es dans un \u00e9tui en tissu et un tube rigide en cordura. Comme toutes les cannes LOOP, les cannes LOOP Evotec b\u00e9n\u00e9ficient de la\u00a0<strong><a href=\"http:\/\/www.rilap.com\/francais\/cannes\/texte\/garantie.html\">garantie \u00e0 vie LOOP<\/a><\/strong>.<\/p>\n<table border=\"0\" cellspacing=\"0\" cellpadding=\"5\">\n<tbody>\n<tr>\n<td align=\"center\" width=\"53\"><span style=\"font-size: small;\"><strong>Mod\u00e8le<\/strong><\/span><\/td>\n<td align=\"center\" width=\"53\"><span style=\"font-size: small;\"><strong>Soie<\/strong><\/span><\/td>\n<td align=\"center\" width=\"57\"><span style=\"font-size: small;\"><strong>Brins<\/strong><\/span><\/td>\n<td align=\"center\" width=\"58\"><span style=\"font-size: small;\"><strong>Action<\/strong><\/span><\/td>\n<td align=\"center\" width=\"57\"><span style=\"font-size: small;\"><strong>Courbe<\/strong><\/span><\/td>\n<td align=\"center\" width=\"57\"><span style=\"font-size: small;\"><strong>Poids<\/strong><\/span><\/td>\n<td align=\"center\" width=\"67\"><span style=\"font-size: small;\"><strong>Prix<br \/>\nH.T.<\/strong><\/span><\/td>\n<td align=\"center\" width=\"67\"><span style=\"font-size: small;\"><strong>Prix<br \/>\nT.T.C.<\/strong><\/span><\/td>\n<\/tr>\n<tr>\n<td align=\"center\"><span style=\"font-size: small;\"><strong>9&#8242;<\/strong><\/span><\/td>\n<td align=\"center\"><span style=\"font-size: small;\">4<\/span><\/td>\n<td align=\"center\"><span style=\"font-size: small;\">3<\/span><\/td>\n<td align=\"center\" width=\"58\"><span style=\"font-size: small;\">MF<\/span><\/td>\n<td align=\"center\" width=\"57\"><span style=\"font-size: small;\">FC<\/span><\/td>\n<td align=\"center\"><span style=\"font-size: small;\">101 g<\/span><\/td>\n<td align=\"center\"><span style=\"font-size: small;\">\u20ac\u00a0266.72<\/span><\/td>\n<td align=\"center\"><span style=\"font-size: small;\"><em>\u20ac 319.00<\/em><\/span><\/td>\n<\/tr>\n<tr>\n<td align=\"center\"><span style=\"font-size: small;\"><strong>9&#8242;<\/strong><\/span><\/td>\n<td align=\"center\"><span style=\"font-size: small;\">5<\/span><\/td>\n<td align=\"center\"><span style=\"font-size: small;\">4<\/span><\/td>\n<td align=\"center\"><span style=\"font-size: small;\">M<\/span><\/td>\n<td align=\"center\"><span style=\"font-size: small;\">MC<\/span><\/td>\n<td align=\"center\"><span style=\"font-size: small;\">107 g<\/span><\/td>\n<td align=\"center\"><span style=\"font-size: small;\">\u20ac\u00a0275.08<\/span><\/td>\n<td align=\"center\"><span style=\"font-size: small;\"><em>\u20ac 329.00<\/em><\/span><\/td>\n<\/tr>\n<tr>\n<td align=\"center\"><span style=\"font-size: small;\"><strong>9&#8242;<\/strong><\/span><\/td>\n<td align=\"center\"><span style=\"font-size: small;\">5<\/span><\/td>\n<td align=\"center\"><span style=\"font-size: small;\">3<\/span><\/td>\n<td align=\"center\"><span style=\"font-size: small;\">MF<\/span><\/td>\n<td align=\"center\"><span style=\"font-size: small;\">MC<\/span><\/td>\n<td align=\"center\"><span style=\"font-size: small;\">107 g<\/span><\/td>\n<td align=\"center\"><span style=\"font-size: small;\">\u20ac\u00a0275.08<\/span><\/td>\n<td align=\"center\"><span style=\"font-size: small;\"><em>\u20ac 329.00<\/em><\/span><\/td>\n<\/tr>\n<tr>\n<td align=\"center\"><span style=\"font-size: small;\"><strong>9&#8242;<\/strong><\/span><\/td>\n<td align=\"center\"><span style=\"font-size: small;\">5<\/span><\/td>\n<td align=\"center\"><span style=\"font-size: small;\">3<\/span><\/td>\n<td align=\"center\"><span style=\"font-size: small;\">F<\/span><\/td>\n<td align=\"center\"><span style=\"font-size: small;\">TC<\/span><\/td>\n<td align=\"center\"><span style=\"font-size: small;\">113 g<\/span><\/td>\n<td align=\"center\"><span style=\"font-size: small;\">\u20ac\u00a0275.08<\/span><\/td>\n<td align=\"center\"><span style=\"font-size: small;\"><em>\u20ac 329.00<\/em><\/span><\/td>\n<\/tr>\n<tr>\n<td align=\"center\"><span style=\"font-size: small;\"><strong>9&#8242;<\/strong><\/span><\/td>\n<td align=\"center\"><span style=\"font-size: small;\">6<\/span><\/td>\n<td align=\"center\"><span style=\"font-size: small;\">3<\/span><\/td>\n<td align=\"center\"><span style=\"font-size: small;\">MF<\/span><\/td>\n<td align=\"center\"><span style=\"font-size: small;\">MC<\/span><\/td>\n<td align=\"center\"><span style=\"font-size: small;\">111 g<\/span><\/td>\n<td align=\"center\"><span style=\"font-size: small;\">\u20ac\u00a0291.81<\/span><\/td>\n<td align=\"center\"><span style=\"font-size: small;\"><em>\u20ac 349.00<\/em><\/span><\/td>\n<\/tr>\n<tr>\n<td align=\"center\"><span style=\"font-size: small;\"><strong>9&#8242;<\/strong><\/span><\/td>\n<td align=\"center\"><span style=\"font-size: small;\">6<\/span><\/td>\n<td align=\"center\"><span style=\"font-size: small;\">3<\/span><\/td>\n<td align=\"center\"><span style=\"font-size: small;\">F<\/span><\/td>\n<td align=\"center\"><span style=\"font-size: small;\">TC<\/span><\/td>\n<td align=\"center\"><span style=\"font-size: small;\">110 g<\/span><\/td>\n<td align=\"center\"><span style=\"font-size: small;\">\u20ac\u00a0291.81<\/span><\/td>\n<td align=\"center\"><span style=\"font-size: small;\"><em>\u20ac 349.00<\/em><\/span><\/td>\n<\/tr>\n<tr>\n<td align=\"center\"><span style=\"font-size: small;\"><strong>9&#8217;6<\/strong><\/span><\/td>\n<td align=\"center\"><span style=\"font-size: small;\">6<\/span><\/td>\n<td align=\"center\"><span style=\"font-size: small;\">4<\/span><\/td>\n<td align=\"center\"><span style=\"font-size: small;\">MF<\/span><\/td>\n<td align=\"center\"><span style=\"font-size: small;\">TC<\/span><\/td>\n<td align=\"center\"><span style=\"font-size: small;\">126 g<\/span><\/td>\n<td align=\"center\"><span style=\"font-size: small;\">\u20ac\u00a0308.53<\/span><\/td>\n<td align=\"center\"><span style=\"font-size: small;\"><em>\u20ac 369.00<\/em><\/span><\/td>\n<\/tr>\n<tr>\n<td align=\"center\"><span style=\"font-size: small;\"><strong>9&#8217;6<\/strong><\/span><\/td>\n<td align=\"center\"><span style=\"font-size: small;\">7<\/span><\/td>\n<td align=\"center\"><span style=\"font-size: small;\">3<\/span><\/td>\n<td align=\"center\"><span style=\"font-size: small;\">MF<\/span><\/td>\n<td align=\"center\"><span style=\"font-size: small;\">MC<\/span><\/td>\n<td align=\"center\"><span style=\"font-size: small;\">127 g<\/span><\/td>\n<td align=\"center\"><span style=\"font-size: small;\">\u20ac\u00a0308.53<\/span><\/td>\n<td align=\"center\"><span style=\"font-size: small;\"><em>\u20ac 369.00<\/em><\/span><\/td>\n<\/tr>\n<tr>\n<td align=\"center\"><span style=\"font-size: small;\"><strong>10&#8242;<\/strong><\/span><\/td>\n<td align=\"center\"><span style=\"font-size: small;\">8<\/span><\/td>\n<td align=\"center\"><span style=\"font-size: small;\">3<\/span><\/td>\n<td align=\"center\"><span style=\"font-size: small;\">MF<\/span><\/td>\n<td align=\"center\"><span style=\"font-size: small;\">MC<\/span><\/td>\n<td align=\"center\"><span style=\"font-size: small;\">138 g<\/span><\/td>\n<td align=\"center\"><span style=\"font-size: small;\">\u20ac\u00a0325.25<\/span><\/td>\n<td align=\"center\"><span style=\"font-size: small;\"><em>\u20ac 389.00<\/em><\/span><\/td>\n<\/tr>\n<tr>\n<td colspan=\"8\"><span style=\"font-size: small;\">Action : M=Medium (Moyenne), MF=Medium Fast (Moyennement Rapide), F=Fast (Rapide)<\/span><\/td>\n<\/tr>\n<tr>\n<td colspan=\"8\"><span style=\"font-size: small;\">Courbe : FC=Full Curve (Compl\u00e8te), MC=Medium Curve (Moyenne), TC=Tip Curve (Pointe)<\/span><\/td>\n<\/tr>\n<\/tbody>\n<\/table>\n<h2><\/h2>\n<h2 style=\"text-align: justify;\">Comment choisir sa canne \u00e0 mouche LOOP Evotec\u00a0?<\/h2>\n<p style=\"text-align: justify;\">Le choix de la poign\u00e9e est une affaire personnelle. Certains choisiront pour l&#8217;esth\u00e9tique, d&#8217;autre pour la fonctionnalit\u00e9. Le m\u00e9lange d&#8217;epoxy et de li\u00e8ge permet d&#8217;obtenir une poign\u00e9e beaucoup plus solide et qui tient bien mieux en main. Cette poign\u00e9e a \u00e9t\u00e9 initialement con\u00e7ue pour la fameuse s\u00e9rie limit\u00e9e LOOP AEG. La poign\u00e9e ronde est plus classique. La forme hexagonale est inspir\u00e9e des poign\u00e9es des raquettes de tennis. Elle permet de placer la canne, de savoir exactement comment on la tient, de conna\u00eetre la position du moulinet pendant le lancer. Si les angles vous semblent trop vifs \u00e0 l&#8217;usage, vous pourrez les arrondir \u00e0 l&#8217;aide d&#8217;un fin papier de verre.<\/p>\n<p style=\"text-align: justify;\"><strong>9&#8242; pour soie de 4<\/strong>\u00a0&#8211; 3 brins &#8211; Action Medium Fast &#8211; En raison de sa puissance, cette canne est davantage destin\u00e9e \u00e0 une p\u00eache normale en s\u00e8che ou \u00e0 la nymphe.<\/p>\n<p style=\"text-align: justify;\"><strong>9&#8242; pour soie de 5<\/strong>\u00a0&#8211; 4 brins &#8211; Action Medium &#8211; Canne parfaite une p\u00eache d\u00e9licate en mouche s\u00e8che en rivi\u00e8re. Son action s\u00e9duira sans doute aussi les nostalgiques du bambou refendu et de leur action parabolique.<\/p>\n<p style=\"text-align: justify;\"><strong>9&#8242; pour soie de 5<\/strong>\u00a0&#8211; 3 brins &#8211; Action Medium Fast &#8211; D&#8217;action plus rapide, cette canne est la plus passe-partout pour p\u00eacher \u00e0 la mouche en France, surtout pour p\u00eacher en s\u00e8che en rivi\u00e8re.<\/p>\n<p style=\"text-align: justify;\"><strong>9&#8242; pour soie de 5<\/strong>\u00a0&#8211; 3 brins &#8211; Action Fast &#8211; D&#8217;action rapide, cette canne est parfaite pour p\u00eacher en rivi\u00e8re avec de petites nymphes lest\u00e9es.<\/p>\n<p style=\"text-align: justify;\"><strong>9&#8242; pour soie de 6<\/strong>\u00a0&#8211; 3 brins &#8211; Action Medium Fast &#8211; Plus puissante, cette canne est con\u00e7ue pour toute p\u00eache \u00e0 la mouche en rivi\u00e8re, \u00e0 la recherche de la truite ou de la truite de mer, ainsi que pour les p\u00eaches l\u00e9g\u00e8res en r\u00e9servoir, que ce soit en s\u00e8che, nymphe ou petit streamer, notamment en float tube.<\/p>\n<p style=\"text-align: justify;\"><strong>9&#8242; pour soie de 6<\/strong>\u00a0&#8211; 3 brins &#8211; Action Fast &#8211; Plus rapide, cette canne est surtout destin\u00e9e \u00e0 la p\u00eache \u00e0 la nymphe, en rivi\u00e8re ou en r\u00e9servoir, ainsi que sur les rivi\u00e8res venteuses.<\/p>\n<p style=\"text-align: justify;\"><strong>9&#8217;6 pour soie de 6<\/strong>\u00a0&#8211; 4 brins &#8211; Action Medium Fast &#8211; Plus grande longeur, puissance un peu plus forte, voici une des cannes pr\u00e9f\u00e9r\u00e9es pour p\u00eacher \u00e0 la mouche en r\u00e9servoir. C&#8217;est aussi une tr\u00e8s bonne canne pour toutes les p\u00eaches assez fortes de la truite en rivi\u00e8re, et bien entendu pour p\u00eacher la truite de mer.<\/p>\n<p style=\"text-align: justify;\"><strong>9&#8217;6 pour soie de 7<\/strong>\u00a0&#8211; 3 brins &#8211; Action Medium Fast &#8211; Plus puissante, cette canne est franchement orient\u00e9e truite de mer ou saumon, ainsi que pour la p\u00eache de la truite en rivi\u00e8re, lac ou r\u00e9servoir avec de gros streamers.<\/p>\n<p style=\"text-align: justify;\"><strong>10&#8242; pour soie de 8<\/strong>\u00a0&#8211; 3 brins &#8211; Action Medium Fast &#8211; Canne longue, forte puissance, cette canne est destin\u00e9e \u00e0 la p\u00eache des gros poissons d&#8217;eau douce avec de grosses mouches.<\/p>\n<p style=\"text-align: justify;\">Distributeurs France et partenanire du site :\u00a0<em><strong><a title=\"Canne LOOP Evotec - poign\u00e9e hexagonale\" href=\"http:\/\/www.rilap.com\/francais\/cannes\/texte\/cannes-a-mouche-loop-evotec.html\" target=\"_blank\">Rilap.com<\/a><\/strong><\/em><\/p>\n<p>&nbsp;<\/p>\n<p style=\"text-align: justify;\"><em><strong>L&#8217;avis de l&#8217;\u00e9quipe testeur du site<\/strong><\/em><\/p>\n<p style=\"text-align: justify;\">Nous avons test\u00e9 cette canne en mod\u00e8le MF tailles 9&#8242; soie 4 \u00a0avec un membre du site et moi m\u00eame sur la saison 2013, soit une &#8230;.\u00a0<em>(non je ne vous le direz pas, vous seriez jaloux)<\/em>\u00a0de sorties en rivi\u00e8res et en lac. Notre conclusion sur cette canne est vraiment tr\u00e8s positive, une superbe canne pour la p\u00eache en rivi\u00e8re. Nous lui avons tout fait &#8230; \u00a0p\u00eacher en s\u00e8che, nymphe, streamer, lacs, rivi\u00e8res avec et sans vent. Cette canne est faite pour p\u00eacher en rivi\u00e8re petite ou grande mais en rivi\u00e8re elle est absolument prodigieuse si vous aimez une action semi parabolique. Elle chargera la soie toute seule comme une grande pas besoin de forcer au contraire il faut la laisser faire. Pour les moucheur qui ont la chance\u00a0<em>comme moi<\/em>\u00a0de p\u00eacher avec &#8220;une yellow&#8221; de chez LOOP, retrouveront cette sensation de facilit\u00e9 et l&#8217;\u00e9norme plaisir de p\u00eacher avec cette petite merveille. Attention cette canne n&#8217;est pas molle !!! Elle a une tr\u00e8s bonne pr\u00e9cision et tr\u00e8s l\u00e9g\u00e8re. Le point ou j&#8217;aimerai m&#8217;attarder est tr\u00e8s important &#8230; la poign\u00e9e hexagonale, une superbe id\u00e9e que de cr\u00e9e cette poign\u00e9e et voila la raison. Au d\u00e9but j&#8217;ai eu du mal a m&#8217;y faire mais apr\u00e8s quelque sortie j&#8217;ai vite appris a utiliser cette diff\u00e9rence pour guider ma soie. Vous avez la ma\u00eetrise totale de votre canne. A la prise en main votre canne est automatiquement en place, votre pouce est sur un des m\u00e9plats de votre poign\u00e9e et vous avez cette sensation de ma\u00eetrise dans la direction de votre soie sur les petits lanc\u00e9s ou les enroul\u00e9s.\u00a0Le prix est relativement abordable car ce mod\u00e8le frise le haut de gamme.\u00a0Le seul petit d\u00e9tail qui me g\u00e8ne\u00a0<em>(je sais je sais, je me rab\u00e2che mais bon)<\/em>, il est d&#8217;ailleurs le m\u00eame sur toute les cannes LOOP &#8230;. et oui l&#8217;accroche mouche est toujours et encore absent ainsi que sur ce mod\u00e8le &#8230; Nous conseillons vivement de l&#8217;acheter ou avant faire un essai dans un salon de la PALM<\/p>\n<p style=\"text-align: justify;\">Note du site \/5 :\u00a0<img decoding=\"async\" title=\"4\/5\" src=\"http:\/\/www.moucheur.fr\/_images\/doc\/note_5_etoiles.png\" alt=\"\" width=\"72\" height=\"16\" \/><\/p>\n<p style=\"text-align: justify;\">Notre critique n&#8217;engage que nous \u00e9videment !!! Donnez votre avis &#8230;<\/p>\n","protected":false},"excerpt":{"rendered":"<p>Les cannes \u00e0 mouche LOOP Evotec sont le fruit de la\u00a0toute\u00a0derni\u00e8re\u00a0technologie LOOP \u201cCross\u00a0Weave\u201d. Elles ont une action douce, pr\u00e9cise et&hellip;<\/p>\n","protected":false},"author":1,"featured_media":0,"parent":1305,"menu_order":0,"comment_status":"open","ping_status":"open","template":"","meta":{"footnotes":""},"categories":[],"tags":[],"class_list":["post-2198","page","type-page","status-publish","hentry"],"_links":{"self":[{"href":"https:\/\/www.moucheur.fr\/palm\/wp-json\/wp\/v2\/pages\/2198","targetHints":{"allow":["GET"]}}],"collection":[{"href":"https:\/\/www.moucheur.fr\/palm\/wp-json\/wp\/v2\/pages"}],"about":[{"href":"https:\/\/www.moucheur.fr\/palm\/wp-json\/wp\/v2\/types\/page"}],"author":[{"embeddable":true,"href":"https:\/\/www.moucheur.fr\/palm\/wp-json\/wp\/v2\/users\/1"}],"replies":[{"embeddable":true,"href":"https:\/\/www.moucheur.fr\/palm\/wp-json\/wp\/v2\/comments?post=2198"}],"version-history":[{"count":0,"href":"https:\/\/www.moucheur.fr\/palm\/wp-json\/wp\/v2\/pages\/2198\/revisions"}],"up":[{"embeddable":true,"href":"https:\/\/www.moucheur.fr\/palm\/wp-json\/wp\/v2\/pages\/1305"}],"wp:attachment":[{"href":"https:\/\/www.moucheur.fr\/palm\/wp-json\/wp\/v2\/media?parent=2198"}],"wp:term":[{"taxonomy":"category","embeddable":true,"href":"https:\/\/www.moucheur.fr\/palm\/wp-json\/wp\/v2\/categories?post=2198"},{"taxonomy":"post_tag","embeddable":true,"href":"https:\/\/www.moucheur.fr\/palm\/wp-json\/wp\/v2\/tags?post=2198"}],"curies":[{"name":"wp","href":"https:\/\/api.w.org\/{rel}","templated":true}]}}