{"id":2215,"date":"2013-12-26T18:12:57","date_gmt":"2013-12-26T17:12:57","guid":{"rendered":"http:\/\/www.moucheur.fr\/palm\/?page_id=2215"},"modified":"2015-03-25T18:54:49","modified_gmt":"2015-03-25T17:54:49","slug":"cannes-mouche-loop-cross-s1","status":"publish","type":"page","link":"https:\/\/www.moucheur.fr\/palm\/mouche\/materiel\/canne\/loop\/cannes-mouche-loop-cross-s1\/","title":{"rendered":"Cross S1"},"content":{"rendered":"<p><img decoding=\"async\" style=\"float: right;\" src=\"http:\/\/www.moucheur.fr\/palm\/wp-content\/uploads\/2013\/12\/LOGO_TEST_OK.png\" alt=\"\" width=\"100\" height=\"100\" \/><\/p>\n<p style=\"text-align: justify;\">La nouvelle s\u00e9rie de cannes \u00e0 mouche LOOP Cross S1 est la plus importante r\u00e9volution qui va se produire dans la p\u00eache \u00e0 la mouche depuis que LOOP a lanc\u00e9 les moulinets \u00ab Large Arbor \u00bb dans les ann\u00e9es 80.<\/p>\n<h2><img decoding=\"async\" class=\"aligncenter\" style=\"border: 0px; margin-top: 10px; margin-bottom: 10px;\" src=\"http:\/\/www.rilap.com\/francais\/cannes\/photos\/cannes-loop-cross-s1-650.jpg\" alt=\"Cannes LOOP Cross S1\" width=\"460\" height=\"105\" align=\"middle\" border=\"0\" vspace=\"10\" \/><\/h2>\n<p style=\"text-align: justify;\">Vous savez que les moulinets Large Arbor ont r\u00e9volutionn\u00e9 les moulinets mouche en les am\u00e9liorant de fa\u00e7on exponentielle. Eh bien, vous ne pouvez pas vous imaginer la diff\u00e9rence que la construction Cross S1 apporte aux cannes \u00e0 mouche. Si LOOP a jamais m\u00e9rit\u00e9 qu&#8217;on jette un \u0153il \u00e0 ses r\u00e9alisations dans le mat\u00e9riel de p\u00eache \u00e0 la mouche, c&#8217;est maintenant.<\/p>\n<p style=\"text-align: justify;\">Cela a pris deux ans \u00e0 LOOP pour d\u00e9velopper ces cannes qui utilisent les nouveaux Composites 3M\u2122 Powerlux\u2122. Le r\u00e9sultat est \u00e9tonnant. La force associ\u00e9e aux Composites 3M\u2122 Powerlux\u2122 engendre une l\u00e9g\u00e8ret\u00e9 et une \u00e9lasticit\u00e9 contr\u00f4lable qui demandent \u00e0 \u00eatre essay\u00e9es.<\/p>\n<p style=\"text-align: justify;\">LOOP a soigneusement restreint l&#8217;inh\u00e9rente \u00e9lasticit\u00e9 du Cross S1 de mani\u00e8re \u00e0 ce que la canne travaille de fa\u00e7on plus r\u00e9guli\u00e8re que les autres cannes \u00e0 mouche. L&#8217;aboutissement, c&#8217;est une canne poids plume et super robuste, avec extr\u00eamement peu de vibrations, que ce soit pour lancer \u00e0 courte ou \u00e0 tr\u00e8s longue distance. Sa construction fait qu&#8217;en fournissant un minimum d&#8217;effort, la canne fait le reste : il n&#8217;a jamais \u00e9t\u00e9 aussi facile et aussi peu fatigant de lancer.<\/p>\n<h2>Action de la canne<\/h2>\n<p style=\"text-align: justify;\">Ces cannes poss\u00e8dent chacune une action qui lui est propre, laquelle est indiqu\u00e9e sur la canne de la mani\u00e8re suivante\u00a0:<\/p>\n<ul>\n<li style=\"text-align: justify;\">Medium\u00a0: Action moyenne, tr\u00e8s douce sans \u00eatre pour autant molle.<\/li>\n<li style=\"text-align: justify;\">Medium Fast\u00a0: Action moyennement rapide, consid\u00e9r\u00e9e comme id\u00e9ale par une majorit\u00e9 de p\u00eacheurs.<\/li>\n<li style=\"text-align: justify;\">Fast\u00a0: Action rapide, souvent appr\u00e9ci\u00e9e par les p\u00eacheurs \u00e0 la nymphe lest\u00e9e.<\/li>\n<\/ul>\n<h2>Courbe de la canne<\/h2>\n<p>Pour qu&#8217;il soit possible de se faire la meilleure id\u00e9e possible du comportement de la canne, LOOP indique \u00e9galement sa courbe.<\/p>\n<p style=\"text-align: center;\"><img decoding=\"async\" class=\"aligncenter\" src=\"http:\/\/www.rilap.com\/francais\/cannes\/photos\/courbes-cannes-loop.jpg\" alt=\"Courbe des cannes \u00e0 mouche Loop\" width=\"444\" height=\"112\" align=\"middle\" \/><\/p>\n<ul>\n<li>TC= Tip Curve\u00a0: Ces cannes plient essentiellement de la pointe.<\/li>\n<li>MC= Middle Curve\u00a0: Ces cannes plient sur environ les 2\/3 de leur longueur.<\/li>\n<li>FC= Full Curve\u00a0: Ces cannes plient pratiquement sur toute leur longueur.<\/li>\n<\/ul>\n<h2>Quelques petites choses qui font la diff\u00e9rence :<\/h2>\n<ul>\n<li style=\"text-align: justify;\">Poign\u00e9e en li\u00e8ge avec renforts en m\u00e9lange d&#8217;epoxy et de li\u00e8ge.<\/li>\n<li style=\"text-align: justify;\">Le porte-moulinet triangulaire beaucoup plus efficace. Sa forme est adapt\u00e9e \u00e0 la fonction.<\/li>\n<li style=\"text-align: justify;\">Num\u00e9ro de soie Loop correspondant exactement \u00e0 celui indiqu\u00e9 sur la canne.<\/li>\n<li style=\"text-align: justify;\">Poids recommand\u00e9 en grammes pr\u00e9cis\u00e9 sur la canne.<\/li>\n<li style=\"text-align: justify;\">Les inscriptions sur chaque \u00e9l\u00e9ment pour \u00e9viter de m\u00e9langer diff\u00e9rentes cannes.<\/li>\n<li style=\"text-align: justify;\">Anneaux serpentiformes tr\u00e8s r\u00e9sistants.<\/li>\n<\/ul>\n<p>Les cannes \u00e0 mouche Loop Cross S1 sont livr\u00e9es dans un \u00e9tui en tissu et un tube rigide en aluminium. Comme toutes les cannes LOOP, les cannes LOOP Cross S1 b\u00e9n\u00e9ficient de la\u00a0<strong><a href=\"http:\/\/www.rilap.com\/francais\/cannes\/texte\/garantie.html\">garantie \u00e0 vie LOOP<\/a><\/strong>.<\/p>\n<table border=\"0\" cellspacing=\"0\" cellpadding=\"5\" align=\"center\">\n<tbody>\n<tr>\n<td align=\"center\" width=\"53\"><span style=\"font-size: small;\"><strong>Mod\u00e8le<\/strong><\/span><\/td>\n<td align=\"center\" width=\"53\"><span style=\"font-size: small;\"><strong>Soie<\/strong><\/span><\/td>\n<td align=\"center\" width=\"57\"><span style=\"font-size: small;\"><strong>Brins<\/strong><\/span><\/td>\n<td align=\"center\" width=\"58\"><span style=\"font-size: small;\"><strong>Action<\/strong><\/span><\/td>\n<td align=\"center\" width=\"57\"><span style=\"font-size: small;\"><strong>Courbe<\/strong><\/span><\/td>\n<td align=\"center\" width=\"57\"><span style=\"font-size: small;\"><strong>Poids<\/strong><\/span><\/td>\n<td align=\"center\" width=\"67\"><span style=\"font-size: small;\"><strong>Prix\u00a0<\/strong><strong>H.T.<\/strong><\/span><\/td>\n<td align=\"center\" width=\"67\"><span style=\"font-size: small;\"><strong>Prix\u00a0<\/strong><strong>T.T.C.<\/strong><\/span><\/td>\n<\/tr>\n<tr>\n<td align=\"center\"><span style=\"font-size: small;\"><strong>8&#8217;6<\/strong><\/span><\/td>\n<td align=\"center\"><span style=\"font-size: small;\">3<\/span><\/td>\n<td align=\"center\"><span style=\"font-size: small;\">4<\/span><\/td>\n<td align=\"center\" width=\"58\"><span style=\"font-size: small;\">MF<\/span><\/td>\n<td align=\"center\" width=\"57\"><span style=\"font-size: small;\">MC<\/span><\/td>\n<td align=\"center\" width=\"57\"><span style=\"font-size: small;\">83g<\/span><\/td>\n<td align=\"center\"><span style=\"font-size: small;\">\u20ac\u00a0542.64<\/span><\/td>\n<td align=\"center\"><span style=\"font-size: small;\"><em>\u20ac 649.00<\/em><\/span><\/td>\n<\/tr>\n<tr>\n<td align=\"center\"><span style=\"font-size: small;\"><strong>9&#8242;<\/strong><\/span><\/td>\n<td align=\"center\"><span style=\"font-size: small;\">4<\/span><\/td>\n<td align=\"center\"><span style=\"font-size: small;\">4<\/span><\/td>\n<td align=\"center\" width=\"58\"><span style=\"font-size: small;\">MF<\/span><\/td>\n<td align=\"center\" width=\"57\"><span style=\"font-size: small;\">MC<\/span><\/td>\n<td align=\"center\" width=\"57\"><span style=\"font-size: small;\">93g<\/span><\/td>\n<td align=\"center\"><span style=\"font-size: small;\">\u20ac\u00a0542.64<\/span><\/td>\n<td align=\"center\"><span style=\"font-size: small;\"><em>\u20ac 649.00<\/em><\/span><\/td>\n<\/tr>\n<tr>\n<td align=\"center\"><span style=\"font-size: small;\"><strong>9&#8242;<\/strong><\/span><\/td>\n<td align=\"center\"><span style=\"font-size: small;\">5<\/span><\/td>\n<td align=\"center\"><span style=\"font-size: small;\">4<\/span><\/td>\n<td align=\"center\" width=\"58\"><span style=\"font-size: small;\">MF<\/span><\/td>\n<td align=\"center\" width=\"57\"><span style=\"font-size: small;\">MC<\/span><\/td>\n<td align=\"center\" width=\"57\"><span style=\"font-size: small;\">93g<\/span><\/td>\n<td align=\"center\"><span style=\"font-size: small;\">\u20ac\u00a0542.64<\/span><\/td>\n<td align=\"center\"><span style=\"font-size: small;\"><em>\u20ac 649.00<\/em><\/span><\/td>\n<\/tr>\n<tr>\n<td align=\"center\"><span style=\"font-size: small;\"><strong>9&#8242;<\/strong><\/span><\/td>\n<td align=\"center\"><span style=\"font-size: small;\">6<\/span><\/td>\n<td align=\"center\"><span style=\"font-size: small;\">4<\/span><\/td>\n<td align=\"center\"><span style=\"font-size: small;\">MF<\/span><\/td>\n<td align=\"center\"><span style=\"font-size: small;\">MC<\/span><\/td>\n<td align=\"center\"><span style=\"font-size: small;\">101g<\/span><\/td>\n<td align=\"center\"><span style=\"font-size: small;\">\u20ac\u00a0542.64<\/span><\/td>\n<td align=\"center\"><span style=\"font-size: small;\"><em>\u20ac 649.00<\/em><\/span><\/td>\n<\/tr>\n<tr>\n<td align=\"center\"><span style=\"font-size: small;\"><strong>9&#8217;6<\/strong><\/span><\/td>\n<td align=\"center\"><span style=\"font-size: small;\">7<\/span><\/td>\n<td align=\"center\"><span style=\"font-size: small;\">4<\/span><\/td>\n<td align=\"center\"><span style=\"font-size: small;\">MF<\/span><\/td>\n<td align=\"center\"><span style=\"font-size: small;\">MC<\/span><\/td>\n<td align=\"center\"><span style=\"font-size: small;\">116g<\/span><\/td>\n<td align=\"center\"><span style=\"font-size: small;\">\u20ac\u00a0542.64<\/span><\/td>\n<td align=\"center\"><span style=\"font-size: small;\"><em>\u20ac 649.00<\/em><\/span><\/td>\n<\/tr>\n<tr>\n<td colspan=\"8\"><span style=\"font-size: small;\"><strong>Switch<\/strong><\/span><\/td>\n<\/tr>\n<tr>\n<td align=\"center\"><span style=\"font-size: small;\"><strong>10&#8217;7<\/strong><\/span><\/td>\n<td align=\"center\"><span style=\"font-size: small;\">7<\/span><\/td>\n<td align=\"center\"><span style=\"font-size: small;\">4<\/span><\/td>\n<td align=\"center\"><span style=\"font-size: small;\">MF<\/span><\/td>\n<td align=\"center\"><span style=\"font-size: small;\">MC<\/span><\/td>\n<td align=\"center\"><span style=\"font-size: small;\">140g<\/span><\/td>\n<td align=\"center\"><span style=\"font-size: small;\">\u20ac\u00a0626.25<\/span><\/td>\n<td align=\"center\"><span style=\"font-size: small;\"><em>\u20ac 749.00<\/em><\/span><\/td>\n<\/tr>\n<tr>\n<td colspan=\"8\" align=\"left\"><span style=\"font-size: small;\"><strong>Flatsman (Mod\u00e8les Mer)<\/strong><\/span><\/td>\n<\/tr>\n<tr>\n<td align=\"center\"><span style=\"font-size: small;\"><strong>9&#8242;<\/strong><\/span><\/td>\n<td align=\"center\"><span style=\"font-size: small;\">8<\/span><\/td>\n<td align=\"center\"><span style=\"font-size: small;\">4<\/span><\/td>\n<td align=\"center\"><span style=\"font-size: small;\">MF<\/span><\/td>\n<td align=\"center\"><span style=\"font-size: small;\">MC<\/span><\/td>\n<td align=\"center\"><span style=\"font-size: small;\">128g<\/span><\/td>\n<td align=\"center\"><span style=\"font-size: small;\">\u20ac\u00a0584.45<\/span><\/td>\n<td align=\"center\"><span style=\"font-size: small;\"><em>\u20ac 699.00<\/em><\/span><\/td>\n<\/tr>\n<tr>\n<td align=\"center\"><span style=\"font-size: small;\"><strong>9&#8242;<\/strong><\/span><\/td>\n<td align=\"center\"><span style=\"font-size: small;\">10<\/span><\/td>\n<td align=\"center\"><span style=\"font-size: small;\">4<\/span><\/td>\n<td align=\"center\"><span style=\"font-size: small;\">MF<\/span><\/td>\n<td align=\"center\"><span style=\"font-size: small;\">MC<\/span><\/td>\n<td align=\"center\"><span style=\"font-size: small;\">137g<\/span><\/td>\n<td align=\"center\"><span style=\"font-size: small;\">\u20ac\u00a0584.45<\/span><\/td>\n<td align=\"center\"><span style=\"font-size: small;\"><em>\u20ac 699.00<\/em><\/span><\/td>\n<\/tr>\n<tr>\n<td align=\"center\"><span style=\"font-size: small;\"><strong>9&#8242;<\/strong><\/span><\/td>\n<td align=\"center\"><span style=\"font-size: small;\">12<\/span><\/td>\n<td align=\"center\"><span style=\"font-size: small;\">4<\/span><\/td>\n<td align=\"center\"><span style=\"font-size: small;\">MF<\/span><\/td>\n<td align=\"center\"><span style=\"font-size: small;\">MC<\/span><\/td>\n<td align=\"center\"><span style=\"font-size: small;\">139g<\/span><\/td>\n<td align=\"center\"><span style=\"font-size: small;\">\u20ac\u00a0584.45<\/span><\/td>\n<td align=\"center\"><span style=\"font-size: small;\"><em>\u20ac 699.00<\/em><\/span><\/td>\n<\/tr>\n<tr>\n<td colspan=\"8\"><span style=\"font-size: small;\"><strong>Cannes \u00e0 Deux Mains<\/strong><\/span><\/td>\n<\/tr>\n<tr>\n<td align=\"center\"><span style=\"font-size: small;\"><strong>12&#8242;<\/strong><\/span><\/td>\n<td align=\"center\"><span style=\"font-size: small;\">7<\/span><\/td>\n<td align=\"center\"><span style=\"font-size: small;\">4<\/span><\/td>\n<td align=\"center\"><span style=\"font-size: small;\">MF<\/span><\/td>\n<td align=\"center\"><span style=\"font-size: small;\">MC<\/span><\/td>\n<td align=\"center\"><span style=\"font-size: small;\">208g<\/span><\/td>\n<td align=\"center\"><span style=\"font-size: small;\">\u20ac\u00a0668.06<\/span><\/td>\n<td align=\"center\"><span style=\"font-size: small;\"><em>\u20ac 799.00<\/em><\/span><\/td>\n<\/tr>\n<tr>\n<td align=\"center\"><span style=\"font-size: small;\"><strong>14&#8242;<\/strong><\/span><\/td>\n<td align=\"center\"><span style=\"font-size: small;\">9<\/span><\/td>\n<td align=\"center\"><span style=\"font-size: small;\">4<\/span><\/td>\n<td align=\"center\"><span style=\"font-size: small;\">MF<\/span><\/td>\n<td align=\"center\"><span style=\"font-size: small;\">MC<\/span><\/td>\n<td align=\"center\"><span style=\"font-size: small;\">257g<\/span><\/td>\n<td align=\"center\"><span style=\"font-size: small;\">\u20ac\u00a0751.67<\/span><\/td>\n<td align=\"center\"><span style=\"font-size: small;\"><em>\u20ac 899.00<\/em><\/span><\/td>\n<\/tr>\n<tr>\n<td colspan=\"8\"><span style=\"font-size: small;\">Action : M=Medium (Moyenne), MF=Medium Fast (Moyennement Rapide), F=Fast (Rapide)<\/span><\/td>\n<\/tr>\n<tr>\n<td colspan=\"8\"><span style=\"font-size: small;\">Courbe : FC=Full Curve (Compl\u00e8te), MC=Medium Curve (Moyenne), TC=Tip Curve (Pointe)<\/span><\/td>\n<\/tr>\n<\/tbody>\n<\/table>\n<h2>Comment choisir sa canne \u00e0 mouche LOOP Cross S1\u00a0?<\/h2>\n<p style=\"text-align: justify;\"><strong>8&#8217;6 pour soie de 3<\/strong>\u00a0&#8211; 4 brins &#8211; Action Medium Fast &#8211; Cette canne d\u00e9licate et de longueur moyenne, est faite pour une p\u00eache fine en mouche s\u00e8che.<\/p>\n<p style=\"text-align: justify;\"><strong>9&#8242; pour soie de 4<\/strong>\u00a0&#8211; 4 brins &#8211; Action Medium Fast &#8211; En raison de sa plus grande puissance et de sa plus grande longueur, cette canne est davantage destin\u00e9e \u00e0 une p\u00eache normale en s\u00e8che ou \u00e0 la nymphe.<\/p>\n<p style=\"text-align: justify;\"><strong>9&#8242; pour soie de 5<\/strong>\u00a0&#8211; 4 brins &#8211; Action Medium Fast &#8211; Cette canne est la plus passe-partout pour p\u00eacher \u00e0 la mouche en France, surtout pour p\u00eacher en s\u00e8che en rivi\u00e8re.<\/p>\n<p style=\"text-align: justify;\"><strong>9&#8242; pour soie de 6<\/strong>\u00a0&#8211; 4 brins &#8211; Action Medium Fast &#8211; Plus puissante, cette canne est con\u00e7ue pour toute p\u00eache \u00e0 la mouche en rivi\u00e8re, \u00e0 la recherche de la truite ou de la truite de mer, ainsi que pour les p\u00eaches l\u00e9g\u00e8res en r\u00e9servoir, que ce soit en s\u00e8che, nymphe ou petit streamer, notamment en float tube.<\/p>\n<p style=\"text-align: justify;\"><strong>9&#8217;6 pour soie de 7<\/strong>\u00a0&#8211; 4 brins &#8211; Action Medium Fast &#8211; Plus puissante et plus longue, cette canne est franchement orient\u00e9e truite de mer ou saumon, ainsi que pour la p\u00eache de la truite en rivi\u00e8re, lac ou r\u00e9servoir avec de gros streamers.<\/p>\n<p style=\"text-align: justify;\"><strong>10&#8217;7 pour soie de 7<\/strong>\u00a0&#8211; 4 brins &#8211; Action Medium Fast &#8211; Canne puissante pour p\u00eacher en Switch Cast, pour le saumon et la truite de mer.<\/p>\n<p style=\"text-align: justify;\"><strong>9&#8242; pour soie de 8 Flatsman<\/strong>\u00a0&#8211; 4 brins &#8211; Action Medium Fast &#8211; De par sa puissance, cette canne destin\u00e9e \u00e0 la p\u00eache du bonefish, sera aussi la pr\u00e9f\u00e9r\u00e9e pour la p\u00eache en mer le long de nos c\u00f4tes.<\/p>\n<p style=\"text-align: justify;\"><strong>\u00a0<\/strong><strong>9&#8242; pour soie de 10 Flatsman<\/strong>\u00a0&#8211; 4 brins &#8211; Action Medium Fast &#8211; Plus puissante, cette canne sera pr\u00e9f\u00e9r\u00e9e pour la p\u00eache de la carangue et du thon \u00e0 la mouche.<\/p>\n<p style=\"text-align: justify;\"><strong>\u00a0<\/strong><strong>9&#8242; pour soie de 12 Flatsman<\/strong>\u00a0&#8211; 4 brins &#8211; Action Medium Fast &#8211; Tr\u00e8s puissante, cette canne est faite pour la p\u00eache des gros tarpons et autres esp\u00e8ces marines n\u00e9cessitant l&#8217;usage d&#8217;une canne forte.<\/p>\n<p style=\"text-align: justify;\"><strong>12&#8242; pour soie de 7<\/strong>\u00a0&#8211; 4 brins &#8211; Action Medium Fast\u00a0&#8211; Canne courte pour p\u00eache l\u00e9g\u00e8re du saumon \u00e0 deux mains en petite rivi\u00e8re.<\/p>\n<p style=\"text-align: justify;\"><strong>14&#8242; pour soie de 9<\/strong>\u00a0&#8211; 4 brins &#8211; Action Medium Fast\u00a0&#8211; Canne de longeur moyenne pour p\u00eache du saumon \u00e0 deux mains, parfaitement adapt\u00e9e \u00e0 tous les styles de lancer, pr\u00e9f\u00e9r\u00e9e par de tr\u00e8s nombreux p\u00eacheurs en raison de sa facilit\u00e9 d&#8217;utilisation.<\/p>\n<p>Distributeurs France et partenanire du site :\u00a0<em><strong><a title=\"Canne LOOP Evotec - poign\u00e9e hexagonale\" href=\"http:\/\/www.rilap.com\/francais\/cannes\/texte\/cannes-a-mouche-loop-evotec.html\" target=\"_blank\">Rilap.com<\/a><\/strong><\/em><\/p>\n<p>&nbsp;<\/p>\n<p><em><strong>L&#8217;avis de l&#8217;\u00e9quipe testeur du site<\/strong><\/em><\/p>\n<p style=\"text-align: justify;\">Nous avons test\u00e9 cette canne en mod\u00e8le MC tailles 9&#8242; soie 4 et 5\u00a0avec deux membres du site depuis le mois de juin de cette saison, soit une cinquantaine de sorties en rivi\u00e8res et en lac. Notre conclusion sur cette canne est sans conteste une des meilleures cannes test\u00e9 jusqu&#8217;\u00e0 pr\u00e9sent par notre \u00e9quipe. Avec elle vous pouvez p\u00eacher en s\u00e8che, nymphe, streamer sans vous poser la question &#8220;comment va-t-elle r\u00e9agir&#8221;. Cette canne est incroyablement polyvalente et dot\u00e9 d&#8217;une pr\u00e9cision et d&#8217;une l\u00e9g\u00e8ret\u00e9 impressionnante. Les anneaux de bonne facture vous permet d&#8217;avoir une glisse parfaite de votre soie surtout sur des pos\u00e9s long. Pour le prix il reste malheureusement \u00e9lev\u00e9, mais relativement abordable dans les hauts de gamme des marques leader du march\u00e9 de la canne \u00e0 mouche.\u00a0Le seul petit d\u00e9tail\u00a0<em>(je sais je sais, mais il fallait bien trouver un truc quand m\u00eame !!!)<\/em>\u00a0qui nous d\u00e9range un peu &#8230; voir beaucoup, il est d&#8217;ailleurs le m\u00eame sur toute les cannes LOOP &#8230;. et oui l&#8217;accroche mouche est toujours et encore absent ainsi que sur ce mod\u00e8le &#8230; Nous conseillons vivement de l&#8217;acheter ou avant faire un essai dans un salon de la PALM cette ann\u00e9e pour ressentir cette puissance contr\u00f4l\u00e9e, comme une voiture au pied, la vous avez un acc\u00e9l\u00e9rateur dans l&#8217;avant bras !!!<\/p>\n<p>Note du site \/5 :\u00a0<img decoding=\"async\" title=\"4\/5\" src=\"http:\/\/www.moucheur.fr\/_images\/doc\/note_5_etoiles.png\" alt=\"\" width=\"72\" height=\"16\" \/><\/p>\n<p>Notre critique n&#8217;engage que nous \u00e9videment !!! Donnez votre avis &#8230;<\/p>\n","protected":false},"excerpt":{"rendered":"<p>La nouvelle s\u00e9rie de cannes \u00e0 mouche LOOP Cross S1 est la plus importante r\u00e9volution qui va se produire dans&hellip;<\/p>\n","protected":false},"author":1,"featured_media":0,"parent":1305,"menu_order":2,"comment_status":"open","ping_status":"open","template":"","meta":{"footnotes":""},"categories":[],"tags":[],"class_list":["post-2215","page","type-page","status-publish","hentry"],"_links":{"self":[{"href":"https:\/\/www.moucheur.fr\/palm\/wp-json\/wp\/v2\/pages\/2215","targetHints":{"allow":["GET"]}}],"collection":[{"href":"https:\/\/www.moucheur.fr\/palm\/wp-json\/wp\/v2\/pages"}],"about":[{"href":"https:\/\/www.moucheur.fr\/palm\/wp-json\/wp\/v2\/types\/page"}],"author":[{"embeddable":true,"href":"https:\/\/www.moucheur.fr\/palm\/wp-json\/wp\/v2\/users\/1"}],"replies":[{"embeddable":true,"href":"https:\/\/www.moucheur.fr\/palm\/wp-json\/wp\/v2\/comments?post=2215"}],"version-history":[{"count":0,"href":"https:\/\/www.moucheur.fr\/palm\/wp-json\/wp\/v2\/pages\/2215\/revisions"}],"up":[{"embeddable":true,"href":"https:\/\/www.moucheur.fr\/palm\/wp-json\/wp\/v2\/pages\/1305"}],"wp:attachment":[{"href":"https:\/\/www.moucheur.fr\/palm\/wp-json\/wp\/v2\/media?parent=2215"}],"wp:term":[{"taxonomy":"category","embeddable":true,"href":"https:\/\/www.moucheur.fr\/palm\/wp-json\/wp\/v2\/categories?post=2215"},{"taxonomy":"post_tag","embeddable":true,"href":"https:\/\/www.moucheur.fr\/palm\/wp-json\/wp\/v2\/tags?post=2215"}],"curies":[{"name":"wp","href":"https:\/\/api.w.org\/{rel}","templated":true}]}}