{"id":228,"date":"2013-08-22T18:46:50","date_gmt":"2013-08-22T16:46:50","guid":{"rendered":"http:\/\/www.moucheur.fr\/palm\/?page_id=228"},"modified":"2021-11-19T08:03:04","modified_gmt":"2021-11-19T07:03:04","slug":"guide-de-peche","status":"publish","type":"page","link":"https:\/\/www.moucheur.fr\/palm\/espace-culturel\/voyage-et-sejours\/guide-de-peche\/","title":{"rendered":"Les guides de p\u00eache"},"content":{"rendered":"\r\n      <div id=\"post-grid-lazy-9520\" class=\"post-grid-lazy\"><img decoding=\"async\" alt=\"\" src=\"https:\/\/www.moucheur.fr\/palm\/wp-content\/uploads\/2021\/11\/ajax-loader-1.gif\" \/><\/div>\n    <script>\n      jQuery('#post-grid-lazy-9520').ready(function($) {\n        $('#post-grid-lazy-9520').fadeOut();\n        $('#post-grid-9520   ').fadeIn();\n      })\n    <\/script>\n    <style type=\"text\/css\">\n      #post-grid-9520 {\n        display: none;\n      }\n\n      .post-grid-lazy {\n        text-align: center;\n      }\n    <\/style>\n    <div data-options='{&quot;id&quot;:&quot;9520&quot;,&quot;lazy_load&quot;:&quot;yes&quot;,&quot;masonry_enable&quot;:&quot;no&quot;,&quot;view_type&quot;:&quot;grid&quot;}' id=\"post-grid-9520\" class=\"post-grid grid\">\n    \n\n\n    <div class=\"grid-items\">\n      <div class=\"item item-9510 skin flat even 0 \">\n        <div class=\"layer-wrapper layout-50265\">\n          <div class=\"layer-media element_1587187627902\"\r\n        id=\"\">\r\n        <div\r\n        class=\"element element_1587190790308  element-media \">\r\n        <a target=\"_self\" href=\"https:\/\/www.moucheur.fr\/palm\/christophe-ventura\/\"><img decoding=\"async\" width=\"150\" height=\"150\" src=\"https:\/\/www.moucheur.fr\/palm\/wp-content\/uploads\/2020\/06\/20170505_181228-e1628152318702-150x150.jpg\" class=\"attachment-thumbnail size-thumbnail wp-post-image\" alt=\"\" \/><\/a>    <\/div>\r\n    <\/div>\r\n    <div class=\"layer-content element_1587187714568\"\r\n        id=\"\">\r\n        <div class=\"element element_1587187895341  title \">\r\n                    <a target=\"_blank\"\r\n                href=\"https:\/\/www.moucheur.fr\/palm\/christophe-ventura\/\">Christophe VENTURA<\/a>\r\n            <\/div>\r\n    <div class=\"element element_1587187729822  excerpt \">\r\n        Moniteur guide de p\u00eache \u00e0 B\u00e9ziers, perfectionnement ou initiation p\u00eache \u00e0 la mouche, au toc, au leurre, carnassier, salmonid\u00e8                    <a target=\"_blank\"\r\n                href=\"https:\/\/www.moucheur.fr\/palm\/christophe-ventura\/\">Lire la suite<\/a>\r\n            <\/div>\r\n    <\/div>\r\n    <\/div>\n  <\/div><div class=\"item item-9509 skin flat odd 1 \">\n        <div class=\"layer-wrapper layout-50265\">\n          <div class=\"layer-media element_1587187627902\"\r\n        id=\"\">\r\n        <div\r\n        class=\"element element_1587190790308  element-media \">\r\n        <a target=\"_self\" href=\"https:\/\/www.moucheur.fr\/palm\/laurent-jauffret\/\"><img decoding=\"async\" width=\"150\" height=\"150\" src=\"https:\/\/www.moucheur.fr\/palm\/wp-content\/uploads\/2020\/07\/laurent-jauffre-e1624303497751-150x150.jpg\" class=\"attachment-thumbnail size-thumbnail wp-post-image\" alt=\"\" \/><\/a>    <\/div>\r\n    <\/div>\r\n    <div class=\"layer-content element_1587187714568\"\r\n        id=\"\">\r\n        <div class=\"element element_1587187895341  title \">\r\n                    <a target=\"_blank\"\r\n                href=\"https:\/\/www.moucheur.fr\/palm\/laurent-jauffret\/\">Laurent JAUFFRET<\/a>\r\n            <\/div>\r\n    <div class=\"element element_1587187729822  excerpt \">\r\n        Lors des stages vous d\u00e9couvrirez la technique de lancer et de la conduite de ligne. Vous apprendrez les montages, les                    <a target=\"_blank\"\r\n                href=\"https:\/\/www.moucheur.fr\/palm\/laurent-jauffret\/\">Lire la suite<\/a>\r\n            <\/div>\r\n    <\/div>\r\n    <\/div>\n  <\/div><div class=\"item item-9523 skin flat even 2 \">\n        <div class=\"layer-wrapper layout-50265\">\n          <div class=\"layer-media element_1587187627902\"\r\n        id=\"\">\r\n        <div\r\n        class=\"element element_1587190790308  element-media \">\r\n        <a target=\"_self\" href=\"https:\/\/www.moucheur.fr\/palm\/maxime-duclos\/\"><img decoding=\"async\" width=\"150\" height=\"150\" src=\"https:\/\/www.moucheur.fr\/palm\/wp-content\/uploads\/2020\/06\/20200623_125624-e1628152359580-150x150.jpg\" class=\"attachment-thumbnail size-thumbnail wp-post-image\" alt=\"\" \/><\/a>    <\/div>\r\n    <\/div>\r\n    <div class=\"layer-content element_1587187714568\"\r\n        id=\"\">\r\n        <div class=\"element element_1587187895341  title \">\r\n                    <a target=\"_blank\"\r\n                href=\"https:\/\/www.moucheur.fr\/palm\/maxime-duclos\/\">Maxime DUCLOS<\/a>\r\n            <\/div>\r\n    <div class=\"element element_1587187729822  excerpt \">\r\n        Nous vous donnerons de bonnes bases pour d\u00e9buter et de pr\u00e9cieux conseils pour progresser. ( Bas de ligne, positionnement....                    <a target=\"_blank\"\r\n                href=\"https:\/\/www.moucheur.fr\/palm\/maxime-duclos\/\">Lire la suite<\/a>\r\n            <\/div>\r\n    <\/div>\r\n    <\/div>\n  <\/div><div class=\"item item-9531 skin flat odd 3 \">\n        <div class=\"layer-wrapper layout-50265\">\n          <div class=\"layer-media element_1587187627902\"\r\n        id=\"\">\r\n        <div\r\n        class=\"element element_1587190790308  element-media \">\r\n        <a target=\"_self\" href=\"https:\/\/www.moucheur.fr\/palm\/jonathan-paris\/\"><img decoding=\"async\" width=\"150\" height=\"150\" src=\"https:\/\/www.moucheur.fr\/palm\/wp-content\/uploads\/2020\/06\/20200623_125854-e1628152669186-150x150.jpg\" class=\"attachment-thumbnail size-thumbnail wp-post-image\" alt=\"\" \/><\/a>    <\/div>\r\n    <\/div>\r\n    <div class=\"layer-content element_1587187714568\"\r\n        id=\"\">\r\n        <div class=\"element element_1587187895341  title \">\r\n                    <a target=\"_blank\"\r\n                href=\"https:\/\/www.moucheur.fr\/palm\/jonathan-paris\/\">Jonathan PARIS<\/a>\r\n            <\/div>\r\n    <div class=\"element element_1587187729822  excerpt \">\r\n        Situ\u00e9 dans le nord de l'Ard\u00e8che, Jonathan PARIS vous propose de vous initier ou de vous perfectionner \u00e0                    <a target=\"_blank\"\r\n                href=\"https:\/\/www.moucheur.fr\/palm\/jonathan-paris\/\">Lire la suite<\/a>\r\n            <\/div>\r\n    <\/div>\r\n    <\/div>\n  <\/div><div class=\"item item-10493 skin flat even 4 \">\n        <div class=\"layer-wrapper layout-50265\">\n          <div class=\"layer-media element_1587187627902\"\r\n        id=\"\">\r\n        <div\r\n        class=\"element element_1587190790308  element-media \">\r\n        <a target=\"_self\" href=\"https:\/\/www.moucheur.fr\/palm\/philippe-crouzet\/\"><img decoding=\"async\" width=\"150\" height=\"150\" src=\"https:\/\/www.moucheur.fr\/palm\/wp-content\/uploads\/2021\/01\/12823483_187785648263523_3108925397367044919_o-e1628153018794-150x150.jpg\" class=\"attachment-thumbnail size-thumbnail wp-post-image\" alt=\"\" \/><\/a>    <\/div>\r\n    <\/div>\r\n    <div class=\"layer-content element_1587187714568\"\r\n        id=\"\">\r\n        <div class=\"element element_1587187895341  title \">\r\n                    <a target=\"_blank\"\r\n                href=\"https:\/\/www.moucheur.fr\/palm\/philippe-crouzet\/\">Philippe CROUZET<\/a>\r\n            <\/div>\r\n    <div class=\"element element_1587187729822  excerpt \">\r\n        Un Professionnel passionn\u00e9 depuis mon plus jeune \u00e2ge par la Nature, j\u2019ai appris \u00e0 lire dans les livres sur les                    <a target=\"_blank\"\r\n                href=\"https:\/\/www.moucheur.fr\/palm\/philippe-crouzet\/\">Lire la suite<\/a>\r\n            <\/div>\r\n    <\/div>\r\n    <\/div>\n  <\/div><div class=\"item item-10554 skin flat odd 5 \">\n        <div class=\"layer-wrapper layout-50265\">\n          <div class=\"layer-media element_1587187627902\"\r\n        id=\"\">\r\n        <div\r\n        class=\"element element_1587190790308  element-media \">\r\n        <a target=\"_self\" href=\"https:\/\/www.moucheur.fr\/palm\/yannick-riviere-aude\/\"><img decoding=\"async\" width=\"150\" height=\"150\" src=\"https:\/\/www.moucheur.fr\/palm\/wp-content\/uploads\/2020\/06\/117444708_3216468138417154_7317486502772133818_n-e1624303728689-150x150.jpg\" class=\"attachment-thumbnail size-thumbnail wp-post-image\" alt=\"\" \/><\/a>    <\/div>\r\n    <\/div>\r\n    <div class=\"layer-content element_1587187714568\"\r\n        id=\"\">\r\n        <div class=\"element element_1587187895341  title \">\r\n                    <a target=\"_blank\"\r\n                href=\"https:\/\/www.moucheur.fr\/palm\/yannick-riviere-aude\/\">Yannick RIVIERE<\/a>\r\n            <\/div>\r\n    <div class=\"element element_1587187729822  excerpt \">\r\n        La p\u00eache est pour moi une passion d'enfant. Natif de l'Aude j'ai pu d\u00e9couvrir les subtilit\u00e9s de ce sport gr\u00e2ce                    <a target=\"_blank\"\r\n                href=\"https:\/\/www.moucheur.fr\/palm\/yannick-riviere-aude\/\">Lire la suite<\/a>\r\n            <\/div>\r\n    <\/div>\r\n    <\/div>\n  <\/div><div class=\"item item-49963 skin flat even 6 \">\n        <div class=\"layer-wrapper layout-50265\">\n          <div class=\"layer-media element_1587187627902\"\r\n        id=\"\">\r\n        <div\r\n        class=\"element element_1587190790308  element-media \">\r\n        <a target=\"_self\" href=\"https:\/\/www.moucheur.fr\/palm\/fabien-catarina\/\"><img decoding=\"async\" width=\"150\" height=\"150\" src=\"https:\/\/www.moucheur.fr\/palm\/wp-content\/uploads\/2021\/08\/Fabiencaterina01-e1628156164653-150x150.jpg\" class=\"attachment-thumbnail size-thumbnail wp-post-image\" alt=\"\" \/><\/a>    <\/div>\r\n    <\/div>\r\n    <div class=\"layer-content element_1587187714568\"\r\n        id=\"\">\r\n        <div class=\"element element_1587187895341  title \">\r\n                    <a target=\"_blank\"\r\n                href=\"https:\/\/www.moucheur.fr\/palm\/fabien-catarina\/\">Fabien CATERINA<\/a>\r\n            <\/div>\r\n    <div class=\"element element_1587187729822  excerpt \">\r\n        Moniteur guide de p\u00eache\u00a0dans l'Is\u00e8re,\u00a0vous propose divers stages et\u00a0formations de p\u00eache\u00a0\u00e0 la mouche dans                    <a target=\"_blank\"\r\n                href=\"https:\/\/www.moucheur.fr\/palm\/fabien-catarina\/\">Lire la suite<\/a>\r\n            <\/div>\r\n    <\/div>\r\n    <\/div>\n  <\/div><div class=\"item item-50552 skin flat odd 7 \">\n        <div class=\"layer-wrapper layout-50265\">\n          <div class=\"layer-media element_1587187627902\"\r\n        id=\"\">\r\n        <div\r\n        class=\"element element_1587190790308  element-media \">\r\n        <a target=\"_self\" href=\"https:\/\/www.moucheur.fr\/palm\/alexandre-rodrigues\/\"><img decoding=\"async\" width=\"150\" height=\"150\" src=\"https:\/\/www.moucheur.fr\/palm\/wp-content\/uploads\/2021\/12\/Guide-peche-01-150x150.jpg\" class=\"attachment-thumbnail size-thumbnail wp-post-image\" alt=\"\" \/><\/a>    <\/div>\r\n    <\/div>\r\n    <div class=\"layer-content element_1587187714568\"\r\n        id=\"\">\r\n        <div class=\"element element_1587187895341  title \">\r\n                    <a target=\"_blank\"\r\n                href=\"https:\/\/www.moucheur.fr\/palm\/alexandre-rodrigues\/\">Alexandre RODRIGUES<\/a>\r\n            <\/div>\r\n    <div class=\"element element_1587187729822  excerpt \">\r\n        Alexandre RODRIGUES, moniteur et Guide de\u00a0p\u00eache \u00e0 la mouche dans les Pyr\u00e9n\u00e9es,\u00a0vous accompagne sur les rivi\u00e8res                    <a target=\"_blank\"\r\n                href=\"https:\/\/www.moucheur.fr\/palm\/alexandre-rodrigues\/\">Lire la suite<\/a>\r\n            <\/div>\r\n    <\/div>\r\n    <\/div>\n  <\/div><div class=\"item item-50860 skin flat even 8 \">\n        <div class=\"layer-wrapper layout-50265\">\n          <div class=\"layer-media element_1587187627902\"\r\n        id=\"\">\r\n        <div\r\n        class=\"element element_1587190790308  element-media \">\r\n        <a target=\"_self\" href=\"https:\/\/www.moucheur.fr\/palm\/johan-millaud\/\"><img decoding=\"async\" width=\"150\" height=\"150\" src=\"https:\/\/www.moucheur.fr\/palm\/wp-content\/uploads\/2023\/07\/Johan-Millaud-150x150.jpg\" class=\"attachment-thumbnail size-thumbnail wp-post-image\" alt=\"\" \/><\/a>    <\/div>\r\n    <\/div>\r\n    <div class=\"layer-content element_1587187714568\"\r\n        id=\"\">\r\n        <div class=\"element element_1587187895341  title \">\r\n                    <a target=\"_blank\"\r\n                href=\"https:\/\/www.moucheur.fr\/palm\/johan-millaud\/\">Johan MILLAUD<\/a>\r\n            <\/div>\r\n    <div class=\"element element_1587187729822  excerpt \">\r\n        Johan Millaud est un guide de p\u00eache dipl\u00f4m\u00e9 originaire de la Dr\u00f4me proven\u00e7ale. Passionn\u00e9 depuis toujours par la p\u00eache \u00e0                    <a target=\"_blank\"\r\n                href=\"https:\/\/www.moucheur.fr\/palm\/johan-millaud\/\">Lire la suite<\/a>\r\n            <\/div>\r\n    <\/div>\r\n    <\/div>\n  <\/div>    <\/div>\n    <div class=\"pagination\">\n      <div class=\"paginate\">\n      <\/div>\n  <style type=\"text\/css\">\n    #post-grid-9520 .pagination .page-numbers {\n      font-size: 14px;\n      color: #ffffff;\n      background: #646464;\n    }\n\n    #post-grid-9520 .pagination .page-numbers:hover,\n    #post-grid-9520 .pagination .page-numbers.current {\n      background: #4b4b4b;\n    }\n  <\/style>\n  <\/div>\n        <style type=\"text\/css\">\r\n            .layout-50265 .element_1587187627902 {\r\n                            }\r\n\r\n                    <\/style>\r\n        <style type=\"text\/css\">\r\n        .layout-50265 .element_1587190790308 {\r\n            overflow: hidden;\r\n                    }\r\n\r\n        .layout-50265 .element_1587190790308 img {\r\n            max-width: 100%;\r\n            height: auto;\r\n        }\r\n\r\n        @media only screen and (min-width: 1024px) {\r\n            .layout-50265 .element_1587190790308 {\r\n                height: auto;\r\n                            }\r\n        }\r\n\r\n        @media only screen and (min-width: 768px) and (max-width: 1023px) {\r\n            .layout-50265 .element_1587190790308 {\r\n                height: auto;\r\n                            }\r\n        }\r\n\r\n        @media only screen and (min-width: 0px) and (max-width: 767px) {\r\n            .layout-50265 .element_1587190790308 {\r\n                height: auto;\r\n                            }\r\n        }\r\n    <\/style>\r\n        <style type=\"text\/css\">\r\n            .layout-50265 .element_1587187714568 {\r\n                margin: 10px;\r\n                            }\r\n\r\n                    <\/style>\r\n        <style type=\"text\/css\">\r\n        .layout-50265 .element_1587187895341 {\r\n            font-size: 18px;\r\n            margin: 5px 0;\r\n            text-align: left;\r\n                    }\r\n\r\n        .layout-50265 .element_1587187895341 a {\r\n            font-size: 18px;\r\n            margin: 5px 0;\r\n            text-align: left;\r\n                    }\r\n    <\/style>\r\n    <style type=\"text\/css\">\r\n        .layout-50265 .element_1587187729822 {\r\n            font-size: 14px;\r\n            margin: 10px 0;\r\n            text-align: left;\r\n                    }\r\n\r\n        .layout-50265 .element_1587187729822 a {\r\n            font-size: 14px;\r\n                    }\r\n    <\/style>\r\n        <style type=\"text\/css\">\n      .layout-50265 a{text-decoration:none}.layout-50265 .layer-media{background:#fff none repeat scroll 0 0;border-radius:50%;overflow:hidden}    <\/style>\n    <script>\n          <\/script>\n    <style type=\"text\/css\">\n    #post-grid-9520 {\n      padding: 30px;\n      background-color: #474747;\n          }\n\n    #post-grid-9520 .item {\n      padding: 0px;\n      background: #2d2d2d;\n          }\n\n    #post-grid-9520 .item .layer-media {\n      height:auto;    }\n\n    @media only screen and (min-width: 0px) and (max-width: 767px) {\n      #post-grid-9520 .grid-items {\n        text-align: center;\n              }\n\n      #post-grid-9520 .item {\n        width: 90%;\n        margin: 10px;\n        display: inline-block;\n        vertical-align: top;\n        height:auto;      }\n    }\n\n    @media only screen and (min-width: 768px) and (max-width: 1023px) {\n      #post-grid-9520 .grid-items {\n        text-align: center;\n              }\n\n      #post-grid-9520 .item {\n        width: 180px;\n        margin: 10px;\n        display: inline-block;\n        vertical-align: top;\n        max-height:auto;      }\n    }\n\n    @media only screen and (min-width: 1024px) {\n      #post-grid-9520 .grid-items {\n        text-align: center;\n              }\n\n      #post-grid-9520 .item {\n        width: 230px;\n        display: inline-block;\n        margin: 10px;\n        vertical-align: top;\n        height:auto;      }\n    }\n\n      <\/style>\n  <\/div>\n\r\n","protected":false},"excerpt":{"rendered":"<p>CHRISTOPHE VENTURA Moniteur guide de p\u00eache Guide de p\u00eache \u00e0 B\u00e9ziers, initiation perfectionnement p\u00eache \u00e0 la mouche, au toc, au&hellip;<\/p>\n","protected":false},"author":1,"featured_media":50355,"parent":202,"menu_order":1,"comment_status":"open","ping_status":"open","template":"","meta":{"footnotes":""},"categories":[],"tags":[],"class_list":["post-228","page","type-page","status-publish","has-post-thumbnail","hentry"],"_links":{"self":[{"href":"https:\/\/www.moucheur.fr\/palm\/wp-json\/wp\/v2\/pages\/228","targetHints":{"allow":["GET"]}}],"collection":[{"href":"https:\/\/www.moucheur.fr\/palm\/wp-json\/wp\/v2\/pages"}],"about":[{"href":"https:\/\/www.moucheur.fr\/palm\/wp-json\/wp\/v2\/types\/page"}],"author":[{"embeddable":true,"href":"https:\/\/www.moucheur.fr\/palm\/wp-json\/wp\/v2\/users\/1"}],"replies":[{"embeddable":true,"href":"https:\/\/www.moucheur.fr\/palm\/wp-json\/wp\/v2\/comments?post=228"}],"version-history":[{"count":0,"href":"https:\/\/www.moucheur.fr\/palm\/wp-json\/wp\/v2\/pages\/228\/revisions"}],"up":[{"embeddable":true,"href":"https:\/\/www.moucheur.fr\/palm\/wp-json\/wp\/v2\/pages\/202"}],"wp:featuredmedia":[{"embeddable":true,"href":"https:\/\/www.moucheur.fr\/palm\/wp-json\/wp\/v2\/media\/50355"}],"wp:attachment":[{"href":"https:\/\/www.moucheur.fr\/palm\/wp-json\/wp\/v2\/media?parent=228"}],"wp:term":[{"taxonomy":"category","embeddable":true,"href":"https:\/\/www.moucheur.fr\/palm\/wp-json\/wp\/v2\/categories?post=228"},{"taxonomy":"post_tag","embeddable":true,"href":"https:\/\/www.moucheur.fr\/palm\/wp-json\/wp\/v2\/tags?post=228"}],"curies":[{"name":"wp","href":"https:\/\/api.w.org\/{rel}","templated":true}]}}