{"id":2312,"date":"2014-01-02T20:55:19","date_gmt":"2014-01-02T19:55:19","guid":{"rendered":"http:\/\/www.moucheur.fr\/palm\/?page_id=2312"},"modified":"2015-03-25T21:28:53","modified_gmt":"2015-03-25T20:28:53","slug":"canne-sage-approach","status":"publish","type":"page","link":"https:\/\/www.moucheur.fr\/palm\/mouche\/materiel\/canne\/sage\/canne-sage-approach\/","title":{"rendered":"SAGE APPROACH"},"content":{"rendered":"<p><img decoding=\"async\" style=\"float: right;\" src=\"http:\/\/www.moucheur.fr\/palm\/wp-content\/uploads\/2013\/12\/LOGO_TEST_NO.png\" alt=\"\" width=\"100\" height=\"100\" \/><\/p>\n<p style=\"text-align: justify;\"><img decoding=\"async\" style=\"float: left; margin-left: 10px; margin-right: 10px;\" title=\"CANNE SAGE APPROACH\" src=\"http:\/\/www.moucheur.fr\/photos\/images\/772I_Grande_8329_sage_app_tn.jpg\" alt=\"\" width=\"200\" height=\"200\" \/><\/p>\n<p style=\"text-align: justify;\"><span style=\"font-family: verdana, geneva;\">Remplace la s\u00e9rie VANTAGE, d&#8217;action dite &#8220;moyenne rapide&#8221;, cette nouvelle s\u00e9rie de cannes &#8220;entr\u00e9e de gamme&#8221; a \u00e9t\u00e9 construite \u00e0 partir de mat\u00e9riaux de qualit\u00e9.<\/span><\/p>\n<p style=\"text-align: justify;\"><span style=\"font-family: verdana, geneva;\">Sans doute une des meilleures cannes disponibles aujourd&#8217;hui \u00e0 ce niveau de prix, l&#8217;APPROACH constitue un excellent choix pour le p\u00eacheur qui souhaite d\u00e9buter la p\u00eache \u00e0 la mouche.<\/span><br \/>\n<span style=\"font-family: verdana, geneva;\"> Son action relativement plus douce, permet en effet de se sentir tr\u00e8s \u00e0 l&#8217;aise, le nouveau p\u00eacheur \u00e0 la mouche \u00e9prouvera imm\u00e9diatement les meilleures sensations.<\/span><\/p>\n<p style=\"text-align: justify;\"><span style=\"font-family: verdana, geneva;\">L&#8217;APPPROACH facilite l&#8217;apprentissage du lancer, elle est suffisamment douce pour lancer avec peu de soie sortie mais sa r\u00e9serve de puissance permet aussi d&#8217;appuyer les lancers et d&#8217;atteindre une vingtaine de m\u00e8tres en deux &#8220;faux lancers&#8221;.<\/span><\/p>\n<p><span style=\"font-family: verdana, geneva;\"><img decoding=\"async\" style=\"float: right; margin-left: 10px; margin-right: 10px;\" title=\"CANNE SAGE APPROACH\" src=\"http:\/\/www.moucheur.fr\/photos\/images\/982I_Grande_8291_sage_app_tn.jpg\" alt=\"\" width=\"200\" height=\"200\" \/><\/span><\/p>\n<p><span style=\"font-family: verdana, geneva;\">\u2022 action moyenne rapide<\/span><br \/>\n<span style=\"font-family: verdana, geneva;\"> \u2022 couleur gris nacr\u00e9<\/span><br \/>\n<span style=\"font-family: verdana, geneva;\"> \u2022 ligatures noires et liser\u00e9 argent<\/span><br \/>\n<span style=\"font-family: verdana, geneva;\"> \u2022 Anneau de d\u00e9part c\u00e9ramique<\/span><br \/>\n<span style=\"font-family: verdana, geneva;\"> \u2022 Anneaux serpentiformes et de pointe chrom\u00e9s durs<\/span><br \/>\n<span style=\"font-family: verdana, geneva;\"> \u2022 Porte-moulinets alu avec insert bois et poign\u00e9es Reverse half-wells pour les cannes soies 3 \u00e0 6<\/span><br \/>\n<span style=\"font-family: verdana, geneva;\"> \u2022 Porte-moulinets alu et poign\u00e9es full-wells avec talon de combat pour les cannes de 7 \u00e0 9.<\/span><br \/>\n<span style=\"font-family: verdana, geneva;\"> \u2022 Tube de protection type Cordura<\/span><\/p>\n<p><span style=\"font-family: verdana, geneva;\">Garantie \u00e0 vie<\/span><\/p>\n<table>\n<tbody>\n<tr>\n<td><span style=\"font-size: small; font-family: verdana, geneva;\">REFERENCE<\/span><\/td>\n<td><span style=\"font-size: small; font-family: verdana, geneva;\">Poign\u00e9e<\/span><\/td>\n<td><span style=\"font-size: small; font-family: verdana, geneva;\"><strong>Mod\u00e8le<\/strong>\u00a0<strong>\u00a0<\/strong><\/span><\/td>\n<td><span style=\"font-size: small; font-family: verdana, geneva;\"><strong>Soie<\/strong><\/span><\/td>\n<td><span style=\"font-size: small; font-family: verdana, geneva;\">BRINS<\/span><\/td>\n<td><span style=\"font-size: small; font-family: verdana, geneva;\">POIDS<\/span><\/td>\n<td><span style=\"font-size: small; font-family: verdana, geneva;\">PRIX<\/span><\/td>\n<\/tr>\n<tr id=\"prod_tr_370-4-Approach\">\n<td><span style=\"font-size: small; font-family: verdana, geneva;\"><strong>370-4 Approach<\/strong><\/span><\/td>\n<td><span style=\"font-size: small; font-family: verdana, geneva;\"><strong>A<\/strong><\/span><\/td>\n<td><span style=\"font-size: small; font-family: verdana, geneva;\"><strong>7&#8242; 0&#8243;<\/strong><\/span><\/td>\n<td><span style=\"font-size: small; font-family: verdana, geneva;\"><strong>3<\/strong><\/span><\/td>\n<td><span style=\"font-size: small; font-family: verdana, geneva;\"><strong>4<\/strong><\/span><\/td>\n<td><span style=\"font-size: small; font-family: verdana, geneva;\"><strong>\u00a0 80g<\/strong><\/span><\/td>\n<td><span style=\"font-size: small; font-family: verdana, geneva;\"><strong>275,00<\/strong><\/span><\/td>\n<\/tr>\n<tr id=\"prod_tr_386-4-Approach\">\n<td><span style=\"font-size: small; font-family: verdana, geneva;\"><strong>386-4 Approach<\/strong><\/span><\/td>\n<td><span style=\"font-size: small; font-family: verdana, geneva;\"><strong>A<\/strong><\/span><\/td>\n<td><span style=\"font-size: small; font-family: verdana, geneva;\"><strong>8&#8242; 6&#8243;<\/strong><\/span><\/td>\n<td><span style=\"font-size: small; font-family: verdana, geneva;\"><strong>3<\/strong><\/span><\/td>\n<td><span style=\"font-size: small; font-family: verdana, geneva;\"><strong>4<\/strong><\/span><\/td>\n<td><span style=\"font-size: small; font-family: verdana, geneva;\"><strong>\u00a0 88g<\/strong><\/span><\/td>\n<td><span style=\"font-size: small; font-family: verdana, geneva;\"><strong>275,00<\/strong><\/span><\/td>\n<\/tr>\n<tr id=\"prod_tr_490-4-Approach\">\n<td><span style=\"font-size: small; font-family: verdana, geneva;\"><strong>490-4 Approach<\/strong><\/span><\/td>\n<td><span style=\"font-size: small; font-family: verdana, geneva;\"><strong>A<\/strong><\/span><\/td>\n<td><span style=\"font-size: small; font-family: verdana, geneva;\"><strong>9&#8242; 0&#8243;<\/strong><\/span><\/td>\n<td><span style=\"font-size: small; font-family: verdana, geneva;\"><strong>4<\/strong><\/span><\/td>\n<td><span style=\"font-size: small; font-family: verdana, geneva;\"><strong>4<\/strong><\/span><\/td>\n<td><span style=\"font-size: small; font-family: verdana, geneva;\"><strong>\u00a0 89g<\/strong><\/span><\/td>\n<td><span style=\"font-size: small; font-family: verdana, geneva;\"><strong>275,00<\/strong><\/span><\/td>\n<\/tr>\n<tr id=\"prod_tr_586-4-Approach\">\n<td><span style=\"font-size: small; font-family: verdana, geneva;\"><strong>586-4 Approach<\/strong><\/span><\/td>\n<td><span style=\"font-size: small; font-family: verdana, geneva;\"><strong>A<\/strong><\/span><\/td>\n<td><span style=\"font-size: small; font-family: verdana, geneva;\"><strong>8&#8242; 6&#8243;<\/strong><\/span><\/td>\n<td><span style=\"font-size: small; font-family: verdana, geneva;\"><strong>5<\/strong><\/span><\/td>\n<td><span style=\"font-size: small; font-family: verdana, geneva;\"><strong>4<\/strong><\/span><\/td>\n<td><span style=\"font-size: small; font-family: verdana, geneva;\"><strong>\u00a0 89g<\/strong><\/span><\/td>\n<td><span style=\"font-size: small; font-family: verdana, geneva;\"><strong>275,00<\/strong><\/span><\/td>\n<\/tr>\n<tr id=\"prod_tr_590-4-Approach\">\n<td><span style=\"font-size: small; font-family: verdana, geneva;\"><strong>590-4 Approach<\/strong><\/span><\/td>\n<td><span style=\"font-size: small; font-family: verdana, geneva;\"><strong>A<\/strong><\/span><\/td>\n<td><span style=\"font-size: small; font-family: verdana, geneva;\"><strong>9&#8242; 0&#8243;<\/strong><\/span><\/td>\n<td><span style=\"font-size: small; font-family: verdana, geneva;\"><strong>5<\/strong><\/span><\/td>\n<td><span style=\"font-size: small; font-family: verdana, geneva;\"><strong>4<\/strong><\/span><\/td>\n<td><span style=\"font-size: small; font-family: verdana, geneva;\"><strong>\u00a0 94g<\/strong><\/span><\/td>\n<td><span style=\"font-size: small; font-family: verdana, geneva;\"><strong>275,00<\/strong><\/span><\/td>\n<\/tr>\n<tr id=\"prod_tr_690-4-Approach\">\n<td><span style=\"font-size: small; font-family: verdana, geneva;\"><strong>690-4 Approach<\/strong><\/span><\/td>\n<td><span style=\"font-size: small; font-family: verdana, geneva;\"><strong>A<\/strong><\/span><\/td>\n<td><span style=\"font-size: small; font-family: verdana, geneva;\"><strong>9&#8242; 0&#8243;<\/strong><\/span><\/td>\n<td><span style=\"font-size: small; font-family: verdana, geneva;\"><strong>6<\/strong><\/span><\/td>\n<td><span style=\"font-size: small; font-family: verdana, geneva;\"><strong>4<\/strong><\/span><\/td>\n<td><span style=\"font-size: small; font-family: verdana, geneva;\"><strong>\u00a0 99g<\/strong><\/span><\/td>\n<td><span style=\"font-size: small; font-family: verdana, geneva;\"><strong>275,00<\/strong><\/span><\/td>\n<\/tr>\n<tr id=\"prod_tr_790-4-Approach\">\n<td><span style=\"font-size: small; font-family: verdana, geneva;\"><strong>790-4 Approach<\/strong><\/span><\/td>\n<td><span style=\"font-size: small; font-family: verdana, geneva;\"><strong>B<\/strong><\/span><\/td>\n<td><span style=\"font-size: small; font-family: verdana, geneva;\"><strong>9&#8242; 0&#8243;<\/strong><\/span><\/td>\n<td><span style=\"font-size: small; font-family: verdana, geneva;\"><strong>7<\/strong><\/span><\/td>\n<td><span style=\"font-size: small; font-family: verdana, geneva;\"><strong>4<\/strong><\/span><\/td>\n<td><span style=\"font-size: small; font-family: verdana, geneva;\"><strong>105g<\/strong><\/span><\/td>\n<td><span style=\"font-size: small; font-family: verdana, geneva;\"><strong>275,00<\/strong><\/span><\/td>\n<\/tr>\n<tr id=\"prod_tr_890-4-Approach\">\n<td><span style=\"font-size: small; font-family: verdana, geneva;\"><strong>890-4 Approach<\/strong><\/span><\/td>\n<td><span style=\"font-size: small; font-family: verdana, geneva;\"><strong>B<\/strong><\/span><\/td>\n<td><span style=\"font-size: small; font-family: verdana, geneva;\"><strong>9&#8242; 0&#8243;<\/strong><\/span><\/td>\n<td><span style=\"font-size: small; font-family: verdana, geneva;\"><strong>8<\/strong><\/span><\/td>\n<td><span style=\"font-size: small; font-family: verdana, geneva;\"><strong>4<\/strong><\/span><\/td>\n<td><span style=\"font-size: small; font-family: verdana, geneva;\"><strong>112g<\/strong><\/span><\/td>\n<td><span style=\"font-size: small; font-family: verdana, geneva;\"><strong>275,00<\/strong><\/span><\/td>\n<\/tr>\n<tr id=\"prod_tr_990-4-Approach\">\n<td><span style=\"font-size: small; font-family: verdana, geneva;\"><strong>990-4 Approach<\/strong><\/span><\/td>\n<td><span style=\"font-size: small; font-family: verdana, geneva;\"><strong>B<\/strong><\/span><\/td>\n<td><span style=\"font-size: small; font-family: verdana, geneva;\"><strong>9&#8242; 0&#8243;<\/strong><\/span><\/td>\n<td><span style=\"font-size: small; font-family: verdana, geneva;\"><strong>9<\/strong><\/span><\/td>\n<td><span style=\"font-size: small; font-family: verdana, geneva;\"><strong>4<\/strong><\/span><\/td>\n<td><span style=\"font-size: small; font-family: verdana, geneva;\"><strong>115g<\/strong><\/span><\/td>\n<td><span style=\"font-size: small; font-family: verdana, geneva;\"><strong>275,00<\/strong><\/span><\/td>\n<\/tr>\n<\/tbody>\n<\/table>\n<p><span style=\"font-family: verdana, geneva;\">\u00a0<\/span><\/p>\n<p><span style=\"font-family: verdana, geneva;\">Distributeurs :\u00a0\u00a0<a title=\"CANNE SAGE APPROACH\" href=\"http:\/\/www.ardentflyfishing.com\/A-19152-sage-approach-9-soie-4-4-brins.aspx\">SAGE \/ ARDENTPECHE<\/a><\/span><\/p>\n<p><span style=\"font-family: verdana, geneva;\"><em><strong>L&#8217;avis de l&#8217;\u00e9quipe testeur du site<\/strong><\/em><\/span><\/p>\n<p><span style=\"font-family: verdana, geneva;\">A venir !!!<\/span><\/p>\n<p><span style=\"font-family: verdana, geneva;\">Note du site \/5 :<\/span><\/p>\n<p><span style=\"font-family: verdana, geneva;\">Notre critique n&#8217;engage que nous \u00e9videment !!! Donnez votre avis &#8230;<\/span><\/p>\n","protected":false},"excerpt":{"rendered":"<p>Remplace la s\u00e9rie VANTAGE, d&#8217;action dite &#8220;moyenne rapide&#8221;, cette nouvelle s\u00e9rie de cannes &#8220;entr\u00e9e de gamme&#8221; a \u00e9t\u00e9 construite \u00e0&hellip;<\/p>\n","protected":false},"author":1,"featured_media":0,"parent":1652,"menu_order":0,"comment_status":"open","ping_status":"open","template":"","meta":{"footnotes":""},"categories":[],"tags":[],"class_list":["post-2312","page","type-page","status-publish","hentry"],"_links":{"self":[{"href":"https:\/\/www.moucheur.fr\/palm\/wp-json\/wp\/v2\/pages\/2312","targetHints":{"allow":["GET"]}}],"collection":[{"href":"https:\/\/www.moucheur.fr\/palm\/wp-json\/wp\/v2\/pages"}],"about":[{"href":"https:\/\/www.moucheur.fr\/palm\/wp-json\/wp\/v2\/types\/page"}],"author":[{"embeddable":true,"href":"https:\/\/www.moucheur.fr\/palm\/wp-json\/wp\/v2\/users\/1"}],"replies":[{"embeddable":true,"href":"https:\/\/www.moucheur.fr\/palm\/wp-json\/wp\/v2\/comments?post=2312"}],"version-history":[{"count":0,"href":"https:\/\/www.moucheur.fr\/palm\/wp-json\/wp\/v2\/pages\/2312\/revisions"}],"up":[{"embeddable":true,"href":"https:\/\/www.moucheur.fr\/palm\/wp-json\/wp\/v2\/pages\/1652"}],"wp:attachment":[{"href":"https:\/\/www.moucheur.fr\/palm\/wp-json\/wp\/v2\/media?parent=2312"}],"wp:term":[{"taxonomy":"category","embeddable":true,"href":"https:\/\/www.moucheur.fr\/palm\/wp-json\/wp\/v2\/categories?post=2312"},{"taxonomy":"post_tag","embeddable":true,"href":"https:\/\/www.moucheur.fr\/palm\/wp-json\/wp\/v2\/tags?post=2312"}],"curies":[{"name":"wp","href":"https:\/\/api.w.org\/{rel}","templated":true}]}}