{"id":3357,"date":"2014-10-14T17:48:49","date_gmt":"2014-10-14T15:48:49","guid":{"rendered":"http:\/\/www.moucheur.fr\/palm\/?page_id=3357"},"modified":"2022-01-21T10:25:14","modified_gmt":"2022-01-21T09:25:14","slug":"chaussure-wading-aiflo-delta","status":"publish","type":"page","link":"https:\/\/www.moucheur.fr\/palm\/mouche\/materiel\/weader\/chaussure-wading-aiflo-delta\/","title":{"rendered":"Aiflo Delta"},"content":{"rendered":"<p style=\"text-align: center;\"><strong><span style=\"font-family: verdana,geneva; font-size: 12pt;\"><a href=\"http:\/\/www.moucheur.fr\/palm\/wp-content\/uploads\/2013\/12\/LOGO_TEST_OK.png\"><img decoding=\"async\" class=\"alignright wp-image-2202\" src=\"http:\/\/www.moucheur.fr\/palm\/wp-content\/uploads\/2013\/12\/LOGO_TEST_OK.png\" alt=\"LOGO_TEST_OK\" width=\"100\" height=\"100\" srcset=\"https:\/\/www.moucheur.fr\/palm\/wp-content\/uploads\/2013\/12\/LOGO_TEST_OK.png 200w, https:\/\/www.moucheur.fr\/palm\/wp-content\/uploads\/2013\/12\/LOGO_TEST_OK-150x150.png 150w\" sizes=\"(max-width: 100px) 100vw, 100px\" \/><\/a><\/span><\/strong><\/p>\n<p style=\"text-align: justify;\"><span style=\"font-family: verdana, geneva; font-size: 12pt;\">Nous avons test\u00e9 pendant les 4 derniers mois cette paire de chaussure avec semelle en Vibram et dans les pires conditions. <em><strong>(Nous avons choisi de tester exclusivement ce mod\u00e8le pour des raisons de protection environnementales et anti contamination des rivi\u00e8res.)<\/strong><\/em><\/span><\/p>\n<p style=\"text-align: justify;\"><span style=\"font-family: verdana, geneva; font-size: 12pt;\">Nous mettons un 5 \u00e9toiles pour ce mod\u00e8le car il a un rapport qualit\u00e9 prix imbattable. Il allie qualit\u00e9 du tissu, des coutures et des \u0153illets et sont de tr\u00e8s bonnes factures. La semelle en Vibram est r\u00e9ellement tr\u00e8s efficace dans les rivi\u00e8res avec un fort courant et ou les cailloux sont recouverts de mousse verte ou brune glissante, vous la sensation de vous accrocher au cailloux.<\/span><\/p>\n<p style=\"text-align: justify;\"><span style=\"font-family: verdana, geneva; font-size: 12pt;\">Il y a eu une r\u00e9elle recherche sur la structure et l&#8217;efficacit\u00e9 des crampons de cette semelle en Vibram. Sur les berges et dans l&#8217;eau, vous aurez l&#8217;impression d&#8217;avoir des baskets aux pieds tellement elles sont confortables, l\u00e9g\u00e8res et souples.<\/span><\/p>\n<p style=\"text-align: justify;\"><span style=\"font-family: georgia, palatino; font-size: 12pt;\"><span style=\"font-family: verdana,geneva;\">Pour le choix des pointures je pr\u00e9conise de prendre une taille au dessus de la taille pr\u00e9conis\u00e9e, exemple je fais du 42 donc taille 8-42 j&#8217;ai choisi 10-44 et avec une paire de chaussette et le chausson du waders le confort est parfait.<\/span><\/span><\/p>\n<p style=\"text-align: justify;\"><span style=\"font-family: verdana, geneva; font-size: 12pt;\">Pour les pointures du 41 au 47 avec un prix tr\u00e8s attractifs entre 73.32\u20ac et 87.98\u20ac TTC<\/span><\/p>\n<p><em><span style=\"text-decoration: underline; font-family: verdana, geneva;\"><strong>Retour d&#8217;exp\u00e9rience :<\/strong><\/span><\/em><\/p>\n<ul>\n<li><span style=\"font-family: verdana, geneva;\">-1 \u00e9toile _ Une usure pr\u00e9matur\u00e9 du velours a la surface des chaussures au bout de 6 mois<\/span><\/li>\n<\/ul>\n<p style=\"text-align: justify;\"><span style=\"font-family: verdana, geneva; font-size: 12pt;\"><em>Pour les membres du site n\u2019oubliez pas le code promo de -10%<\/em><\/span><\/p>\n<p style=\"text-align: justify;\"><span style=\"font-family: verdana, geneva; font-size: 12pt;\">Note du site \/5 : <img decoding=\"async\" class=\"alignnone size-full wp-image-8529\" src=\"https:\/\/www.moucheur.fr\/palm\/wp-content\/uploads\/2019\/02\/etoile4.png\" alt=\"\" width=\"86\" height=\"20\" srcset=\"https:\/\/www.moucheur.fr\/palm\/wp-content\/uploads\/2019\/02\/etoile4.png 86w, https:\/\/www.moucheur.fr\/palm\/wp-content\/uploads\/2019\/02\/etoile4-83x20.png 83w\" sizes=\"(max-width: 86px) 100vw, 86px\" \/> <\/span><\/p>\n<p style=\"text-align: justify;\"><span style=\"font-family: verdana, geneva; font-size: 12pt;\">Notre critique n&#8217;engage que nous \u00e9videment !!! Donnez votre avis &#8230;<\/span><\/p>\n<p><span style=\"font-size: 12pt;\">\u00a0<\/span><\/p>\n<p style=\"text-align: justify;\"><a title=\"Airflo Airtex\" href=\"http:\/\/rilap.com\/francais\/vetements\/texte\/waders-respirants-airflo.html\" target=\"_blank\" rel=\"noopener\"><span style=\"font-family: verdana,geneva; font-size: 12pt;\"><strong>Description sur le site RILAP.COM<\/strong><\/span><\/a><\/p>\n<blockquote>\n<p style=\"text-align: justify;\">Les chaussures de wading AIRFLO Delta procurent un maintien maximum et une tr\u00e8s bonne protection. Dot\u00e9es d&#8217;une semelle Vibram\u00ae, elles sont l\u00e9g\u00e8res et confortables, ce qu&#8217;il faut pour un usage prolong\u00e9. Leur rapport qualit\u00e9\/prix est excellent.<\/p>\n<p>Cette semelle Vibram\u00ae rend ces chaussures tr\u00e8s polyvalentes, que ce soit en action de p\u00eache ou pour faire une longue marche et gagner un lieu de p\u00eache. Cette semelle assure une bonne stabilit\u00e9 sur les surfaces s\u00e8ches, et une tr\u00e8s bonne adh\u00e9rence sur les surfaces mouill\u00e9es, les rochers recouverts de mousse et bien s\u00fbr le lit des rivi\u00e8res. Ajoutez \u00e0 cela que cette semelle a un faible impact environnemental par comparaison \u00e0 la traditionnelle semelle en feutre, en r\u00e9duisant le risque de transplanter des micro-organismes invasifs d&#8217;une rivi\u00e8re \u00e0 l&#8217;autre. Elle s\u00e8che aussi beaucoup plus vite.<\/p>\n<p>Pour commander la bonne taille de chaussures, <strong>choisissez simplement la m\u00eame pointure que pour vos chaussures de ville<\/strong>. Les chaussures de wading AIRFLO sont en effet d&#8217;origine plus grandes pour tenir compte de l&#8217;\u00e9paisseur du chausson en n\u00e9opr\u00e8ne des waders.<\/p><\/blockquote>\n","protected":false},"excerpt":{"rendered":"<p>Nous avons test\u00e9 pendant les 4 derniers mois cette paire de chaussure avec semelle en Vibram et dans les pires&hellip;<\/p>\n","protected":false},"author":1,"featured_media":0,"parent":183,"menu_order":0,"comment_status":"open","ping_status":"open","template":"","meta":{"footnotes":""},"categories":[],"tags":[],"class_list":["post-3357","page","type-page","status-publish","hentry"],"_links":{"self":[{"href":"https:\/\/www.moucheur.fr\/palm\/wp-json\/wp\/v2\/pages\/3357","targetHints":{"allow":["GET"]}}],"collection":[{"href":"https:\/\/www.moucheur.fr\/palm\/wp-json\/wp\/v2\/pages"}],"about":[{"href":"https:\/\/www.moucheur.fr\/palm\/wp-json\/wp\/v2\/types\/page"}],"author":[{"embeddable":true,"href":"https:\/\/www.moucheur.fr\/palm\/wp-json\/wp\/v2\/users\/1"}],"replies":[{"embeddable":true,"href":"https:\/\/www.moucheur.fr\/palm\/wp-json\/wp\/v2\/comments?post=3357"}],"version-history":[{"count":0,"href":"https:\/\/www.moucheur.fr\/palm\/wp-json\/wp\/v2\/pages\/3357\/revisions"}],"up":[{"embeddable":true,"href":"https:\/\/www.moucheur.fr\/palm\/wp-json\/wp\/v2\/pages\/183"}],"wp:attachment":[{"href":"https:\/\/www.moucheur.fr\/palm\/wp-json\/wp\/v2\/media?parent=3357"}],"wp:term":[{"taxonomy":"category","embeddable":true,"href":"https:\/\/www.moucheur.fr\/palm\/wp-json\/wp\/v2\/categories?post=3357"},{"taxonomy":"post_tag","embeddable":true,"href":"https:\/\/www.moucheur.fr\/palm\/wp-json\/wp\/v2\/tags?post=3357"}],"curies":[{"name":"wp","href":"https:\/\/api.w.org\/{rel}","templated":true}]}}