{"id":4709,"date":"2015-05-13T18:13:42","date_gmt":"2015-05-13T16:13:42","guid":{"rendered":"http:\/\/www.moucheur.fr\/palm\/?page_id=4709"},"modified":"2015-05-15T11:45:36","modified_gmt":"2015-05-15T09:45:36","slug":"des-fontaines","status":"publish","type":"page","link":"https:\/\/www.moucheur.fr\/palm\/moucheur\/isere\/des-fontaines\/","title":{"rendered":"DES FONTAINES"},"content":{"rendered":"<p><span style=\"font-family: verdana, geneva, sans-serif; font-size: 10pt;\"><strong>PARCOURS DES FONTAINES &#8211; 38270 BEAUFORT<\/strong><\/span><\/p>\n<blockquote>\n<p style=\"text-align: justify;\"><span style=\"font-family: verdana, geneva, sans-serif; font-size: 10pt;\"><strong><a href=\"http:\/\/www.moucheur.fr\/palm\/wp-content\/uploads\/2015\/05\/parcours-des-fontaines.gif\"><img decoding=\"async\" class=\" size-medium wp-image-4727 alignright\" src=\"http:\/\/www.moucheur.fr\/palm\/wp-content\/uploads\/2015\/05\/parcours-des-fontaines-300x166.gif\" alt=\"parcours des fontaines\" width=\"300\" height=\"166\" srcset=\"https:\/\/www.moucheur.fr\/palm\/wp-content\/uploads\/2015\/05\/parcours-des-fontaines-300x166.gif 300w, https:\/\/www.moucheur.fr\/palm\/wp-content\/uploads\/2015\/05\/parcours-des-fontaines-660x365.gif 660w, https:\/\/www.moucheur.fr\/palm\/wp-content\/uploads\/2015\/05\/parcours-des-fontaines-71x40.gif 71w\" sizes=\"(max-width: 300px) 100vw, 300px\" \/><\/a>PARCOURS :\u00a0<\/strong>Dans un domaine d&#8217;une dizaine d&#8217;hectares, le Parcours des Fontaines est essentiellement constitu\u00e9 de bras d&#8217;eau de diff\u00e9rentes tailles avec des calmes et des courants. Deux plans d&#8217;eau permettent de varier la p\u00eache et un parcours est r\u00e9serv\u00e9 aux enfants.\u00a0<\/span><\/p>\n<p style=\"text-align: justify;\"><span style=\"font-size: 10pt;\"><span style=\"font-family: verdana, geneva, sans-serif;\"><strong>TECHNIQUE DE P\u00caCHE :\u00a0<\/strong>Le parcours vous propose diff\u00e9rents bras de rivi\u00e8re que vous pouvez p\u00eacher en s\u00e8che et\/ou nymphe. La pratique de la nymphe \u00e0 vue est tr\u00e8s utile et vous pourrez d\u00e9couvrir le plaisir de voir une grosse truite s&#8217;emparer de votre imitation.\u00a0<\/span><span style=\"font-family: verdana, geneva, sans-serif;\">Les deux lacs sont des secteurs o\u00f9 vous pourrez \u00eatre polyvalent: en effet la nymphe, la mouche s\u00e8che et le streamer donnent d&#8217;excellents r\u00e9sultats. Les p\u00eacheurs qui savent utiliser la technique de la p\u00eache au chironome vont particuli\u00e8rement appr\u00e9cier ces secteurs.<\/span><\/span><\/p>\n<p style=\"text-align: justify;\"><span style=\"font-family: verdana, geneva, sans-serif; font-size: 10pt;\"><strong>RESTAURATION :<\/strong> Un lodge vous permet de prendre votre casse cro\u00fbte a l&#8217;abri, soit a l&#8217;int\u00e9rieur soit en terrasse pour\u00a0vous restaurer au bord de l&#8217;eau.<\/span><\/p>\n<p><span style=\"font-family: verdana, geneva, sans-serif; font-size: 10pt;\"><strong>SITE INTERNET :<span style=\"font-size: 12pt;\">\u00a0<\/span><span style=\"font-size: 10pt;\"><em><a href=\"http:\/\/mouches.free.fr\/fontaines\/peche.htm\" target=\"_blank\">http:\/\/mouches.free.fr\/fontaines\/peche.htm<\/a><\/em><\/span><\/strong><\/span><\/p><\/blockquote>\n<blockquote>\n<p align=\"justify\"><span style=\"font-family: verdana, geneva, sans-serif; font-size: 10pt;\"><strong>HORAIRES :<\/strong> Ouvert toute l&#8217;ann\u00e9e, de 7h30 heures \u00e0 18 heures.<\/span><br \/>\n<span style=\"font-family: verdana, geneva, sans-serif; font-size: 10pt;\"> Demi-journ\u00e9e : de 7h30 \u00e0 12h30 ou de 13h00 \u00e0 18h00<\/span><br \/>\n<span style=\"font-family: verdana, geneva, sans-serif; font-size: 10pt;\"> 21 heures en \u00e9t\u00e9 pour les journ\u00e9es.<\/span><\/p>\n<p align=\"justify\"><span style=\"font-family: verdana, geneva, sans-serif; font-size: 10pt;\"><strong>NOTRE AVIS :<\/strong><\/span><\/p>\n<p><em><strong>Voir notre article :<\/strong><\/em>\u00a0<strong><a href=\"http:\/\/www.moucheur.fr\/palm\/sortie-au-parcours-des-fontaines-le-3-mai-2013\/\" target=\"_blank\">Sortie au parcours des Fontaines<\/a>\u00a0<\/strong><\/p>\n<p><strong>Note du site sur 5 \u00e9toiles\u00a0: <\/strong><strong><img decoding=\"async\" class=\" lazyautosizes lazyloaded  \" title=\"Note du site moucheur.fr\" src=\"http:\/\/www.moucheur.fr\/_images\/doc\/note_5_etoiles.png\" alt=\"5 \u00e9toiles\" width=\"72\" height=\"16\" data-lazy-src=\"http:\/\/www.moucheur.fr\/_images\/doc\/note_5_etoiles.png\" \/><\/strong><\/p>\n<ul>\n<li><strong>Du parcours ou \u00e9tangs\u00a0: 5<br \/>\n<\/strong><\/li>\n<li><strong>Du service et accueil\u00a0: 5<\/strong><\/li>\n<li><strong>Du repas ou h\u00e9bergement : 5<\/strong><\/li>\n<li><strong>Du prix ou s\u00e9jour\u00a0: 5<\/strong><\/li>\n<li><strong>Du d\u00e9cor et environnement\u00a0: 5<\/strong><\/li>\n<\/ul>\n<p><strong><em>Le site moucheur.fr vous recommande vivement d\u2019aller faire une sortie sur le parcours des Fontaines !!!<\/em><\/strong><\/p>\n<p><span style=\"font-family: verdana, geneva, sans-serif; font-size: 10pt;\"><strong>LES TARIFS :<\/strong><\/span><\/p>\n<table style=\"border-color: #000000; width: 550px;\" border=\"1\">\n<tbody>\n<tr>\n<td><span style=\"font-family: verdana, geneva, sans-serif; font-size: 10pt;\">Journ\u00e9e 2 truites arc en ciel entre 30 et 50 cm<\/span><\/td>\n<td style=\"text-align: center;\"><span style=\"font-family: verdana, geneva, sans-serif; font-size: 10pt;\">40 \u20ac<\/span><\/td>\n<\/tr>\n<tr>\n<td><span style=\"font-family: verdana, geneva, sans-serif; font-size: 10pt;\">1\/2 journ\u00e9e 1 truite arc en ciel entre 30 et 50 cm<\/span><\/td>\n<td style=\"text-align: center;\"><span style=\"font-family: verdana, geneva, sans-serif; font-size: 10pt;\">26 \u20ac<\/span><\/td>\n<\/tr>\n<tr>\n<td><span style=\"font-family: verdana, geneva, sans-serif; font-size: 10pt;\">Le kilo suppl\u00e9mentaire<\/span><\/td>\n<td style=\"text-align: center;\"><span style=\"font-family: verdana, geneva, sans-serif; font-size: 10pt;\">NC<\/span><\/td>\n<\/tr>\n<tr>\n<td style=\"text-align: center;\" colspan=\"2\"><span style=\"font-family: verdana, geneva, sans-serif; font-size: 10pt;\">Tarifs groupes<\/span><\/td>\n<\/tr>\n<tr>\n<td style=\"text-align: left;\"><span style=\"font-family: verdana, geneva, sans-serif; font-size: 10pt;\">Journ\u00e9e entre 10 et 14 p\u00eacheurs<\/span><\/td>\n<td style=\"text-align: center;\"><span style=\"font-family: verdana, geneva, sans-serif; font-size: 10pt;\">37 \u20ac<\/span><\/td>\n<\/tr>\n<tr>\n<td><span style=\"font-family: verdana, geneva, sans-serif; font-size: 10pt;\">Journ\u00e9e \u00e0 partir de 15 p\u00eacheurs<\/span><\/td>\n<td style=\"text-align: center;\"><span style=\"font-family: verdana, geneva, sans-serif; font-size: 10pt;\">35 \u20ac<\/span><\/td>\n<\/tr>\n<tr>\n<td><span style=\"font-family: verdana, geneva, sans-serif; font-size: 10pt;\">1\/2 journ\u00e9e entre 10 et 14 p\u00eacheurs<\/span><\/td>\n<td style=\"text-align: center;\"><span style=\"font-family: verdana, geneva, sans-serif; font-size: 10pt;\">25 \u20ac<\/span><\/td>\n<\/tr>\n<tr>\n<td><span style=\"font-family: verdana, geneva, sans-serif; font-size: 10pt;\">1\/2 journ\u00e9e \u00e0 partir de 15 p\u00eacheurs<\/span><\/td>\n<td style=\"text-align: center;\"><span style=\"font-family: verdana, geneva, sans-serif; font-size: 10pt;\">24 \u20ac<\/span><\/td>\n<\/tr>\n<tr>\n<td style=\"text-align: center;\" colspan=\"2\"><span style=\"font-family: verdana, geneva, sans-serif; font-size: 10pt;\">Carte individuelle de fid\u00e9lit\u00e9<\/span><\/td>\n<\/tr>\n<tr>\n<td><span style=\"font-family: verdana, geneva, sans-serif; font-size: 10pt;\">A partir de 6 journ\u00e9es<\/span><\/td>\n<td style=\"text-align: center;\"><span style=\"font-family: verdana, geneva, sans-serif; font-size: 10pt;\">210 \u20ac<\/span><\/td>\n<\/tr>\n<tr>\n<td><span style=\"font-family: verdana, geneva, sans-serif; font-size: 10pt;\">A partir de 6 1\/2 journ\u00e9e<\/span><\/td>\n<td style=\"text-align: center;\"><span style=\"font-family: verdana, geneva, sans-serif; font-size: 10pt;\">141 \u20ac<\/span><\/td>\n<\/tr>\n<\/tbody>\n<\/table>\n<\/blockquote>\n<p>&nbsp;<\/p>\n<h3><span style=\"font-family: verdana, geneva; font-size: 10pt;\">PARCOURS DES FONTAINES<\/span><\/h3>\n<p style=\"text-align: justify;\"><span style=\"font-family: verdana, geneva; font-size: 10pt;\">Pr\u00e9 du Comt\u00e9<\/span><br \/>\n<span style=\"font-family: verdana, geneva; font-size: 10pt;\"> 38270 Beaufort<\/span><\/p>\n<p><iframe style=\"border: 0;\" src=\"https:\/\/www.google.com\/maps\/embed?pb=!1m14!1m12!1m3!1d1404.096194386147!2d5.099455554814275!3d45.343446733705626!2m3!1f0!2f0!3f0!3m2!1i1024!2i768!4f13.1!5e1!3m2!1sfr!2sfr!4v1431532555860\" width=\"800\" height=\"300\" frameborder=\"0\"><\/iframe><\/p>\n","protected":false},"excerpt":{"rendered":"<p>PARCOURS DES FONTAINES &#8211; 38270 BEAUFORT PARCOURS :\u00a0Dans un domaine d&#8217;une dizaine d&#8217;hectares, le Parcours des Fontaines est essentiellement constitu\u00e9&hellip;<\/p>\n","protected":false},"author":1,"featured_media":4727,"parent":1969,"menu_order":1,"comment_status":"open","ping_status":"open","template":"","meta":{"footnotes":""},"categories":[],"tags":[],"class_list":["post-4709","page","type-page","status-publish","has-post-thumbnail","hentry"],"_links":{"self":[{"href":"https:\/\/www.moucheur.fr\/palm\/wp-json\/wp\/v2\/pages\/4709","targetHints":{"allow":["GET"]}}],"collection":[{"href":"https:\/\/www.moucheur.fr\/palm\/wp-json\/wp\/v2\/pages"}],"about":[{"href":"https:\/\/www.moucheur.fr\/palm\/wp-json\/wp\/v2\/types\/page"}],"author":[{"embeddable":true,"href":"https:\/\/www.moucheur.fr\/palm\/wp-json\/wp\/v2\/users\/1"}],"replies":[{"embeddable":true,"href":"https:\/\/www.moucheur.fr\/palm\/wp-json\/wp\/v2\/comments?post=4709"}],"version-history":[{"count":0,"href":"https:\/\/www.moucheur.fr\/palm\/wp-json\/wp\/v2\/pages\/4709\/revisions"}],"up":[{"embeddable":true,"href":"https:\/\/www.moucheur.fr\/palm\/wp-json\/wp\/v2\/pages\/1969"}],"wp:featuredmedia":[{"embeddable":true,"href":"https:\/\/www.moucheur.fr\/palm\/wp-json\/wp\/v2\/media\/4727"}],"wp:attachment":[{"href":"https:\/\/www.moucheur.fr\/palm\/wp-json\/wp\/v2\/media?parent=4709"}],"wp:term":[{"taxonomy":"category","embeddable":true,"href":"https:\/\/www.moucheur.fr\/palm\/wp-json\/wp\/v2\/categories?post=4709"},{"taxonomy":"post_tag","embeddable":true,"href":"https:\/\/www.moucheur.fr\/palm\/wp-json\/wp\/v2\/tags?post=4709"}],"curies":[{"name":"wp","href":"https:\/\/api.w.org\/{rel}","templated":true}]}}