{"id":4768,"date":"2015-05-26T13:35:15","date_gmt":"2015-05-26T11:35:15","guid":{"rendered":"http:\/\/www.moucheur.fr\/palm\/?page_id=4768"},"modified":"2015-07-30T08:48:51","modified_gmt":"2015-07-30T06:48:51","slug":"faite-vivre-le-site-et-les-actions","status":"publish","type":"page","link":"https:\/\/www.moucheur.fr\/palm\/info-du-site\/infos-sur-le-site\/faite-vivre-le-site-et-les-actions\/","title":{"rendered":"Faite vivre le site"},"content":{"rendered":"<div id=\"accept_paypal_payment_form\">\n<form class=\"wp_accept_pp_button_form_classic\" action=\"https:\/\/www.paypal.com\/cgi-bin\/webscr\" method=\"post\">\n<blockquote>\n<p style=\"text-align: justify;\"><span style=\"font-family: verdana,geneva,sans-serif; font-size: 10pt;\"> Choisissez le montant de votre choix afin nous aider a faire vivre le site de notre association, de poursuivre nos actions en faveur des associations (AAPPMA) et la f\u00e9d\u00e9ration de la p\u00eache. Mais aussi organiser les sorties et s\u00e9jours p\u00eache, guider les jeunes p\u00eacheurs par un apprentissage de la p\u00eache \u00e0 la mouche et de bonne conduite au bord de l&#8217;eau, de montrer les bons gestes, le respect et la protection du poisson ainsi que le regard sur la pr\u00e9servation et la compr\u00e9hension du milieu halieutique. <\/span><\/p>\n<p style=\"text-align: justify;\"><span style=\"font-family: verdana,geneva,sans-serif; font-size: 10pt;\">Merci pour votre contribution.<\/span><\/p>\n<\/blockquote>\n<\/form>\n<\/div>\n<blockquote><p>[wp_paypal_payment]<\/p><\/blockquote>\n","protected":false},"excerpt":{"rendered":"<p>Choisissez le montant de votre choix afin nous aider a faire vivre le site de notre association, de poursuivre nos&hellip;<\/p>\n","protected":false},"author":1,"featured_media":0,"parent":2143,"menu_order":5,"comment_status":"open","ping_status":"open","template":"","meta":{"footnotes":""},"categories":[],"tags":[],"class_list":["post-4768","page","type-page","status-publish","hentry"],"_links":{"self":[{"href":"https:\/\/www.moucheur.fr\/palm\/wp-json\/wp\/v2\/pages\/4768","targetHints":{"allow":["GET"]}}],"collection":[{"href":"https:\/\/www.moucheur.fr\/palm\/wp-json\/wp\/v2\/pages"}],"about":[{"href":"https:\/\/www.moucheur.fr\/palm\/wp-json\/wp\/v2\/types\/page"}],"author":[{"embeddable":true,"href":"https:\/\/www.moucheur.fr\/palm\/wp-json\/wp\/v2\/users\/1"}],"replies":[{"embeddable":true,"href":"https:\/\/www.moucheur.fr\/palm\/wp-json\/wp\/v2\/comments?post=4768"}],"version-history":[{"count":0,"href":"https:\/\/www.moucheur.fr\/palm\/wp-json\/wp\/v2\/pages\/4768\/revisions"}],"up":[{"embeddable":true,"href":"https:\/\/www.moucheur.fr\/palm\/wp-json\/wp\/v2\/pages\/2143"}],"wp:attachment":[{"href":"https:\/\/www.moucheur.fr\/palm\/wp-json\/wp\/v2\/media?parent=4768"}],"wp:term":[{"taxonomy":"category","embeddable":true,"href":"https:\/\/www.moucheur.fr\/palm\/wp-json\/wp\/v2\/categories?post=4768"},{"taxonomy":"post_tag","embeddable":true,"href":"https:\/\/www.moucheur.fr\/palm\/wp-json\/wp\/v2\/tags?post=4768"}],"curies":[{"name":"wp","href":"https:\/\/api.w.org\/{rel}","templated":true}]}}