{"id":5015,"date":"2015-07-27T09:50:58","date_gmt":"2015-07-27T07:50:58","guid":{"rendered":"http:\/\/www.moucheur.fr\/palm\/?page_id=5015"},"modified":"2015-08-04T16:52:48","modified_gmt":"2015-08-04T14:52:48","slug":"forum-chasse-peche-a-valence","status":"publish","type":"page","link":"https:\/\/www.moucheur.fr\/palm\/info-du-site\/promo-des-sites-partenaires\/forum-chasse-peche-a-valence\/","title":{"rendered":"Forum Chasse P\u00eache"},"content":{"rendered":"<div><span style=\"font-family: verdana, geneva, sans-serif; font-size: 10pt;\">\u00a0<a href=\"http:\/\/www.forum-peche-chasse.com\/p-forum-chasse-peche-valence.html\"><img decoding=\"async\" class=\"alignleft wp-image-4929 size-medium\" src=\"http:\/\/www.moucheur.fr\/palm\/wp-content\/uploads\/2013\/08\/header_logo-11-300x139.png\" alt=\"header_logo (1)\" width=\"300\" height=\"139\" srcset=\"https:\/\/www.moucheur.fr\/palm\/wp-content\/uploads\/2013\/08\/header_logo-11-300x139.png 300w, https:\/\/www.moucheur.fr\/palm\/wp-content\/uploads\/2013\/08\/header_logo-11.png 315w\" sizes=\"(max-width: 300px) 100vw, 300px\" \/><\/a><\/span><\/div>\n<div style=\"text-align: justify;\"><span style=\"font-family: verdana, geneva, sans-serif; font-size: 10pt;\">L&#8217;\u00e9quipe <strong>Forum Chasse P\u00eache \u00e0 Valence<\/strong>\u00a0sera heureuse de vous accueillir dans sa boutique situ\u00e9 \u00e0: <\/span><span style=\"font-family: verdana, geneva, sans-serif; font-size: 10pt;\">Les \u00eeles Girodets &#8211; all\u00e9e Andr\u00e9 Revol, 26500 Bourg Les Valence. <\/span><span style=\"font-family: verdana, geneva, sans-serif; font-size: 10pt;\">Vous pouvez \u00e9galement faire votre choix directement sur ce site et \u00eatre livr\u00e9s directement chez vous.\u00a0<\/span><span style=\"font-family: verdana, geneva, sans-serif; font-size: 10pt;\">Vous pourrez d\u00e9couvrir une large gamme de <strong>+ de 25000 produits de chasse et de p\u00eache<\/strong>.\u00a0<\/span><span style=\"font-family: verdana, geneva, sans-serif; font-size: 10pt;\">Nous sommes ouverts du mardi au vendredi de 9h15 \u00e0 12h00 et 14h \u00e0 19h00 &#8211; Samedi\u00a09h00 \u00e0 12h00 et 14h \u00e0 19h00. \u00a0<\/span><span style=\"font-family: verdana, geneva, sans-serif; font-size: 10pt;\">Nous r\u00e9pondrons \u00e0 toutes vos questions au 04 75 40 95 49. <\/span><\/div>\n","protected":false},"excerpt":{"rendered":"<p>\u00a0 L&#8217;\u00e9quipe Forum Chasse P\u00eache \u00e0 Valence\u00a0sera heureuse de vous accueillir dans sa boutique situ\u00e9 \u00e0: Les \u00eeles Girodets &#8211;&hellip;<\/p>\n","protected":false},"author":1,"featured_media":0,"parent":115,"menu_order":4,"comment_status":"open","ping_status":"open","template":"","meta":{"footnotes":""},"categories":[],"tags":[],"class_list":["post-5015","page","type-page","status-publish","hentry"],"_links":{"self":[{"href":"https:\/\/www.moucheur.fr\/palm\/wp-json\/wp\/v2\/pages\/5015","targetHints":{"allow":["GET"]}}],"collection":[{"href":"https:\/\/www.moucheur.fr\/palm\/wp-json\/wp\/v2\/pages"}],"about":[{"href":"https:\/\/www.moucheur.fr\/palm\/wp-json\/wp\/v2\/types\/page"}],"author":[{"embeddable":true,"href":"https:\/\/www.moucheur.fr\/palm\/wp-json\/wp\/v2\/users\/1"}],"replies":[{"embeddable":true,"href":"https:\/\/www.moucheur.fr\/palm\/wp-json\/wp\/v2\/comments?post=5015"}],"version-history":[{"count":0,"href":"https:\/\/www.moucheur.fr\/palm\/wp-json\/wp\/v2\/pages\/5015\/revisions"}],"up":[{"embeddable":true,"href":"https:\/\/www.moucheur.fr\/palm\/wp-json\/wp\/v2\/pages\/115"}],"wp:attachment":[{"href":"https:\/\/www.moucheur.fr\/palm\/wp-json\/wp\/v2\/media?parent=5015"}],"wp:term":[{"taxonomy":"category","embeddable":true,"href":"https:\/\/www.moucheur.fr\/palm\/wp-json\/wp\/v2\/categories?post=5015"},{"taxonomy":"post_tag","embeddable":true,"href":"https:\/\/www.moucheur.fr\/palm\/wp-json\/wp\/v2\/tags?post=5015"}],"curies":[{"name":"wp","href":"https:\/\/api.w.org\/{rel}","templated":true}]}}