{"id":50525,"date":"2021-12-08T16:39:12","date_gmt":"2021-12-08T15:39:12","guid":{"rendered":"https:\/\/www.moucheur.fr\/palm\/?page_id=50525"},"modified":"2021-12-08T19:51:40","modified_gmt":"2021-12-08T18:51:40","slug":"station-de-montage-mouche","status":"publish","type":"page","link":"https:\/\/www.moucheur.fr\/palm\/station-de-montage-mouche\/","title":{"rendered":"Station de montage mouche"},"content":{"rendered":"<h1 class=\"entry-title\"><span style=\"font-family: verdana, geneva, sans-serif; font-size: 28px;\">Station de Montage Mouche<\/span><\/h1>\n<p><img decoding=\"async\" class=\"size-medium wp-image-10726 alignright\" src=\"https:\/\/www.moucheur.fr\/palm\/wp-content\/uploads\/2021\/03\/received_673606899980201-1024x682-1-300x200.jpeg\" alt=\"\" width=\"300\" height=\"200\" srcset=\"https:\/\/www.moucheur.fr\/palm\/wp-content\/uploads\/2021\/03\/received_673606899980201-1024x682-1-300x200.jpeg 300w, https:\/\/www.moucheur.fr\/palm\/wp-content\/uploads\/2021\/03\/received_673606899980201-1024x682-1-391x260.jpeg 391w, https:\/\/www.moucheur.fr\/palm\/wp-content\/uploads\/2021\/03\/received_673606899980201-1024x682-1-95x62.jpeg 95w, https:\/\/www.moucheur.fr\/palm\/wp-content\/uploads\/2021\/03\/received_673606899980201-1024x682-1-272x182.jpeg 272w, https:\/\/www.moucheur.fr\/palm\/wp-content\/uploads\/2021\/03\/received_673606899980201-1024x682-1.jpeg 1024w\" sizes=\"(max-width: 300px) 100vw, 300px\" \/><\/p>\n<div dir=\"auto\">\n<div dir=\"auto\" style=\"text-align: justify;\"><span style=\"font-family: verdana, geneva, sans-serif; font-size: 14px;\">Nous sommes tr\u00e8s heureux de vous annoncer le lancement de la pr\u00e9-vente de la Station de Montage Mouche de <\/span><span style=\"font-size: 14px;\"><span style=\"font-family: verdana, geneva, sans-serif;\">\u00ab Damfly &amp; <a href=\"http:\/\/Moucheur.fr\">Moucheur.fr<\/a> \u00bb le 15 janvier 2021 sur le <\/span><span style=\"font-family: verdana, geneva, sans-serif;\">site internet <\/span><a style=\"font-family: verdana, geneva, sans-serif;\" href=\"http:\/\/Damfly.fr\">Damfly.fr<\/a><span style=\"font-family: verdana, geneva, sans-serif;\">. <\/span><\/span><\/div>\n<div dir=\"auto\"><\/div>\n<div dir=\"auto\" style=\"text-align: justify;\"><span style=\"font-size: 14px;\"><span style=\"font-family: verdana, geneva, sans-serif;\">Cette station est enti\u00e8rement fabriqu\u00e9e et distribu\u00e9e en France par un artisan Fran\u00e7ais&#8230; DamFly Fishing bien connu pour son magnifique \u00e9tau de montage mouche et<\/span><span style=\"font-family: verdana, geneva, sans-serif;\"> celui<\/span><span style=\"font-family: verdana, geneva, sans-serif;\"> qui a remis au go\u00fbt du jour le syst\u00e8me Knot Tool (FKT). <\/span><\/span><\/div>\n<div dir=\"auto\" style=\"text-align: justify;\"><span style=\"font-family: verdana, geneva, sans-serif; font-size: 14px;\">Pour la premi\u00e8re sortie, elle sera en version \u00ab tout aluminium \u00bb, mais tr\u00e8s vite des versions avec plaque en bois noble et en r\u00e9sine qui sont encore \u00e0 l\u2019\u00e9tude devraient \u00eatre disponible dans en 2022. Tous les outils Fly-Tying des marques bien connues ainsi que les produits Damfly, \u00e9tau, aiguille <\/span><span style=\"font-family: verdana, geneva, sans-serif; font-size: 14px;\">etc&#8230; s\u2019adaptent parfaitement \u00e0 la station de montage mouche. <\/span><\/div>\n<div dir=\"auto\" style=\"text-align: justify;\"><span style=\"font-family: verdana, geneva, sans-serif; font-size: 14px;\"><img decoding=\"async\" class=\"size-medium wp-image-10729 alignleft\" src=\"https:\/\/www.moucheur.fr\/palm\/wp-content\/uploads\/2021\/03\/received_1564262387116872-1024x682-1-300x200.jpeg\" alt=\"\" width=\"300\" height=\"200\" srcset=\"https:\/\/www.moucheur.fr\/palm\/wp-content\/uploads\/2021\/03\/received_1564262387116872-1024x682-1-300x200.jpeg 300w, https:\/\/www.moucheur.fr\/palm\/wp-content\/uploads\/2021\/03\/received_1564262387116872-1024x682-1-391x260.jpeg 391w, https:\/\/www.moucheur.fr\/palm\/wp-content\/uploads\/2021\/03\/received_1564262387116872-1024x682-1-95x62.jpeg 95w, https:\/\/www.moucheur.fr\/palm\/wp-content\/uploads\/2021\/03\/received_1564262387116872-1024x682-1-272x182.jpeg 272w, https:\/\/www.moucheur.fr\/palm\/wp-content\/uploads\/2021\/03\/received_1564262387116872-1024x682-1.jpeg 1024w\" sizes=\"(max-width: 300px) 100vw, 300px\" \/>Avec les 5, \u00e9videmment, le montage en s\u00e9rie devient plus simple et organis\u00e9. <\/span><\/div>\n<div dir=\"auto\" style=\"text-align: justify;\"><span style=\"font-family: verdana, geneva, sans-serif; font-size: 14px;\">Les dimensions de la plaque : 58 cm x 38 cm x 7mm <\/span><\/div>\n<div dir=\"auto\" style=\"text-align: justify;\"><span style=\"font-family: verdana, geneva, sans-serif; font-size: 14px;\">La barre porte outil vous permet sur cette version de mettre \u00e0 disposition dans la partie droite 3 portes bobines mont\u00e9s et 3 bobines suppl\u00e9mentaires. Dans la partie gauche vous avez le choix avec des fentes et tous pour les ciseaux, les aiguilles etc&#8230; <\/span><\/div>\n<div dir=\"auto\" style=\"text-align: justify;\"><span style=\"font-family: verdana, geneva, sans-serif; font-size: 14px;\">Juste au dessus du support outil vous avez un support pour fixer une lampe tactile en col de cygne avec lumi\u00e8re blanche pour plus de confort visuel. <\/span><\/div>\n<p><span style=\"font-size: 14px;\"><img decoding=\"async\" class=\"size-medium wp-image-10730 alignright\" src=\"https:\/\/www.moucheur.fr\/palm\/wp-content\/uploads\/2021\/03\/received_2731364930446633-1024x682-1-300x200.jpeg\" alt=\"\" width=\"300\" height=\"200\" srcset=\"https:\/\/www.moucheur.fr\/palm\/wp-content\/uploads\/2021\/03\/received_2731364930446633-1024x682-1-300x200.jpeg 300w, https:\/\/www.moucheur.fr\/palm\/wp-content\/uploads\/2021\/03\/received_2731364930446633-1024x682-1-391x260.jpeg 391w, https:\/\/www.moucheur.fr\/palm\/wp-content\/uploads\/2021\/03\/received_2731364930446633-1024x682-1-95x62.jpeg 95w, https:\/\/www.moucheur.fr\/palm\/wp-content\/uploads\/2021\/03\/received_2731364930446633-1024x682-1-272x182.jpeg 272w, https:\/\/www.moucheur.fr\/palm\/wp-content\/uploads\/2021\/03\/received_2731364930446633-1024x682-1.jpeg 1024w\" sizes=\"(max-width: 300px) 100vw, 300px\" \/><\/span><\/p>\n<\/div>\n<div dir=\"auto\" style=\"text-align: justify;\"><span style=\"font-family: verdana, geneva, sans-serif; font-size: 14px;\">Rendez vous sur le site de <a href=\"http:\/\/Damfly.fr\">Damfly.fr<\/a> le 15 janvier pour le lancement de la Station Montage Mouche !!! Dans le deuxi\u00e8me semestre une version PRO qui est \u00e9galement \u00e0 l\u2019\u00e9tude devrait voir le jour. Nous pr\u00e9senterons la Station de montage mouche au SaNaMa 2021, venez faire un tour sur le stand Damfly pour la d\u00e9couvrir !!! <\/span><\/div>\n<div dir=\"auto\" style=\"text-align: justify;\"><span style=\"font-family: verdana, geneva, sans-serif; font-size: 14px;\">Damfly &amp; <a href=\"http:\/\/Moucheur.fr\">Moucheur.fr<\/a>, \u00e0 la recherche de la qualit\u00e9 et de l\u2019innovation, le meilleur de l\u2019artisanat avec toujours plus de confort pour les utilisateurs dans la r\u00e9alisation de leurs cr\u00e9ations.<\/span><\/div>\n<div dir=\"auto\">\n<hr \/>\n<\/div>\n<div dir=\"auto\"><\/div>\n<div dir=\"auto\"><\/div>\n<div dir=\"auto\">\n\r\n<style>\r\n\r\n\t\/*Used to keep captions inside the visible area*\/\r\n\t#foogallery-gallery-10438 .foo-item {\r\n\t\tmax-height: 220px;\r\n\t}\r\n\r\n\t#foogallery-gallery-10438.border-style-inset a::after {\r\n\t\tbox-shadow: inset 0 0 20px #000;\r\n\t\t-moz-box-shadow: inset 0 0 20px #000;\r\n\t\t-webkit-box-shadow: inset 0 0 calc(220)px\/4 rgba(0,0,0,0.8);\r\n\t}\r\n<\/style>\r\n\r\n<div id=\"foogallery-gallery-10438\" class=\"foogallery foogallery-container foogallery-owl-carousel foogallery-lightbox-foobox owl-carousel hover-effect-zoom border-style-square-white hasborder\">\r\n\r\n\t\t\t\t<div class=\"foo-item\" >\r\n\t\t\t<a href=\"https:\/\/www.moucheur.fr\/palm\/wp-content\/uploads\/2021\/03\/received_221754842796658-1024x682-1.jpeg\" data-attachment-id=\"10723\" data-type=\"image\" class=\"fg-thumb\"><img fetchpriority=\"high\" decoding=\"async\" src=\"https:\/\/www.moucheur.fr\/palm\/wp-content\/uploads\/cache\/2021\/03\/received_221754842796658-1024x682-1\/1670043632.jpeg\" width=\"300\" height=\"200\" class=\"skip-lazy fg-image\" data-no-lazy=\"1\" loading=\"eager\"><\/a>\r\n\t\t\t<\/div>\r\n\r\n\t\t\t\t<div class=\"foo-item\" >\r\n\t\t\t<a href=\"https:\/\/www.moucheur.fr\/palm\/wp-content\/uploads\/2021\/03\/received_2944228309138833-e1609928490235-1024x778-1.jpeg\" data-attachment-id=\"10721\" data-type=\"image\" class=\"fg-thumb\"><img decoding=\"async\" src=\"https:\/\/www.moucheur.fr\/palm\/wp-content\/uploads\/cache\/2021\/03\/received_2944228309138833-e1609928490235-1024x778-1\/1716015437.jpeg\" width=\"300\" height=\"200\" class=\"skip-lazy fg-image\" data-no-lazy=\"1\" loading=\"eager\"><\/a>\r\n\t\t\t<\/div>\r\n\r\n\t\t\t\t<div class=\"foo-item\" >\r\n\t\t\t<a href=\"https:\/\/www.moucheur.fr\/palm\/wp-content\/uploads\/2021\/03\/received_673606899980201-1024x682-1.jpeg\" data-attachment-id=\"10726\" data-type=\"image\" class=\"fg-thumb\"><img decoding=\"async\" src=\"https:\/\/www.moucheur.fr\/palm\/wp-content\/uploads\/cache\/2021\/03\/received_673606899980201-1024x682-1\/122579784.jpeg\" width=\"300\" height=\"200\" class=\"skip-lazy fg-image\" data-no-lazy=\"1\" loading=\"eager\"><\/a>\r\n\t\t\t<\/div>\r\n\r\n\t\t\t\t<div class=\"foo-item\" >\r\n\t\t\t<a href=\"https:\/\/www.moucheur.fr\/palm\/wp-content\/uploads\/2021\/03\/received_2731364930446633-1024x682-1.jpeg\" data-attachment-id=\"10730\" data-type=\"image\" class=\"fg-thumb\"><img decoding=\"async\" src=\"https:\/\/www.moucheur.fr\/palm\/wp-content\/uploads\/cache\/2021\/03\/received_2731364930446633-1024x682-1\/1959216568.jpeg\" width=\"300\" height=\"200\" class=\"skip-lazy fg-image\" data-no-lazy=\"1\" loading=\"eager\"><\/a>\r\n\t\t\t<\/div>\r\n\r\n\t\t\t\t<div class=\"foo-item\" >\r\n\t\t\t<a href=\"https:\/\/www.moucheur.fr\/palm\/wp-content\/uploads\/2021\/03\/received_1564262387116872-1024x682-1.jpeg\" data-attachment-id=\"10729\" data-type=\"image\" class=\"fg-thumb\"><img decoding=\"async\" src=\"https:\/\/www.moucheur.fr\/palm\/wp-content\/uploads\/cache\/2021\/03\/received_1564262387116872-1024x682-1\/178042348.jpeg\" width=\"300\" height=\"200\" class=\"skip-lazy fg-image\" data-no-lazy=\"1\" loading=\"eager\"><\/a>\r\n\t\t\t<\/div>\r\n\r\n\t\t\t\t<div class=\"foo-item\" >\r\n\t\t\t<a href=\"https:\/\/www.moucheur.fr\/palm\/wp-content\/uploads\/2021\/03\/received_1106766013085901-1024x682-1.jpeg\" data-attachment-id=\"10728\" data-type=\"image\" class=\"fg-thumb\"><img decoding=\"async\" src=\"https:\/\/www.moucheur.fr\/palm\/wp-content\/uploads\/cache\/2021\/03\/received_1106766013085901-1024x682-1\/780019761.jpeg\" width=\"300\" height=\"200\" class=\"skip-lazy fg-image\" data-no-lazy=\"1\" loading=\"eager\"><\/a>\r\n\t\t\t<\/div>\r\n\r\n\t\t\t\t<div class=\"foo-item\" >\r\n\t\t\t<a href=\"https:\/\/www.moucheur.fr\/palm\/wp-content\/uploads\/2021\/03\/received_412420390191390-1024x682-1.jpeg\" data-attachment-id=\"10725\" data-type=\"image\" class=\"fg-thumb\"><img decoding=\"async\" src=\"https:\/\/www.moucheur.fr\/palm\/wp-content\/uploads\/cache\/2021\/03\/received_412420390191390-1024x682-1\/2225674277.jpeg\" width=\"300\" height=\"200\" class=\"skip-lazy fg-image\" data-no-lazy=\"1\" loading=\"eager\"><\/a>\r\n\t\t\t<\/div>\r\n\r\n\t\t\t\t<div class=\"foo-item\" >\r\n\t\t\t<a href=\"https:\/\/www.moucheur.fr\/palm\/wp-content\/uploads\/2021\/03\/received_870064433740101-1024x682-1.jpeg\" data-attachment-id=\"10727\" data-type=\"image\" class=\"fg-thumb\"><img decoding=\"async\" src=\"https:\/\/www.moucheur.fr\/palm\/wp-content\/uploads\/cache\/2021\/03\/received_870064433740101-1024x682-1\/67281159.jpeg\" width=\"300\" height=\"200\" class=\"skip-lazy fg-image\" data-no-lazy=\"1\" loading=\"eager\"><\/a>\r\n\t\t\t<\/div>\r\n\r\n\t\t\t\t<div class=\"foo-item\" >\r\n\t\t\t<a href=\"https:\/\/www.moucheur.fr\/palm\/wp-content\/uploads\/2021\/03\/received_218040543107254-1024x682-1.jpeg\" data-attachment-id=\"10722\" data-type=\"image\" class=\"fg-thumb\"><img decoding=\"async\" src=\"https:\/\/www.moucheur.fr\/palm\/wp-content\/uploads\/cache\/2021\/03\/received_218040543107254-1024x682-1\/3190763839.jpeg\" width=\"300\" height=\"200\" class=\"skip-lazy fg-image\" data-no-lazy=\"1\" loading=\"eager\"><\/a>\r\n\t\t\t<\/div>\r\n\r\n\t<\/div>\r\n\r\n<script>\r\n\/* The Owl Initialization Script\r\n\/* The first lines conditionally show the slide animation *\/\r\njQuery(window).on(\"load\", function(){\r\n\tvar $galleryContainer = jQuery( '#foogallery-gallery-10438' );\r\n\tvar $containerID = '#foogallery-gallery-10438';\r\n\r\n\tjQuery(document).on('keydown', function( event ) { \/\/attach event listener\r\n\t\tif (event.keyCode == 37) {\r\n\t\t\t$galleryContainer.trigger('prev.owl')\r\n\t\t}\r\n\t\tif (event.keyCode == 39) {\r\n\t\t\t$galleryContainer.trigger('next.owl')\r\n\t\t}\r\n\t});\r\n\r\n\t\r\n\t$galleryContainer.owlCarousel({\r\n\t\titems: 4,\r\n\t\tnav: true,\r\n\t\tmargin: 10,\r\n\t\tloop:true,\r\n\t\tautoplay: true,\r\n\t\tautoplaySpeed: 3000,\r\n\t\tsmartSpeed:250,\r\n\t\tnavSpeed: 1250,\r\n\t\tnavText: ['prev', 'next'],\r\n\t\tautoplayHoverPause: true,\r\n\t\tlazyLoad: 1,\r\n\t\tautoWidth: 1,\r\n\t\t\t});\r\n});\r\n<\/script>\n<\/div>\n","protected":false},"excerpt":{"rendered":"<p>Station de Montage Mouche Nous sommes tr\u00e8s heureux de vous annoncer le lancement de la pr\u00e9-vente de la Station de&hellip;<\/p>\n","protected":false},"author":1,"featured_media":10730,"parent":0,"menu_order":0,"comment_status":"closed","ping_status":"closed","template":"","meta":{"footnotes":""},"categories":[856],"tags":[],"class_list":["post-50525","page","type-page","status-publish","has-post-thumbnail","hentry","category-materiels-de-montage-mouche"],"_links":{"self":[{"href":"https:\/\/www.moucheur.fr\/palm\/wp-json\/wp\/v2\/pages\/50525","targetHints":{"allow":["GET"]}}],"collection":[{"href":"https:\/\/www.moucheur.fr\/palm\/wp-json\/wp\/v2\/pages"}],"about":[{"href":"https:\/\/www.moucheur.fr\/palm\/wp-json\/wp\/v2\/types\/page"}],"author":[{"embeddable":true,"href":"https:\/\/www.moucheur.fr\/palm\/wp-json\/wp\/v2\/users\/1"}],"replies":[{"embeddable":true,"href":"https:\/\/www.moucheur.fr\/palm\/wp-json\/wp\/v2\/comments?post=50525"}],"version-history":[{"count":0,"href":"https:\/\/www.moucheur.fr\/palm\/wp-json\/wp\/v2\/pages\/50525\/revisions"}],"wp:featuredmedia":[{"embeddable":true,"href":"https:\/\/www.moucheur.fr\/palm\/wp-json\/wp\/v2\/media\/10730"}],"wp:attachment":[{"href":"https:\/\/www.moucheur.fr\/palm\/wp-json\/wp\/v2\/media?parent=50525"}],"wp:term":[{"taxonomy":"category","embeddable":true,"href":"https:\/\/www.moucheur.fr\/palm\/wp-json\/wp\/v2\/categories?post=50525"},{"taxonomy":"post_tag","embeddable":true,"href":"https:\/\/www.moucheur.fr\/palm\/wp-json\/wp\/v2\/tags?post=50525"}],"curies":[{"name":"wp","href":"https:\/\/api.w.org\/{rel}","templated":true}]}}