{"id":50536,"date":"2021-12-08T19:37:37","date_gmt":"2021-12-08T18:37:37","guid":{"rendered":"https:\/\/www.moucheur.fr\/palm\/?page_id=50536"},"modified":"2021-12-08T19:47:59","modified_gmt":"2021-12-08T18:47:59","slug":"letau-premium-damfly-fishing","status":"publish","type":"page","link":"https:\/\/www.moucheur.fr\/palm\/letau-premium-damfly-fishing\/","title":{"rendered":"L\u2019\u00e9tau Premium DamFly-Fishing"},"content":{"rendered":"<div class=\"product-details-module__title ec-header-h6\">\n<div style=\"text-align: justify;\"><img decoding=\"async\" class=\"wp-image-50537 alignright\" style=\"font-size: 20px;\" src=\"https:\/\/www.moucheur.fr\/palm\/wp-content\/uploads\/2021\/12\/etau-Damfly-300x225.jpg\" alt=\"\" width=\"400\" height=\"300\" srcset=\"https:\/\/www.moucheur.fr\/palm\/wp-content\/uploads\/2021\/12\/etau-Damfly-300x225.jpg 300w, https:\/\/www.moucheur.fr\/palm\/wp-content\/uploads\/2021\/12\/etau-Damfly-160x120.jpg 160w, https:\/\/www.moucheur.fr\/palm\/wp-content\/uploads\/2021\/12\/etau-Damfly.jpg 960w\" sizes=\"(max-width: 400px) 100vw, 400px\" \/><\/div>\n<p style=\"text-align: justify;\">\n<\/div>\n<div class=\"product-details-module__content\">\n<div id=\"productDescription\" class=\"product-details__product-description\">\n<div style=\"text-align: justify;\">\n<p><span style=\"font-size: 20px;\">Le Premium est con\u00e7u dans des mat\u00e9riaux de qualit\u00e9s. <\/span><span style=\"font-size: 20px;\">Le socle de 1,176kg et les patins en caoutchouc rendent l\u2019\u00e9tau tr\u00e8s stable. <\/span><span style=\"font-size: 20px;\">La tige principal est en inox. <\/span><span style=\"font-size: 20px;\">Deux but\u00e9es \u00e0 aiguilles permettent une rotation fluide. <\/span><span style=\"font-size: 20px;\">La molette vous assure un r\u00e9glage de rotation de pr\u00e9cision.<\/span><\/p>\n<\/div>\n<p style=\"text-align: justify;\"><span style=\"font-size: 20px;\">Les mors en acier pr\u00e9 trait\u00e9s vous garantisses une tr\u00e8s longue long\u00e9vit\u00e9. <\/span><span style=\"font-size: 20px;\">Le diabolo en acier bruni permet de mettre votre fil de montage en stand-by .<\/span><\/p>\n<p style=\"text-align: justify;\"><span class=\"s1\" style=\"font-size: 20px;\">L\u2019\u00e9tau est livr\u00e9 avec sa mallette et la clefs de montage. <\/span><span class=\"s1\" style=\"font-size: 20px;\">Le PREMIUM est un produit 100% Fran\u00e7ais, il vous procureras un grand bonheur pour vos soir\u00e9es de montage de part son design, <\/span><span class=\"s1\" style=\"font-size: 20px;\">sa fonctionnalit\u00e9, son ergonomie et sa ligne \u00e9pur\u00e9e !!!<\/span><\/p>\n<p><span style=\"font-size: 20px;\">Sur le site de <a href=\"https:\/\/store19733014.ecwid.com\/Etau-PREMIUM-p262805674\" target=\"_blank\" rel=\"noopener\">DamFly-Fishing<\/a><\/span><\/p>\n<\/div>\n<\/div>\n<p>&nbsp;<\/p>\n\r\n<style>\r\n\r\n\t\/*Used to keep captions inside the visible area*\/\r\n\t#foogallery-gallery-50539 .foo-item {\r\n\t\tmax-height: 220px;\r\n\t}\r\n\r\n\t#foogallery-gallery-50539.border-style-inset a::after {\r\n\t\tbox-shadow: inset 0 0 20px #000;\r\n\t\t-moz-box-shadow: inset 0 0 20px #000;\r\n\t\t-webkit-box-shadow: inset 0 0 calc(220)px\/4 rgba(0,0,0,0.8);\r\n\t}\r\n<\/style>\r\n\r\n<div id=\"foogallery-gallery-50539\" class=\"foogallery foogallery-container foogallery-owl-carousel foogallery-lightbox-foobox owl-carousel hover-effect-zoom border-style-square-white hasborder\">\r\n\r\n\t\t\t\t<div class=\"foo-item\" >\r\n\t\t\t<a href=\"http:\/\/www.moucheur.fr\/palm\/wp-content\/uploads\/2021\/12\/etau-Damfly.jpg\" data-attachment-id=\"50537\" data-type=\"image\" class=\"fg-thumb\"><img fetchpriority=\"high\" decoding=\"async\" src=\"http:\/\/www.moucheur.fr\/palm\/wp-content\/uploads\/cache\/2021\/12\/etau-Damfly\/2782379397.jpg\" width=\"300\" height=\"200\" class=\"skip-lazy fg-image\" data-no-lazy=\"1\" loading=\"eager\"><\/a>\r\n\t\t\t<\/div>\r\n\r\n\t\t\t\t<div class=\"foo-item\" >\r\n\t\t\t<a href=\"http:\/\/www.moucheur.fr\/palm\/wp-content\/uploads\/2021\/12\/1803036838.png\" data-attachment-id=\"50540\" data-type=\"image\" class=\"fg-thumb\"><img decoding=\"async\" src=\"http:\/\/www.moucheur.fr\/palm\/wp-content\/uploads\/cache\/2021\/12\/1803036838\/2405772572.png\" width=\"300\" height=\"200\" class=\"skip-lazy fg-image\" data-no-lazy=\"1\" loading=\"eager\"><\/a>\r\n\t\t\t<\/div>\r\n\r\n\t\t\t\t<div class=\"foo-item\" >\r\n\t\t\t<a href=\"http:\/\/www.moucheur.fr\/palm\/wp-content\/uploads\/2021\/12\/1803194457.png\" data-attachment-id=\"50541\" data-type=\"image\" class=\"fg-thumb\"><img decoding=\"async\" src=\"http:\/\/www.moucheur.fr\/palm\/wp-content\/uploads\/cache\/2021\/12\/1803194457\/1825260156.png\" width=\"300\" height=\"200\" class=\"skip-lazy fg-image\" data-no-lazy=\"1\" loading=\"eager\"><\/a>\r\n\t\t\t<\/div>\r\n\r\n\t\t\t\t<div class=\"foo-item\" >\r\n\t\t\t<a href=\"http:\/\/www.moucheur.fr\/palm\/wp-content\/uploads\/2021\/12\/1803197142.png\" data-attachment-id=\"50542\" data-type=\"image\" class=\"fg-thumb\"><img decoding=\"async\" src=\"http:\/\/www.moucheur.fr\/palm\/wp-content\/uploads\/cache\/2021\/12\/1803197142\/137642025.png\" width=\"300\" height=\"200\" class=\"skip-lazy fg-image\" data-no-lazy=\"1\" loading=\"eager\"><\/a>\r\n\t\t\t<\/div>\r\n\r\n\t\t\t\t<div class=\"foo-item\" >\r\n\t\t\t<a href=\"http:\/\/www.moucheur.fr\/palm\/wp-content\/uploads\/2021\/12\/1803135638.jpg\" data-attachment-id=\"50544\" data-type=\"image\" class=\"fg-thumb\"><img decoding=\"async\" src=\"http:\/\/www.moucheur.fr\/palm\/wp-content\/uploads\/cache\/2021\/12\/1803135638\/1506810241.jpg\" width=\"300\" height=\"200\" class=\"skip-lazy fg-image\" data-no-lazy=\"1\" loading=\"eager\"><\/a>\r\n\t\t\t<\/div>\r\n\r\n\t<\/div>\r\n\r\n<script>\r\n\/* The Owl Initialization Script\r\n\/* The first lines conditionally show the slide animation *\/\r\njQuery(window).on(\"load\", function(){\r\n\tvar $galleryContainer = jQuery( '#foogallery-gallery-50539' );\r\n\tvar $containerID = '#foogallery-gallery-50539';\r\n\r\n\tjQuery(document).on('keydown', function( event ) { \/\/attach event listener\r\n\t\tif (event.keyCode == 37) {\r\n\t\t\t$galleryContainer.trigger('prev.owl')\r\n\t\t}\r\n\t\tif (event.keyCode == 39) {\r\n\t\t\t$galleryContainer.trigger('next.owl')\r\n\t\t}\r\n\t});\r\n\r\n\t\r\n\t$galleryContainer.owlCarousel({\r\n\t\titems: 3,\r\n\t\tnav: true,\r\n\t\tmargin: 10,\r\n\t\tloop:true,\r\n\t\tautoplay: true,\r\n\t\tautoplaySpeed: 3000,\r\n\t\tsmartSpeed:250,\r\n\t\tnavSpeed: 1250,\r\n\t\tnavText: ['prev', 'next'],\r\n\t\tautoplayHoverPause: true,\r\n\t\tlazyLoad: 1,\r\n\t\tautoWidth: 1,\r\n\t\t\t});\r\n});\r\n<\/script>\n","protected":false},"excerpt":{"rendered":"<p>Le Premium est con\u00e7u dans des mat\u00e9riaux de qualit\u00e9s. Le socle de 1,176kg et les patins en caoutchouc rendent l\u2019\u00e9tau&hellip;<\/p>\n","protected":false},"author":1,"featured_media":50538,"parent":0,"menu_order":0,"comment_status":"open","ping_status":"closed","template":"","meta":{"footnotes":""},"categories":[856],"tags":[831,858],"class_list":["post-50536","page","type-page","status-publish","has-post-thumbnail","hentry","category-materiels-de-montage-mouche","tag-damfly-fishing","tag-letau-premium"],"_links":{"self":[{"href":"https:\/\/www.moucheur.fr\/palm\/wp-json\/wp\/v2\/pages\/50536","targetHints":{"allow":["GET"]}}],"collection":[{"href":"https:\/\/www.moucheur.fr\/palm\/wp-json\/wp\/v2\/pages"}],"about":[{"href":"https:\/\/www.moucheur.fr\/palm\/wp-json\/wp\/v2\/types\/page"}],"author":[{"embeddable":true,"href":"https:\/\/www.moucheur.fr\/palm\/wp-json\/wp\/v2\/users\/1"}],"replies":[{"embeddable":true,"href":"https:\/\/www.moucheur.fr\/palm\/wp-json\/wp\/v2\/comments?post=50536"}],"version-history":[{"count":0,"href":"https:\/\/www.moucheur.fr\/palm\/wp-json\/wp\/v2\/pages\/50536\/revisions"}],"wp:featuredmedia":[{"embeddable":true,"href":"https:\/\/www.moucheur.fr\/palm\/wp-json\/wp\/v2\/media\/50538"}],"wp:attachment":[{"href":"https:\/\/www.moucheur.fr\/palm\/wp-json\/wp\/v2\/media?parent=50536"}],"wp:term":[{"taxonomy":"category","embeddable":true,"href":"https:\/\/www.moucheur.fr\/palm\/wp-json\/wp\/v2\/categories?post=50536"},{"taxonomy":"post_tag","embeddable":true,"href":"https:\/\/www.moucheur.fr\/palm\/wp-json\/wp\/v2\/tags?post=50536"}],"curies":[{"name":"wp","href":"https:\/\/api.w.org\/{rel}","templated":true}]}}