{"id":50940,"date":"2026-05-13T20:57:17","date_gmt":"2026-05-13T18:57:17","guid":{"rendered":"https:\/\/www.moucheur.fr\/palm\/?page_id=50940"},"modified":"2026-05-15T14:06:42","modified_gmt":"2026-05-15T12:06:42","slug":"les-evenements-de-pont-de-lisere","status":"publish","type":"page","link":"https:\/\/www.moucheur.fr\/palm\/les-evenements-de-pont-de-lisere\/","title":{"rendered":"Les \u00e9v\u00e9nements de Pont de l&#8217;Is\u00e8re"},"content":{"rendered":"","protected":true},"excerpt":{"rendered":"","protected":true},"author":1,"featured_media":0,"parent":0,"menu_order":0,"comment_status":"closed","ping_status":"closed","template":"","meta":{"footnotes":""},"categories":[717],"tags":[],"class_list":["post-50940","page","type-page","status-publish","post-password-required","hentry","category-uncategorized"],"_links":{"self":[{"href":"https:\/\/www.moucheur.fr\/palm\/wp-json\/wp\/v2\/pages\/50940","targetHints":{"allow":["GET"]}}],"collection":[{"href":"https:\/\/www.moucheur.fr\/palm\/wp-json\/wp\/v2\/pages"}],"about":[{"href":"https:\/\/www.moucheur.fr\/palm\/wp-json\/wp\/v2\/types\/page"}],"author":[{"embeddable":true,"href":"https:\/\/www.moucheur.fr\/palm\/wp-json\/wp\/v2\/users\/1"}],"replies":[{"embeddable":true,"href":"https:\/\/www.moucheur.fr\/palm\/wp-json\/wp\/v2\/comments?post=50940"}],"version-history":[{"count":3,"href":"https:\/\/www.moucheur.fr\/palm\/wp-json\/wp\/v2\/pages\/50940\/revisions"}],"predecessor-version":[{"id":50943,"href":"https:\/\/www.moucheur.fr\/palm\/wp-json\/wp\/v2\/pages\/50940\/revisions\/50943"}],"wp:attachment":[{"href":"https:\/\/www.moucheur.fr\/palm\/wp-json\/wp\/v2\/media?parent=50940"}],"wp:term":[{"taxonomy":"category","embeddable":true,"href":"https:\/\/www.moucheur.fr\/palm\/wp-json\/wp\/v2\/categories?post=50940"},{"taxonomy":"post_tag","embeddable":true,"href":"https:\/\/www.moucheur.fr\/palm\/wp-json\/wp\/v2\/tags?post=50940"}],"curies":[{"name":"wp","href":"https:\/\/api.w.org\/{rel}","templated":true}]}}