{"id":5234,"date":"2015-09-15T13:38:12","date_gmt":"2015-09-15T11:38:12","guid":{"rendered":"http:\/\/www.moucheur.fr\/palm\/?page_id=5234"},"modified":"2015-09-15T15:16:26","modified_gmt":"2015-09-15T13:16:26","slug":"jmc","status":"publish","type":"page","link":"https:\/\/www.moucheur.fr\/palm\/mouche\/materiel\/moulinet\/jmc\/","title":{"rendered":"JMC"},"content":{"rendered":"<p><span style=\"font-family: verdana,geneva,sans-serif; font-size: 10pt;\"><a href=\"http:\/\/www.moucheur.fr\/palm\/wp-content\/uploads\/2015\/09\/logo_jmc_eco.jpg\"><img decoding=\"async\" class=\"alignleft size-medium wp-image-5239\" src=\"http:\/\/www.moucheur.fr\/palm\/wp-content\/uploads\/2015\/09\/logo_jmc_eco-300x166.jpg\" alt=\"Logo JMC fly Fishing OK\" width=\"300\" height=\"166\" srcset=\"https:\/\/www.moucheur.fr\/palm\/wp-content\/uploads\/2015\/09\/logo_jmc_eco-300x166.jpg 300w, https:\/\/www.moucheur.fr\/palm\/wp-content\/uploads\/2015\/09\/logo_jmc_eco.jpg 660w, https:\/\/www.moucheur.fr\/palm\/wp-content\/uploads\/2015\/09\/logo_jmc_eco-71x40.jpg 71w\" sizes=\"(max-width: 300px) 100vw, 300px\" \/><\/a><\/span><\/p>\n<p><span style=\"font-family: verdana,geneva,sans-serif; font-size: 10pt;\"><strong><span id=\"result_box\" class=\"short_text\" lang=\"fr\"><span class=\"hps\">Service Clients <\/span><\/span>:<\/strong><\/span><\/p>\n<p><span style=\"font-family: verdana,geneva,sans-serif; font-size: 10pt;\">T\u00e9l\u00e9phone: +33 4 74 24 22 73<br \/>\n<\/span><\/p>\n<p><span style=\"font-family: verdana,geneva,sans-serif; font-size: 10pt;\"><strong><span id=\"result_box\" class=\"short_text\" lang=\"fr\"><span class=\"hps\">Adresse<\/span><\/span> <span id=\"result_box\" class=\"short_text\" lang=\"fr\"><span class=\"hps\">entreprise <\/span><\/span>: <\/strong><\/span><\/p>\n<p><span style=\"font-family: verdana,geneva,sans-serif; font-size: 10pt;\">Soci\u00e9t\u00e9 d&#8217;import-export Rue Les Guillets, 01310 Montracol, France<\/span><\/p>\n<p><span style=\"font-family: verdana,geneva,sans-serif; font-size: 10pt;\"><strong>Le site web :<\/strong> <cite class=\"_Rm\"><a href=\"http:\/\/www.mouchesdecharette.com\">www.mouchesdecharette.com<\/a><\/cite><\/span><\/p>\n<div class=\"history\">\n<div class=\"history-inner\">\n<h1><strong><span style=\"font-family: verdana,geneva,sans-serif; font-size: 12pt;\"><span class=\"jfk-butterBar jfk-butterBar-info jfk-butterBar-shown\" title=\"Looking for a new direction, in 2010 Justin branched away from his family's plastic business to start Allen Fly Fishing.\">Historique de la soci\u00e9t\u00e9<\/span><\/span><\/strong><\/h1>\n<p style=\"text-align: justify;\"><span style=\"font-family: verdana,geneva,sans-serif; font-size: 10pt;\">Le petit village de Charette, en Sa\u00f4ne-et-Loire, est un des hauts lieux de l\u2019histoire de la p\u00eache en France o\u00f9 G\u00e9rard et Germaine de Chamberet ont fond\u00e9s les Mouches de Chamberet en 1928.<\/span><\/p>\n<p style=\"text-align: justify;\"><span style=\"font-family: verdana,geneva,sans-serif; font-size: 10pt;\">Peu de temps apr\u00e8s la d\u00e9localisation de l\u2019affaire en 1970, un habitant du village de Charette, Alain Bernard, passionn\u00e9 de p\u00eache \u00e0 la mouche, avec les conseils de Madame de Chamberet, d\u00e9cide de recr\u00e9er un atelier de montage dans le Village.<\/span><\/p>\n<p style=\"text-align: justify;\"><span style=\"font-family: verdana,geneva,sans-serif; font-size: 10pt;\">C\u2019est en 1986 qu\u2019est n\u00e9e les Mouches de Charette.<\/span><\/p>\n<p style=\"text-align: justify;\"><span style=\"font-family: verdana,geneva,sans-serif; font-size: 10pt;\">Apr\u00e8s des d\u00e9buts difficiles un monteur de mouches passionn\u00e9, Jean-Marc Chignard ach\u00e8te la petite entreprise en 1990 et en d\u00e9veloppe l\u2019activit\u00e9. En 1995 l\u2019entreprise d\u00e9m\u00e9nage \u00e0 Montracol, petit village pr\u00e8s de Bourg en Bresse et diversifie sa gamme de produits avec le lancement de son premier catalogue.<\/span><\/p>\n<p style=\"text-align: justify;\"><span style=\"font-family: verdana,geneva,sans-serif; font-size: 10pt;\">Le catalogue devenu \u00ab la bible des p\u00e9cheurs \u00e0 la mouche \u00bb propose des milliers de produits sp\u00e9cialis\u00e9es sous les marques JMC et Mouches de Charette.<\/span><\/p>\n<\/div>\n<\/div>\n","protected":false},"excerpt":{"rendered":"<p>Service Clients : T\u00e9l\u00e9phone: +33 4 74 24 22 73 Adresse entreprise : Soci\u00e9t\u00e9 d&#8217;import-export Rue Les Guillets, 01310 Montracol,&hellip;<\/p>\n","protected":false},"author":1,"featured_media":5239,"parent":177,"menu_order":2,"comment_status":"closed","ping_status":"closed","template":"","meta":{"footnotes":""},"categories":[],"tags":[],"class_list":["post-5234","page","type-page","status-publish","has-post-thumbnail","hentry"],"_links":{"self":[{"href":"https:\/\/www.moucheur.fr\/palm\/wp-json\/wp\/v2\/pages\/5234","targetHints":{"allow":["GET"]}}],"collection":[{"href":"https:\/\/www.moucheur.fr\/palm\/wp-json\/wp\/v2\/pages"}],"about":[{"href":"https:\/\/www.moucheur.fr\/palm\/wp-json\/wp\/v2\/types\/page"}],"author":[{"embeddable":true,"href":"https:\/\/www.moucheur.fr\/palm\/wp-json\/wp\/v2\/users\/1"}],"replies":[{"embeddable":true,"href":"https:\/\/www.moucheur.fr\/palm\/wp-json\/wp\/v2\/comments?post=5234"}],"version-history":[{"count":0,"href":"https:\/\/www.moucheur.fr\/palm\/wp-json\/wp\/v2\/pages\/5234\/revisions"}],"up":[{"embeddable":true,"href":"https:\/\/www.moucheur.fr\/palm\/wp-json\/wp\/v2\/pages\/177"}],"wp:featuredmedia":[{"embeddable":true,"href":"https:\/\/www.moucheur.fr\/palm\/wp-json\/wp\/v2\/media\/5239"}],"wp:attachment":[{"href":"https:\/\/www.moucheur.fr\/palm\/wp-json\/wp\/v2\/media?parent=5234"}],"wp:term":[{"taxonomy":"category","embeddable":true,"href":"https:\/\/www.moucheur.fr\/palm\/wp-json\/wp\/v2\/categories?post=5234"},{"taxonomy":"post_tag","embeddable":true,"href":"https:\/\/www.moucheur.fr\/palm\/wp-json\/wp\/v2\/tags?post=5234"}],"curies":[{"name":"wp","href":"https:\/\/api.w.org\/{rel}","templated":true}]}}