{"id":5898,"date":"2016-04-20T14:28:47","date_gmt":"2016-04-20T12:28:47","guid":{"rendered":"http:\/\/www.moucheur.fr\/palm\/?page_id=5898"},"modified":"2016-11-14T20:13:16","modified_gmt":"2016-11-14T19:13:16","slug":"ouveze","status":"publish","type":"page","link":"https:\/\/www.moucheur.fr\/palm\/moucheur\/ardeche\/ouveze\/","title":{"rendered":"Ouv\u00e8ze"},"content":{"rendered":"<p style=\"text-align: center;\"><script async src=\"\/\/pagead2.googlesyndication.com\/pagead\/js\/adsbygoogle.js\"><\/script>\r\n<!-- pub texte moucheur -->\r\n<ins class=\"adsbygoogle\"\r\n     style=\"display:block\"\r\n     data-ad-client=\"ca-pub-3761698486073990\"\r\n     data-ad-slot=\"2129191949\"\r\n     data-ad-format=\"link\"><\/ins>\r\n<script>\r\n(adsbygoogle = window.adsbygoogle || []).push({});\r\n<\/script><\/p>\n<p style=\"text-align: justify;\"><span style=\"font-family: verdana, geneva, sans-serif; font-size: 12pt;\"><strong>Le no kill sur l&#8217;Ouv\u00e8ze<\/strong><\/span><\/p>\n<p style=\"text-align: justify;\"><span style=\"font-family: verdana,geneva,sans-serif; font-size: 10pt;\"><strong>Le parcours :<\/strong> Parcours &#8220;sans tuer&#8221; pour la p\u00eache \u00e0 la mouche situ\u00e9 \u00e0 200 m d\u2019altitude sur le talus des basses Bouti\u00e8res, orient\u00e9 ouest-est, ce parcours d\u2019un kilom\u00e8tre offre une population mixte de truites fario autochtones et de truites arc-en-ciel soigneusement s\u00e9lectionn\u00e9es sur un lin\u00e9aire de plus de 1 km. La diversit\u00e9 des faci\u00e8s associ\u00e9e \u00e0 une finesse de p\u00eache permet d\u2019offrir une p\u00eache de qualit\u00e9 sur des poissons s\u00e9lectifs et de tr\u00e8s belle taille.<\/span><\/p>\n<p style=\"text-align: justify;\"><span style=\"font-family: verdana,geneva,sans-serif; font-size: 10pt;\">Rivi\u00e8re moyenne (6 et 12 m) de basse altitude, aux eaux calcaires, coulant dans une vall\u00e9e encaiss\u00e9e. Le parcours surplomb\u00e9 par la d\u00e9partementale et le village de Coux offre un profil vari\u00e9 alternant courants et plats sur fond de roche m\u00e8re affleurante, agr\u00e9ment\u00e9 de blocs et de sous berges. La douceur du climat en fait un parcours tr\u00e8s pr\u00e9coce, int\u00e9ressant en d\u00e9but et fin de saison. La p\u00eache en nymphe \u00e0 vue et au fil reste abordable. Le faible encombrement des berges rend l\u2019acc\u00e8s facile, m\u00eame pour les d\u00e9butants.<\/span><\/p>\n<div style=\"text-align: justify;\"><span style=\"font-family: verdana, geneva, sans-serif; font-size: 10pt;\"><span style=\"font-family: verdana, geneva, sans-serif; font-size: 10pt;\"><span style=\"font-family: verdana, geneva, sans-serif; font-size: 10pt;\"><strong>AAPPMA : <\/strong><\/span><\/span>Privas La Loche<\/span><\/div>\n<div style=\"text-align: justify;\"><\/div>\n<div style=\"text-align: justify;\"><span style=\"font-family: verdana, geneva, sans-serif; font-size: 10pt;\"><strong>D\u00e9partement :<\/strong> Ard\u00e8che (07)<\/span><\/div>\n<div style=\"text-align: justify;\"><\/div>\n<div style=\"text-align: justify;\"><span style=\"font-family: verdana, geneva, sans-serif; font-size: 10pt;\"><strong>Parcours :<\/strong>\u00a01000m environ\u00a0<\/span><\/div>\n<div style=\"text-align: justify;\"><\/div>\n<div style=\"text-align: justify;\"><span style=\"font-family: verdana, geneva, sans-serif; font-size: 10pt;\"><strong>Cat\u00e9gorie piscicole :<\/strong>\u00a02\u00e8me\u00a0<\/span><\/div>\n<div style=\"text-align: justify;\"><\/div>\n<div style=\"text-align: justify;\"><span style=\"font-family: verdana, geneva, sans-serif; font-size: 10pt;\"><strong>Comment vous y rendre\u00a0:<\/strong>\u00a0Commune de Coux au lieu-dit &#8220;le village&#8221;, limite amont (confluence avec le M\u00e9zayon) et limite aval (seuil en aval du pont de Coux). A 2 km de Privas sur le RD 304 en direction du Pouzin. Acc\u00e8s par le pont du village de Coux, parking du \u00ab fabricou \u00bb en rive droite.\u00a0GPS : x) 781 070 \u2013 (y) 1 973 244<\/span><\/div>\n<div style=\"text-align: justify;\"><\/div>\n<div style=\"text-align: justify;\"><span style=\"font-family: verdana,geneva,sans-serif; font-size: 10pt;\"><strong>Modes de\u00a0p\u00eache autoris\u00e9e :<\/strong> Mouche fouett\u00e9e artificielle.<\/span><\/div>\n<div style=\"text-align: justify;\"><span style=\"font-family: verdana,geneva,sans-serif; font-size: 10pt;\"><strong>Population :<\/strong> Truite fario et arc-en-ciel, blageon, barbeau, chevaine et vairon.<\/span><\/div>\n<div style=\"text-align: justify;\"><span style=\"font-family: verdana,geneva,sans-serif; font-size: 10pt;\"><strong>Type de gestion :<\/strong> Patrimoniale diff\u00e9r\u00e9e<\/span><\/div>\n<p style=\"text-align: justify;\"><span style=\"font-family: verdana,geneva,sans-serif; font-size: 10pt;\"><strong>Ouverture :<\/strong> 1er janvier au 31 d\u00e9cembre<\/span><\/p>\n<p><span style=\"font-family: verdana,geneva,sans-serif; font-size: 10pt;\"><strong>Parcours balis\u00e9 :<\/strong> Le pont de Coux (aval) \u2013 Confluence avec le M\u00e9zayon (amont)<\/span><\/p>\n<p style=\"text-align: justify;\"><span style=\"font-family: verdana,geneva,sans-serif; font-size: 10pt;\">Les informations ci-dessus viennent du site de la <a href=\"http:\/\/www.peche-ardeche.com\/gmapfp\/article\/121-limite-aval-parcours-ouveze\"><em><strong>F\u00e9d\u00e9ration de p\u00eache de l&#8217;Ard\u00e8che<\/strong><\/em><\/a><\/span><\/p>\n<p>&nbsp;<\/p>\n<p><center><iframe src=\"https:\/\/www.google.com\/maps\/d\/embed?mid=18lHPxO_Xb430qsx6qApOmmH1Qjc\" width=\"750\" height=\"480\"><\/iframe><\/center><\/p>\n<p style=\"text-align: center;\"><script async src=\"\/\/pagead2.googlesyndication.com\/pagead\/js\/adsbygoogle.js\"><\/script>\r\n<!-- moucheurgoogle2015 -->\r\n<ins class=\"adsbygoogle\"\r\n     style=\"display:inline-block;width:728px;height:90px\"\r\n     data-ad-client=\"ca-pub-3761698486073990\"\r\n     data-ad-slot=\"8176639945\"><\/ins>\r\n<script>\r\n(adsbygoogle = window.adsbygoogle || []).push({});\r\n<\/script><\/p>\n<p><strong>Note du site pour le\u00a0parcours\u00a0<\/strong><strong>sur 5 \u00e9toiles\u00a0: <\/strong><strong>a venir<br \/>\n<\/strong><\/p>\n","protected":false},"excerpt":{"rendered":"<p>Le no kill sur l&#8217;Ouv\u00e8ze Le parcours : Parcours &#8220;sans tuer&#8221; pour la p\u00eache \u00e0 la mouche situ\u00e9 \u00e0 200&hellip;<\/p>\n","protected":false},"author":1,"featured_media":0,"parent":1961,"menu_order":2,"comment_status":"open","ping_status":"closed","template":"","meta":{"footnotes":""},"categories":[],"tags":[],"class_list":["post-5898","page","type-page","status-publish","hentry"],"_links":{"self":[{"href":"https:\/\/www.moucheur.fr\/palm\/wp-json\/wp\/v2\/pages\/5898","targetHints":{"allow":["GET"]}}],"collection":[{"href":"https:\/\/www.moucheur.fr\/palm\/wp-json\/wp\/v2\/pages"}],"about":[{"href":"https:\/\/www.moucheur.fr\/palm\/wp-json\/wp\/v2\/types\/page"}],"author":[{"embeddable":true,"href":"https:\/\/www.moucheur.fr\/palm\/wp-json\/wp\/v2\/users\/1"}],"replies":[{"embeddable":true,"href":"https:\/\/www.moucheur.fr\/palm\/wp-json\/wp\/v2\/comments?post=5898"}],"version-history":[{"count":0,"href":"https:\/\/www.moucheur.fr\/palm\/wp-json\/wp\/v2\/pages\/5898\/revisions"}],"up":[{"embeddable":true,"href":"https:\/\/www.moucheur.fr\/palm\/wp-json\/wp\/v2\/pages\/1961"}],"wp:attachment":[{"href":"https:\/\/www.moucheur.fr\/palm\/wp-json\/wp\/v2\/media?parent=5898"}],"wp:term":[{"taxonomy":"category","embeddable":true,"href":"https:\/\/www.moucheur.fr\/palm\/wp-json\/wp\/v2\/categories?post=5898"},{"taxonomy":"post_tag","embeddable":true,"href":"https:\/\/www.moucheur.fr\/palm\/wp-json\/wp\/v2\/tags?post=5898"}],"curies":[{"name":"wp","href":"https:\/\/api.w.org\/{rel}","templated":true}]}}