{"id":8424,"date":"2019-02-22T09:35:17","date_gmt":"2019-02-22T08:35:17","guid":{"rendered":"http:\/\/www.moucheur.fr\/palm\/?page_id=8424"},"modified":"2019-02-22T10:21:18","modified_gmt":"2019-02-22T09:21:18","slug":"canne-eclosion-salmonidesevenements","status":"publish","type":"page","link":"https:\/\/www.moucheur.fr\/palm\/canne-eclosion-salmonidesevenements\/","title":{"rendered":"Canne \u00c9closion Salmonidesevenements"},"content":{"rendered":"<p style=\"text-align: justify;\"><span style=\"font-family: verdana,geneva,sans-serif; font-size: 12px;\">Nous sommes tr\u00e8s heureux et fi\u00e8re de vous pr\u00e9senter la premi\u00e8re s\u00e9rie de canne \u00e0 mouche moucheur.fr, son nom \u00ab\u00a0\u00c9closion\u00a0\u00bb tout un programme \u2026. Un petit historique s\u2019impose sur cette canne, en effet depuis plusieurs ann\u00e9es nous avions l\u2019id\u00e9e de cr\u00e9er une s\u00e9rie de canne \u00e0 mouche, mais nous n\u2019avions n\u2019y trouv\u00e9 le blank n\u2019y le monteur de canne que nous souhaitions. Heureusement au mois de mai de cette ann\u00e9e, nous avons rencontr\u00e9s\u00a0<strong>Herv\u00e9 Charpenel<\/strong>\u00a0avec\u00a0<strong>Daniel<\/strong>\u00a0pendant le salon de la p\u00eache et la chasse \u00e0 Ch\u00e2teauneuf-sur-Is\u00e8re. Nous \u00e9tions l\u00e0 au profit de la f\u00e9d\u00e9ration de la p\u00eache de la Dr\u00f4me pour faire une animation de la p\u00eache \u00e0 la mouche. Bref, nous avons eu la chance de pouvoir tester de nombreux blank sur notre stand qu\u2019ils nous ont pr\u00eat\u00e9 et admirer la qualit\u00e9 du montage de leurs cannes.<\/span><\/p>\n<p style=\"text-align: center;\"><span style=\"font-family: verdana,geneva,sans-serif; font-size: 12px;\"><script async src=\"\/\/pagead2.googlesyndication.com\/pagead\/js\/adsbygoogle.js\"><\/script>\r\n<!-- pub texte moucheur -->\r\n<ins class=\"adsbygoogle\"\r\n     style=\"display:block\"\r\n     data-ad-client=\"ca-pub-3761698486073990\"\r\n     data-ad-slot=\"2129191949\"\r\n     data-ad-format=\"link\"><\/ins>\r\n<script>\r\n(adsbygoogle = window.adsbygoogle || []).push({});\r\n<\/script><\/span><\/p>\n<p style=\"text-align: justify;\"><span style=\"font-family: verdana,geneva,sans-serif; font-size: 12px;\"><img decoding=\"async\" class=\"alignright wp-image-6796 size-medium\" src=\"http:\/\/www.moucheur.fr\/palm\/wp-content\/uploads\/2016\/11\/13613310_1738997789706874_3663060327139395537_o-300x225.jpg\" alt=\"Canne \u00c9closion moucheur.fr\" width=\"300\" height=\"225\" srcset=\"https:\/\/www.moucheur.fr\/palm\/wp-content\/uploads\/2016\/11\/13613310_1738997789706874_3663060327139395537_o-300x225.jpg 300w, https:\/\/www.moucheur.fr\/palm\/wp-content\/uploads\/2016\/11\/13613310_1738997789706874_3663060327139395537_o-1024x768.jpg 1024w, https:\/\/www.moucheur.fr\/palm\/wp-content\/uploads\/2016\/11\/13613310_1738997789706874_3663060327139395537_o.jpg 2048w\" sizes=\"(max-width: 300px) 100vw, 300px\" \/><\/span><\/p>\n<p style=\"text-align: justify;\"><span style=\"font-family: verdana,geneva,sans-serif; font-size: 12px;\">Nous n\u2019avons pas h\u00e9sit\u00e9 une seconde avec les membres du bureau de l\u2019association et nous avons fait exactement la canne que nous souhaitions. Avec eux \u00ab\u00a0c\u2019est que du bonheur\u00a0\u00bb \u2026. avec leurs conseils avis\u00e9s nous avons pu choisi ensemble les couleurs, ligature, les anneaux, poign\u00e9e et les inscriptions et logo de cette canne. Pour cette canne 9\u2032 soie de 5 nous avons choisi un blank \u00ab\u00a0the blank\u00a0\u00bb une petite merveille. Elle p\u00eache aussi bien en nymphe qu\u2019en s\u00e8che, elle a la particularit\u00e9 d\u2019\u00eatre tr\u00e8s directive et tr\u00e8s puissante quand on la laisse travailler. Elle a une action entre la semi-parabolique et action de pointe, sans effort elle propulse votre soie \u00e0\u00a015 m, assez incroyable comme sensation de facilit\u00e9. Nous vous conseillons pour cette canne, une soie de 5 DT mais avec une soie TT 4 (<strong>Royal Wulff<\/strong>)\u00a0elle est encore plus mortelle pour des pos\u00e9s courts et parfaite pour p\u00eacher en nymphe sous la canne.<\/span><\/p>\n<div style=\"text-align: justify;\">\n<p><span style=\"font-family: verdana,geneva,sans-serif; font-size: 12px;\"><img decoding=\"async\" class=\"alignleft wp-image-6794 size-medium\" src=\"http:\/\/www.moucheur.fr\/palm\/wp-content\/uploads\/2016\/11\/13585179_1738997566373563_7180819778134157489_o-300x225.jpg\" alt=\"Canne \u00c9closion moucheur.fr\" width=\"300\" height=\"225\" srcset=\"https:\/\/www.moucheur.fr\/palm\/wp-content\/uploads\/2016\/11\/13585179_1738997566373563_7180819778134157489_o-300x225.jpg 300w, https:\/\/www.moucheur.fr\/palm\/wp-content\/uploads\/2016\/11\/13585179_1738997566373563_7180819778134157489_o-1024x768.jpg 1024w, https:\/\/www.moucheur.fr\/palm\/wp-content\/uploads\/2016\/11\/13585179_1738997566373563_7180819778134157489_o.jpg 2048w\" sizes=\"(max-width: 300px) 100vw, 300px\" \/><\/span><\/p>\n<p><span style=\"font-family: verdana,geneva,sans-serif; font-size: 12px;\">Pour tester cette canne &#8230;.<\/span><\/p>\n<\/div>\n<div style=\"text-align: justify;\">\n<p><span style=\"font-family: verdana,geneva,sans-serif; font-size: 12px;\">D\u00e9j\u00e0 deux mod\u00e8les ont \u00e9t\u00e9 r\u00e9alis\u00e9s et test\u00e9 par nos soins, nous l\u2019avons fait tester par beaucoup de moucheurs pendant nos sorties depuis trois\u00a0mois \u00ab\u00a0elle envoie\u00a0\u00bb voil\u00e0 le commentaire des chanceux qui l\u2019ont test\u00e9. Une commande de 5 cannes est partie pour r\u00e9alisation pour novembre et d\u2019autres vont suivre. Je vous invite \u00e0 nous contacter si vous aussi, souhaitez d\u00e9couvrir cette petite merveille, nous nous ferons un plaisir de vous la faire essayer. Contactez-nous par mail et nous organiserons une petite sortie en deuxi\u00e8me cat\u00e9gorie pour r\u00e9aliser les essais.<\/span><\/p>\n<div id=\"attachment_7420\" style=\"width: 310px\" class=\"wp-caption alignright\"><a href=\"http:\/\/www.moucheur.fr\/palm\/wp-content\/uploads\/2016\/11\/Fontaine-avec-Herv\u00e9-et-Daniel.jpg\"><img decoding=\"async\" aria-describedby=\"caption-attachment-7420\" class=\"alignnone wp-image-7681 size-medium\" title=\"Test canne moucheur.fr Truite de 68 cm en nymphe au fontaine avec Herv\u00e9 et Dani\" src=\"http:\/\/www.moucheur.fr\/palm\/wp-content\/uploads\/2017\/12\/FB_IMG_1512656685449-300x225.jpg\" alt=\"\" width=\"300\" height=\"225\" srcset=\"https:\/\/www.moucheur.fr\/palm\/wp-content\/uploads\/2017\/12\/FB_IMG_1512656685449-300x225.jpg 300w, https:\/\/www.moucheur.fr\/palm\/wp-content\/uploads\/2017\/12\/FB_IMG_1512656685449.jpg 720w\" sizes=\"(max-width: 300px) 100vw, 300px\" \/><\/a><p id=\"caption-attachment-7420\" class=\"wp-caption-text\"><span style=\"font-family: verdana,geneva,sans-serif; font-size: 12px;\">Test canne moucheur.fr Truite de 68 cm en nymphe au fontaine avec Herv\u00e9 et Daniel<\/span><\/p><\/div>\n<\/div>\n<div style=\"text-align: justify;\"><\/div>\n<div style=\"text-align: justify;\"><span style=\"font-family: verdana,geneva,sans-serif; font-size: 12px;\">Pour commander cette canne&#8230;.<\/span><\/div>\n<div style=\"text-align: justify;\"><span style=\"font-family: verdana,geneva,sans-serif; font-size: 12px;\">Rien de plus facile, vous avez deux possibilit\u00e9s<\/span><\/div>\n<div style=\"text-align: justify;\"><\/div>\n<div style=\"text-align: justify;\"><span style=\"font-family: verdana,geneva,sans-serif; font-size: 12px;\">Soit contactez nous par mail <a href=\"mailto:contact@moucheur.fr\"><em>contact@moucheur.fr<\/em><\/a><\/span><\/div>\n<div style=\"text-align: justify;\"><span style=\"font-family: verdana,geneva,sans-serif; font-size: 12px;\">Soit contactez directement Monsieur Herv\u00e9 Charpenel au\u00a006 70 31 36 44<\/span><\/div>\n<blockquote>\n<div><span style=\"font-family: verdana,geneva,sans-serif; font-size: 12px;\">Site web : <em><a href=\"http:\/\/www.salmonidesevenements.fr\/\">http:\/\/www.salmonidesevenements.fr\/<\/a><\/em><\/span><\/div>\n<div><span style=\"font-family: verdana,geneva,sans-serif; font-size: 12px;\">Facebook :\u00a0<a href=\"https:\/\/www.facebook.com\/HerveCharpenel\/?pnref=story\"><em>https:\/\/www.facebook.com\/HerveCharpenel\/?pnref=story<\/em><\/a><\/span><\/div>\n<\/blockquote>\n<p style=\"text-align: justify;\"><span style=\"font-family: verdana,geneva,sans-serif; font-size: 12px;\"><strong>Descriptif technique de la canne <\/strong><\/span><\/p>\n<blockquote>\n<p><span style=\"font-family: verdana,geneva,sans-serif; font-size: 12px;\"><strong>Canne \u00c9closion\u00a0moucheur.fr &#8211; 9ft. #5<\/strong><\/span><\/p>\n<div><span style=\"font-family: verdana,geneva,sans-serif; font-size: 12px;\"><strong><em>Les caract\u00e9ristiques :<\/em><\/strong><\/span><\/div>\n<div><span style=\"font-family: verdana,geneva,sans-serif; font-size: 12px;\"><strong>Longueur :<\/strong>\u00a08,9 Pieds, soit 2m67 \u00e0 plus ou moins 5 mm.<\/span><\/div>\n<div><span style=\"font-family: verdana,geneva,sans-serif; font-size: 12px;\"><strong>Nb. de brin :<\/strong>\u00a04 brins.<\/span><\/div>\n<div><span style=\"font-family: verdana,geneva,sans-serif; font-size: 12px;\"><strong>Puissance :<\/strong>\u00a0Soie de 5.<\/span><\/div>\n<div><span style=\"font-family: verdana,geneva,sans-serif; font-size: 12px;\"><strong>Poids :<\/strong>\u00a0115 g \u00a0\u00e0 plus ou moins 5 g.<\/span><\/div>\n<div><span style=\"font-family: verdana,geneva,sans-serif; font-size: 12px;\"><strong>Action :<\/strong>\u00a0Progressive.<\/span><\/div>\n<div><span style=\"font-family: verdana,geneva,sans-serif; font-size: 12px;\"><strong>Emmanchement :<\/strong>\u00a0invers\u00e9.<\/span><\/div>\n<div><span style=\"font-family: verdana,geneva,sans-serif; font-size: 12px;\"><strong>Encombrement :<\/strong>\u00a071 cm. \u00e0 plus ou moins 3 mm.<\/span><\/div>\n<div><span style=\"font-family: verdana,geneva,sans-serif; font-size: 12px;\"><strong>Blank :<\/strong>\u00a0IM10 TORAY \u00a0\u00bb H.Charpenel \u00a0\u00bb avec bouchonnage en EVA.<\/span><\/div>\n<div><span style=\"font-family: verdana,geneva,sans-serif; font-size: 12px;\"><strong>Finition du blank :<\/strong>\u00a0vert kaki clair brillant.<\/span><\/div>\n<div><span style=\"font-family: verdana,geneva,sans-serif; font-size: 12px;\"><strong>Anneaux :<\/strong>\u00a0ALPS monopatte rev\u00eatement Tich + anneau de d\u00e9part tri-pattes c\u00e9ramique.<\/span><\/div>\n<div><span style=\"font-family: verdana,geneva,sans-serif; font-size: 12px;\"><strong>Ligatures :<\/strong>\u00a0PACIFIC BAY Noir \u00e0 liserer chrome.<\/span><\/div>\n<div><span style=\"font-family: verdana,geneva,sans-serif; font-size: 12px;\"><strong>Vernis ligature :<\/strong>\u00a0RODDANCER<\/span><\/div>\n<div><span style=\"font-family: verdana,geneva,sans-serif; font-size: 12px;\"><strong>Poign\u00e9e :<\/strong>\u00a0DEVAUX Li\u00e8ge + rondelles vert et noir sur mesure.<\/span><\/div>\n<div><span style=\"font-family: verdana,geneva,sans-serif; font-size: 12px;\"><strong>Porte moulinet :<\/strong>\u00a0Squelette AMERICAN TACKLE avec insert texalium.<\/span><\/div>\n<div><span style=\"font-family: verdana,geneva,sans-serif; font-size: 12px;\"><strong>Accroche mouche :<\/strong>\u00a0FORECAST Std.<\/span><\/div>\n<div><span style=\"font-family: verdana,geneva,sans-serif; font-size: 12px;\"><strong>S\u00e9rigraphie :<\/strong>\u00a0Logo et \u00e9criture \u00a0\u00bb moucheur.fr \u00a0\u00bb + logo \u00a0\u00bb H.Charpenel \u00a0\u00bb + num\u00e9rotation \u00a0\u00bb moucheur.fr \u00a0\u00bb et \u00a0\u00bb H.Charpenel \u00a0\u00bb + Nom canne + nom propri\u00e9taire + drapeau fran\u00e7ais.<\/span><\/div>\n<div><span style=\"font-family: verdana,geneva,sans-serif; font-size: 12px;\"><strong>Rangement :<\/strong>\u00a0Housse velours noir + tube cordura kaki Lg.: 77 cm.<\/span><\/div>\n<div><\/div>\n<div><span style=\"font-family: verdana,geneva,sans-serif; font-size: 12px;\"><strong><em>Remarque :\u00a0<\/em><\/strong>Toutes mes cannes sont r\u00e9alis\u00e9es uniquement \u00e0 la main, aucune machine n\u2019intervient dans leur assemblage !\u00a0C\u2019est pour cela que vous pourrez constater quelques petites irr\u00e9gularit\u00e9s, propres au fait main \u2026\u00a0Par d\u00e9duction, elles ne seront pas toutes rigoureusement identiques.<\/span><\/div>\n<div><\/div>\n<div><\/div>\n<\/blockquote>\n<p style=\"text-align: center;\">\r\n<style>\r\n\r\n\t\/*Used to keep captions inside the visible area*\/\r\n\t#foogallery-gallery-7242 .foo-item {\r\n\t\tmax-height: 220px;\r\n\t}\r\n\r\n\t#foogallery-gallery-7242.border-style-inset a::after {\r\n\t\tbox-shadow: inset 0 0 20px #000;\r\n\t\t-moz-box-shadow: inset 0 0 20px #000;\r\n\t\t-webkit-box-shadow: inset 0 0 calc(220)px\/4 rgba(0,0,0,0.8);\r\n\t}\r\n<\/style>\r\n\r\n<div id=\"foogallery-gallery-7242\" class=\"foogallery foogallery-container foogallery-owl-carousel foogallery-lightbox-foobox-free owl-carousel hover-effect-zoom border-style-square-white hasborder\">\r\n\r\n\t\t\t\t<div class=\"foo-item\" >\r\n\t\t\t<a href=\"http:\/\/www.moucheur.fr\/palm\/wp-content\/uploads\/2016\/11\/14707883_1785728605033792_2960157123966563828_o.jpg\" data-attachment-id=\"6801\" data-type=\"image\" class=\"fg-thumb\"><img fetchpriority=\"high\" decoding=\"async\" src=\"http:\/\/www.moucheur.fr\/palm\/wp-content\/uploads\/cache\/2016\/11\/14707883_1785728605033792_2960157123966563828_o\/2554871749.jpg\" width=\"250\" height=\"200\" class=\"skip-lazy fg-image\" data-no-lazy=\"1\" loading=\"eager\"><\/a>\r\n\t\t\t\r\n\t\t\t<\/div>\r\n\r\n\t\t\t\t<div class=\"foo-item\" >\r\n\t\t\t<a href=\"http:\/\/www.moucheur.fr\/palm\/wp-content\/uploads\/2016\/11\/13662092_1738997743040212_6424525326674772601_o.jpg\" data-attachment-id=\"6800\" data-type=\"image\" class=\"fg-thumb\"><img decoding=\"async\" src=\"http:\/\/www.moucheur.fr\/palm\/wp-content\/uploads\/cache\/2016\/11\/13662092_1738997743040212_6424525326674772601_o\/2636034453.jpg\" width=\"250\" height=\"200\" class=\"skip-lazy fg-image\" data-no-lazy=\"1\" loading=\"eager\"><\/a>\r\n\t\t\t\r\n\t\t\t<\/div>\r\n\r\n\t\t\t\t<div class=\"foo-item\" >\r\n\t\t\t<a href=\"http:\/\/www.moucheur.fr\/palm\/wp-content\/uploads\/2016\/11\/13653324_1738997729706880_4602159157730093305_o.jpg\" data-attachment-id=\"6799\" data-type=\"image\" class=\"fg-thumb\"><img decoding=\"async\" src=\"http:\/\/www.moucheur.fr\/palm\/wp-content\/uploads\/cache\/2016\/11\/13653324_1738997729706880_4602159157730093305_o\/1692853545.jpg\" width=\"250\" height=\"200\" class=\"skip-lazy fg-image\" data-no-lazy=\"1\" loading=\"eager\"><\/a>\r\n\t\t\t\r\n\t\t\t<\/div>\r\n\r\n\t\t\t\t<div class=\"foo-item\" >\r\n\t\t\t<a href=\"http:\/\/www.moucheur.fr\/palm\/wp-content\/uploads\/2016\/11\/13641093_1738997759706877_4623065934762621495_o.jpg\" data-attachment-id=\"6798\" data-type=\"image\" class=\"fg-thumb\"><img decoding=\"async\" src=\"http:\/\/www.moucheur.fr\/palm\/wp-content\/uploads\/cache\/2016\/11\/13641093_1738997759706877_4623065934762621495_o\/3524793310.jpg\" width=\"250\" height=\"200\" class=\"skip-lazy fg-image\" data-no-lazy=\"1\" loading=\"eager\"><\/a>\r\n\t\t\t\r\n\t\t\t<\/div>\r\n\r\n\t\t\t\t<div class=\"foo-item\" >\r\n\t\t\t<a href=\"http:\/\/www.moucheur.fr\/palm\/wp-content\/uploads\/2016\/11\/13640945_1738997563040230_7018586790489288951_o.jpg\" data-attachment-id=\"6797\" data-type=\"image\" class=\"fg-thumb\"><img decoding=\"async\" src=\"http:\/\/www.moucheur.fr\/palm\/wp-content\/uploads\/cache\/2016\/11\/13640945_1738997563040230_7018586790489288951_o\/548425172.jpg\" width=\"250\" height=\"200\" class=\"skip-lazy fg-image\" data-no-lazy=\"1\" loading=\"eager\"><\/a>\r\n\t\t\t\r\n\t\t\t<\/div>\r\n\r\n\t\t\t\t<div class=\"foo-item\" >\r\n\t\t\t<a href=\"http:\/\/www.moucheur.fr\/palm\/wp-content\/uploads\/2016\/11\/13613310_1738997789706874_3663060327139395537_o.jpg\" data-attachment-id=\"6796\" data-type=\"image\" class=\"fg-thumb\"><img decoding=\"async\" src=\"http:\/\/www.moucheur.fr\/palm\/wp-content\/uploads\/cache\/2016\/11\/13613310_1738997789706874_3663060327139395537_o\/1877508349.jpg\" width=\"250\" height=\"200\" class=\"skip-lazy fg-image\" data-no-lazy=\"1\" loading=\"eager\"><\/a>\r\n\t\t\t\r\n\t\t\t<\/div>\r\n\r\n\t\t\t\t<div class=\"foo-item\" >\r\n\t\t\t<a href=\"http:\/\/www.moucheur.fr\/palm\/wp-content\/uploads\/2016\/11\/13603708_1738997606373559_4318497266652880452_o.jpg\" data-attachment-id=\"6795\" data-type=\"image\" class=\"fg-thumb\"><img decoding=\"async\" src=\"http:\/\/www.moucheur.fr\/palm\/wp-content\/uploads\/cache\/2016\/11\/13603708_1738997606373559_4318497266652880452_o\/3627516943.jpg\" width=\"250\" height=\"200\" class=\"skip-lazy fg-image\" data-no-lazy=\"1\" loading=\"eager\"><\/a>\r\n\t\t\t\r\n\t\t\t<\/div>\r\n\r\n\t\t\t\t<div class=\"foo-item\" >\r\n\t\t\t<a href=\"http:\/\/www.moucheur.fr\/palm\/wp-content\/uploads\/2016\/11\/13585179_1738997566373563_7180819778134157489_o.jpg\" data-attachment-id=\"6794\" data-type=\"image\" class=\"fg-thumb\"><img decoding=\"async\" src=\"http:\/\/www.moucheur.fr\/palm\/wp-content\/uploads\/cache\/2016\/11\/13585179_1738997566373563_7180819778134157489_o\/1166730806.jpg\" width=\"250\" height=\"200\" class=\"skip-lazy fg-image\" data-no-lazy=\"1\" loading=\"eager\"><\/a>\r\n\t\t\t\r\n\t\t\t<\/div>\r\n\r\n\t\t\t\t<div class=\"foo-item\" >\r\n\t\t\t<a href=\"http:\/\/www.moucheur.fr\/palm\/wp-content\/uploads\/2016\/11\/canne-cot\u00e9-haut.jpg\" data-attachment-id=\"6803\" data-type=\"image\" class=\"fg-thumb\"><img decoding=\"async\" src=\"http:\/\/www.moucheur.fr\/palm\/wp-content\/uploads\/2016\/11\/canne-cot\u00e9-haut.jpg\" width=\"250\" height=\"200\" class=\"skip-lazy fg-image\" data-no-lazy=\"1\" loading=\"eager\"><\/a>\r\n\t\t\t\r\n\t\t\t<\/div>\r\n\r\n\t\t\t\t<div class=\"foo-item\" >\r\n\t\t\t<a href=\"http:\/\/www.moucheur.fr\/palm\/wp-content\/uploads\/2016\/11\/canne-cot\u00e9-bas.jpg\" data-attachment-id=\"6802\" data-type=\"image\" class=\"fg-thumb\"><img decoding=\"async\" src=\"http:\/\/www.moucheur.fr\/palm\/wp-content\/uploads\/2016\/11\/canne-cot\u00e9-bas.jpg\" width=\"250\" height=\"200\" class=\"skip-lazy fg-image\" data-no-lazy=\"1\" loading=\"eager\"><\/a>\r\n\t\t\t\r\n\t\t\t<\/div>\r\n\r\n\t<\/div>\r\n\r\n<script>\r\n\/* The Owl Initialization Script\r\n\/* The first lines conditionally show the slide animation *\/\r\njQuery(window).on(\"load\", function(){\r\n\tvar $galleryContainer = jQuery( '#foogallery-gallery-7242' );\r\n\tvar $containerID = '#foogallery-gallery-7242';\r\n\r\n\tjQuery(document).on('keydown', function( event ) { \/\/attach event listener\r\n\t\tif (event.keyCode == 37) {\r\n\t\t\t$galleryContainer.trigger('prev.owl')\r\n\t\t}\r\n\t\tif (event.keyCode == 39) {\r\n\t\t\t$galleryContainer.trigger('next.owl')\r\n\t\t}\r\n\t});\r\n\r\n\t\r\n\t$galleryContainer.owlCarousel({\r\n\t\titems: 3,\r\n\t\tnav: true,\r\n\t\tmargin: 10,\r\n\t\tloop:true,\r\n\t\tautoplay: true,\r\n\t\tautoplaySpeed: 3000,\r\n\t\tsmartSpeed:250,\r\n\t\tnavSpeed: 1250,\r\n\t\tnavText: ['prev', 'next'],\r\n\t\tautoplayHoverPause: true,\r\n\t\tlazyLoad: 1,\r\n\t\tautoWidth: 0,\r\n\t\t\t});\r\n});\r\n<\/script><\/p>\n<p style=\"text-align: center;\"><span style=\"font-family: verdana,geneva,sans-serif; font-size: 12px;\"><script async src=\"\/\/pagead2.googlesyndication.com\/pagead\/js\/adsbygoogle.js\"><\/script>\r\n<!-- moucheurgoogle2015 -->\r\n<ins class=\"adsbygoogle\"\r\n     style=\"display:inline-block;width:728px;height:90px\"\r\n     data-ad-client=\"ca-pub-3761698486073990\"\r\n     data-ad-slot=\"8176639945\"><\/ins>\r\n<script>\r\n(adsbygoogle = window.adsbygoogle || []).push({});\r\n<\/script><\/span><\/p>\n","protected":false},"excerpt":{"rendered":"<p>Nous sommes tr\u00e8s heureux et fi\u00e8re de vous pr\u00e9senter la premi\u00e8re s\u00e9rie de canne \u00e0 mouche moucheur.fr, son nom \u00ab\u00a0\u00c9closion\u00a0\u00bb&hellip;<\/p>\n","protected":false},"author":1,"featured_media":6796,"parent":0,"menu_order":0,"comment_status":"open","ping_status":"closed","template":"","meta":{"footnotes":""},"categories":[],"tags":[],"class_list":["post-8424","page","type-page","status-publish","has-post-thumbnail","hentry"],"_links":{"self":[{"href":"https:\/\/www.moucheur.fr\/palm\/wp-json\/wp\/v2\/pages\/8424","targetHints":{"allow":["GET"]}}],"collection":[{"href":"https:\/\/www.moucheur.fr\/palm\/wp-json\/wp\/v2\/pages"}],"about":[{"href":"https:\/\/www.moucheur.fr\/palm\/wp-json\/wp\/v2\/types\/page"}],"author":[{"embeddable":true,"href":"https:\/\/www.moucheur.fr\/palm\/wp-json\/wp\/v2\/users\/1"}],"replies":[{"embeddable":true,"href":"https:\/\/www.moucheur.fr\/palm\/wp-json\/wp\/v2\/comments?post=8424"}],"version-history":[{"count":0,"href":"https:\/\/www.moucheur.fr\/palm\/wp-json\/wp\/v2\/pages\/8424\/revisions"}],"wp:featuredmedia":[{"embeddable":true,"href":"https:\/\/www.moucheur.fr\/palm\/wp-json\/wp\/v2\/media\/6796"}],"wp:attachment":[{"href":"https:\/\/www.moucheur.fr\/palm\/wp-json\/wp\/v2\/media?parent=8424"}],"wp:term":[{"taxonomy":"category","embeddable":true,"href":"https:\/\/www.moucheur.fr\/palm\/wp-json\/wp\/v2\/categories?post=8424"},{"taxonomy":"post_tag","embeddable":true,"href":"https:\/\/www.moucheur.fr\/palm\/wp-json\/wp\/v2\/tags?post=8424"}],"curies":[{"name":"wp","href":"https:\/\/api.w.org\/{rel}","templated":true}]}}