{"id":8978,"date":"2019-08-02T14:01:12","date_gmt":"2019-08-02T12:01:12","guid":{"rendered":"https:\/\/www.moucheur.fr\/palm\/?page_id=8978"},"modified":"2021-12-10T10:14:42","modified_gmt":"2021-12-10T09:14:42","slug":"la-black-par-herve-charpenel","status":"publish","type":"page","link":"https:\/\/www.moucheur.fr\/palm\/info-du-site\/categories\/articles-technique-sur-le-materiels\/la-black-par-herve-charpenel\/","title":{"rendered":"La Black par Herve Charpenel"},"content":{"rendered":"<p>&nbsp;<\/p>\n<p>&nbsp;<\/p>\n<p style=\"text-align: justify;\"><span style=\"font-family: verdana,geneva,sans-serif; font-size: 12px;\"><strong><span style=\"font-size: 20px;\">LA BLACK<\/span><\/strong><\/span><\/p>\n<p style=\"text-align: justify;\"><span style=\"font-family: verdana,geneva,sans-serif; font-size: 12px;\"><img decoding=\"async\" class=\"size-medium wp-image-8963 alignright\" src=\"https:\/\/www.moucheur.fr\/palm\/wp-content\/uploads\/2019\/08\/canne-black02-300x225.jpg\" alt=\"\" width=\"300\" height=\"225\" \/><\/span><\/p>\n<p style=\"text-align: justify;\"><span style=\"font-family: verdana,geneva,sans-serif; font-size: 14px;\">Cette canne &#8220;la Black&#8221; de Herv\u00e9 Charpenel est le premier prototype et <\/span><span style=\"font-family: verdana,geneva,sans-serif; font-size: 14px;\">test de la version de la &#8220;black \u00e9dition sp\u00e9cial nymph en 10ft#2\/3 &#8211; 4 brins en full carbone&#8221;. En effet, elle est la premi\u00e8re canne mont\u00e9e tout carbone du cr\u00e9ateur. Mont\u00e9e avec des blank de la soci\u00e9t\u00e9 MARRYAT et plus pr\u00e9cis\u00e9ment de la s\u00e9rie Tactical pro sp\u00e9cial nymph EN 10&#8217;6 #3. Nous avons test\u00e9 cette petite merveille pour faire la comparaison avec une canne de s\u00e9rie de chez MARRYAT. Nous avons constater une l\u00e9g\u00e8re diff\u00e9rence sur la puissance et une plus importante sur la pr\u00e9cision des lanc\u00e9s, nous ne sommes pas arriv\u00e9s a d\u00e9termin\u00e9s la raison de cette surprenante diff\u00e9rence.<\/span><\/p>\n<p>&nbsp;<\/p>\n<p><strong><span style=\"font-family: verdana,geneva,sans-serif; font-size: 14px;\"><img decoding=\"async\" class=\" wp-image-8967 alignleft\" src=\"https:\/\/www.moucheur.fr\/palm\/wp-content\/uploads\/2019\/08\/canne-black06-300x225.jpg\" alt=\"\" width=\"350\" height=\"263\" srcset=\"https:\/\/www.moucheur.fr\/palm\/wp-content\/uploads\/2019\/08\/canne-black06-300x225.jpg 300w, https:\/\/www.moucheur.fr\/palm\/wp-content\/uploads\/2019\/08\/canne-black06-1024x768.jpg 1024w, https:\/\/www.moucheur.fr\/palm\/wp-content\/uploads\/2019\/08\/canne-black06-50x38.jpg 50w, https:\/\/www.moucheur.fr\/palm\/wp-content\/uploads\/2019\/08\/canne-black06.jpg 1650w\" sizes=\"(max-width: 350px) 100vw, 350px\" \/><\/span><\/strong><\/p>\n<p style=\"text-align: justify;\"><strong><span style=\"font-family: verdana,geneva,sans-serif; font-size: 14px;\">Prise en main<\/span><\/strong><\/p>\n<p style=\"text-align: justify;\"><span style=\"font-family: verdana,geneva,sans-serif; font-size: 14px;\">La poign\u00e9e carbone est tr\u00e8s ergonomique car il la fabrique lui m\u00eame, il vous fera choisir la poign\u00e9e la mieux adapt\u00e9 a votre main par rapport a la canne et votre mode de p\u00eache. Elle augmente la sensation de contact avec votre nymphe. Avec <span class=\"text_exposed_show\">son carbone d\u00e9poli, pour un meilleur grip, cette poign\u00e9e devrait faire changer certain avis r\u00e9ticent de moucheur sur ce type de mod\u00e8le.<\/span> <\/span><\/p>\n<p style=\"text-align: justify;\"><strong><span style=\"font-family: verdana,geneva,sans-serif; font-size: 14px;\">Qualit\u00e9 du blank<\/span><\/strong><\/p>\n<p style=\"text-align: justify;\"><span style=\"font-family: verdana,geneva,sans-serif; font-size: 14px;\">La qualit\u00e9 du blank <\/span><span style=\"font-family: verdana,geneva,sans-serif; font-size: 14px;\">MARRYAT est bien \u00e9videment irr\u00e9prochable et a fait c&#8217;est preuve depuis maintenant plusieurs ann\u00e9es aillant m\u00eame \u00e9quip\u00e9 l&#8217;\u00e9quipe de France de p\u00eache \u00e0 la mouche. Elle a une action semi parabolique forte et en pointe assez rigide, tr\u00e8s directive elle vous permet de faire des pos\u00e9es tr\u00e8s pr\u00e9cis.<\/span><\/p>\n<p>&nbsp;<\/p>\n<p style=\"text-align: justify;\"><strong><span style=\"font-family: verdana,geneva,sans-serif; font-size: 14px;\">Performance<\/span><\/strong><strong><span style=\"font-family: verdana,geneva,sans-serif; font-size: 14px;\"><img decoding=\"async\" class=\" wp-image-8966 alignright\" src=\"https:\/\/www.moucheur.fr\/palm\/wp-content\/uploads\/2019\/08\/canne-black05-300x225.jpg\" alt=\"\" width=\"351\" height=\"263\" srcset=\"https:\/\/www.moucheur.fr\/palm\/wp-content\/uploads\/2019\/08\/canne-black05-300x225.jpg 300w, https:\/\/www.moucheur.fr\/palm\/wp-content\/uploads\/2019\/08\/canne-black05-1024x768.jpg 1024w, https:\/\/www.moucheur.fr\/palm\/wp-content\/uploads\/2019\/08\/canne-black05-50x38.jpg 50w, https:\/\/www.moucheur.fr\/palm\/wp-content\/uploads\/2019\/08\/canne-black05.jpg 1836w\" sizes=\"(max-width: 351px) 100vw, 351px\" \/><\/span><\/strong><\/p>\n<p style=\"text-align: justify;\"><span style=\"font-family: verdana,geneva,sans-serif; font-size: 14px;\">Elle a un rendement incroyable en nymphe, je pr\u00e9conise une soie naturel N\u00b01, pour la s\u00e8che une WF3 ou une TT2. <\/span><span style=\"font-family: verdana,geneva,sans-serif; font-size: 14px;\">Avec une grande r\u00e9serve de <\/span><span style=\"font-family: verdana,geneva,sans-serif; font-size: 14px;\">puissance elle va r\u00e9ellement vous surprendre.<\/span><\/p>\n<p>&nbsp;<\/p>\n<p style=\"text-align: justify;\"><strong><span style=\"font-family: verdana,geneva,sans-serif; font-size: 14px;\">Esth\u00e9tique &amp; Finition<\/span><\/strong><\/p>\n<p style=\"text-align: justify;\"><span style=\"font-family: verdana,geneva,sans-serif; font-size: 14px;\">Quand vous mariez la qualit\u00e9 et l&#8217;exp\u00e9rience de deux grand nom de mat\u00e9riel pour la mouche, forcement le r\u00e9sultat est exceptionnel. Les ligatures r\u00e9alis\u00e9es a la main son parfaite, trois couches de vernis, le blank laiss\u00e9 en mat pour plus de contraste &#8230; un vrai r\u00e9gale pour les yeux.<br \/>\n<\/span><\/p>\n<p>&nbsp;<\/p>\n<p style=\"text-align: justify;\"><strong><span style=\"font-family: verdana,geneva,sans-serif; font-size: 14px;\">Le prix<\/span><\/strong><span style=\"font-family: verdana,geneva,sans-serif; font-size: 14px;\"><img decoding=\"async\" class=\" wp-image-9005 alignleft\" src=\"https:\/\/www.moucheur.fr\/palm\/wp-content\/uploads\/2019\/09\/20190828_121012-300x169.jpg\" alt=\"\" width=\"350\" height=\"197\" srcset=\"https:\/\/www.moucheur.fr\/palm\/wp-content\/uploads\/2019\/09\/20190828_121012-300x169.jpg 300w, https:\/\/www.moucheur.fr\/palm\/wp-content\/uploads\/2019\/09\/20190828_121012-1024x576.jpg 1024w, https:\/\/www.moucheur.fr\/palm\/wp-content\/uploads\/2019\/09\/20190828_121012-71x40.jpg 71w\" sizes=\"(max-width: 350px) 100vw, 350px\" \/><\/span><\/p>\n<p style=\"text-align: justify;\"><span style=\"font-family: verdana,geneva,sans-serif; font-size: 14px;\">Il pourra vari\u00e9 entre 400, 700 et jusqu&#8217;\u00e0 900\u20ac suivant les modifications que vous souhaitez y apporter.<\/span><\/p>\n<p style=\"text-align: justify;\"><span style=\"font-family: verdana,geneva,sans-serif; font-size: 14px;\">Notre note :<\/span><\/p>\n<p style=\"text-align: justify;\"><span style=\"font-family: verdana,geneva,sans-serif; font-size: 12px;\"><span style=\"font-size: 14px;\">Un <strong>4,8\/5<\/strong> pour cette canne d&#8217;exception<\/span><br \/>\n<\/span><\/p>\n<p>&nbsp;<\/p>\n<p>&nbsp;<\/p>\n<p>&nbsp;<\/p>\n<p>&nbsp;<\/p>\n<hr \/>\n\r\n<style>\r\n\r\n\t\/*Used to keep captions inside the visible area*\/\r\n\t#foogallery-gallery-8977 .foo-item {\r\n\t\tmax-height: 220px;\r\n\t}\r\n\r\n\t#foogallery-gallery-8977.border-style-inset a::after {\r\n\t\tbox-shadow: inset 0 0 20px #000;\r\n\t\t-moz-box-shadow: inset 0 0 20px #000;\r\n\t\t-webkit-box-shadow: inset 0 0 calc(220)px\/4 rgba(0,0,0,0.8);\r\n\t}\r\n<\/style>\r\n\r\n<div id=\"foogallery-gallery-8977\" class=\"foogallery foogallery-container foogallery-owl-carousel foogallery-lightbox-foobox owl-carousel hover-effect-zoom border-style-square-white hasborder\">\r\n\r\n\t\t\t\t<div class=\"foo-item\" >\r\n\t\t\t<a href=\"https:\/\/www.moucheur.fr\/palm\/wp-content\/uploads\/2019\/08\/canne-black01.jpg\" data-attachment-id=\"8961\" data-type=\"image\" class=\"fg-thumb\"><img fetchpriority=\"high\" decoding=\"async\" src=\"https:\/\/www.moucheur.fr\/palm\/wp-content\/uploads\/cache\/2019\/08\/canne-black01\/1670416785.jpg\" width=\"300\" height=\"200\" class=\"skip-lazy fg-image\" data-no-lazy=\"1\" loading=\"eager\"><\/a>\r\n\t\t\t<\/div>\r\n\r\n\t\t\t\t<div class=\"foo-item\" >\r\n\t\t\t<a href=\"https:\/\/www.moucheur.fr\/palm\/wp-content\/uploads\/2019\/08\/canne-black02-e1635338470824.jpg\" data-attachment-id=\"8963\" data-type=\"image\" class=\"fg-thumb\"><img decoding=\"async\" src=\"https:\/\/www.moucheur.fr\/palm\/wp-content\/uploads\/cache\/2019\/08\/canne-black02-e1635338470824\/745810776.jpg\" width=\"300\" height=\"200\" srcset=\"https:\/\/www.moucheur.fr\/palm\/wp-content\/uploads\/cache\/2019\/08\/canne-black02-e1635338470824\/2906843454.jpg 4x\" class=\"skip-lazy fg-image\" data-no-lazy=\"1\" loading=\"eager\"><\/a>\r\n\t\t\t<\/div>\r\n\r\n\t\t\t\t<div class=\"foo-item\" >\r\n\t\t\t<a href=\"https:\/\/www.moucheur.fr\/palm\/wp-content\/uploads\/2019\/08\/canne-black04.jpg\" data-attachment-id=\"8965\" data-type=\"image\" class=\"fg-thumb\"><img decoding=\"async\" src=\"https:\/\/www.moucheur.fr\/palm\/wp-content\/uploads\/cache\/2019\/08\/canne-black04\/2796178296.jpg\" width=\"300\" height=\"200\" srcset=\"https:\/\/www.moucheur.fr\/palm\/wp-content\/uploads\/cache\/2019\/08\/canne-black04\/228603685.jpg 4x\" class=\"skip-lazy fg-image\" data-no-lazy=\"1\" loading=\"eager\"><\/a>\r\n\t\t\t<\/div>\r\n\r\n\t\t\t\t<div class=\"foo-item\" >\r\n\t\t\t<a href=\"https:\/\/www.moucheur.fr\/palm\/wp-content\/uploads\/2019\/08\/canne-black08.jpg\" data-attachment-id=\"8969\" data-type=\"image\" class=\"fg-thumb\"><img decoding=\"async\" src=\"https:\/\/www.moucheur.fr\/palm\/wp-content\/uploads\/cache\/2019\/08\/canne-black08\/3155889633.jpg\" width=\"300\" height=\"200\" srcset=\"https:\/\/www.moucheur.fr\/palm\/wp-content\/uploads\/cache\/2019\/08\/canne-black08\/387019196.jpg 4x\" class=\"skip-lazy fg-image\" data-no-lazy=\"1\" loading=\"eager\"><\/a>\r\n\t\t\t<\/div>\r\n\r\n\t\t\t\t<div class=\"foo-item\" >\r\n\t\t\t<a href=\"https:\/\/www.moucheur.fr\/palm\/wp-content\/uploads\/2019\/08\/canne-black07.jpg\" data-attachment-id=\"8968\" data-type=\"image\" class=\"fg-thumb\"><img decoding=\"async\" src=\"https:\/\/www.moucheur.fr\/palm\/wp-content\/uploads\/cache\/2019\/08\/canne-black07\/814870014.jpg\" width=\"300\" height=\"200\" srcset=\"https:\/\/www.moucheur.fr\/palm\/wp-content\/uploads\/cache\/2019\/08\/canne-black07\/2610663843.jpg 4x\" class=\"skip-lazy fg-image\" data-no-lazy=\"1\" loading=\"eager\"><\/a>\r\n\t\t\t<\/div>\r\n\r\n\t\t\t\t<div class=\"foo-item\" >\r\n\t\t\t<a href=\"https:\/\/www.moucheur.fr\/palm\/wp-content\/uploads\/2019\/08\/canne-black11.jpg\" data-attachment-id=\"8972\" data-type=\"image\" class=\"fg-thumb\"><img decoding=\"async\" src=\"https:\/\/www.moucheur.fr\/palm\/wp-content\/uploads\/cache\/2019\/08\/canne-black11\/3626615491.jpg\" width=\"300\" height=\"200\" srcset=\"https:\/\/www.moucheur.fr\/palm\/wp-content\/uploads\/cache\/2019\/08\/canne-black11\/1931722398.jpg 4x\" class=\"skip-lazy fg-image\" data-no-lazy=\"1\" loading=\"eager\"><\/a>\r\n\t\t\t<\/div>\r\n\r\n\t\t\t\t<div class=\"foo-item\" >\r\n\t\t\t<a href=\"https:\/\/www.moucheur.fr\/palm\/wp-content\/uploads\/2019\/08\/canne-black10.jpg\" data-attachment-id=\"8971\" data-type=\"image\" class=\"fg-thumb\"><img decoding=\"async\" src=\"https:\/\/www.moucheur.fr\/palm\/wp-content\/uploads\/cache\/2019\/08\/canne-black10\/3934049672.jpg\" width=\"300\" height=\"200\" srcset=\"https:\/\/www.moucheur.fr\/palm\/wp-content\/uploads\/cache\/2019\/08\/canne-black10\/1098295765.jpg 4x\" class=\"skip-lazy fg-image\" data-no-lazy=\"1\" loading=\"eager\"><\/a>\r\n\t\t\t<\/div>\r\n\r\n\t\t\t\t<div class=\"foo-item\" >\r\n\t\t\t<a href=\"https:\/\/www.moucheur.fr\/palm\/wp-content\/uploads\/2019\/08\/canne-black09.jpg\" data-attachment-id=\"8970\" data-type=\"image\" class=\"fg-thumb\"><img decoding=\"async\" src=\"https:\/\/www.moucheur.fr\/palm\/wp-content\/uploads\/cache\/2019\/08\/canne-black09\/3085051987.jpg\" width=\"300\" height=\"200\" srcset=\"https:\/\/www.moucheur.fr\/palm\/wp-content\/uploads\/cache\/2019\/08\/canne-black09\/484987918.jpg 4x\" class=\"skip-lazy fg-image\" data-no-lazy=\"1\" loading=\"eager\"><\/a>\r\n\t\t\t<\/div>\r\n\r\n\t\t\t\t<div class=\"foo-item\" >\r\n\t\t\t<a href=\"https:\/\/www.moucheur.fr\/palm\/wp-content\/uploads\/2019\/08\/canne-black06.jpg\" data-attachment-id=\"8967\" data-type=\"image\" class=\"fg-thumb\"><img decoding=\"async\" src=\"https:\/\/www.moucheur.fr\/palm\/wp-content\/uploads\/cache\/2019\/08\/canne-black06\/1339730275.jpg\" width=\"300\" height=\"200\" srcset=\"https:\/\/www.moucheur.fr\/palm\/wp-content\/uploads\/cache\/2019\/08\/canne-black06\/3838891326.jpg 4x\" class=\"skip-lazy fg-image\" data-no-lazy=\"1\" loading=\"eager\"><\/a>\r\n\t\t\t<\/div>\r\n\r\n\t\t\t\t<div class=\"foo-item\" >\r\n\t\t\t<a href=\"https:\/\/www.moucheur.fr\/palm\/wp-content\/uploads\/2019\/08\/canne-black05.jpg\" data-attachment-id=\"8966\" data-type=\"image\" class=\"fg-thumb\"><img decoding=\"async\" src=\"https:\/\/www.moucheur.fr\/palm\/wp-content\/uploads\/cache\/2019\/08\/canne-black05\/2499763251.jpg\" width=\"300\" height=\"200\" srcset=\"https:\/\/www.moucheur.fr\/palm\/wp-content\/uploads\/cache\/2019\/08\/canne-black05\/1073029230.jpg 4x\" class=\"skip-lazy fg-image\" data-no-lazy=\"1\" loading=\"eager\"><\/a>\r\n\t\t\t<\/div>\r\n\r\n\t\t\t\t<div class=\"foo-item\" >\r\n\t\t\t<a href=\"https:\/\/www.moucheur.fr\/palm\/wp-content\/uploads\/2019\/08\/canne-black03.jpg\" data-attachment-id=\"8964\" data-type=\"image\" class=\"fg-thumb\"><img decoding=\"async\" src=\"https:\/\/www.moucheur.fr\/palm\/wp-content\/uploads\/cache\/2019\/08\/canne-black03\/4190482642.jpg\" width=\"300\" height=\"200\" srcset=\"https:\/\/www.moucheur.fr\/palm\/wp-content\/uploads\/cache\/2019\/08\/canne-black03\/1389350031.jpg 4x\" class=\"skip-lazy fg-image\" data-no-lazy=\"1\" loading=\"eager\"><\/a>\r\n\t\t\t<\/div>\r\n\r\n\t<\/div>\r\n\r\n<script>\r\n\/* The Owl Initialization Script\r\n\/* The first lines conditionally show the slide animation *\/\r\njQuery(window).on(\"load\", function(){\r\n\tvar $galleryContainer = jQuery( '#foogallery-gallery-8977' );\r\n\tvar $containerID = '#foogallery-gallery-8977';\r\n\r\n\tjQuery(document).on('keydown', function( event ) { \/\/attach event listener\r\n\t\tif (event.keyCode == 37) {\r\n\t\t\t$galleryContainer.trigger('prev.owl')\r\n\t\t}\r\n\t\tif (event.keyCode == 39) {\r\n\t\t\t$galleryContainer.trigger('next.owl')\r\n\t\t}\r\n\t});\r\n\r\n\t\r\n\t$galleryContainer.owlCarousel({\r\n\t\titems: 3,\r\n\t\tnav: true,\r\n\t\tmargin: 10,\r\n\t\tloop:true,\r\n\t\tautoplay: true,\r\n\t\tautoplaySpeed: 4000,\r\n\t\tsmartSpeed:250,\r\n\t\tnavSpeed: 1250,\r\n\t\tnavText: ['prev', 'next'],\r\n\t\tautoplayHoverPause: true,\r\n\t\tlazyLoad: 1,\r\n\t\tautoWidth: 1,\r\n\t\t\t});\r\n});\r\n<\/script>\n<p>&nbsp;<\/p>\n<p>&nbsp;<\/p>\n","protected":false},"excerpt":{"rendered":"<p>&nbsp; &nbsp; LA BLACK Cette canne &#8220;la Black&#8221; de Herv\u00e9 Charpenel est le premier prototype et test de la version&hellip;<\/p>\n","protected":false},"author":1,"featured_media":8963,"parent":1007,"menu_order":0,"comment_status":"open","ping_status":"open","template":"","meta":{"footnotes":""},"categories":[24,5],"tags":[],"class_list":["post-8978","page","type-page","status-publish","has-post-thumbnail","hentry","category-retrouvez-les-articles-du-site-moucheur-fr","category-les-techniques-et-test-sur-les-materiels"],"_links":{"self":[{"href":"https:\/\/www.moucheur.fr\/palm\/wp-json\/wp\/v2\/pages\/8978","targetHints":{"allow":["GET"]}}],"collection":[{"href":"https:\/\/www.moucheur.fr\/palm\/wp-json\/wp\/v2\/pages"}],"about":[{"href":"https:\/\/www.moucheur.fr\/palm\/wp-json\/wp\/v2\/types\/page"}],"author":[{"embeddable":true,"href":"https:\/\/www.moucheur.fr\/palm\/wp-json\/wp\/v2\/users\/1"}],"replies":[{"embeddable":true,"href":"https:\/\/www.moucheur.fr\/palm\/wp-json\/wp\/v2\/comments?post=8978"}],"version-history":[{"count":0,"href":"https:\/\/www.moucheur.fr\/palm\/wp-json\/wp\/v2\/pages\/8978\/revisions"}],"up":[{"embeddable":true,"href":"https:\/\/www.moucheur.fr\/palm\/wp-json\/wp\/v2\/pages\/1007"}],"wp:featuredmedia":[{"embeddable":true,"href":"https:\/\/www.moucheur.fr\/palm\/wp-json\/wp\/v2\/media\/8963"}],"wp:attachment":[{"href":"https:\/\/www.moucheur.fr\/palm\/wp-json\/wp\/v2\/media?parent=8978"}],"wp:term":[{"taxonomy":"category","embeddable":true,"href":"https:\/\/www.moucheur.fr\/palm\/wp-json\/wp\/v2\/categories?post=8978"},{"taxonomy":"post_tag","embeddable":true,"href":"https:\/\/www.moucheur.fr\/palm\/wp-json\/wp\/v2\/tags?post=8978"}],"curies":[{"name":"wp","href":"https:\/\/api.w.org\/{rel}","templated":true}]}}