{"id":9135,"date":"2019-12-16T14:45:14","date_gmt":"2019-12-16T13:45:14","guid":{"rendered":"https:\/\/www.moucheur.fr\/palm\/?page_id=9135"},"modified":"2019-12-16T14:45:14","modified_gmt":"2019-12-16T13:45:14","slug":"espagne","status":"publish","type":"page","link":"https:\/\/www.moucheur.fr\/palm\/espagne\/","title":{"rendered":"Espagne"},"content":{"rendered":"\r\n\t\t\t\r\n\r\n\t\t\t<div style=\"display:block; width:100%;\">\r\n\r\n\t\t\t\t\r\n\t\t\t\r\n\t\t\t\t<div id=\"wpgmaps_directions_notification_5\" style=\"display:none;\">R\u00e9cup\u00e9ration d'itin\u00e9raire......<\/div>\r\n\t\t\t\t<div id=\"wpgmaps_directions_reset_5\" style=\"display:none;\">\r\n\t\t\t\t\t<a href='javascript:void(0)' onclick='wpgmza_reset_directions(5);' id='wpgmaps_reset_directions' title='R\u00e9initialiser les itin\u00e9raires'>R\u00e9initialiser les itin\u00e9raires<\/a>\r\n\t\t\t\t\t<br \/>\r\n\t\t\t\t\t<a href='javascript: ;' id='wpgmaps_print_directions_5' target='_blank' title='Imprimer les itin\u00e9raires'>Imprimer les itin\u00e9raires<\/a>\r\n\t\t\t\t<\/div>\r\n\t\t\t\r\n\t\t\t\t<div id=\"directions_panel_5\"><\/div>\r\n\t\t\t\r\n\t\t\t<\/div>\r\n\r\n\t\t\t<div class='wpgmza-marker-listing-category-filter' data-map-id='5' id='wpgmza_filter_5' style='text-align:left; margin-bottom:0px;'><span>Filtrer par<\/span><select mid=\"5\" id=\"wpgmza_filter_select\" name=\"wpgmza_filter_select\"><option value=\"0\">Tous<\/option><\/select><\/div>\r\n\t\t\t\r\n\t\t\t\r\n\r\n\t\t\t\r\n            <a name='map5'><\/a>\r\n\r\n\t\t\t<div class=\"wpgmza_map \" id=\"wpgmza_map_5\" style=\"display:block; overflow:auto; width:100%; height:800px; margin-left:auto !important; margin-right:auto !important; align:center;\" data-settings='{\"id\":\"5\",\"map_title\":\"New Map\",\"map_width\":\"100\",\"map_height\":\"800\",\"map_start_lat\":\"40.721514\",\"map_start_lng\":\"-0.440918\",\"map_start_location\":\"40.72151351973582,-0.4409175690878546\",\"map_start_zoom\":\"7\",\"default_marker\":\"\",\"type\":\"1\",\"alignment\":\"2\",\"directions_enabled\":\"0\",\"styling_enabled\":\"0\",\"styling_json\":\"\",\"active\":\"0\",\"kml\":\"\",\"bicycle\":\"0\",\"traffic\":\"0\",\"dbox\":\"0\",\"dbox_width\":\"100\",\"listmarkers\":\"0\",\"listmarkers_advanced\":\"0\",\"filterbycat\":\"1\",\"ugm_enabled\":\"0\",\"fusion\":\"\",\"map_width_type\":\"\\\\%\",\"map_height_type\":\"px\",\"mass_marker_support\":\"0\",\"ugm_access\":\"0\",\"order_markers_by\":\"2\",\"order_markers_choice\":\"1\",\"show_user_location\":\"1\",\"ugm_category_enabled\":\"0\",\"default_to\":\"\",\"other_settings\":{\"store_locator_style\":\"legacy\",\"wpgmza_store_locator_radius_style\":\"legacy\",\"directions_box_style\":\"modern\",\"map_max_zoom\":\"3\",\"map_min_zoom\":\"21\",\"sl_stroke_color\":\"\",\"sl_stroke_opacity\":\"\",\"sl_fill_color\":\"\",\"sl_fill_opacity\":\"\",\"automatically_pan_to_users_location\":0,\"override_users_location_zoom_level\":0,\"click_open_link\":2,\"hide_point_of_interest\":2,\"wpgmza_auto_night\":0,\"transport_layer\":0,\"iw_primary_color\":\"2A3744\",\"iw_accent_color\":\"252F3A\",\"iw_text_color\":\"FFFFFF\",\"wpgmza_iw_type\":\"0\",\"list_markers_by\":\"0\",\"push_in_map\":\"\",\"push_in_map_placement\":\"9\",\"wpgmza_push_in_map_width\":\"\",\"wpgmza_push_in_map_height\":\"\",\"upload_default_ul_marker\":\"\",\"upload_default_sl_marker\":\"\",\"shortcodeAttributes\":{\"id\":\"5\"}}}' data-shortcode-attributes='{\"id\":\"5\"}' data-map-id='5' > <\/div>   \r\n\t\t\t\r\n\r\n\t\t\t\r\n\t\t\t\r\n\r\n        \n","protected":false},"excerpt":{"rendered":"","protected":false},"author":1,"featured_media":8357,"parent":0,"menu_order":0,"comment_status":"closed","ping_status":"closed","template":"","meta":{"footnotes":""},"categories":[],"tags":[],"class_list":["post-9135","page","type-page","status-publish","has-post-thumbnail","hentry"],"_links":{"self":[{"href":"https:\/\/www.moucheur.fr\/palm\/wp-json\/wp\/v2\/pages\/9135","targetHints":{"allow":["GET"]}}],"collection":[{"href":"https:\/\/www.moucheur.fr\/palm\/wp-json\/wp\/v2\/pages"}],"about":[{"href":"https:\/\/www.moucheur.fr\/palm\/wp-json\/wp\/v2\/types\/page"}],"author":[{"embeddable":true,"href":"https:\/\/www.moucheur.fr\/palm\/wp-json\/wp\/v2\/users\/1"}],"replies":[{"embeddable":true,"href":"https:\/\/www.moucheur.fr\/palm\/wp-json\/wp\/v2\/comments?post=9135"}],"version-history":[{"count":0,"href":"https:\/\/www.moucheur.fr\/palm\/wp-json\/wp\/v2\/pages\/9135\/revisions"}],"wp:featuredmedia":[{"embeddable":true,"href":"https:\/\/www.moucheur.fr\/palm\/wp-json\/wp\/v2\/media\/8357"}],"wp:attachment":[{"href":"https:\/\/www.moucheur.fr\/palm\/wp-json\/wp\/v2\/media?parent=9135"}],"wp:term":[{"taxonomy":"category","embeddable":true,"href":"https:\/\/www.moucheur.fr\/palm\/wp-json\/wp\/v2\/categories?post=9135"},{"taxonomy":"post_tag","embeddable":true,"href":"https:\/\/www.moucheur.fr\/palm\/wp-json\/wp\/v2\/tags?post=9135"}],"curies":[{"name":"wp","href":"https:\/\/api.w.org\/{rel}","templated":true}]}}