{"id":9983,"date":"2020-08-03T13:58:44","date_gmt":"2020-08-03T11:58:44","guid":{"rendered":"https:\/\/www.moucheur.fr\/palm\/?page_id=9983"},"modified":"2020-08-03T14:00:05","modified_gmt":"2020-08-03T12:00:05","slug":"trucs-et-astuces","status":"publish","type":"page","link":"https:\/\/www.moucheur.fr\/palm\/trucs-et-astuces\/","title":{"rendered":"Trucs et Astuces"},"content":{"rendered":"<div id=\"pl-9983\"  class=\"panel-layout\" ><div id=\"pg-9983-0\"  class=\"panel-grid panel-no-style\" ><div id=\"pgc-9983-0-0\"  class=\"panel-grid-cell\" ><div id=\"panel-9983-0-0-0\" class=\"so-panel widget widget_sow-editor panel-first-child panel-last-child\" data-index=\"0\" ><div\n\t\t\t\n\t\t\tclass=\"so-widget-sow-editor so-widget-sow-editor-base\"\n\t\t\t\n\t\t>\n<div class=\"siteorigin-widget-tinymce textwidget\">\n\t      <div id=\"post-grid-lazy-9981\" class=\"post-grid-lazy\"><img decoding=\"async\" alt=\"\" src=\"https:\/\/www.moucheur.fr\/palm\/wp-content\/uploads\/2021\/11\/ajax-loader-1.gif\" \/><\/div>\n    <script>\n      jQuery('#post-grid-lazy-9981').ready(function($) {\n        $('#post-grid-lazy-9981').fadeOut();\n        $('#post-grid-9981   ').fadeIn();\n      })\n    <\/script>\n    <style type=\"text\/css\">\n      #post-grid-9981 {\n        display: none;\n      }\n\n      .post-grid-lazy {\n        text-align: center;\n      }\n    <\/style>\n    <div data-options='{&quot;id&quot;:&quot;9981&quot;,&quot;lazy_load&quot;:&quot;yes&quot;,&quot;masonry_enable&quot;:&quot;no&quot;,&quot;view_type&quot;:&quot;grid&quot;}' id=\"post-grid-9981\" class=\"post-grid grid\">\n    \n\n\n    <div class=\"grid-items\">\n      <div class=\"item item-5805 skin flat even 0 \">\n        <div class=\"layer-wrapper layout-50265\">\n          <div class=\"layer-media element_1587187627902\"\r\n        id=\"\">\r\n        <div\r\n        class=\"element element_1587190790308  element-media \">\r\n        <a target=\"_self\" href=\"https:\/\/www.moucheur.fr\/palm\/proteger-vos-chaussures-de-wading\/\"><img decoding=\"async\" width=\"150\" height=\"150\" src=\"https:\/\/www.moucheur.fr\/palm\/wp-content\/uploads\/2016\/03\/image_article-150x150.jpg\" class=\"attachment-thumbnail size-thumbnail wp-post-image\" alt=\"\" \/><\/a>    <\/div>\r\n    <\/div>\r\n    <div class=\"layer-content element_1587187714568\"\r\n        id=\"\">\r\n        <div class=\"element element_1587187895341  title \">\r\n                    <a target=\"_blank\"\r\n                href=\"https:\/\/www.moucheur.fr\/palm\/proteger-vos-chaussures-de-wading\/\">Prot\u00e9ger vos chaussures de wading<\/a>\r\n            <\/div>\r\n    <div class=\"element element_1587187729822  excerpt \">\r\n        Comment \u00e9viter une usure pr\u00e9matur\u00e9e des coutures de vos chaussures de wading. Quand nous faisons l\u2019acquisition d\u2019un nouveau mat\u00e9riel nous                    <a target=\"_blank\"\r\n                href=\"https:\/\/www.moucheur.fr\/palm\/proteger-vos-chaussures-de-wading\/\">Lire la suite<\/a>\r\n            <\/div>\r\n    <\/div>\r\n    <\/div>\n  <\/div><div class=\"item item-4455 skin flat odd 1 \">\n        <div class=\"layer-wrapper layout-50265\">\n          <div class=\"layer-media element_1587187627902\"\r\n        id=\"\">\r\n        <div\r\n        class=\"element element_1587190790308  element-media \">\r\n        <a target=\"_self\" href=\"https:\/\/www.moucheur.fr\/palm\/mise-en-service-du-moulinet-ozone-jmc\/\"><img decoding=\"async\" width=\"150\" height=\"150\" src=\"https:\/\/www.moucheur.fr\/palm\/wp-content\/uploads\/2015\/07\/truc_ozone01-660x365-150x150.jpg\" class=\"attachment-thumbnail size-thumbnail wp-post-image\" alt=\"\" \/><\/a>    <\/div>\r\n    <\/div>\r\n    <div class=\"layer-content element_1587187714568\"\r\n        id=\"\">\r\n        <div class=\"element element_1587187895341  title \">\r\n                    <a target=\"_blank\"\r\n                href=\"https:\/\/www.moucheur.fr\/palm\/mise-en-service-du-moulinet-ozone-jmc\/\">Mise en service du moulinet Ozone JMC<\/a>\r\n            <\/div>\r\n    <div class=\"element element_1587187729822  excerpt \">\r\n        Premi\u00e8re utilisation de votre Ozone. Si comme moi vous avez la chance d'avoir entre les mains l'Ozone neuf et que                    <a target=\"_blank\"\r\n                href=\"https:\/\/www.moucheur.fr\/palm\/mise-en-service-du-moulinet-ozone-jmc\/\">Lire la suite<\/a>\r\n            <\/div>\r\n    <\/div>\r\n    <\/div>\n  <\/div><div class=\"item item-4349 skin flat even 2 \">\n        <div class=\"layer-wrapper layout-50265\">\n          <div class=\"layer-media element_1587187627902\"\r\n        id=\"\">\r\n        <div\r\n        class=\"element element_1587190790308  element-media \">\r\n        <a target=\"_self\" href=\"https:\/\/www.moucheur.fr\/palm\/faire-la-jonction-bdl-soie\/\"><img decoding=\"async\" width=\"150\" height=\"150\" src=\"https:\/\/www.moucheur.fr\/palm\/wp-content\/uploads\/2015\/02\/Sans-titre3-150x150.jpg\" class=\"attachment-thumbnail size-thumbnail wp-post-image\" alt=\"\" \/><\/a>    <\/div>\r\n    <\/div>\r\n    <div class=\"layer-content element_1587187714568\"\r\n        id=\"\">\r\n        <div class=\"element element_1587187895341  title \">\r\n                    <a target=\"_blank\"\r\n                href=\"https:\/\/www.moucheur.fr\/palm\/faire-la-jonction-bdl-soie\/\">Faire votre jonction bdl \/ soie<\/a>\r\n            <\/div>\r\n    <div class=\"element element_1587187729822  excerpt \">\r\n        Il existe beaucoup d'autre fa\u00e7ons de raccorder un\u00a0soie \u00e0\u00a0un\u00a0BDL, cet article s'adresse plut\u00f4t aux d\u00e9butants ou aux non initi\u00e9s pour                    <a target=\"_blank\"\r\n                href=\"https:\/\/www.moucheur.fr\/palm\/faire-la-jonction-bdl-soie\/\">Lire la suite<\/a>\r\n            <\/div>\r\n    <\/div>\r\n    <\/div>\n  <\/div>    <\/div>\n          <style type=\"text\/css\">\r\n            .layout-50265 .element_1587187627902 {\r\n                            }\r\n\r\n                    <\/style>\r\n        <style type=\"text\/css\">\r\n        .layout-50265 .element_1587190790308 {\r\n            overflow: hidden;\r\n                    }\r\n\r\n        .layout-50265 .element_1587190790308 img {\r\n            max-width: 100%;\r\n            height: auto;\r\n        }\r\n\r\n        @media only screen and (min-width: 1024px) {\r\n            .layout-50265 .element_1587190790308 {\r\n                height: auto;\r\n                            }\r\n        }\r\n\r\n        @media only screen and (min-width: 768px) and (max-width: 1023px) {\r\n            .layout-50265 .element_1587190790308 {\r\n                height: auto;\r\n                            }\r\n        }\r\n\r\n        @media only screen and (min-width: 0px) and (max-width: 767px) {\r\n            .layout-50265 .element_1587190790308 {\r\n                height: auto;\r\n                            }\r\n        }\r\n    <\/style>\r\n        <style type=\"text\/css\">\r\n            .layout-50265 .element_1587187714568 {\r\n                margin: 10px;\r\n                            }\r\n\r\n                    <\/style>\r\n        <style type=\"text\/css\">\r\n        .layout-50265 .element_1587187895341 {\r\n            font-size: 18px;\r\n            margin: 5px 0;\r\n            text-align: left;\r\n                    }\r\n\r\n        .layout-50265 .element_1587187895341 a {\r\n            font-size: 18px;\r\n            margin: 5px 0;\r\n            text-align: left;\r\n                    }\r\n    <\/style>\r\n    <style type=\"text\/css\">\r\n        .layout-50265 .element_1587187729822 {\r\n            font-size: 14px;\r\n            margin: 10px 0;\r\n            text-align: left;\r\n                    }\r\n\r\n        .layout-50265 .element_1587187729822 a {\r\n            font-size: 14px;\r\n                    }\r\n    <\/style>\r\n        <style type=\"text\/css\">\n      .layout-50265 a{text-decoration:none}.layout-50265 .layer-media{background:#fff none repeat scroll 0 0;border-radius:50%;overflow:hidden}    <\/style>\n    <script>\n          <\/script>\n    <style type=\"text\/css\">\n    #post-grid-9981 {\n      padding: 10px;\n      background-color: #474747;\n          }\n\n    #post-grid-9981 .item {\n      padding: 0px;\n      background: #2d2d2d;\n          }\n\n    #post-grid-9981 .item .layer-media {\n      height:auto;    }\n\n    @media only screen and (min-width: 0px) and (max-width: 767px) {\n      #post-grid-9981 .grid-items {\n        text-align: center;\n              }\n\n      #post-grid-9981 .item {\n        width: 90%;\n        margin: 10px;\n        display: inline-block;\n        vertical-align: top;\n        height:auto;      }\n    }\n\n    @media only screen and (min-width: 768px) and (max-width: 1023px) {\n      #post-grid-9981 .grid-items {\n        text-align: center;\n              }\n\n      #post-grid-9981 .item {\n        width: 180px;\n        margin: 10px;\n        display: inline-block;\n        vertical-align: top;\n        max-height:auto;      }\n    }\n\n    @media only screen and (min-width: 1024px) {\n      #post-grid-9981 .grid-items {\n        text-align: center;\n              }\n\n      #post-grid-9981 .item {\n        width: 230px;\n        display: inline-block;\n        margin: 10px;\n        vertical-align: top;\n        height:auto;      }\n    }\n\n      <\/style>\n  <\/div>\n\n<\/div>\n<\/div><\/div><\/div><\/div><div id=\"pg-9983-1\"  class=\"panel-grid panel-no-style\" ><div id=\"pgc-9983-1-0\"  class=\"panel-grid-cell\" ><div id=\"panel-9983-1-0-0\" class=\"so-panel widget widget_sow-editor panel-first-child panel-last-child\" data-index=\"1\" ><div\n\t\t\t\n\t\t\tclass=\"so-widget-sow-editor so-widget-sow-editor-base\"\n\t\t\t\n\t\t>\n<div class=\"siteorigin-widget-tinymce textwidget\">\n\t<script async src=\"\/\/pagead2.googlesyndication.com\/pagead\/js\/adsbygoogle.js\"><\/script>\r\n<!-- moucheurgoogle2015 -->\r\n<ins class=\"adsbygoogle\"\r\n     style=\"display:inline-block;width:728px;height:90px\"\r\n     data-ad-client=\"ca-pub-3761698486073990\"\r\n     data-ad-slot=\"8176639945\"><\/ins>\r\n<script>\r\n(adsbygoogle = window.adsbygoogle || []).push({});\r\n<\/script>\n<\/div>\n<\/div><\/div><\/div><\/div><\/div>","protected":false},"excerpt":{"rendered":"<p>Prot\u00e9ger vos chaussures de wading Comment \u00e9viter une usure pr\u00e9matur\u00e9e des coutures de vos chaussures de wading. Quand nous faisons&hellip;<\/p>\n","protected":false},"author":1,"featured_media":0,"parent":0,"menu_order":0,"comment_status":"closed","ping_status":"closed","template":"","meta":{"footnotes":""},"categories":[],"tags":[],"class_list":["post-9983","page","type-page","status-publish","hentry"],"_links":{"self":[{"href":"https:\/\/www.moucheur.fr\/palm\/wp-json\/wp\/v2\/pages\/9983","targetHints":{"allow":["GET"]}}],"collection":[{"href":"https:\/\/www.moucheur.fr\/palm\/wp-json\/wp\/v2\/pages"}],"about":[{"href":"https:\/\/www.moucheur.fr\/palm\/wp-json\/wp\/v2\/types\/page"}],"author":[{"embeddable":true,"href":"https:\/\/www.moucheur.fr\/palm\/wp-json\/wp\/v2\/users\/1"}],"replies":[{"embeddable":true,"href":"https:\/\/www.moucheur.fr\/palm\/wp-json\/wp\/v2\/comments?post=9983"}],"version-history":[{"count":0,"href":"https:\/\/www.moucheur.fr\/palm\/wp-json\/wp\/v2\/pages\/9983\/revisions"}],"wp:attachment":[{"href":"https:\/\/www.moucheur.fr\/palm\/wp-json\/wp\/v2\/media?parent=9983"}],"wp:term":[{"taxonomy":"category","embeddable":true,"href":"https:\/\/www.moucheur.fr\/palm\/wp-json\/wp\/v2\/categories?post=9983"},{"taxonomy":"post_tag","embeddable":true,"href":"https:\/\/www.moucheur.fr\/palm\/wp-json\/wp\/v2\/tags?post=9983"}],"curies":[{"name":"wp","href":"https:\/\/api.w.org\/{rel}","templated":true}]}}