{"id":9989,"date":"2020-08-03T14:05:29","date_gmt":"2020-08-03T12:05:29","guid":{"rendered":"https:\/\/www.moucheur.fr\/palm\/?page_id=9989"},"modified":"2020-08-03T14:05:29","modified_gmt":"2020-08-03T12:05:29","slug":"parcours-prives","status":"publish","type":"page","link":"https:\/\/www.moucheur.fr\/palm\/parcours-prives\/","title":{"rendered":"Parcours priv\u00e9s"},"content":{"rendered":"<div id=\"pl-9989\"  class=\"panel-layout\" ><div id=\"pg-9989-0\"  class=\"panel-grid panel-no-style\" ><div id=\"pgc-9989-0-0\"  class=\"panel-grid-cell\" ><div id=\"panel-9989-0-0-0\" class=\"so-panel widget widget_sow-editor panel-first-child panel-last-child\" data-index=\"0\" ><div\n\t\t\t\n\t\t\tclass=\"so-widget-sow-editor so-widget-sow-editor-base\"\n\t\t\t\n\t\t>\n<div class=\"siteorigin-widget-tinymce textwidget\">\n\t      <div id=\"post-grid-lazy-9990\" class=\"post-grid-lazy\"><img decoding=\"async\" alt=\"\" src=\"https:\/\/www.moucheur.fr\/palm\/wp-content\/uploads\/2021\/11\/ajax-loader-1.gif\" \/><\/div>\n    <script>\n      jQuery('#post-grid-lazy-9990').ready(function($) {\n        $('#post-grid-lazy-9990').fadeOut();\n        $('#post-grid-9990   ').fadeIn();\n      })\n    <\/script>\n    <style type=\"text\/css\">\n      #post-grid-9990 {\n        display: none;\n      }\n\n      .post-grid-lazy {\n        text-align: center;\n      }\n    <\/style>\n    <div data-options='{&quot;id&quot;:&quot;9990&quot;,&quot;lazy_load&quot;:&quot;yes&quot;,&quot;masonry_enable&quot;:&quot;no&quot;,&quot;view_type&quot;:&quot;grid&quot;}' id=\"post-grid-9990\" class=\"post-grid grid\">\n    \n\n\n    <div class=\"grid-items\">\n      <div class=\"item item-50412 skin flat even 0 \">\n        <div class=\"layer-wrapper layout-50265\">\n          <div class=\"layer-media element_1587187627902\"\r\n        id=\"\">\r\n        <div\r\n        class=\"element element_1587190790308  element-media \">\r\n        <a target=\"_self\" href=\"https:\/\/www.moucheur.fr\/palm\/journee-cloture-de-saison-2021\/\"><img decoding=\"async\" width=\"150\" height=\"150\" src=\"https:\/\/www.moucheur.fr\/palm\/wp-content\/uploads\/2021\/11\/Sans-titre03-150x150.jpg\" class=\"attachment-thumbnail size-thumbnail wp-post-image\" alt=\"\" \/><\/a>    <\/div>\r\n    <\/div>\r\n    <div class=\"layer-content element_1587187714568\"\r\n        id=\"\">\r\n        <div class=\"element element_1587187895341  title \">\r\n                    <a target=\"_blank\"\r\n                href=\"https:\/\/www.moucheur.fr\/palm\/journee-cloture-de-saison-2021\/\">Journ\u00e9e cl\u00f4ture de saison 2021<\/a>\r\n            <\/div>\r\n    <div class=\"element element_1587187729822  excerpt \">\r\n        Le 20 novembre 2021, malgr\u00e9 une m\u00e9t\u00e9o tr\u00e8s incertaine, nous nous sommes retrouv\u00e9s au parcours                    <a target=\"_blank\"\r\n                href=\"https:\/\/www.moucheur.fr\/palm\/journee-cloture-de-saison-2021\/\">Lire la suite<\/a>\r\n            <\/div>\r\n    <\/div>\r\n    <\/div>\n  <\/div><div class=\"item item-856 skin flat odd 1 \">\n        <div class=\"layer-wrapper layout-50265\">\n          <div class=\"layer-media element_1587187627902\"\r\n        id=\"\">\r\n        <div\r\n        class=\"element element_1587190790308  element-media \">\r\n        <a target=\"_self\" href=\"https:\/\/www.moucheur.fr\/palm\/le-criterium-du-lac-de-malaguet\/\"><img decoding=\"async\" width=\"150\" height=\"150\" src=\"https:\/\/www.moucheur.fr\/palm\/wp-content\/uploads\/2013\/10\/86220131005_140627-e1424128957800-150x150.jpg\" class=\"attachment-thumbnail size-thumbnail wp-post-image\" alt=\"\" \/><\/a>    <\/div>\r\n    <\/div>\r\n    <div class=\"layer-content element_1587187714568\"\r\n        id=\"\">\r\n        <div class=\"element element_1587187895341  title \">\r\n                    <a target=\"_blank\"\r\n                href=\"https:\/\/www.moucheur.fr\/palm\/le-criterium-du-lac-de-malaguet\/\">Le criterium du lac de Malaguet<\/a>\r\n            <\/div>\r\n    <div class=\"element element_1587187729822  excerpt \">\r\n        Le 5 octobre nous voil\u00e0 partis avec jak26 pour le crit\u00e9rium au lac de Malaguet. Nous retrouvons 4 membres du                    <a target=\"_blank\"\r\n                href=\"https:\/\/www.moucheur.fr\/palm\/le-criterium-du-lac-de-malaguet\/\">Lire la suite<\/a>\r\n            <\/div>\r\n    <\/div>\r\n    <\/div>\n  <\/div><div class=\"item item-32 skin flat even 2 \">\n        <div class=\"layer-wrapper layout-50265\">\n          <div class=\"layer-media element_1587187627902\"\r\n        id=\"\">\r\n        <div\r\n        class=\"element element_1587190790308  element-media \">\r\n        <a target=\"_self\" href=\"https:\/\/www.moucheur.fr\/palm\/sortie-au-parcours-du-pecheur-ardechois\/\"><img decoding=\"async\" width=\"150\" height=\"150\" src=\"https:\/\/www.moucheur.fr\/palm\/wp-content\/uploads\/2013\/08\/20130719_144903-e1629191908137-150x150.jpg\" class=\"attachment-thumbnail size-thumbnail wp-post-image\" alt=\"\" \/><\/a>    <\/div>\r\n    <\/div>\r\n    <div class=\"layer-content element_1587187714568\"\r\n        id=\"\">\r\n        <div class=\"element element_1587187895341  title \">\r\n                    <a target=\"_blank\"\r\n                href=\"https:\/\/www.moucheur.fr\/palm\/sortie-au-parcours-du-pecheur-ardechois\/\">Sortie au parcours du Pecheur Ard\u00e9chois<\/a>\r\n            <\/div>\r\n    <div class=\"element element_1587187729822  excerpt \">\r\n        Le 19 juillet 2013, nous avons organis\u00e9 une sortie sur le parcours du \u00ab P\u00e9cheur Ard\u00e9chois \u00bb, eh oui nous                    <a target=\"_blank\"\r\n                href=\"https:\/\/www.moucheur.fr\/palm\/sortie-au-parcours-du-pecheur-ardechois\/\">Lire la suite<\/a>\r\n            <\/div>\r\n    <\/div>\r\n    <\/div>\n  <\/div><div class=\"item item-780 skin flat odd 3 \">\n        <div class=\"layer-wrapper layout-50265\">\n          <div class=\"layer-media element_1587187627902\"\r\n        id=\"\">\r\n        <div\r\n        class=\"element element_1587190790308  element-media \">\r\n        <a target=\"_self\" href=\"https:\/\/www.moucheur.fr\/palm\/sortie-au-parcours-des-fontaines-le-3-mai-2013\/\"><img decoding=\"async\" width=\"150\" height=\"150\" src=\"https:\/\/www.moucheur.fr\/palm\/wp-content\/uploads\/2013\/12\/20130503_1521171-e1629211649151-150x150.jpg\" class=\"attachment-thumbnail size-thumbnail wp-post-image\" alt=\"\" \/><\/a>    <\/div>\r\n    <\/div>\r\n    <div class=\"layer-content element_1587187714568\"\r\n        id=\"\">\r\n        <div class=\"element element_1587187895341  title \">\r\n                    <a target=\"_blank\"\r\n                href=\"https:\/\/www.moucheur.fr\/palm\/sortie-au-parcours-des-fontaines-le-3-mai-2013\/\">Sortie au parcours des fontaines.<\/a>\r\n            <\/div>\r\n    <div class=\"element element_1587187729822  excerpt \">\r\n        Hier Hibou, Pat07, jak26 et moi-m\u00eame \u00e9tions au parcours des fontaines. Nous avons pass\u00e9 une super journ\u00e9e malgr\u00e9 le temps                    <a target=\"_blank\"\r\n                href=\"https:\/\/www.moucheur.fr\/palm\/sortie-au-parcours-des-fontaines-le-3-mai-2013\/\">Lire la suite<\/a>\r\n            <\/div>\r\n    <\/div>\r\n    <\/div>\n  <\/div>    <\/div>\n    <div class=\"pagination\">\n      <div class=\"paginate\">\n      <\/div>\n  <style type=\"text\/css\">\n    #post-grid-9990 .pagination .page-numbers {\n      font-size: 12px;\n      color: #fff;\n      background: #646464;\n    }\n\n    #post-grid-9990 .pagination .page-numbers:hover,\n    #post-grid-9990 .pagination .page-numbers.current {\n      background: #4b4b4b;\n    }\n  <\/style>\n  <\/div>\n        <style type=\"text\/css\">\r\n            .layout-50265 .element_1587187627902 {\r\n                            }\r\n\r\n                    <\/style>\r\n        <style type=\"text\/css\">\r\n        .layout-50265 .element_1587190790308 {\r\n            overflow: hidden;\r\n                    }\r\n\r\n        .layout-50265 .element_1587190790308 img {\r\n            max-width: 100%;\r\n            height: auto;\r\n        }\r\n\r\n        @media only screen and (min-width: 1024px) {\r\n            .layout-50265 .element_1587190790308 {\r\n                height: auto;\r\n                            }\r\n        }\r\n\r\n        @media only screen and (min-width: 768px) and (max-width: 1023px) {\r\n            .layout-50265 .element_1587190790308 {\r\n                height: auto;\r\n                            }\r\n        }\r\n\r\n        @media only screen and (min-width: 0px) and (max-width: 767px) {\r\n            .layout-50265 .element_1587190790308 {\r\n                height: auto;\r\n                            }\r\n        }\r\n    <\/style>\r\n        <style type=\"text\/css\">\r\n            .layout-50265 .element_1587187714568 {\r\n                margin: 10px;\r\n                            }\r\n\r\n                    <\/style>\r\n        <style type=\"text\/css\">\r\n        .layout-50265 .element_1587187895341 {\r\n            font-size: 18px;\r\n            margin: 5px 0;\r\n            text-align: left;\r\n                    }\r\n\r\n        .layout-50265 .element_1587187895341 a {\r\n            font-size: 18px;\r\n            margin: 5px 0;\r\n            text-align: left;\r\n                    }\r\n    <\/style>\r\n    <style type=\"text\/css\">\r\n        .layout-50265 .element_1587187729822 {\r\n            font-size: 14px;\r\n            margin: 10px 0;\r\n            text-align: left;\r\n                    }\r\n\r\n        .layout-50265 .element_1587187729822 a {\r\n            font-size: 14px;\r\n                    }\r\n    <\/style>\r\n        <style type=\"text\/css\">\n      .layout-50265 a{text-decoration:none}.layout-50265 .layer-media{background:#fff none repeat scroll 0 0;border-radius:50%;overflow:hidden}    <\/style>\n    <script>\n          <\/script>\n    <style type=\"text\/css\">\n    #post-grid-9990 {\n      padding: 10px;\n      background-color: #474747;\n          }\n\n    #post-grid-9990 .item {\n      padding: 0px;\n      background: #2d2d2d;\n          }\n\n    #post-grid-9990 .item .layer-media {\n      height:auto;    }\n\n    @media only screen and (min-width: 0px) and (max-width: 767px) {\n      #post-grid-9990 .grid-items {\n        text-align: center;\n              }\n\n      #post-grid-9990 .item {\n        width: 90%;\n        margin: 10px;\n        display: inline-block;\n        vertical-align: top;\n        height:auto;      }\n    }\n\n    @media only screen and (min-width: 768px) and (max-width: 1023px) {\n      #post-grid-9990 .grid-items {\n        text-align: center;\n              }\n\n      #post-grid-9990 .item {\n        width: 180px;\n        margin: 10px;\n        display: inline-block;\n        vertical-align: top;\n        max-height:auto;      }\n    }\n\n    @media only screen and (min-width: 1024px) {\n      #post-grid-9990 .grid-items {\n        text-align: center;\n              }\n\n      #post-grid-9990 .item {\n        width: 230px;\n        display: inline-block;\n        margin: 10px;\n        vertical-align: top;\n        height:auto;      }\n    }\n\n      <\/style>\n  <\/div>\n\n<\/div>\n<\/div><\/div><\/div><\/div><div id=\"pg-9989-1\"  class=\"panel-grid panel-no-style\" ><div id=\"pgc-9989-1-0\"  class=\"panel-grid-cell\" ><div id=\"panel-9989-1-0-0\" class=\"so-panel widget widget_sow-editor panel-first-child panel-last-child\" data-index=\"1\" ><div\n\t\t\t\n\t\t\tclass=\"so-widget-sow-editor so-widget-sow-editor-base\"\n\t\t\t\n\t\t>\n<div class=\"siteorigin-widget-tinymce textwidget\">\n\t<script async src=\"\/\/pagead2.googlesyndication.com\/pagead\/js\/adsbygoogle.js\"><\/script>\r\n<!-- moucheurgoogle2015 -->\r\n<ins class=\"adsbygoogle\"\r\n     style=\"display:inline-block;width:728px;height:90px\"\r\n     data-ad-client=\"ca-pub-3761698486073990\"\r\n     data-ad-slot=\"8176639945\"><\/ins>\r\n<script>\r\n(adsbygoogle = window.adsbygoogle || []).push({});\r\n<\/script>\n<\/div>\n<\/div><\/div><\/div><\/div><\/div>","protected":false},"excerpt":{"rendered":"<p>Journ\u00e9e cl\u00f4ture de saison 2021 Le 20 novembre 2021, malgr\u00e9 une m\u00e9t\u00e9o tr\u00e8s incertaine, nous nous sommes retrouv\u00e9s au parcours&hellip;<\/p>\n","protected":false},"author":1,"featured_media":0,"parent":0,"menu_order":0,"comment_status":"closed","ping_status":"closed","template":"","meta":{"footnotes":""},"categories":[],"tags":[],"class_list":["post-9989","page","type-page","status-publish","hentry"],"_links":{"self":[{"href":"https:\/\/www.moucheur.fr\/palm\/wp-json\/wp\/v2\/pages\/9989","targetHints":{"allow":["GET"]}}],"collection":[{"href":"https:\/\/www.moucheur.fr\/palm\/wp-json\/wp\/v2\/pages"}],"about":[{"href":"https:\/\/www.moucheur.fr\/palm\/wp-json\/wp\/v2\/types\/page"}],"author":[{"embeddable":true,"href":"https:\/\/www.moucheur.fr\/palm\/wp-json\/wp\/v2\/users\/1"}],"replies":[{"embeddable":true,"href":"https:\/\/www.moucheur.fr\/palm\/wp-json\/wp\/v2\/comments?post=9989"}],"version-history":[{"count":0,"href":"https:\/\/www.moucheur.fr\/palm\/wp-json\/wp\/v2\/pages\/9989\/revisions"}],"wp:attachment":[{"href":"https:\/\/www.moucheur.fr\/palm\/wp-json\/wp\/v2\/media?parent=9989"}],"wp:term":[{"taxonomy":"category","embeddable":true,"href":"https:\/\/www.moucheur.fr\/palm\/wp-json\/wp\/v2\/categories?post=9989"},{"taxonomy":"post_tag","embeddable":true,"href":"https:\/\/www.moucheur.fr\/palm\/wp-json\/wp\/v2\/tags?post=9989"}],"curies":[{"name":"wp","href":"https:\/\/api.w.org\/{rel}","templated":true}]}}