{"id":9996,"date":"2020-08-03T14:21:11","date_gmt":"2020-08-03T12:21:11","guid":{"rendered":"https:\/\/www.moucheur.fr\/palm\/?page_id=9996"},"modified":"2020-08-03T14:21:11","modified_gmt":"2020-08-03T12:21:11","slug":"parcours-no-kill","status":"publish","type":"page","link":"https:\/\/www.moucheur.fr\/palm\/parcours-no-kill\/","title":{"rendered":"Parcours no-kill"},"content":{"rendered":"<div id=\"pl-9996\"  class=\"panel-layout\" ><div id=\"pg-9996-0\"  class=\"panel-grid panel-no-style\" ><div id=\"pgc-9996-0-0\"  class=\"panel-grid-cell\" ><div id=\"panel-9996-0-0-0\" class=\"so-panel widget widget_sow-editor panel-first-child panel-last-child\" data-index=\"0\" ><div\n\t\t\t\n\t\t\tclass=\"so-widget-sow-editor so-widget-sow-editor-base\"\n\t\t\t\n\t\t>\n<div class=\"siteorigin-widget-tinymce textwidget\">\n\t      <div id=\"post-grid-lazy-9994\" class=\"post-grid-lazy\"><img decoding=\"async\" alt=\"\" src=\"https:\/\/www.moucheur.fr\/palm\/wp-content\/uploads\/2021\/11\/ajax-loader-1.gif\" \/><\/div>\n    <script>\n      jQuery('#post-grid-lazy-9994').ready(function($) {\n        $('#post-grid-lazy-9994').fadeOut();\n        $('#post-grid-9994   ').fadeIn();\n      })\n    <\/script>\n    <style type=\"text\/css\">\n      #post-grid-9994 {\n        display: none;\n      }\n\n      .post-grid-lazy {\n        text-align: center;\n      }\n    <\/style>\n    <div data-options='{&quot;id&quot;:&quot;9994&quot;,&quot;lazy_load&quot;:&quot;yes&quot;,&quot;masonry_enable&quot;:&quot;no&quot;,&quot;view_type&quot;:&quot;grid&quot;}' id=\"post-grid-9994\" class=\"post-grid grid\">\n    \n\n\n    <div class=\"grid-items\">\n      <div class=\"item item-10224 skin flat even 0 \">\n        <div class=\"layer-wrapper layout-50265\">\n          <div class=\"layer-media element_1587187627902\"\r\n        id=\"\">\r\n        <div\r\n        class=\"element element_1587190790308  element-media \">\r\n        <a target=\"_self\" href=\"https:\/\/www.moucheur.fr\/palm\/ortie-sur-larc-a-termignon-moucheur-fr-sortie-no-kill\/\"><img decoding=\"async\" width=\"150\" height=\"150\" src=\"https:\/\/www.moucheur.fr\/palm\/wp-content\/uploads\/2020\/09\/20200902_163826-scaled-e1624299410860-150x150.jpg\" class=\"attachment-thumbnail size-thumbnail wp-post-image\" alt=\"\" \/><\/a>    <\/div>\r\n    <\/div>\r\n    <div class=\"layer-content element_1587187714568\"\r\n        id=\"\">\r\n        <div class=\"element element_1587187895341  title \">\r\n                    <a target=\"_blank\"\r\n                href=\"https:\/\/www.moucheur.fr\/palm\/ortie-sur-larc-a-termignon-moucheur-fr-sortie-no-kill\/\">Sortie sur l'Arc \u00e0 Termignon<\/a>\r\n            <\/div>\r\n    <div class=\"element element_1587187729822  excerpt \">\r\n        D\u00e9but septembre, nous \u00e9tions 5 membres \u00e0 cette sortie sur le no-kill de la rivi\u00e8re Arc \u00e0 Termignon. Une belle                    <a target=\"_blank\"\r\n                href=\"https:\/\/www.moucheur.fr\/palm\/ortie-sur-larc-a-termignon-moucheur-fr-sortie-no-kill\/\">Lire la suite<\/a>\r\n            <\/div>\r\n    <\/div>\r\n    <\/div>\n  <\/div><div class=\"item item-9373 skin flat odd 1 \">\n        <div class=\"layer-wrapper layout-50265\">\n          <div class=\"layer-media element_1587187627902\"\r\n        id=\"\">\r\n        <div\r\n        class=\"element element_1587190790308  element-media \">\r\n        <a target=\"_self\" href=\"https:\/\/www.moucheur.fr\/palm\/parcours-de-reserve-active-sur-le-doux\/\"><img decoding=\"async\" width=\"150\" height=\"150\" src=\"https:\/\/www.moucheur.fr\/palm\/wp-content\/uploads\/2020\/06\/20200606_155112-scaled-e1624457696115-150x150.jpg\" class=\"attachment-thumbnail size-thumbnail wp-post-image\" alt=\"\" \/><\/a>    <\/div>\r\n    <\/div>\r\n    <div class=\"layer-content element_1587187714568\"\r\n        id=\"\">\r\n        <div class=\"element element_1587187895341  title \">\r\n                    <a target=\"_blank\"\r\n                href=\"https:\/\/www.moucheur.fr\/palm\/parcours-de-reserve-active-sur-le-doux\/\">Parcours de R\u00e9serve Active sur le Doux<\/a>\r\n            <\/div>\r\n    <div class=\"element element_1587187729822  excerpt \">\r\n        Samedi apr\u00e8s-midi nous d\u00e9cidons avec Bruno d'aller nous d\u00e9gourdir les gambettes sur le Doux pour une sortie de 3 heures.                    <a target=\"_blank\"\r\n                href=\"https:\/\/www.moucheur.fr\/palm\/parcours-de-reserve-active-sur-le-doux\/\">Lire la suite<\/a>\r\n            <\/div>\r\n    <\/div>\r\n    <\/div>\n  <\/div><div class=\"item item-9428 skin flat even 2 \">\n        <div class=\"layer-wrapper layout-50265\">\n          <div class=\"layer-media element_1587187627902\"\r\n        id=\"\">\r\n        <div\r\n        class=\"element element_1587190790308  element-media \">\r\n        <a target=\"_self\" href=\"https:\/\/www.moucheur.fr\/palm\/sortie-sur-le-bes\/\"><img decoding=\"async\" width=\"150\" height=\"150\" src=\"https:\/\/www.moucheur.fr\/palm\/wp-content\/uploads\/2020\/06\/20200524_112432-150x150.jpg\" class=\"attachment-thumbnail size-thumbnail wp-post-image\" alt=\"\" \/><\/a>    <\/div>\r\n    <\/div>\r\n    <div class=\"layer-content element_1587187714568\"\r\n        id=\"\">\r\n        <div class=\"element element_1587187895341  title \">\r\n                    <a target=\"_blank\"\r\n                href=\"https:\/\/www.moucheur.fr\/palm\/sortie-sur-le-bes\/\">Sortie sur le B\u00e8s<\/a>\r\n            <\/div>\r\n    <div class=\"element element_1587187729822  excerpt \">\r\n        Le 24 mai nous voila partis avec Fabien pour une petite sortie sur le B\u00e8s \u00e0 Ch\u00e2tillon en Diois. Un                    <a target=\"_blank\"\r\n                href=\"https:\/\/www.moucheur.fr\/palm\/sortie-sur-le-bes\/\">Lire la suite<\/a>\r\n            <\/div>\r\n    <\/div>\r\n    <\/div>\n  <\/div><div class=\"item item-9057 skin flat odd 3 \">\n        <div class=\"layer-wrapper layout-50265\">\n          <div class=\"layer-media element_1587187627902\"\r\n        id=\"\">\r\n        <div\r\n        class=\"element element_1587190790308  element-media \">\r\n        <a target=\"_self\" href=\"https:\/\/www.moucheur.fr\/palm\/sejour-sur-le-rio-ter\/\"><img decoding=\"async\" width=\"150\" height=\"150\" src=\"https:\/\/www.moucheur.fr\/palm\/wp-content\/uploads\/2019\/09\/20190829_120514-150x150.jpg\" class=\"attachment-thumbnail size-thumbnail wp-post-image\" alt=\"\" \/><\/a>    <\/div>\r\n    <\/div>\r\n    <div class=\"layer-content element_1587187714568\"\r\n        id=\"\">\r\n        <div class=\"element element_1587187895341  title \">\r\n                    <a target=\"_blank\"\r\n                href=\"https:\/\/www.moucheur.fr\/palm\/sejour-sur-le-rio-ter\/\">S\u00e9jour sur le Rio TER<\/a>\r\n            <\/div>\r\n    <div class=\"element element_1587187729822  excerpt \">\r\n        Comme chaque ann\u00e9e maintenant je suis all\u00e9 faire mon p\u00e8lerinage annuel de 3 jours ....                    <a target=\"_blank\"\r\n                href=\"https:\/\/www.moucheur.fr\/palm\/sejour-sur-le-rio-ter\/\">Lire la suite<\/a>\r\n            <\/div>\r\n    <\/div>\r\n    <\/div>\n  <\/div><div class=\"item item-5802 skin flat even 4 \">\n        <div class=\"layer-wrapper layout-50265\">\n          <div class=\"layer-media element_1587187627902\"\r\n        id=\"\">\r\n        <div\r\n        class=\"element element_1587190790308  element-media \">\r\n        <a target=\"_self\" href=\"https:\/\/www.moucheur.fr\/palm\/bonne-ouverture-2016\/\"><img decoding=\"async\" width=\"150\" height=\"150\" src=\"https:\/\/www.moucheur.fr\/palm\/wp-content\/uploads\/2016\/03\/Vernaison-150x150.jpg\" class=\"attachment-thumbnail size-thumbnail wp-post-image\" alt=\"\" \/><\/a>    <\/div>\r\n    <\/div>\r\n    <div class=\"layer-content element_1587187714568\"\r\n        id=\"\">\r\n        <div class=\"element element_1587187895341  title \">\r\n                    <a target=\"_blank\"\r\n                href=\"https:\/\/www.moucheur.fr\/palm\/bonne-ouverture-2016\/\">Bonne ouverture 2016<\/a>\r\n            <\/div>\r\n    <div class=\"element element_1587187729822  excerpt \">\r\n        Les membres de l'association vous souhaitent une excellente ouverture 2016. Une journ\u00e9e de partage avec les copains et le plaisir                    <a target=\"_blank\"\r\n                href=\"https:\/\/www.moucheur.fr\/palm\/bonne-ouverture-2016\/\">Lire la suite<\/a>\r\n            <\/div>\r\n    <\/div>\r\n    <\/div>\n  <\/div><div class=\"item item-5726 skin flat odd 5 \">\n        <div class=\"layer-wrapper layout-50265\">\n          <div class=\"layer-media element_1587187627902\"\r\n        id=\"\">\r\n        <div\r\n        class=\"element element_1587190790308  element-media \">\r\n        <a target=\"_self\" href=\"https:\/\/www.moucheur.fr\/palm\/ouverture-de-la-truite-2016\/\"><img decoding=\"async\" width=\"150\" height=\"150\" src=\"https:\/\/www.moucheur.fr\/palm\/wp-content\/uploads\/2016\/03\/DSC_0109-150x150.jpg\" class=\"attachment-thumbnail size-thumbnail wp-post-image\" alt=\"\" \/><\/a>    <\/div>\r\n    <\/div>\r\n    <div class=\"layer-content element_1587187714568\"\r\n        id=\"\">\r\n        <div class=\"element element_1587187895341  title \">\r\n                    <a target=\"_blank\"\r\n                href=\"https:\/\/www.moucheur.fr\/palm\/ouverture-de-la-truite-2016\/\">Ouverture de la truite 2016<\/a>\r\n            <\/div>\r\n    <div class=\"element element_1587187729822  excerpt \">\r\n        Chers moucheurs, Voici l'heure de nous attendons tous avec impatience, je parle de l'ouverture mais pas n'importe laquelle, puisqu'il s'agit                    <a target=\"_blank\"\r\n                href=\"https:\/\/www.moucheur.fr\/palm\/ouverture-de-la-truite-2016\/\">Lire la suite<\/a>\r\n            <\/div>\r\n    <\/div>\r\n    <\/div>\n  <\/div><div class=\"item item-4984 skin flat even 6 \">\n        <div class=\"layer-wrapper layout-50265\">\n          <div class=\"layer-media element_1587187627902\"\r\n        id=\"\">\r\n        <div\r\n        class=\"element element_1587190790308  element-media \">\r\n        <a target=\"_self\" href=\"https:\/\/www.moucheur.fr\/palm\/sejours-bienne\/\"><img decoding=\"async\" width=\"150\" height=\"150\" src=\"https:\/\/www.moucheur.fr\/palm\/wp-content\/uploads\/2015\/07\/Bienne_2015_02-150x150.jpg\" class=\"attachment-thumbnail size-thumbnail wp-post-image\" alt=\"\" \/><\/a>    <\/div>\r\n    <\/div>\r\n    <div class=\"layer-content element_1587187714568\"\r\n        id=\"\">\r\n        <div class=\"element element_1587187895341  title \">\r\n                    <a target=\"_blank\"\r\n                href=\"https:\/\/www.moucheur.fr\/palm\/sejours-bienne\/\">S\u00e9jours sur la Bi\u00e8nne<\/a>\r\n            <\/div>\r\n    <div class=\"element element_1587187729822  excerpt \">\r\n        Notre s\u00e9jours sur la Bi\u00e8nne Le 6 et 7\u00a0juin dernier nous \u00e9tions sur la v\u00e9n\u00e9rable et mythique Bienne dans le                    <a target=\"_blank\"\r\n                href=\"https:\/\/www.moucheur.fr\/palm\/sejours-bienne\/\">Lire la suite<\/a>\r\n            <\/div>\r\n    <\/div>\r\n    <\/div>\n  <\/div><div class=\"item item-4560 skin flat odd 7 \">\n        <div class=\"layer-wrapper layout-50265\">\n          <div class=\"layer-media element_1587187627902\"\r\n        id=\"\">\r\n        <div\r\n        class=\"element element_1587190790308  element-media \">\r\n        <a target=\"_self\" href=\"https:\/\/www.moucheur.fr\/palm\/journee-decouverte-du-guiers-avec-laappma\/\"><img decoding=\"async\" width=\"150\" height=\"150\" src=\"https:\/\/www.moucheur.fr\/palm\/wp-content\/uploads\/2015\/05\/Guiers_aappma_2015_09-150x150.jpg\" class=\"attachment-thumbnail size-thumbnail wp-post-image\" alt=\"\" \/><\/a>    <\/div>\r\n    <\/div>\r\n    <div class=\"layer-content element_1587187714568\"\r\n        id=\"\">\r\n        <div class=\"element element_1587187895341  title \">\r\n                    <a target=\"_blank\"\r\n                href=\"https:\/\/www.moucheur.fr\/palm\/journee-decouverte-du-guiers-avec-laappma\/\">D\u00e9couverte du Guiers avec l'AAPPMA<\/a>\r\n            <\/div>\r\n    <div class=\"element element_1587187729822  excerpt \">\r\n        Depuis le temps qu'on en parl\u00e9 du Guiers ... et pour le 8 mai ....\u00a0enfin .... nous voila sur le                    <a target=\"_blank\"\r\n                href=\"https:\/\/www.moucheur.fr\/palm\/journee-decouverte-du-guiers-avec-laappma\/\">Lire la suite<\/a>\r\n            <\/div>\r\n    <\/div>\r\n    <\/div>\n  <\/div><div class=\"item item-3180 skin flat even 8 \">\n        <div class=\"layer-wrapper layout-50265\">\n          <div class=\"layer-media element_1587187627902\"\r\n        id=\"\">\r\n        <div\r\n        class=\"element element_1587190790308  element-media \">\r\n        <a target=\"_self\" href=\"https:\/\/www.moucheur.fr\/palm\/sejour-sur-le-verdon\/\"><img decoding=\"async\" width=\"150\" height=\"150\" src=\"https:\/\/www.moucheur.fr\/palm\/wp-content\/uploads\/2014\/12\/20140523_162731bis-e1425142775186-150x150.jpg\" class=\"attachment-thumbnail size-thumbnail wp-post-image\" alt=\"\" \/><\/a>    <\/div>\r\n    <\/div>\r\n    <div class=\"layer-content element_1587187714568\"\r\n        id=\"\">\r\n        <div class=\"element element_1587187895341  title \">\r\n                    <a target=\"_blank\"\r\n                href=\"https:\/\/www.moucheur.fr\/palm\/sejour-sur-le-verdon\/\">S\u00e9jour sur le Verdon<\/a>\r\n            <\/div>\r\n    <div class=\"element element_1587187729822  excerpt \">\r\n        Le jeudi 22 mai \u00e0 6 heures du matin nous voil\u00e0 partis pour le Verdon,\u00a0plus exactement sur le No kill                    <a target=\"_blank\"\r\n                href=\"https:\/\/www.moucheur.fr\/palm\/sejour-sur-le-verdon\/\">Lire la suite<\/a>\r\n            <\/div>\r\n    <\/div>\r\n    <\/div>\n  <\/div><div class=\"item item-2898 skin flat odd 9 \">\n        <div class=\"layer-wrapper layout-50265\">\n          <div class=\"layer-media element_1587187627902\"\r\n        id=\"\">\r\n        <div\r\n        class=\"element element_1587190790308  element-media \">\r\n        <a target=\"_self\" href=\"https:\/\/www.moucheur.fr\/palm\/journee-ouverture-2014\/\"><img decoding=\"async\" width=\"150\" height=\"150\" src=\"https:\/\/www.moucheur.fr\/palm\/wp-content\/uploads\/2014\/03\/IMG_5759-150x150.gif\" class=\"attachment-thumbnail size-thumbnail wp-post-image\" alt=\"\" \/><\/a>    <\/div>\r\n    <\/div>\r\n    <div class=\"layer-content element_1587187714568\"\r\n        id=\"\">\r\n        <div class=\"element element_1587187895341  title \">\r\n                    <a target=\"_blank\"\r\n                href=\"https:\/\/www.moucheur.fr\/palm\/journee-ouverture-2014\/\">Journ\u00e9e ouverture 2014<\/a>\r\n            <\/div>\r\n    <div class=\"element element_1587187729822  excerpt \">\r\n        Apr\u00e8s le temps ex\u00e9crable des derniers mois, nous commencions \u00e0 douter de notre sortie ouverture annuelle jusqu\u2019\u00e0 2 semaines avant                    <a target=\"_blank\"\r\n                href=\"https:\/\/www.moucheur.fr\/palm\/journee-ouverture-2014\/\">Lire la suite<\/a>\r\n            <\/div>\r\n    <\/div>\r\n    <\/div>\n  <\/div>    <\/div>\n    <div class=\"pagination\">\n      <div class=\"paginate\">\n    <span aria-current=\"page\" class=\"page-numbers current\">1<\/span>\n<a class=\"page-numbers\" href=\"https:\/\/www.moucheur.fr\/palm\/wp-json\/wp\/v2\/pages\/9996\/page\/2\/\">2<\/a>\n<a class=\"next page-numbers\" href=\"https:\/\/www.moucheur.fr\/palm\/wp-json\/wp\/v2\/pages\/9996\/page\/2\/\">Suivant \u00bb<\/a>  <\/div>\n  <style type=\"text\/css\">\n    #post-grid-9994 .pagination .page-numbers {\n      font-size: 12px;\n      color: #fff;\n      background: #646464;\n    }\n\n    #post-grid-9994 .pagination .page-numbers:hover,\n    #post-grid-9994 .pagination .page-numbers.current {\n      background: #4b4b4b;\n    }\n  <\/style>\n  <\/div>\n        <style type=\"text\/css\">\r\n            .layout-50265 .element_1587187627902 {\r\n                            }\r\n\r\n                    <\/style>\r\n        <style type=\"text\/css\">\r\n        .layout-50265 .element_1587190790308 {\r\n            overflow: hidden;\r\n                    }\r\n\r\n        .layout-50265 .element_1587190790308 img {\r\n            max-width: 100%;\r\n            height: auto;\r\n        }\r\n\r\n        @media only screen and (min-width: 1024px) {\r\n            .layout-50265 .element_1587190790308 {\r\n                height: auto;\r\n                            }\r\n        }\r\n\r\n        @media only screen and (min-width: 768px) and (max-width: 1023px) {\r\n            .layout-50265 .element_1587190790308 {\r\n                height: auto;\r\n                            }\r\n        }\r\n\r\n        @media only screen and (min-width: 0px) and (max-width: 767px) {\r\n            .layout-50265 .element_1587190790308 {\r\n                height: auto;\r\n                            }\r\n        }\r\n    <\/style>\r\n        <style type=\"text\/css\">\r\n            .layout-50265 .element_1587187714568 {\r\n                margin: 10px;\r\n                            }\r\n\r\n                    <\/style>\r\n        <style type=\"text\/css\">\r\n        .layout-50265 .element_1587187895341 {\r\n            font-size: 18px;\r\n            margin: 5px 0;\r\n            text-align: left;\r\n                    }\r\n\r\n        .layout-50265 .element_1587187895341 a {\r\n            font-size: 18px;\r\n            margin: 5px 0;\r\n            text-align: left;\r\n                    }\r\n    <\/style>\r\n    <style type=\"text\/css\">\r\n        .layout-50265 .element_1587187729822 {\r\n            font-size: 14px;\r\n            margin: 10px 0;\r\n            text-align: left;\r\n                    }\r\n\r\n        .layout-50265 .element_1587187729822 a {\r\n            font-size: 14px;\r\n                    }\r\n    <\/style>\r\n        <style type=\"text\/css\">\n      .layout-50265 a{text-decoration:none}.layout-50265 .layer-media{background:#fff none repeat scroll 0 0;border-radius:50%;overflow:hidden}    <\/style>\n    <script>\n          <\/script>\n    <style type=\"text\/css\">\n    #post-grid-9994 {\n      padding: 10px;\n      background-color: #474747;\n          }\n\n    #post-grid-9994 .item {\n      padding: 0px;\n      background: #2d2d2d;\n          }\n\n    #post-grid-9994 .item .layer-media {\n      height:auto;    }\n\n    @media only screen and (min-width: 0px) and (max-width: 767px) {\n      #post-grid-9994 .grid-items {\n        text-align: center;\n              }\n\n      #post-grid-9994 .item {\n        width: 90%;\n        margin: 10px;\n        display: inline-block;\n        vertical-align: top;\n        height:auto;      }\n    }\n\n    @media only screen and (min-width: 768px) and (max-width: 1023px) {\n      #post-grid-9994 .grid-items {\n        text-align: center;\n              }\n\n      #post-grid-9994 .item {\n        width: 180px;\n        margin: 10px;\n        display: inline-block;\n        vertical-align: top;\n        max-height:auto;      }\n    }\n\n    @media only screen and (min-width: 1024px) {\n      #post-grid-9994 .grid-items {\n        text-align: center;\n              }\n\n      #post-grid-9994 .item {\n        width: 230px;\n        display: inline-block;\n        margin: 10px;\n        vertical-align: top;\n        height:auto;      }\n    }\n\n      <\/style>\n  <\/div>\n\n<\/div>\n<\/div><\/div><\/div><\/div><div id=\"pg-9996-1\"  class=\"panel-grid panel-no-style\" ><div id=\"pgc-9996-1-0\"  class=\"panel-grid-cell\" ><div id=\"panel-9996-1-0-0\" class=\"so-panel widget widget_sow-editor panel-first-child panel-last-child\" data-index=\"1\" ><div\n\t\t\t\n\t\t\tclass=\"so-widget-sow-editor so-widget-sow-editor-base\"\n\t\t\t\n\t\t>\n<div class=\"siteorigin-widget-tinymce textwidget\">\n\t<script async src=\"\/\/pagead2.googlesyndication.com\/pagead\/js\/adsbygoogle.js\"><\/script>\r\n<!-- moucheurgoogle2015 -->\r\n<ins class=\"adsbygoogle\"\r\n     style=\"display:inline-block;width:728px;height:90px\"\r\n     data-ad-client=\"ca-pub-3761698486073990\"\r\n     data-ad-slot=\"8176639945\"><\/ins>\r\n<script>\r\n(adsbygoogle = window.adsbygoogle || []).push({});\r\n<\/script>\n<\/div>\n<\/div><\/div><\/div><\/div><\/div>","protected":false},"excerpt":{"rendered":"<p>Sortie sur l&#8217;Arc \u00e0 Termignon D\u00e9but septembre, nous \u00e9tions 5 membres \u00e0 cette sortie sur le no-kill de la rivi\u00e8re&hellip;<\/p>\n","protected":false},"author":1,"featured_media":0,"parent":0,"menu_order":0,"comment_status":"closed","ping_status":"closed","template":"","meta":{"footnotes":""},"categories":[],"tags":[],"class_list":["post-9996","page","type-page","status-publish","hentry"],"_links":{"self":[{"href":"https:\/\/www.moucheur.fr\/palm\/wp-json\/wp\/v2\/pages\/9996","targetHints":{"allow":["GET"]}}],"collection":[{"href":"https:\/\/www.moucheur.fr\/palm\/wp-json\/wp\/v2\/pages"}],"about":[{"href":"https:\/\/www.moucheur.fr\/palm\/wp-json\/wp\/v2\/types\/page"}],"author":[{"embeddable":true,"href":"https:\/\/www.moucheur.fr\/palm\/wp-json\/wp\/v2\/users\/1"}],"replies":[{"embeddable":true,"href":"https:\/\/www.moucheur.fr\/palm\/wp-json\/wp\/v2\/comments?post=9996"}],"version-history":[{"count":0,"href":"https:\/\/www.moucheur.fr\/palm\/wp-json\/wp\/v2\/pages\/9996\/revisions"}],"wp:attachment":[{"href":"https:\/\/www.moucheur.fr\/palm\/wp-json\/wp\/v2\/media?parent=9996"}],"wp:term":[{"taxonomy":"category","embeddable":true,"href":"https:\/\/www.moucheur.fr\/palm\/wp-json\/wp\/v2\/categories?post=9996"},{"taxonomy":"post_tag","embeddable":true,"href":"https:\/\/www.moucheur.fr\/palm\/wp-json\/wp\/v2\/tags?post=9996"}],"curies":[{"name":"wp","href":"https:\/\/api.w.org\/{rel}","templated":true}]}}